{"id":9922,"date":"2024-09-24T16:18:44","date_gmt":"2024-09-24T14:18:44","guid":{"rendered":"https:\/\/kastela.hr\/en\/?page_id=9922"},"modified":"2024-09-24T22:41:59","modified_gmt":"2024-09-24T20:41:59","slug":"komunalno-redarstvo","status":"publish","type":"page","link":"https:\/\/kastela.hr\/en\/komunalno-redarstvo\/","title":{"rendered":"Komunalno redarstvo"},"content":{"rendered":"\n<p>Gradsko vije\u0107e na sjednici odr\u017eanoj 1. srpnja 2019. godine donijelo je Odluku o komunalnom redu kojom se propisuje komunalni red na podru\u010dju grada Ka\u0161tela i mjere za njegovo provo\u0111enje. Komunalni red propisan ovom Odlukom obvezan je za sve pravne i fizi\u010dke osobe<\/p>\n\n\n\n<p><a href=\"https:\/\/kastela.hr\/en\/wp-content\/uploads\/datoteke\/dokumenti\/komunalne-djelatnosti\/odluka-o-komunalnom-redu-grada-kastela.pdf\" data-type=\"link\" data-id=\"https:\/\/kastela.hr\/en\/wp-content\/uploads\/datoteke\/dokumenti\/komunalne-djelatnosti\/odluka-o-komunalnom-redu-grada-kastela.pdf\">&nbsp;Odluka o komunalnom redu Grada Ka\u0161tela<\/a><\/p>\n\n\n\n<p>Ovlasti i obveze komunalnih redara, kao i obveze stranaka i javnopravnih tijela mogu se pogledati u Zakonu o gra\u0111evinskoj inspekciji NN 153\/13 (\u010dlanak 42. do \u010dlanka 60.) a&nbsp;<\/p>\n\n\n\n<p>Na temelju \u010dlanka 3. Zakona o gra\u0111evinskoj inspekciji, Ministarstvo graditeljstva i prostornog ure\u0111enja donijelo je i naputke o nov\u010danim kaznama za fizi\u010dke i pravne osobe koje izri\u010du komunalni redari u provedbi ovog zakona.<\/p>\n\n\n\n<ul class=\"wp-block-list\">\n<li><a href=\"http:\/\/narodne-novine.nn.hr\/clanci\/sluzbeni\/2014_10_122_2345.html\" target=\"_blank\" rel=\"noreferrer noopener\">Naputak o nov\u010danim kaznama koje izri\u010du komunalni redari u provedbi Zakona o gra\u0111evinskoj inspekciji<\/a><\/li>\n\n\n\n<li><a href=\"http:\/\/narodne-novine.nn.hr\/clanci\/sluzbeni\/2014_10_122_2344.html\" target=\"_blank\" rel=\"noreferrer noopener\">Naputak o nov\u010danim kaznama koje izri\u010du gra\u0111evinski inspektori u provedbi Zakona o gra\u0111evinskoj inspekciji<\/a><\/li>\n<\/ul>\n\n\n\n<p>Stoga, mole se gra\u0111ani Grada Ka\u0161tela da obrate pozornost na donesene novine zbog velikih nov\u010danih kazni koje su odre\u0111ene ovim naputcima.<\/p>\n\n\n\n<h3 class=\"wp-block-heading\">Komunalno redarstvo<\/h3>\n\n\n\n<p>Komunalni redari su zadu\u017eeni za odr\u017eavanje reda na javnim povr\u0161inama grada Ka\u0161tela.<\/p>\n\n\n\n<h4 class=\"wp-block-heading\">Komunalni redari:<\/h4>\n\n\n    <ul class=\"adresar-list\">\n                    \n            <li id=\"post-282\" class=\"post-9922 page type-page status-publish hentry\">\n                <h3 class=\"adresar-naziv\">Du\u0161ko Botu\u0161i\u0107<\/h3>\n\n                \n                <h4 class=\"adresar-titula\">Voditelj odsjeka za komunalno redarstvo<\/h4>\n                <div class=\"adresar-stavka\">E-mail: <a href=\"mailto:dusko.botusic@kastela.hr\">dusko.botusic@kastela.hr<\/a><\/div><div class=\"adresar-stavka\">Tel:     <a href=\"tel:+38521205238\" target=\"_blank\">\n        <a href='tel:+38521205238' target='_blank'>+38521205238<\/a>    <\/a>\n\n\n    <\/div>            <\/li>\n                    \n            <li id=\"post-285\" class=\"post-9922 page type-page status-publish hentry\">\n                <h3 class=\"adresar-naziv\">Mate Grubi\u0161i\u0107<\/h3>\n\n                \n                <h4 class=\"adresar-titula\">Stru\u010dni suradnik za poslove komunalnog redarstva<\/h4>\n                <div class=\"adresar-stavka\">E-mail: <a href=\"mailto:mate.grubisic@kastela.hr\">mate.grubisic@kastela.hr<\/a><\/div><div class=\"adresar-stavka\">Tel:     <a href=\"tel:+38521205238\" target=\"_blank\">\n        <a href='tel:+38521205238' target='_blank'>+38521205238<\/a>    <\/a>\n\n\n    <\/div><div class=\"adresar-stavka\">Tel:     <a href=\"tel:+385916019779\" target=\"_blank\">\n        <a href='tel:+385916019779' target='_blank'>+385916019779<\/a>    <\/a>\n\n\n    <\/div>            <\/li>\n                    \n            <li id=\"post-288\" class=\"post-9922 page type-page status-publish hentry\">\n                <h3 class=\"adresar-naziv\">Damir Raj\u010di\u0107<\/h3>\n\n                \n                <h4 class=\"adresar-titula\">Referent &#8211; komunalni i prometni redar, Ka\u0161tel Novi &#8211; Rudine<\/h4>\n                <div class=\"adresar-stavka\">E-mail: <a href=\"mailto:damir.rajcic@kastela.hr\">damir.rajcic@kastela.hr<\/a><\/div><div class=\"adresar-stavka\">Tel:     <a href=\"tel:+38521205238\" target=\"_blank\">\n        <a href='tel:+38521205238' target='_blank'>+38521205238<\/a>    <\/a>\n\n\n    <\/div><div class=\"adresar-stavka\">Tel:     <a href=\"tel:+385916019774\" target=\"_blank\">\n        <a href='tel:+385916019774' target='_blank'>+385916019774<\/a>    <\/a>\n\n\n    <\/div>            <\/li>\n                    \n            <li id=\"post-290\" class=\"post-9922 page type-page status-publish hentry\">\n                <h3 class=\"adresar-naziv\">Lando \u0160i\u0161kov<\/h3>\n\n                \n                <h4 class=\"adresar-titula\">Referent &#8211; komunalni i prometni redar, Ka\u0161tel Stari<\/h4>\n                <div class=\"adresar-stavka\">E-mail: <a href=\"mailto:lando.siskov@kastela.hr\">lando.siskov@kastela.hr<\/a><\/div><div class=\"adresar-stavka\">Tel:     <a href=\"tel:+38521205234\" target=\"_blank\">\n        <a href='tel:+38521205234' target='_blank'>+38521205234<\/a>    <\/a>\n\n\n    <\/div><div class=\"adresar-stavka\">Tel:     <a href=\"tel:+385916019775\" target=\"_blank\">\n        <a href='tel:+385916019775' target='_blank'>+385916019775<\/a>    <\/a>\n\n\n    <\/div>            <\/li>\n                    \n            <li id=\"post-289\" class=\"post-9922 page type-page status-publish hentry\">\n                <h3 class=\"adresar-naziv\">Damir \u0160i\u0161kov<\/h3>\n\n                \n                <h4 class=\"adresar-titula\">Referent &#8211; komunalni i poljoprivredni redar, Ka\u0161tel Kambelovac, Ka\u0161tel Luk\u0161i\u0107<\/h4>\n                <div class=\"adresar-stavka\">E-mail: <a href=\"mailto:damir.siskov@kastela.hr\">damir.siskov@kastela.hr<\/a><\/div><div class=\"adresar-stavka\">Tel:     <a href=\"tel:+38521205234\" target=\"_blank\">\n        <a href='tel:+38521205234' target='_blank'>+38521205234<\/a>    <\/a>\n\n\n    <\/div><div class=\"adresar-stavka\">Tel:     <a href=\"tel:+385997334868\" target=\"_blank\">\n        <a href='tel:+385997334868' target='_blank'>+385997334868<\/a>    <\/a>\n\n\n    <\/div>            <\/li>\n                    \n            <li id=\"post-286\" class=\"post-9922 page type-page status-publish hentry\">\n                <h3 class=\"adresar-naziv\">Nediljko Juri\u0107<\/h3>\n\n                \n                <h4 class=\"adresar-titula\">Referent &#8211; komunalni i poljoprivredni redar, Ka\u0161tel Gomilica, Ka\u0161tel \u0160tafili\u0107<\/h4>\n                <div class=\"adresar-stavka\">E-mail: <a href=\"mailto:nediljko.juric@kastela.hr\">nediljko.juric@kastela.hr<\/a><\/div><div class=\"adresar-stavka\">Tel:     <a href=\"tel:+38521205238\" target=\"_blank\">\n        <a href='tel:+38521205238' target='_blank'>+38521205238<\/a>    <\/a>\n\n\n    <\/div>            <\/li>\n                    \n            <li id=\"post-287\" class=\"post-9922 page type-page status-publish hentry\">\n                <h3 class=\"adresar-naziv\">Mate Lu\u010di\u0107<\/h3>\n\n                \n                <h4 class=\"adresar-titula\">Referent &#8211; komunalni i prometni redar, Radun<\/h4>\n                <div class=\"adresar-stavka\">E-mail: <a href=\"mailto:mate.lucic@kastela.hr\">mate.lucic@kastela.hr<\/a><\/div><div class=\"adresar-stavka\">Tel:     <a href=\"tel:+38521205234\" target=\"_blank\">\n        <a href='tel:+38521205234' target='_blank'>+38521205234<\/a>    <\/a>\n\n\n    <\/div><div class=\"adresar-stavka\">Tel:     <a href=\"tel:+385997334867\" target=\"_blank\">\n        <a href='tel:+385997334867' target='_blank'>+385997334867<\/a>    <\/a>\n\n\n    <\/div>            <\/li>\n                    \n            <li id=\"post-284\" class=\"post-9922 page type-page status-publish hentry\">\n                <h3 class=\"adresar-naziv\">Julija Alajbeg Bili\u0107<\/h3>\n\n                \n                <h4 class=\"adresar-titula\">Referentica &#8211; komunalna i prometna redarica, Ka\u0161tel Su\u0107urac<\/h4>\n                <div class=\"adresar-stavka\">E-mail: <a href=\"mailto:julija.alajbeg.bilic@kastela.hr\">julija.alajbeg.bilic@kastela.hr<\/a><\/div><div class=\"adresar-stavka\">Tel:     <a href=\"tel:+38521205234\" target=\"_blank\">\n        <a href='tel:+38521205234' target='_blank'>+38521205234<\/a>    <\/a>\n\n\n    <\/div><div class=\"adresar-stavka\">Tel:     <a href=\"tel:+385997334866\" target=\"_blank\">\n        <a href='tel:+385997334866' target='_blank'>+385997334866<\/a>    <\/a>\n\n\n    <\/div>            <\/li>\n            <\/ul>\n    \n\n\n<p><\/p>\n\n\n\n<h4 class=\"wp-block-heading\">Dimnja\u010darske usluge<\/h4>\n\n\n\n<p>Dimnja\u010darsko radno podru\u010dje&nbsp;&nbsp;<\/p>\n\n\n\n<p>I. dimnja\u010darsko radno podru\u010dje (naselja Ka\u0161tel Su\u0107urac, Ka\u0161tel Gomilica, Ka\u0161tel Kambelovac)<\/p>\n\n\n\n<p>Dimnja\u010darstvo KAMIN j.d.o.o.,Duge njive 18 A, Podstrana<\/p>\n\n\n\n<p>Direktor:Renato Goreta<\/p>\n\n\n\n<p>Telefon:021 335-386,095 9003791<\/p>\n\n\n\n<p>II. dimnja\u010darsko radno podru\u010dje (naselja Ka\u0161tel Luk\u0161i\u0107, Ka\u0161tel Stari, Ka\u0161tel Novi, Ka\u0161tel \u0160tafili\u0107)<\/p>\n\n\n\n<p>Obrt za dimnja\u010darstvo KOTAO-M, Duge njive 18 A, Podstrana<\/p>\n\n\n\n<p>Vlasnik:Mate Srdanovi\u0107<\/p>\n\n\n\n<p>Telefon:099 4240950<\/p>\n\n\n\n<h4 class=\"wp-block-heading\"><strong>Skloni\u0161te za napu\u0161tene i izgubljene \u017eivotinje ANIMALIS CENTRUM<\/strong><\/h4>\n\n\n\n<p>Ivana Pavla II. 47A, Ka\u0161tel Su\u0107urac&nbsp;<\/p>\n\n\n\n<p>Mob: 095 4444 210<\/p>\n\n\n\n<p>e-Mail:&nbsp;<a href=\"mailto:animaliscentrum@gmail.com\" target=\"_blank\" rel=\"noreferrer noopener\">animaliscentrum@gmail.com<\/a>&nbsp;<\/p>\n\n\n\n<h4 class=\"wp-block-heading\">Sakupljanje \u017eivotinjskih le\u0161ina sa javnih povr\u0161ina<\/h4>\n\n\n\n<p><strong>ANIMALIS CENTRUM&nbsp;<\/strong>za usluge<\/p>\n\n\n\n<p>Ivana Pavla II. 47A, Ka\u0161tel Su\u0107urac&nbsp;<\/p>\n\n\n\n<p>Mob: 095 4444 210<\/p>\n\n\n\n<p>e-Mail:&nbsp;<a href=\"mailto:animaliscentrum@gmail.com\" target=\"_blank\" rel=\"noreferrer noopener\">animaliscentrum@gmail.com<\/a>&nbsp;<\/p>\n","protected":false},"excerpt":{"rendered":"<p>Gradsko vije\u0107e na sjednici odr\u017eanoj 1. srpnja 2019. godine donijelo je Odluku o komunalnom redu kojom se propisuje komunalni red [&hellip;]<\/p>\n","protected":false},"author":1,"featured_media":0,"parent":0,"menu_order":0,"comment_status":"closed","ping_status":"closed","template":"","meta":{"_acf_changed":false,"footnotes":""},"class_list":["post-9922","page","type-page","status-publish","hentry"],"acf":[],"_links":{"self":[{"href":"https:\/\/kastela.hr\/en\/wp-json\/wp\/v2\/pages\/9922","targetHints":{"allow":["GET"]}}],"collection":[{"href":"https:\/\/kastela.hr\/en\/wp-json\/wp\/v2\/pages"}],"about":[{"href":"https:\/\/kastela.hr\/en\/wp-json\/wp\/v2\/types\/page"}],"author":[{"embeddable":true,"href":"https:\/\/kastela.hr\/en\/wp-json\/wp\/v2\/users\/1"}],"replies":[{"embeddable":true,"href":"https:\/\/kastela.hr\/en\/wp-json\/wp\/v2\/comments?post=9922"}],"version-history":[{"count":10,"href":"https:\/\/kastela.hr\/en\/wp-json\/wp\/v2\/pages\/9922\/revisions"}],"predecessor-version":[{"id":9980,"href":"https:\/\/kastela.hr\/en\/wp-json\/wp\/v2\/pages\/9922\/revisions\/9980"}],"wp:attachment":[{"href":"https:\/\/kastela.hr\/en\/wp-json\/wp\/v2\/media?parent=9922"}],"curies":[{"name":"wp","href":"https:\/\/api.w.org\/{rel}","templated":true}]}}