{"id":9815,"date":"2024-09-23T16:31:49","date_gmt":"2024-09-23T14:31:49","guid":{"rendered":"https:\/\/kastela.hr\/en\/?page_id=9815"},"modified":"2024-11-21T10:36:20","modified_gmt":"2024-11-21T09:36:20","slug":"prostorni-planovi-grada","status":"publish","type":"page","link":"https:\/\/kastela.hr\/en\/prostorni-planovi-grada\/","title":{"rendered":"Prostorni planovi grada"},"content":{"rendered":"\n<h2 class=\"wp-block-heading\"><strong>PLANOVI NA SNAZI<\/strong><\/h2>\n\n\n\n<p>Preporu\u010damo da zbog veli\u010dine grafi\u010dkih dijelova plana, prije otvaranja svakog pojedinog PDF dokumenta, spremite poveznicu na svoje ra\u010dunalo i onda otvorite spremljeni dokument.<\/p>\n\n\n<div class=\"prilozeni_linkovi\"><ul class='no-ul'><li><a href=\"https:\/\/kastela.hr\/en\/prostorni-planovi-grada\/prostorni-plan-uredenja-grada-kastela\/\" target=\"_self\"><img decoding=\"async\" src=\"https:\/\/kastela.hr\/en\/wp-content\/themes\/kastela\/img\/file-icons\/link.png\" alt=\"\" style=\"width:16px; height:16px; margin-right: 5px;\">Prostorni plan ure\u0111enja Grada Ka\u0161tela<\/a><\/li>\n\n<li><a href=\"https:\/\/kastela.hr\/en\/prostorni-planovi-grada\/generalni-urbanisticki-plan-kastela\/\" target=\"_self\"><img decoding=\"async\" src=\"https:\/\/kastela.hr\/en\/wp-content\/themes\/kastela\/img\/file-icons\/link.png\" alt=\"\" style=\"width:16px; height:16px; margin-right: 5px;\">Generalni urbanisti\u010dki plan Ka\u0161tela<\/a><\/li>\n\n<\/ul><\/div>\n\n<div class=\"prilozene_datoteke\"><ul class='no-ul'><li><a href=\"https:\/\/kastela.hr\/en\/wp-content\/uploads\/datoteke\/dokumenti\/prostorni-planovi-grada\/izvjesce-o-stanju-u-prostoru-grada-kastela-za-razdoblje-od-2014.---2019.-godine.pdf\" target=\"_blank\"><img decoding=\"async\" src=\"https:\/\/kastela.hr\/en\/wp-content\/themes\/kastela\/img\/file-icons\/document-pdf.png\" alt=\"pdf icon\" style=\"width:16px; height:16px; margin-right: 5px;\">Izvjes\u030cc\u0301e o stanju u prostoru Grada Kas\u030ctela za razdoblje od 2014. \u2013 2019. godine.pdf<\/a><\/li><\/ul><\/div>\n\n\n<h2 class=\"wp-block-heading\">Urbanisti\u010dki planovi ure\u0111enja (UPU)<\/h2>\n\n\n<div class=\"prilozeni_linkovi\"><ul class='no-ul'><\/ul><\/div>\n\n<div class=\"prilozene_datoteke\"><\/div>\n\n<div class=\"prilozeni_linkovi\"><ul class='no-ul'><\/ul><\/div>\n\n<div class=\"prilozene_datoteke\"><\/div>\n\n<div class=\"prilozeni_linkovi\"><ul class='no-ul'><\/ul><\/div>\n\n<div class=\"prilozene_datoteke\"><\/div>\n\n<div class=\"prilozeni_linkovi\"><ul class='no-ul'><\/ul><\/div>\n\n<div class=\"prilozene_datoteke\"><\/div>\n\n<div class=\"prilozene_datoteke\"><\/div>\n\n<div class=\"prilozeni_linkovi\"><ul class='no-ul'><\/ul><\/div>\n\n<div class=\"prilozene_datoteke\"><\/div>\n\n<div class=\"prilozeni_linkovi\"><ul class='no-ul'><\/ul><\/div>\n\n<div class=\"prilozene_datoteke\"><\/div>\n\n<div class=\"prilozeni_linkovi\"><ul class='no-ul'><\/ul><\/div>\n\n<div class=\"prilozene_datoteke\"><\/div>\n\n<div class=\"prilozeni_linkovi\"><ul class='no-ul'><\/ul><\/div>\n\n<div class=\"prilozene_datoteke\"><\/div>\n\n<div class=\"prilozeni_linkovi\"><ul class='no-ul'><\/ul><\/div>\n\n<div class=\"prilozene_datoteke\"><\/div>\n\n<div class=\"prilozeni_linkovi\"><ul class='no-ul'><\/ul><\/div>\n\n<div class=\"prilozene_datoteke\"><\/div>\n\n<div class=\"prilozeni_linkovi\"><ul class='no-ul'><\/ul><\/div>\n\n<div class=\"prilozene_datoteke\"><\/div>\n\n<div class=\"prilozeni_linkovi\"><ul class='no-ul'><li><a href=\"https:\/\/kastela.hr\/en\/prostorni-planovi-grada\/urbanisticki-planovi-uredenja\/upu-radne-zone-kastel-luksic\/\" target=\"_self\"><img decoding=\"async\" src=\"https:\/\/kastela.hr\/en\/wp-content\/themes\/kastela\/img\/file-icons\/link.png\" alt=\"\" style=\"width:16px; height:16px; margin-right: 5px;\">Urbanisti\u010dki plan ure\u0111enja radne zone Ka\u0161tel Luk\u0161i\u0107 (UPU br. 27)<\/a><\/li>\n\n<\/ul><\/div>\n\n<div class=\"prilozene_datoteke\"><ul class='no-ul'><li><a href=\"https:\/\/kastela.hr\/en\/wp-content\/uploads\/datoteke\/dokumenti\/prostorni-planovi-grada\/urbanisticki-planovi-uredenja-upu\/urbanisticki-plan-uredenja-radne-zone-kastel-luksic-upu-br.-27\/urbanisticki-plan-uredenja-turisticke-zone-kastel-sucurac-sustipan-upu-18-kompletni-elaborat.pdf\" target=\"_blank\"><img decoding=\"async\" src=\"https:\/\/kastela.hr\/en\/wp-content\/themes\/kastela\/img\/file-icons\/document-pdf.png\" alt=\"pdf icon\" style=\"width:16px; height:16px; margin-right: 5px;\">Urbanistic\u030cki plan ure\u0111enja turistic\u030cke zone Kas\u030ctel Suc\u0301urac &#8211; Sustipan (UPU 18)-kompletni elaborat.pdf<\/a><\/li><\/ul><\/div>\n\n\n<h2 class=\"wp-block-heading\">Detaljni planovi ure\u0111enja (DPU)<\/h2>\n\n\n<div class=\"prilozeni_linkovi\"><ul class='no-ul'><li><a href=\"https:\/\/kastela.hr\/en\/prostorni-planovi-grada\/detaljni-planovi-uredenja-dpu\/dpu-sokolane-u-kastel-sucurcu\/\" target=\"_self\"><img decoding=\"async\" src=\"https:\/\/kastela.hr\/en\/wp-content\/themes\/kastela\/img\/file-icons\/link.png\" alt=\"\" style=\"width:16px; height:16px; margin-right: 5px;\">Detaljni plan ure\u0111enja Sokolane u Ka\u0161tel Su\u0107urcu<\/a><\/li>\n\n<li><a href=\"https:\/\/kastela.hr\/en\/prostorni-planovi-grada\/detaljni-planovi-uredenja-dpu\/dpu-dardina-u-kastel-starom\/\" target=\"_self\"><img decoding=\"async\" src=\"https:\/\/kastela.hr\/en\/wp-content\/themes\/kastela\/img\/file-icons\/link.png\" alt=\"\" style=\"width:16px; height:16px; margin-right: 5px;\">Detaljni plan ure\u0111enja \u0110ardina u Ka\u0161tel Starom<\/a><\/li>\n\n<\/ul><\/div>\n\n<div class=\"prilozene_datoteke\"><\/div>\n\n<div class=\"prilozeni_linkovi\"><ul class='no-ul'><li><a href=\"https:\/\/kastela.hr\/en\/prostorni-planovi-grada\/detaljni-planovi-uredenja-dpu\/dpu-brca-u-kastel-luksicu\/\" target=\"_self\"><img decoding=\"async\" src=\"https:\/\/kastela.hr\/en\/wp-content\/themes\/kastela\/img\/file-icons\/link.png\" alt=\"\" style=\"width:16px; height:16px; margin-right: 5px;\">Detaljni plan ure\u0111enja Brca u Ka\u0161tel Luk\u0161i\u0107u<\/a><\/li>\n\n<\/ul><\/div>\n\n<div class=\"prilozeni_linkovi\"><ul class='no-ul'><li><a href=\"https:\/\/kastela.hr\/en\/prostorni-planovi-grada\/detaljni-planovi-uredenja-dpu\/dpu-rive-kastel-sucurca\/\" target=\"_self\"><img decoding=\"async\" src=\"https:\/\/kastela.hr\/en\/wp-content\/themes\/kastela\/img\/file-icons\/link.png\" alt=\"\" style=\"width:16px; height:16px; margin-right: 5px;\">Detaljni plan ure\u0111enja Rive Ka\u0161tel Su\u0107urca<\/a><\/li>\n\n<\/ul><\/div>\n\n<div class=\"prilozene_datoteke\"><\/div>\n\n\n<h2 class=\"wp-block-heading\">Planovi na javnom uvidu<\/h2>\n\n\n<div class=\"prilozene_datoteke\"><ul class='no-ul'><li><a href=\"https:\/\/kastela.hr\/en\/wp-content\/uploads\/datoteke\/dokumenti\/prostorni-planovi-grada\/planovi-na-javnom-uvidu\/objava-javne-rasprave_prijedlog-upua_kastel-stafilic.pdf\" target=\"_blank\"><img decoding=\"async\" src=\"https:\/\/kastela.hr\/en\/wp-content\/themes\/kastela\/img\/file-icons\/document-pdf.png\" alt=\"pdf icon\" style=\"width:16px; height:16px; margin-right: 5px;\">Informacija o javnoj raspravi &#8211; Prijedlog Urbanisti\u010dkog plana ure\u0111enja urbane sanacije izdvojenog dijela gra\u0111evinskog podru\u010dja naselja Ka\u0161tel \u0160tafili\u0107.pdf<\/a><\/li><li><a href=\"https:\/\/kastela.hr\/en\/wp-content\/uploads\/datoteke\/dokumenti\/prostorni-planovi-grada\/planovi-na-javnom-uvidu\/upu-kastel-stafilic_prijedlog-02.05.2024.pdf\" target=\"_blank\"><img decoding=\"async\" src=\"https:\/\/kastela.hr\/en\/wp-content\/themes\/kastela\/img\/file-icons\/document-pdf.png\" alt=\"pdf icon\" style=\"width:16px; height:16px; margin-right: 5px;\">Prijedlog Urbanisti\u010dkog plana ure\u0111enja urbane sanacije izdvojenog dijela gra\u0111evinskog podru\u010dja naselja Ka\u0161tel \u0160tafili\u0107.pdf<\/a><\/li><\/ul><\/div>\n\n<div class=\"prilozeni_linkovi\"><ul class='no-ul'><\/ul><\/div>\n\n<div class=\"prilozene_datoteke\"><\/div>\n\n<div class=\"prilozeni_linkovi\"><ul class='no-ul'><\/ul><\/div>\n\n<div class=\"prilozene_datoteke\"><\/div>\n\n<div class=\"prilozeni_linkovi\"><ul class='no-ul'><\/ul><\/div>\n\n<div class=\"prilozene_datoteke\"><\/div>\n\n<div class=\"prilozeni_linkovi\"><ul class='no-ul'><li><a href=\"https:\/\/kastela.hr\/en\/prostorni-planovi-grada\/planovi-na-javnom-uvidu\/strateska-studija-utjecaja-na-okolis\/\" target=\"_self\"><img decoding=\"async\" src=\"https:\/\/kastela.hr\/en\/wp-content\/themes\/kastela\/img\/file-icons\/link.png\" alt=\"\" style=\"width:16px; height:16px; margin-right: 5px;\">Strate\u0161ka studija utjecaja na okoli\u0161 III. Izmjena i dopuna PPUG-a Ka\u0161tela, III. Izmjena i dopuna GUP-a Ka\u0161tela i UPU-a turisti\u010dke zone Ka\u0161tel Su\u0107urac-Sustipan (UPU 18) Prijedlog<\/a><\/li>\n\n<\/ul><\/div>\n\n\n<h2 class=\"wp-block-heading\"><strong>Planovi u proceduri<\/strong><\/h2>\n\n\n<div class=\"prilozene_datoteke\"><ul class='no-ul'><li><a href=\"https:\/\/kastela.hr\/en\/wp-content\/uploads\/datoteke\/dokumenti\/prostorni-planovi-grada\/planovi-u-proceduri\/odluka-o-izradi-iv.-izmjena-i-dopuna-ppug-kastela.pdf\" target=\"_blank\"><img decoding=\"async\" src=\"https:\/\/kastela.hr\/en\/wp-content\/themes\/kastela\/img\/file-icons\/document-pdf.png\" alt=\"pdf icon\" style=\"width:16px; height:16px; margin-right: 5px;\">Odluka o izradi IV. izmjena i dopuna (tekstualnih) Generalnog urbanisti\u010dkog plana Ka\u0161tela.pdf<\/a><\/li><li><a href=\"https:\/\/kastela.hr\/en\/wp-content\/uploads\/datoteke\/dokumenti\/prostorni-planovi-grada\/planovi-u-proceduri\/odluka-o-izradi-iv.-izmjena-i-dopuna-gup-a.pdf\" target=\"_blank\"><img decoding=\"async\" src=\"https:\/\/kastela.hr\/en\/wp-content\/themes\/kastela\/img\/file-icons\/document-pdf.png\" alt=\"pdf icon\" style=\"width:16px; height:16px; margin-right: 5px;\">Odluka o izradi IV. Izmjena i dopuna GUP-a.pdf<\/a><\/li><li><a href=\"https:\/\/kastela.hr\/en\/wp-content\/uploads\/datoteke\/dokumenti\/prostorni-planovi-grada\/planovi-u-proceduri\/odluka-o-zapocinjanju-postupka-ocjene-o-potrebi-strateske-procjene-utjecaja-na-okolis-urbanistickog-plana-uredenja-urbane-sanacije-izdvojenog-dijela-gradevinskog-podrucja-naselja-kastel-stafilic.pdf\" target=\"_blank\"><img decoding=\"async\" src=\"https:\/\/kastela.hr\/en\/wp-content\/themes\/kastela\/img\/file-icons\/document-pdf.png\" alt=\"pdf icon\" style=\"width:16px; height:16px; margin-right: 5px;\">Odluka o zapoc\u030cinjanju postupka ocjene o potrebi strates\u030cke procjene utjecaja na okolis\u030c Urbanistic\u030ckog plana ure\u0111enja urbane sanacije izdvojenog dijela gra\u0111evinskog podruc\u030cja naselja Kas\u030ctel S\u030ctafilic\u0301.pdf<\/a><\/li><li><a href=\"https:\/\/kastela.hr\/en\/wp-content\/uploads\/datoteke\/dokumenti\/prostorni-planovi-grada\/planovi-u-proceduri\/odluka-o-izradi-urbanistickog-plana-uredenja-urbane-sanacije-izdvojenog-dijela-gradevinskog-podrucja-naselja-kastel-stafilic.pdf\" target=\"_blank\"><img decoding=\"async\" src=\"https:\/\/kastela.hr\/en\/wp-content\/themes\/kastela\/img\/file-icons\/document-pdf.png\" alt=\"pdf icon\" style=\"width:16px; height:16px; margin-right: 5px;\">Odluka o izradi Urbanistic\u030ckog plana ure\u0111enja urbane sanacije izdvojenog dijela gra\u0111evinskog podruc\u030cja naselja Kas\u030ctel S\u030ctafilic\u0301.pdf<\/a><\/li><li><a href=\"https:\/\/kastela.hr\/en\/wp-content\/uploads\/datoteke\/dokumenti\/prostorni-planovi-grada\/planovi-u-proceduri\/odluka-kojom-se-potvrduje-da-nije-potrebno-provesti-stratesku-procjenu-utjecaja-na-okolis-za-urbanisticki-plan-uredenja-urbane-sanacije-izdvojenog-dijela-gradevinskog-podrucja-naselja-kastel-stafilic.pdf\" target=\"_blank\"><img decoding=\"async\" src=\"https:\/\/kastela.hr\/en\/wp-content\/themes\/kastela\/img\/file-icons\/document-pdf.png\" alt=\"pdf icon\" style=\"width:16px; height:16px; margin-right: 5px;\">Odluka kojom se potvrduje da nije potrebno provesti stratesku procjenu utjecaja na okolis za Urbanisticki plan ure\u0111enja urbane sanacije izdvojenog dijela gra\u0111evinskog podrucja naselja Kastel Stafilic.pdf<\/a><\/li><\/ul><\/div>","protected":false},"excerpt":{"rendered":"<p>PLANOVI NA SNAZI Preporu\u010damo da zbog veli\u010dine grafi\u010dkih dijelova plana, prije otvaranja svakog pojedinog PDF dokumenta, spremite poveznicu na svoje [&hellip;]<\/p>\n","protected":false},"author":1,"featured_media":0,"parent":0,"menu_order":0,"comment_status":"closed","ping_status":"closed","template":"","meta":{"_acf_changed":false,"footnotes":""},"class_list":["post-9815","page","type-page","status-publish","hentry"],"acf":[],"_links":{"self":[{"href":"https:\/\/kastela.hr\/en\/wp-json\/wp\/v2\/pages\/9815","targetHints":{"allow":["GET"]}}],"collection":[{"href":"https:\/\/kastela.hr\/en\/wp-json\/wp\/v2\/pages"}],"about":[{"href":"https:\/\/kastela.hr\/en\/wp-json\/wp\/v2\/types\/page"}],"author":[{"embeddable":true,"href":"https:\/\/kastela.hr\/en\/wp-json\/wp\/v2\/users\/1"}],"replies":[{"embeddable":true,"href":"https:\/\/kastela.hr\/en\/wp-json\/wp\/v2\/comments?post=9815"}],"version-history":[{"count":77,"href":"https:\/\/kastela.hr\/en\/wp-json\/wp\/v2\/pages\/9815\/revisions"}],"predecessor-version":[{"id":12400,"href":"https:\/\/kastela.hr\/en\/wp-json\/wp\/v2\/pages\/9815\/revisions\/12400"}],"wp:attachment":[{"href":"https:\/\/kastela.hr\/en\/wp-json\/wp\/v2\/media?parent=9815"}],"curies":[{"name":"wp","href":"https:\/\/api.w.org\/{rel}","templated":true}]}}