{"id":9783,"date":"2024-09-23T00:22:59","date_gmt":"2024-09-22T22:22:59","guid":{"rendered":"https:\/\/kastela.hr\/en\/?page_id=9783"},"modified":"2024-09-25T11:09:18","modified_gmt":"2024-09-25T09:09:18","slug":"pristup-informacijama","status":"publish","type":"page","link":"https:\/\/kastela.hr\/en\/pristup-informacijama\/","title":{"rendered":"Pristup informacijama"},"content":{"rendered":"\n<p>Pravo na pristup informacijama i ponovnu uporabu informacija koje posjeduju tijela javne vlasti, ure\u0111eno je Zakonom o pravu na pristup informacijama (Narodne novine 25\/13, 85\/15).<\/p>\n\n\n\n<p>Pristup informaciji omogu\u0107uje se:<\/p>\n\n\n\n<ol class=\"wp-block-list\">\n<li>pravodobnim objavljivanjem informacija na primjeren i dostupan na\u010din, odnosno na internetskim stranicama tijela javne vlasti ili u Slu\u017ebenom glasniku Grada Ka\u0161tela i Sredi\u0161njem katalogu slu\u017ebenih dokumenata Republike Hrvatske, radi upoznavanja javnosti.<\/li>\n\n\n\n<li>davanjem informacije korisniku koji je podnio zahtjev na jedan od sljede\u0107ih na\u010dina:\n<ul class=\"wp-block-list\">\n<li>neposrednim davanjem informacije,<\/li>\n\n\n\n<li>davanjem informacije pisanim putem,<\/li>\n\n\n\n<li>uvidom u dokumente i izradom preslika dokumenata koji sadr\u017ee tra\u017eenu informaciju,<\/li>\n\n\n\n<li>dostavljanjem preslika dokumenta koji sadr\u017ei tra\u017eenu informaciju,<\/li>\n\n\n\n<li>na drugi na\u010din koji je prikladan za ostvarivanje prava na pristup informaciji.<\/li>\n<\/ul>\n<\/li>\n<\/ol>\n\n\n\n<p>Korisnik mo\u017ee u zahtjevu za pristup informaciji nazna\u010diti prikladan na\u010din dobivanja informacije, a ako ne nazna\u010di informacija \u0107e se dostaviti na na\u010din na koji je podnesen zahtjev. Korisnik ostvaruje pravo na pristup informaciji podno\u0161enjem usmenog ili pismenog zahtjeva slu\u017ebeniku za informiranje na temelju kojeg je slu\u017ebenik obvezan omogu\u0107iti pristup informaciji podnositelju najkasnije u roku od 15 dana od dana podno\u0161enja zahtjeva.<\/p>\n\n\n\n<p><strong>Slu\u017ebenica za informiranje \u2013 Ivana Modri\u0107<\/strong><\/p>\n\n\n\n<p><strong>Adresa:<\/strong>\u00a0Grad Ka\u0161tela, Bra\u0107e Radi\u0107 1, Ka\u0161tel Su\u0107urac<\/p>\n\n\n    <ul class=\"adresar-list\">\n                    \n            <li id=\"post-195\" class=\"post-9783 page type-page status-publish hentry\">\n                <h3 class=\"adresar-naziv\">Ivana Modri\u0107, spec. publ. adm.<\/h3>\n\n                \n                <h4 class=\"adresar-titula\">Pro\u010delnica Upravnog odjela za poslove Gradona\u010delnika i stru\u010dne poslove<\/h4>\n                <div class=\"adresar-stavka\">E-mail: <a href=\"mailto:ivana.modric@kastela.hr\">ivana.modric@kastela.hr<\/a><\/div><div class=\"adresar-stavka\">Tel:     <a href=\"tel:+38521205286\" target=\"_blank\">\n        <a href='tel:+38521205286' target='_blank'>+38521205286<\/a>    <\/a>\n\n\n    <\/div><div class=\"adresar-stavka\">Fax:     <a href=\"tel:+38521224201\" target=\"_blank\">\n        <a href='tel:+38521224201' target='_blank'>+38521224201<\/a>    <\/a>\n\n\n    <\/div>            <\/li>\n            <\/ul>\n    \n\n\n<p>Molimo Vas da svoje zahtjeve upu\u0107ujete putem predvi\u0111enog obrasca.<\/p>\n\n\n\n<p>Grad Ka\u0161tela ima pravo na naknadu stvarnih materijalnih tro\u0161kova koji nastanu pru\u017eanjem informacije korisniku prava na pristup informacijama i ponovnu uporabu informacija, kao i na naknadu tro\u0161kova dostave tra\u017eene informacije.<\/p>\n\n\n\n<p>Visina naknade za pristup informacijama i ponovnu uporabu informacija, odre\u0111uje se sukladno kriterijima za odre\u0111ivanje visine naknade stvarnih materijalnih tro\u0161kova i tro\u0161kova dostave informacije&nbsp;<strong>(\u201eNarodne novine\u201c, broj 12\/14 i 15\/14).<\/strong><\/p>\n\n\n\n<p><\/p>\n","protected":false},"excerpt":{"rendered":"<p>Pravo na pristup informacijama i ponovnu uporabu informacija koje posjeduju tijela javne vlasti, ure\u0111eno je Zakonom o pravu na pristup [&hellip;]<\/p>\n","protected":false},"author":1,"featured_media":0,"parent":0,"menu_order":0,"comment_status":"closed","ping_status":"closed","template":"","meta":{"_acf_changed":false,"footnotes":""},"class_list":["post-9783","page","type-page","status-publish","hentry"],"acf":[],"_links":{"self":[{"href":"https:\/\/kastela.hr\/en\/wp-json\/wp\/v2\/pages\/9783","targetHints":{"allow":["GET"]}}],"collection":[{"href":"https:\/\/kastela.hr\/en\/wp-json\/wp\/v2\/pages"}],"about":[{"href":"https:\/\/kastela.hr\/en\/wp-json\/wp\/v2\/types\/page"}],"author":[{"embeddable":true,"href":"https:\/\/kastela.hr\/en\/wp-json\/wp\/v2\/users\/1"}],"replies":[{"embeddable":true,"href":"https:\/\/kastela.hr\/en\/wp-json\/wp\/v2\/comments?post=9783"}],"version-history":[{"count":6,"href":"https:\/\/kastela.hr\/en\/wp-json\/wp\/v2\/pages\/9783\/revisions"}],"predecessor-version":[{"id":10446,"href":"https:\/\/kastela.hr\/en\/wp-json\/wp\/v2\/pages\/9783\/revisions\/10446"}],"wp:attachment":[{"href":"https:\/\/kastela.hr\/en\/wp-json\/wp\/v2\/media?parent=9783"}],"curies":[{"name":"wp","href":"https:\/\/api.w.org\/{rel}","templated":true}]}}