{"id":9058,"date":"2024-09-16T11:30:52","date_gmt":"2024-09-16T09:30:52","guid":{"rendered":"https:\/\/kastela.hr\/en\/?page_id=9058"},"modified":"2024-11-26T08:10:04","modified_gmt":"2024-11-26T07:10:04","slug":"uvjeti-koristenja","status":"publish","type":"page","link":"https:\/\/kastela.hr\/en\/uvjeti-koristenja\/","title":{"rendered":"Uvjeti kori\u0161tenja"},"content":{"rendered":"\n<p>Kori\u0161tenje ove stranice te uvjeti osiguranja podataka na njoj obavljaju se u skladu s ovom Pravnom obavijesti. Daljnjim kori\u0161tenjem ove stranice potvr\u0111ujete svoje prihva\u0107anje uvjeta koji su navedeni u nastavku ovog teksta.<\/p>\n\n\n\n<p><strong>Izjava o autorskom pravu<\/strong><\/p>\n\n\n\n<p>Sve \u0161to je sadr\u017eano na stranicama www.kastela.hr vlasni\u0161tvo je Grada Ka\u0161tela, osim ako to nije druga\u010dije nazna\u010deno. Sva su prava zadr\u017eana.<br>Sve podatke koji su namijenjeni besplatnoj upotrebi mo\u017eete koristiti uz obavezno navo\u0111enje cjelovite re\u010denice (Izvor:&nbsp;www.kastela.hr&nbsp;).<\/p>\n\n\n\n<p>Pod fotografije koje se preuzimaju s na\u0161e stranice obavezno treba napisati cjelovitu re\u010denicu: (Izvor:&nbsp;www.kastela.hr&nbsp;), a pod tekst, ili dio teksta koji se prenosi treba napisati&nbsp;cjelovitu re\u010denicu: (Preneseno sa www.kastela.hr&nbsp;).<\/p>\n\n\n\n<p>Niti jedan dio ovih stranica, \u0161to uklju\u010duje i dizajn te strukturu sadr\u017eaja ne smije se reproducirati, prenositi ili preslikavati u bilo kojem obliku ili na bilo koji na\u010din bez prethodne pisane suglasnosti Grada Ka\u0161tela.<\/p>\n\n\n\n<p><strong>Za\u0161tita privatnosti<\/strong><\/p>\n\n\n\n<p>Grad Ka\u0161tela privatnost i povjerljivost osobnih podataka smatra va\u017enim te po\u0161tuje privatnost posjetitelja. Na\u0161a web stranica ne prikuplja podatke o posjetiteljima, osim podataka koje posjetitelji dobrovoljno i na vlastiti poticaj pru\u017eaju tijekom komunikacije s Gradom Ka\u0161tela. Svi osobni podaci koje posjetitelji otkriju tijekom komunikacije ostaju strogo povjerljivi.<\/p>\n\n\n\n<p>Podatke koje od korisnika&nbsp;dobijemo kako bismo bili u mogu\u0107nosti pru\u017eiti informacije ili usluge koje od nas zatra\u017ee, mogu se koristiti u tvrtkama i komunalnim dru\u0161tvima u vlasni\u0161tvu Grada Ka\u0161tela isklju\u010divo u cilju pru\u017eanja usluga ili davanja odgovora. Daju\u0107i nam te podatke suglasni ste s tim da ih mi obradimo u navedene svrhe. Va\u0161e podatke ne\u0107emo ni pod kojim uvjetima proslijediti tre\u0107im stranama izvan Grada Ka\u0161tela, osim u slu\u010daju zakonske obveze.<\/p>\n\n\n\n<p><strong>Prikupljanje podataka<\/strong><\/p>\n\n\n\n<p>Kao \u0161to je uobi\u010dajeno s ostalim profesionalno vo\u0111enim web stanicama i Grad Ka\u0161tela prikuplja informacije koje se ti\u010du IP adresa, preuzetog sadr\u017eaja, broja posjetitelja, vremena posjeta, vrste pretra\u017eiva\u010da i operativnih sustava, kao i demografske podatke posjeta po zemljama, na\u010dina pristupa na\u0161oj web stranici (izravno ili preko drugog linka), a sve u statisti\u010dke svrhe i analize koje slu\u017ee pobolj\u0161anju sadr\u017eaja web stranice.&nbsp;www.kastela.hr.<\/p>\n\n\n\n<p><strong>Sigurnost<\/strong><\/p>\n\n\n\n<p>Neovla\u0161teni poku\u0161aji izmjene podataka pohranjenih u ovom sustavu, zaobila\u017eenja ili zanemarivanja sigurnosnih zna\u010dajki, ili kori\u0161tenja sustava u svrhe razli\u010dite od onih za koje su namijenjene, zabranjeni su i mogu postati predmetom kaznenog gonjenja. Ako pra\u0107enje otkrije dokaze o mogu\u0107im kriminalnim radnjama, takvi dokazi mogu se proslijediti nadle\u017enim tijelima.<\/p>\n\n\n\n<p><strong>Odricanje podr\u0161ke \u2013 linkovi i ogla\u0161avanje<\/strong><\/p>\n\n\n\n<p>Dokumenti postavljeni na ovu stranicu mogu sadr\u017eavati hipertekstualne&nbsp;veze ili upu\u0107ivati na podatke koje se nalaze na drugim serverima, koje kreiraju ili odr\u017eavaju druge javne i privatne organizacije. Ove poveznice i upu\u0107ivanja na usluzi su posjetiteljima.<br>Grad Ka\u0161tela ne mo\u017ee jam\u010diti za to\u010dnost, relevantnost, vremensko odre\u0111enje ili potpunost bilo kojeg povezanog podatka.<\/p>\n\n\n\n<p>Uklju\u010divanje poveznica i upu\u0107ivanja na stranice koje ne pripadaju Gradu Ka\u0161tela nema namjeru ukazati na va\u017enost tih stranica i podataka na njima, te nema namjeru izricati podr\u0161ku, preporuku ili se povoljno izra\u017eavati o navedenim stavovima ili komercijalnim proizvodima ili uslugama koji se nude na tim vanjskim stranicama ili organizacijama koje sponzoriraju te stranice, ili za\u0161ti\u0107enim imenima, znakovima, proizvodnji ili sl.<\/p>\n\n\n\n<p>Upu\u0107ivanje sa&nbsp;www.kastela.hr&nbsp; na bilo koji posebni komercijalni proizvod, proces ili uslugu ili kori\u0161tenje bilo kojeg imena obrta, tvrtke ili korporacije na korist su posjetiteljima na\u0161e stranice i ne predstavljaju podr\u0161ku, preporuku ili preferenciju od strane Grada Ka\u0161tela.<br>Stavovi i mi\u0161ljenja autora ovdje izra\u017eeni ne izra\u017eavaju nu\u017eno stavove Grada Ka\u0161tela.<\/p>\n\n\n\n<p><strong>Odricanje odgovornosti<\/strong><\/p>\n\n\n\n<p>Urednici \u010dine napore da osiguraju to\u010dne i potpune podatke na na\u0161oj web stranici. Ipak, s brojnim informacijama, poveznicama i dokumentima kojima raspola\u017eemo,&nbsp;ne mo\u017eemo jam\u010diti da ne\u0107e biti pogre\u0161aka.<br>Odri\u010demo se odgovornosti za gubitak ili \u0161tetu uzrokovanu rezultatom gre\u0161ke na na\u0161im stranicama. Prije dono\u0161enja bilo kakve odluke zasnovane na informacijama sa na\u0161ih stranica, savjetujemo da se obratite relevantnim izvorima informacija i potvrdite osnovu za svoju odluku.<\/p>\n","protected":false},"excerpt":{"rendered":"<p>Kori\u0161tenje ove stranice te uvjeti osiguranja podataka na njoj obavljaju se u skladu s ovom Pravnom obavijesti. Daljnjim kori\u0161tenjem ove [&hellip;]<\/p>\n","protected":false},"author":1,"featured_media":0,"parent":0,"menu_order":0,"comment_status":"closed","ping_status":"closed","template":"","meta":{"_acf_changed":false,"footnotes":""},"class_list":["post-9058","page","type-page","status-publish","hentry"],"acf":[],"_links":{"self":[{"href":"https:\/\/kastela.hr\/en\/wp-json\/wp\/v2\/pages\/9058","targetHints":{"allow":["GET"]}}],"collection":[{"href":"https:\/\/kastela.hr\/en\/wp-json\/wp\/v2\/pages"}],"about":[{"href":"https:\/\/kastela.hr\/en\/wp-json\/wp\/v2\/types\/page"}],"author":[{"embeddable":true,"href":"https:\/\/kastela.hr\/en\/wp-json\/wp\/v2\/users\/1"}],"replies":[{"embeddable":true,"href":"https:\/\/kastela.hr\/en\/wp-json\/wp\/v2\/comments?post=9058"}],"version-history":[{"count":2,"href":"https:\/\/kastela.hr\/en\/wp-json\/wp\/v2\/pages\/9058\/revisions"}],"predecessor-version":[{"id":13144,"href":"https:\/\/kastela.hr\/en\/wp-json\/wp\/v2\/pages\/9058\/revisions\/13144"}],"wp:attachment":[{"href":"https:\/\/kastela.hr\/en\/wp-json\/wp\/v2\/media?parent=9058"}],"curies":[{"name":"wp","href":"https:\/\/api.w.org\/{rel}","templated":true}]}}