{"id":9056,"date":"2024-09-16T11:30:33","date_gmt":"2024-09-16T09:30:33","guid":{"rendered":"https:\/\/kastela.hr\/en\/?page_id=9056"},"modified":"2024-11-29T15:23:08","modified_gmt":"2024-11-29T14:23:08","slug":"impressum","status":"publish","type":"page","link":"https:\/\/kastela.hr\/en\/impressum\/","title":{"rendered":"Impressum"},"content":{"rendered":"\n<p>Internet stranicu www.kastela.hr izra\u0111uje i publicira Grad Ka\u0161tela.<br>O sadr\u017eaju i izgledu web stranice brine Upravni odjel za poslove gradona\u010delnika i stru\u010dne poslove.<br>Sadr\u017eaj se svakodnevno osvje\u017euje novostima iz djelatnosti gradske uprave, ustanova i komunalnih dru\u0161tava u vlasni\u0161tvu Grada.<\/p>\n\n\n\n<p>Izdava\u010d: Grad Ka\u0161tela<br>Adresa: Ulica Bra\u0107e Radi\u0107 1<\/p>\n\n\n\n<p>21212 Ka\u0161tel Su\u0107urac<br><\/p>\n\n\n\n<p>Stranicu ure\u0111uju:<\/p>\n\n\n    <ul class=\"adresar-list\">\n                    \n            <li id=\"post-198\" class=\"post-9056 page type-page status-publish hentry\">\n                <h3 class=\"adresar-naziv\">Marija Vukovi\u0107<\/h3>\n\n                \n                <h4 class=\"adresar-titula\">Referentica za protokol<\/h4>\n                <div class=\"adresar-stavka\">E-mail: <a href=\"mailto:marija.vukovic@kastela.hr\">marija.vukovic@kastela.hr<\/a><\/div><div class=\"adresar-stavka\">Tel:     <a href=\"tel:+38521205281\" target=\"_blank\">\n        <a href='tel:+38521205281' target='_blank'>+38521205281<\/a>    <\/a>\n\n\n    <\/div>            <\/li>\n            <\/ul>\n    \n\n    <ul class=\"adresar-list\">\n                    \n            <li id=\"post-200\" class=\"post-9056 page type-page status-publish hentry\">\n                <h3 class=\"adresar-naziv\">Ina Koudela Dukan<\/h3>\n\n                \n                <h4 class=\"adresar-titula\">Vi\u0161a stru\u010dna suradnica za protokol<\/h4>\n                <div class=\"adresar-stavka\">E-mail: <a href=\"mailto:ina.koudela.dukan@kastela.hr\">ina.koudela.dukan@kastela.hr<\/a><\/div><div class=\"adresar-stavka\">Tel:     <a href=\"tel:+38521205249\" target=\"_blank\">\n        <a href='tel:+38521205249' target='_blank'>+38521205249<\/a>    <\/a>\n\n\n    <\/div>            <\/li>\n            <\/ul>\n    \n\n    <ul class=\"adresar-list\">\n                    \n            <li id=\"post-244\" class=\"post-9056 page type-page status-publish hentry\">\n                <h3 class=\"adresar-naziv\">Marijo Kuduz<\/h3>\n\n                \n                <h4 class=\"adresar-titula\">Voditelj odsjeka za javnu nabavu<\/h4>\n                <div class=\"adresar-stavka\">E-mail: <a href=\"mailto:marijo.kuduz@kastela.hr\">marijo.kuduz@kastela.hr<\/a><\/div><div class=\"adresar-stavka\">Tel:     <a href=\"tel:+38521205229\" target=\"_blank\">\n        <a href='tel:+38521205229' target='_blank'>+38521205229<\/a>    <\/a>\n\n\n    <\/div>            <\/li>\n            <\/ul>\n    \n\n    <ul class=\"adresar-list\">\n                    \n            <li id=\"post-197\" class=\"post-9056 page type-page status-publish hentry\">\n                <h3 class=\"adresar-naziv\">Frane Smoljo<\/h3>\n\n                \n                <h4 class=\"adresar-titula\">Stru\u010dni suradnik za protokol i odnose s javno\u0161\u0107u<\/h4>\n                <div class=\"adresar-stavka\">E-mail: <a href=\"mailto:glasnogovornik@kastela.hr\">glasnogovornik@kastela.hr<\/a><\/div><div class=\"adresar-stavka\">E-mail: <a href=\"mailto:frane.smoljo@kastela.hr\">frane.smoljo@kastela.hr<\/a><\/div><div class=\"adresar-stavka\">Tel:     <a href=\"tel:+38521205281\" target=\"_blank\">\n        <a href='tel:+38521205281' target='_blank'>+38521205281<\/a>    <\/a>\n\n\n    <\/div>            <\/li>\n            <\/ul>\n    ","protected":false},"excerpt":{"rendered":"<p>Internet stranicu www.kastela.hr izra\u0111uje i publicira Grad Ka\u0161tela.O sadr\u017eaju i izgledu web stranice brine Upravni odjel za poslove gradona\u010delnika i [&hellip;]<\/p>\n","protected":false},"author":1,"featured_media":0,"parent":0,"menu_order":0,"comment_status":"closed","ping_status":"closed","template":"","meta":{"_acf_changed":false,"footnotes":""},"class_list":["post-9056","page","type-page","status-publish","hentry"],"acf":[],"_links":{"self":[{"href":"https:\/\/kastela.hr\/en\/wp-json\/wp\/v2\/pages\/9056","targetHints":{"allow":["GET"]}}],"collection":[{"href":"https:\/\/kastela.hr\/en\/wp-json\/wp\/v2\/pages"}],"about":[{"href":"https:\/\/kastela.hr\/en\/wp-json\/wp\/v2\/types\/page"}],"author":[{"embeddable":true,"href":"https:\/\/kastela.hr\/en\/wp-json\/wp\/v2\/users\/1"}],"replies":[{"embeddable":true,"href":"https:\/\/kastela.hr\/en\/wp-json\/wp\/v2\/comments?post=9056"}],"version-history":[{"count":3,"href":"https:\/\/kastela.hr\/en\/wp-json\/wp\/v2\/pages\/9056\/revisions"}],"predecessor-version":[{"id":15384,"href":"https:\/\/kastela.hr\/en\/wp-json\/wp\/v2\/pages\/9056\/revisions\/15384"}],"wp:attachment":[{"href":"https:\/\/kastela.hr\/en\/wp-json\/wp\/v2\/media?parent=9056"}],"curies":[{"name":"wp","href":"https:\/\/api.w.org\/{rel}","templated":true}]}}