{"id":9040,"date":"2024-09-16T10:54:34","date_gmt":"2024-09-16T08:54:34","guid":{"rendered":"https:\/\/kastela.hr\/en\/?page_id=9040"},"modified":"2024-11-22T13:51:49","modified_gmt":"2024-11-22T12:51:49","slug":"dezurne-sluzbe","status":"publish","type":"page","link":"https:\/\/kastela.hr\/en\/servisne-informacije\/dezurne-sluzbe\/","title":{"rendered":"De\u017eurne slu\u017ebe"},"content":{"rendered":"\n<p><strong>Pogrebna dru\u0161tva u Ka\u0161telima:<\/strong><\/p>\n\n\n\n<p>Bradvica d.o.o.<br>T.&nbsp;<a href=\"tel:+38521230068\">+385 21 230 068<\/a><br>M.&nbsp;<a href=\"tel:+38598222771\">+385 98 222 771<\/a><\/p>\n\n\n\n<p>Cipeti\u0107 d.o.o.<br>M. <a href=\"tel:+38598448576\">+385 98 448 576<\/a><\/p>\n\n\n\n<p>PRIBA, obrt za pogrebne usluge i trgovinu, vl. Mario Pribudi\u0107<br><a href=\"tel:+385%2099%20470%208005\">M.&nbsp;+385 99 470 8005<\/a> <br><a href=\"mailto:pribudicmario@gmail.com\">pribudicmario@gmail.com<\/a><\/p>\n\n\n\n<p><strong>Mrtvozornici:<\/strong><\/p>\n\n\n\n<p>Dr. Marija Ple\u0161tina-Bari\u0161i\u0107<br><a href=\"tel:+385%2021%20226%20035\">T.&nbsp;+385 21 226 035<\/a><\/p>\n\n\n\n<p>Dr. Dragica \u010cavka-Divkovi\u0107<br><a href=\"tel:+385%2021%20223%20279\">T.&nbsp;+385 21 223 279<\/a><\/p>\n\n\n\n<p>Dr. Dra\u017eena Kuli\u0161<br><a href=\"tel:+385%2021%20308%20693\">T.&nbsp;+385 21 308 693<\/a><\/p>\n\n\n\n<p><\/p>\n\n\n\n<p><strong>Ostalo:<\/strong><\/p>\n\n\n\n<p>Prijava kvara javne rasvjete<br><a href=\"tel:+385%2021%20205%20206\">T.&nbsp;+385 21 205 206<\/a><\/p>\n\n\n\n<p>Oborinska odvodnja<br><a href=\"tel:+385%2021%20205%20206\">T.&nbsp;+385 21 205 206<\/a><\/p>\n\n\n\n<p><a href=\"https:\/\/zelenoimodro.hr\/ophodnja\/\">Cestarska slu\u017eba\/ophodnja<\/a><\/p>\n\n\n\n<p>De\u017eurna slu\u017eba KD Vodovod i kanalizacija d.o.o. Split<\/p>\n\n\n\n<p>HEP &#8211; Elektrodalmacija Split &#8211; de\u017eurna slu\u017eba<br><a href=\"tel:+385%200800%20300%20413\">T.&nbsp;+385 0800 300 413<\/a><\/p>\n\n\n\n<p>Komunalno redarstvo<br><a href=\"tel:+385%2091%20617%207840\">T.&nbsp;+385 91 617 7840<\/a><\/p>\n\n\n\n<p>Jedinstveni broj za hitne slu\u017ebe<br><a href=\"tel:%20112\">T.&nbsp;112<\/a><\/p>\n\n\n\n<p>Policija <br><a href=\"tel:%20112\">T.&nbsp;112<\/a><\/p>\n\n\n\n<p>Vatrogasci <br><a href=\"tel:%20193\">T.&nbsp;193<\/a><\/p>\n\n\n\n<p>Hitna pomo\u0107 <br><a href=\"tel:%20194\">T.&nbsp;194<\/a><\/p>\n\n\n\n<p>Policijska uprava Splitsko-dalmatinska&nbsp;<br><a href=\"tel:+385%2021%20307%20111\">T.&nbsp;+385 21 307 111<\/a> <\/p>\n\n\n\n<p>Policijska postaja Ka\u0161tela<br><a href=\"tel:+385%2021%20307%20591\">T.&nbsp;+385 21 307 591<\/a>&nbsp; <\/p>\n\n\n\n<p>Spa\u0161avanje na moru&nbsp; <br><a href=\"tel:%209155\">T.&nbsp;194<\/a><\/p>\n\n\n\n<p>Gorska slu\u017eba spa\u0161avanja Split \u2013 de\u017eurna slu\u017eba&nbsp; <br><a href=\"tel:+385%2091%20721%200001\">M.&nbsp;+385 91 721 0001<\/a><\/p>\n\n\n\n<p>Lu\u010dka kapetanija Split, ispostava Ka\u0161tela <br><a href=\"tel:+385%2021%20223%20441\">T.&nbsp;+385 21 223 441<\/a><\/p>\n\n\n\n<p>HAK \u2013 Hrvatski auto klub (Pomo\u0107 na cesti)&nbsp; <br><a href=\"tel:%201987\">T.&nbsp;1987<\/a><\/p>\n\n\n\n<p>Vodovod i kanalizacija d.o.o. \u2013 Split&nbsp; <br><a href=\"tel:+385%2021%20383%20816\">T.&nbsp;+385 21 383 816<\/a><\/p>\n\n\n\n<p>Promet d.o.o. Split&nbsp; <br><a href=\"tel:+385%2021%20407%20999\">T.&nbsp;+385 21 407 999<\/a><\/p>\n\n\n\n<p>Splitsko\u2013dalmatinska \u017eupanija <br><a href=\"tel:+385%2021%20400%20200\">T.&nbsp;+385 21 400 200<\/a><\/p>\n\n\n\n<p>Splitsko\u2013dalmatinska \u017eupanija, Ispostava Ka\u0161tela&nbsp;<br>T.&nbsp;+385 21 400 297<\/p>\n\n\n\n<p>Porezna uprava, Ispostava Ka\u0161tela <\/p>\n\n\n\n<p>T. +385 21 680 701<\/p>\n\n\n\n<p><\/p>\n","protected":false},"excerpt":{"rendered":"<p>Pogrebna dru\u0161tva u Ka\u0161telima: Bradvica d.o.o.T.&nbsp;+385 21 230 068M.&nbsp;+385 98 222 771 Cipeti\u0107 d.o.o.M. +385 98 448 576 PRIBA, obrt [&hellip;]<\/p>\n","protected":false},"author":1,"featured_media":0,"parent":9034,"menu_order":0,"comment_status":"closed","ping_status":"closed","template":"","meta":{"_acf_changed":false,"footnotes":""},"class_list":["post-9040","page","type-page","status-publish","hentry"],"acf":[],"_links":{"self":[{"href":"https:\/\/kastela.hr\/en\/wp-json\/wp\/v2\/pages\/9040","targetHints":{"allow":["GET"]}}],"collection":[{"href":"https:\/\/kastela.hr\/en\/wp-json\/wp\/v2\/pages"}],"about":[{"href":"https:\/\/kastela.hr\/en\/wp-json\/wp\/v2\/types\/page"}],"author":[{"embeddable":true,"href":"https:\/\/kastela.hr\/en\/wp-json\/wp\/v2\/users\/1"}],"replies":[{"embeddable":true,"href":"https:\/\/kastela.hr\/en\/wp-json\/wp\/v2\/comments?post=9040"}],"version-history":[{"count":16,"href":"https:\/\/kastela.hr\/en\/wp-json\/wp\/v2\/pages\/9040\/revisions"}],"predecessor-version":[{"id":12653,"href":"https:\/\/kastela.hr\/en\/wp-json\/wp\/v2\/pages\/9040\/revisions\/12653"}],"up":[{"embeddable":true,"href":"https:\/\/kastela.hr\/en\/wp-json\/wp\/v2\/pages\/9034"}],"wp:attachment":[{"href":"https:\/\/kastela.hr\/en\/wp-json\/wp\/v2\/media?parent=9040"}],"curies":[{"name":"wp","href":"https:\/\/api.w.org\/{rel}","templated":true}]}}