{"id":9011,"date":"2024-09-16T10:48:09","date_gmt":"2024-09-16T08:48:09","guid":{"rendered":"https:\/\/kastela.hr\/en\/?page_id=9011"},"modified":"2024-11-27T10:57:28","modified_gmt":"2024-11-27T09:57:28","slug":"osoba-za-nepravilnosti","status":"publish","type":"page","link":"https:\/\/kastela.hr\/en\/teme-za-gradane\/osoba-za-nepravilnosti\/","title":{"rendered":"Osoba za nepravilnosti"},"content":{"rendered":"\n<p>Osoba za nepravilnosti promi\u010de po\u0161tivanje zakonskih rje\u0161enja u poslovanju, u okviru svoje nadle\u017enosti vodi postupak vezan uz prijavu i otklanjanje nepravilnosti, osigurava za\u0161titu prijavitelja nepravilnosti te prati primjenu zakona i propisa kojima se ure\u0111uje za\u0161tita prijavitelja nepravilnosti i sustav unutarnjih kontrola u javnom sektoru.<\/p>\n\n\n\n<p><strong>Osoba za nepravilnosti Grada Ka\u0161tela:<\/strong><\/p>\n\n\n\n<p><strong>Antonia Kljai\u0107, <\/strong>mag.oec.<\/p>\n\n\n\n<p>tel: + 385 (0) 21 205 225<\/p>\n\n\n\n<p>e-mail: <a href=\"mailto:antonia.kljaic@kastela.hr\">antonia.kljaic@kastela.hr<\/a><\/p>\n\n\n\n<p>adresa: Bra\u0107e Radi\u0107 1, 21212 Ka\u0161tel Su\u0107urac, uz napomenu \u201ene otvaraj\u201c<\/p>\n\n\n\n<p><strong>\u0160TO SU NEPRAVILNOSTI<\/strong><\/p>\n\n\n\n<p>U smislu Zakona o za\u0161titi prijavitelja nepravilnosti, nepravilnosti su kr\u0161enja zakona i drugih propisa te nesavjesno upravljanje javnim dobrima, javnim sredstvima i sredstvima Europske unije koje predstavlja ugro\u017eavanje javnog interesa, a koja su povezana s obavljanjem poslova kod poslodavca. Obavljanje poslova uklju\u010duje radni odnos, rad izvan radnog odnosa, vr\u0161enje du\u017enosti, ugovore o djelu, volontiranje,\u2026 i svako drugo sudjelovanje u djelatnostima pravne ili fizi\u010dke osobe. U smislu Zakona o sustavu unutarnjih financijskih kontrola u javnom sektoru, nepravilnost je nepridr\u017eavanje ili pogre\u0161na primjena zakona i drugih propisa koja proizlazi iz radnji ili propusta korisnika prora\u010duna, a koja ima ili bi mogla imati \u0161tetan utjecaj na prora\u010dunska sredstva i sredstva iz drugih izvora, bilo da se radi o prihodima\/primicima, rashodima\/izdacima, povratima, imovini, potra\u017eivanjima ili obvezama te je protivna eti\u010dkim na\u010delima u javnom sektoru.<\/p>\n\n\n\n<p><strong>TKO JE PRIJAVITELJ NEPRAVILNOSTI<\/strong><\/p>\n\n\n\n<p>Prijavitelj nepravilnosti je osoba koja ima saznanja o odre\u0111enim nepravilnostima, bilo da se radi o kr\u0161enjima zakona, uredbi, pravilnika, eti\u010dkih kodeksa, unutarnjih akata pravne osobe, i koja ih prijavljuje, a koje su povezane s obavljanjem poslova kod poslodavca. Prijavitelj nepravilnosti mo\u017ee biti svaka osoba koja obavlja poslove kod poslodavca ili na bilo koji na\u010din sudjeluje u djelatnostima javne vlasti, pravne ili fizi\u010dke osobe, neovisno o vrsti ugovora i tome da li je u radnom odnosu ili izvan njega. Va\u017eno je istaknuti da obavljanje poslova, osim radnog odnosa obuhva\u0107a i volontiranje, obavljanje poslova preko ugovora o djelu, studentske poslove te obuhva\u0107a i osobe \u010diji je radni odnos prestao kod odre\u0111enog poslodavca i dr. Prijavitelj nepravilnosti ujedno mo\u017ee biti i osoba koja je sudjelovala u postupcima zapo\u0161ljavanja u svojstvu kandidata.<\/p>\n\n\n\n<p>Svaki slu\u017ebenik \/ namje\u0161tenik treba prijaviti nepravilnosti koje otkrije te sumnje na po\u010dinjenje istih, kao i sumnju na prijevaru, sve \u010dinjenice koje ukazuju na mogu\u0107u nezakonitu radnju, posebno ako je vezana uz prijevaru ili korupciju ili koje ukazuju na ozbiljan propust u ispunjavanju profesionalnih obveza. Svaka po\u010dinjena nepravilnost i\/ili prijevara, te sumnja na po\u010dinjenje istih, treba se prijaviti, bez obzira na veli\u010dinu i zna\u010daj nepravilnosti i\/ili prijevare, i bez obzira jesu li iste po\u010dinjene namjerno ili iz nehata. Mora se prijaviti nepridr\u017eavanje ili pogre\u0161na primjena zakona i drugih propisa a koja ima ili bi mogla imati \u0161tetan utjecaj na prora\u010dunska sredstva i sredstva iz drugih izvora. U smislu Zakona o sustavu unutarnjih financijskih kontrola u javnom sektoru, prijavu nepravilnosti mo\u017ee podnijeti i bilo koji gra\u0111anin ili anonimni prijavitelj koji ima saznanja o radnjama ili propustima koji imaju ili bi mogli imati \u0161tetan utjecaj na prora\u010dunska sredstva i sredstva iz drugih izvora.<\/p>\n\n\n\n<p><strong> KAKO PRIJAVITI NEPRAVILNOSTI<\/strong><\/p>\n\n\n\n<p>Unutarnje prijavljivanje nepravilnosti je otkrivanje nepravilnosti poslodavcu i podrazumijeva dostavljanje prijave Osobi za nepravilnosti. Prijava se podnosi na popunjenom obrascu po\u0161tom ili putem protokola (uz obveznu naznaku \u201ene otvaraj\u201c) te elektronskim putem.<\/p>\n\n\n\n<p>Prijava mora sadr\u017eavati podatke o prijavitelju nepravilnosti, naziv poslodavca, podatke o osobi\/osobama na koje se prijava odnosi, datum prijave i opis nepravilnosti koja se prijavljuje. Bez obzira na na\u010din prijave, navodi iz prijave trebaju sadr\u017eavati \u0161to je mogu\u0107e vi\u0161e podataka te, ukoliko je mogu\u0107e, biti potkrijepljeni relevantnom popratnom dokumentacijom. Vanjsko prijavljivanje nepravilnosti podnosi se Pu\u010dkom&nbsp;pravobranitelju, a koristi se u slu\u010daju kada iz odre\u0111enih razloga prijavljivanje Osobi za nepravilnosti nije mogu\u0107e (npr. ako je Osoba za nepravilnosti uklju\u010dena u nepravilnost,\u2026)<\/p>\n\n\n\n<p><strong>OBVEZE OSOBE ZA NEPRAVILNOSTI<\/strong><\/p>\n\n\n\n<p>Osoba za nepravilnosti du\u017ena je:<\/p>\n\n\n\n<ul class=\"wp-block-list\">\n<li>zaprimiti prijavu nepravilnosti<\/li>\n\n\n\n<li>ispitati prijavu nepravilnosti<\/li>\n\n\n\n<li>bez odgode poduzeti radnje iz svoje nadle\u017enosti potrebne za za\u0161titu prijavitelja nepravilnosti ako je prijavitelj nepravilnosti u\u010dinio vjerojatnim da jest ili bi mogao biti \u017ertva \u0161tetne radnje zbog prijave nepravilnosti<\/li>\n\n\n\n<li>obavijestiti odgovornu osobu o zaprimljenoj prijavi nepravilnosti<\/li>\n\n\n\n<li>procijeniti osnovanost prijave i predlo\u017eiti odgovornoj osobi poduzimanje odgovaraju\u0107ih mjera i aktivnosti za otklanjanje nepravilnosti<\/li>\n\n\n\n<li>ako nepravilnost nije rije\u0161ena s poslodavcem, prijavu o nepravilnosti proslijediti tijelima ovla\u0161tenim na postupanje prema sadr\u017eaju prijave<\/li>\n\n\n\n<li>pratiti tijek postupanja po utvr\u0111enim nepravilnostima<\/li>\n\n\n\n<li>obavijestiti prijavitelja nepravilnosti, na njegov zahtjev, o tijeku i radnjama poduzetima u postupku i omogu\u0107iti mu uvid u spis<\/li>\n\n\n\n<li>pisanim putem obavijestiti prijavitelja nepravilnosti o ishodu postupka odmah nakon njegova zavr\u0161etka<\/li>\n\n\n\n<li>pisanim putem izvijestiti nadle\u017eno tijelo za vanjsko prijavljivanje nepravilnosti o zaprimljenim prijavama<\/li>\n\n\n\n<li>\u010duvati identitet prijavitelja nepravilnosti i podatke zaprimljene u prijavi od neovla\u0161tenog otkrivanja odnosno objave drugim osobama, osim ako to nije suprotno zakonu<\/li>\n\n\n\n<li>svoje du\u017enosti obavljati zakonito i savjesno<\/li>\n\n\n\n<li>ne zlouporabljivati svoje ovlasti na \u0161tetu prijavitelja nepravilnosti<\/li>\n<\/ul>\n\n\n\n<p><\/p>\n\n\n\n<p><\/p>\n","protected":false},"excerpt":{"rendered":"<p>Osoba za nepravilnosti promi\u010de po\u0161tivanje zakonskih rje\u0161enja u poslovanju, u okviru svoje nadle\u017enosti vodi postupak vezan uz prijavu i otklanjanje [&hellip;]<\/p>\n","protected":false},"author":1,"featured_media":0,"parent":8985,"menu_order":0,"comment_status":"closed","ping_status":"closed","template":"","meta":{"_acf_changed":false,"footnotes":""},"class_list":["post-9011","page","type-page","status-publish","hentry"],"acf":[],"_links":{"self":[{"href":"https:\/\/kastela.hr\/en\/wp-json\/wp\/v2\/pages\/9011","targetHints":{"allow":["GET"]}}],"collection":[{"href":"https:\/\/kastela.hr\/en\/wp-json\/wp\/v2\/pages"}],"about":[{"href":"https:\/\/kastela.hr\/en\/wp-json\/wp\/v2\/types\/page"}],"author":[{"embeddable":true,"href":"https:\/\/kastela.hr\/en\/wp-json\/wp\/v2\/users\/1"}],"replies":[{"embeddable":true,"href":"https:\/\/kastela.hr\/en\/wp-json\/wp\/v2\/comments?post=9011"}],"version-history":[{"count":3,"href":"https:\/\/kastela.hr\/en\/wp-json\/wp\/v2\/pages\/9011\/revisions"}],"predecessor-version":[{"id":13197,"href":"https:\/\/kastela.hr\/en\/wp-json\/wp\/v2\/pages\/9011\/revisions\/13197"}],"up":[{"embeddable":true,"href":"https:\/\/kastela.hr\/en\/wp-json\/wp\/v2\/pages\/8985"}],"wp:attachment":[{"href":"https:\/\/kastela.hr\/en\/wp-json\/wp\/v2\/media?parent=9011"}],"curies":[{"name":"wp","href":"https:\/\/api.w.org\/{rel}","templated":true}]}}