{"id":9007,"date":"2024-09-16T10:46:48","date_gmt":"2024-09-16T08:46:48","guid":{"rendered":"https:\/\/kastela.hr\/en\/?page_id=9007"},"modified":"2024-11-21T16:30:15","modified_gmt":"2024-11-21T15:30:15","slug":"odrzivo-gospodarenje-otpadom","status":"publish","type":"page","link":"https:\/\/kastela.hr\/en\/teme-za-gradane\/odrzivo-gospodarenje-otpadom\/","title":{"rendered":"Odr\u017eivo gospodarenje otpadom"},"content":{"rendered":"\n<h2 class=\"wp-block-heading\">Ovla\u0161teni koncesionari za pojedine vrste otpada<\/h2>\n\n\n\n<p>1. Za sve vrste otpadnih elektri\u010dnih i elektroni\u010dkih ure\u0111aja (EE otpad) ukupne mase ve\u0107e od 30 kg, za cijelo podru\u010dje Republike Hrvatske:<\/p>\n\n\n\n<p>FLORA VTC d.o.o. bespl. br. telefona 0800 444 110,&nbsp; e-mail:&nbsp;<a href=\"mailto:prijava@eeotpad.com\" target=\"_blank\" rel=\"noreferrer noopener\">prijava@eeotpad.<\/a><br>Vukovarska 5, (od 8 do 16 sati), 33 000 Virovitica SMS: 098 444 110<\/p>\n\n\n\n<p>\u2013 EE otpad (veliki i mali ku\u0107anski ure\u0111aji, oprema informati\u010dke tehnike i oprema za telekomunikacije, oprema \u0161iroke potro\u0161nje, rasvjetna oprema, elektri\u010dni i elektroni\u010dki alati, igra\u010dke, \u0161portska oprema, medicinski ure\u0111aji, instrumenti za nadzor i upravljanje te samoposlu\u017eni aparati) mo\u017ee se osobno predati i u sabirni centar:<\/p>\n\n\n\n<p>TEHNOMOBIL \u2013 obrt Split b. br. tel. 0800 444 110, e-mail:&nbsp;<a href=\"mailto:tehnomobil.mtk@vip.hr\" target=\"_blank\" rel=\"noreferrer noopener\">tehnomobil.mtk@vip.hr<\/a><br>Cesta Franje Tu\u0111mana 197, (radno vrijeme: pon \u2013 pet. od 8 \u2013 15 sati, sub. 8 \u2013 12 sati), Ka\u0161tel Su\u0107urac, (tvornica Adriachem)<\/p>\n\n\n\n<p>2. Za sakupljanje i zbrinjavanje opasnog otpada (rabljenih motornih ulja, ostataka goriva, uljnih filtera, zauljenih krpa, istro\u0161enih olovnih baterija, tehnolo\u0161kih masti i muljeva, krutog zauljenog otpada, istro\u0161enih jestivih ulja, zauljenih voda s brodova, otpadnih kemikalija):<\/p>\n\n\n\n<p>CIAN d.o.o. br. tel. 021\/ 540-194 (sanitarna za\u0161tita) e-mail:&nbsp;<a href=\"mailto:cian@cian.hr\" target=\"_blank\" rel=\"noreferrer noopener\">cian@cian.hr<\/a>, Vara\u017edinska 51,<br>021\/ 540-192 (za\u0161tita okoli\u0161a), 21 000 Split fax: 021\/ 540 199<\/p>\n\n\n\n<p>Bez naknade: olovne i dr. baterije (akumulatori) florescentne cijevi, gra\u0111evni otpad koji sadr\u017ei azbest i elektroni\u010dka i elektro oprema<\/p>\n\n\n\n<p>Uz naknadu: ambala\u017ea one\u010di\u0161\u0107ena opasnim tvarima i zauljena ambala\u017ea i boje i lakovi, kemikalije, preparati otpadne boje i ljepila i stari lijekovi i toplomjeri<\/p>\n\n\n\n<p>3. Davatelj javne usluge prikupljanja komunalnog otpada na podru\u010dju Grada Ka\u0161tela<\/p>\n\n\n\n<p>ZELENO I MODRO d.o.o., Cesta pape Ivana Pavla II. 404, 21217 Ka\u0161tel \u0160tafili\u0107 (Grad Ka\u0161tela) Tel. +385 21 535-068; Fax. +385&nbsp; 75 802-483 e-mail:&nbsp;<a href=\"mailto:info@zelenoimodro.hr\" target=\"_blank\" rel=\"noreferrer noopener\">info@zelenoimodro.hr<\/a><\/p>\n\n\n\n<p>4. Za sakupljanje ambala\u017enog otpada (stari papir, PET, staklo):<\/p>\n\n\n\n<p>UNIJA PAPIR d.d. \u2013 Zagreb tel. 01\/ 6184729 e-mail:&nbsp;<a href=\"mailto:ured.direktora@unijapapir.hr\" target=\"_blank\" rel=\"noreferrer noopener\">ured.direktora@unijapapir.hr<\/a>, Radni\u010dka cesta 22 fax: 01\/ 6184725 10 000 Zagreb<\/p>\n\n\n\n<h2 class=\"wp-block-heading\">Dokumenti<\/h2>\n\n\n<div class\"datoteke-mape-blok\"><ul class=\"glasnici-contain no-ul\"><li class=\"glasnik-container\"><div class=\"glasnik-title accordion inactive\"><div class=\"acc-icon\"><img decoding=\"async\" src=\"https:\/\/kastela.hr\/en\/wp-content\/themes\/kastela\/img\/folder.svg\" alt=\"close\" class=\"acc-close\"><img decoding=\"async\" src=\"https:\/\/kastela.hr\/en\/wp-content\/themes\/kastela\/img\/folder-open.svg\" alt=\"open\" class=\"acc-open\"><\/div>Recikla\u017ena dvori\u0161ta<\/div><ul class=\"glasnik-items acc-content\" style=\"display:none;\"><li><a href=\"https:\/\/kastela.hr\/en\/wp-content\/uploads\/datoteke\/dokumenti\/teme-za-gradane\/odrzivo-gospodarenje-otpadom\/reciklazna-dvorista\/reciklazna-dvorista.docx\" target=\"_blank\"><img decoding=\"async\" src=\"https:\/\/kastela.hr\/en\/wp-content\/themes\/kastela\/img\/file-icons\/document-word.png\" alt=\"docx icon\" style=\"width:16px; height:16px; margin-right: 5px;\">Reciklaz\u030cna dvoris\u030cta.docx<\/a><\/li><li><a href=\"https:\/\/kastela.hr\/en\/wp-content\/uploads\/datoteke\/dokumenti\/teme-za-gradane\/odrzivo-gospodarenje-otpadom\/reciklazna-dvorista\/reciklazno-dvoriste-sucurac.docx\" target=\"_blank\"><img decoding=\"async\" src=\"https:\/\/kastela.hr\/en\/wp-content\/themes\/kastela\/img\/file-icons\/document-word.png\" alt=\"docx icon\" style=\"width:16px; height:16px; margin-right: 5px;\">Reciklaz\u030cno dvoris\u030cte Suc\u0301urac.docx<\/a><\/li><\/ul><\/ul><ul class=\"glasnici-contain no-ul\"><li class=\"glasnik-container\"><div class=\"glasnik-title accordion inactive\"><div class=\"acc-icon\"><img decoding=\"async\" src=\"https:\/\/kastela.hr\/en\/wp-content\/themes\/kastela\/img\/folder.svg\" alt=\"close\" class=\"acc-close\"><img decoding=\"async\" src=\"https:\/\/kastela.hr\/en\/wp-content\/themes\/kastela\/img\/folder-open.svg\" alt=\"open\" class=\"acc-open\"><\/div>Komposteri<\/div><ul class=\"glasnik-items acc-content\" style=\"display:none;\"><li><a href=\"https:\/\/kastela.hr\/en\/wp-content\/uploads\/datoteke\/dokumenti\/teme-za-gradane\/odrzivo-gospodarenje-otpadom\/komposteri\/komposteri.pdf\" target=\"_blank\"><img decoding=\"async\" src=\"https:\/\/kastela.hr\/en\/wp-content\/themes\/kastela\/img\/file-icons\/document-pdf.png\" alt=\"pdf icon\" style=\"width:16px; height:16px; margin-right: 5px;\">Komposteri.pdf<\/a><\/li><li><a href=\"https:\/\/kastela.hr\/en\/wp-content\/uploads\/datoteke\/dokumenti\/teme-za-gradane\/odrzivo-gospodarenje-otpadom\/komposteri\/raspored-spremnika-na-javnim-povrsinama-10-2022.xlsx\" target=\"_blank\"><img decoding=\"async\" src=\"https:\/\/kastela.hr\/en\/wp-content\/themes\/kastela\/img\/file-icons\/document-excel.png\" alt=\"xlsx icon\" style=\"width:16px; height:16px; margin-right: 5px;\">Raspored spremnika na javnim povrs\u030cinama 10-2022.xlsx<\/a><\/li><li><a href=\"https:\/\/kastela.hr\/en\/wp-content\/uploads\/datoteke\/dokumenti\/teme-za-gradane\/odrzivo-gospodarenje-otpadom\/komposteri\/nabava-vozila-za-odvojeno-prikupljanje-otpada.docx\" target=\"_blank\"><img decoding=\"async\" src=\"https:\/\/kastela.hr\/en\/wp-content\/themes\/kastela\/img\/file-icons\/document-word.png\" alt=\"docx icon\" style=\"width:16px; height:16px; margin-right: 5px;\">Nabava vozila za odvojeno prikupljanje otpada.docx<\/a><\/li><\/ul><\/ul><ul class=\"glasnici-contain no-ul\"><li class=\"glasnik-container\"><div class=\"glasnik-title accordion inactive\"><div class=\"acc-icon\"><img decoding=\"async\" src=\"https:\/\/kastela.hr\/en\/wp-content\/themes\/kastela\/img\/folder.svg\" alt=\"close\" class=\"acc-close\"><img decoding=\"async\" src=\"https:\/\/kastela.hr\/en\/wp-content\/themes\/kastela\/img\/folder-open.svg\" alt=\"open\" class=\"acc-open\"><\/div>Zakon<\/div><ul class=\"glasnik-items acc-content\" style=\"display:none;\"><li><a href=\"https:\/\/kastela.hr\/en\/wp-content\/uploads\/datoteke\/dokumenti\/teme-za-gradane\/odrzivo-gospodarenje-otpadom\/zakon\/zakon-o-gospodarenju-otpadom-2021.pdf\" target=\"_blank\"><img decoding=\"async\" src=\"https:\/\/kastela.hr\/en\/wp-content\/themes\/kastela\/img\/file-icons\/document-pdf.png\" alt=\"pdf icon\" style=\"width:16px; height:16px; margin-right: 5px;\">Zakon o gospodarenju otpadom 2021.pdf<\/a><\/li><\/ul><\/ul><ul class=\"glasnici-contain no-ul\"><li class=\"glasnik-container\"><div class=\"glasnik-title accordion inactive\"><div class=\"acc-icon\"><img decoding=\"async\" src=\"https:\/\/kastela.hr\/en\/wp-content\/themes\/kastela\/img\/folder.svg\" alt=\"close\" class=\"acc-close\"><img decoding=\"async\" src=\"https:\/\/kastela.hr\/en\/wp-content\/themes\/kastela\/img\/folder-open.svg\" alt=\"open\" class=\"acc-open\"><\/div>Odluke<\/div><ul class=\"glasnik-items acc-content\" style=\"display:none;\"><li><a href=\"https:\/\/kastela.hr\/en\/wp-content\/uploads\/datoteke\/dokumenti\/teme-za-gradane\/odrzivo-gospodarenje-otpadom\/odluke\/odluka-o-sprjecavanju-odbacivanja-otpada-na-podrucju-grada-kastela.pdf\" target=\"_blank\"><img decoding=\"async\" src=\"https:\/\/kastela.hr\/en\/wp-content\/themes\/kastela\/img\/file-icons\/document-pdf.png\" alt=\"pdf icon\" style=\"width:16px; height:16px; margin-right: 5px;\">Odluka o sprjec\u030cavanju odbacivanja otpada na podruc\u030cju grada Kas\u030ctela.pdf<\/a><\/li><li><a href=\"https:\/\/kastela.hr\/en\/wp-content\/uploads\/datoteke\/dokumenti\/teme-za-gradane\/odrzivo-gospodarenje-otpadom\/odluke\/odluka-o-nacinu-pruzanja-javne-usluge-prikupljanja-mijesanog-komunalnog-otpada.pdf\" target=\"_blank\"><img decoding=\"async\" src=\"https:\/\/kastela.hr\/en\/wp-content\/themes\/kastela\/img\/file-icons\/document-pdf.png\" alt=\"pdf icon\" style=\"width:16px; height:16px; margin-right: 5px;\">Odluka o nac\u030cinu pruz\u030canja javne usluge prikupljanja mijes\u030canog komunalnog otpada.pdf<\/a><\/li><li><a href=\"https:\/\/kastela.hr\/en\/wp-content\/uploads\/datoteke\/dokumenti\/teme-za-gradane\/odrzivo-gospodarenje-otpadom\/odluke\/odluka-o-mjerama-za-sprjecavanje-nepropisnog-odbacivanja-otpada-i-mjerama-za-uklanjanje-odbacenog-otpada-na-podrucju-grada-kastela.pdf\" target=\"_blank\"><img decoding=\"async\" src=\"https:\/\/kastela.hr\/en\/wp-content\/themes\/kastela\/img\/file-icons\/document-pdf.png\" alt=\"pdf icon\" style=\"width:16px; height:16px; margin-right: 5px;\">Odluka o mjerama za sprjec\u030cavanje nepropisnog odbacivanja otpada i mjerama za uklanjanje odbac\u030cenog otpada na podruc\u030cju Grada Kas\u030ctela.pdf<\/a><\/li><li><a href=\"https:\/\/kastela.hr\/en\/wp-content\/uploads\/datoteke\/dokumenti\/teme-za-gradane\/odrzivo-gospodarenje-otpadom\/odluke\/prijedlog_odluke.doc\" target=\"_blank\"><img decoding=\"async\" src=\"https:\/\/kastela.hr\/en\/wp-content\/themes\/kastela\/img\/file-icons\/document-word.png\" alt=\"doc icon\" style=\"width:16px; height:16px; margin-right: 5px;\">Prijedlog Odluke o sprje\u010davanju odbacivanja otpada.doc<\/a><\/li><\/ul><\/ul><ul class=\"glasnici-contain no-ul\"><li class=\"glasnik-container\"><div class=\"glasnik-title accordion inactive\"><div class=\"acc-icon\"><img decoding=\"async\" src=\"https:\/\/kastela.hr\/en\/wp-content\/themes\/kastela\/img\/folder.svg\" alt=\"close\" class=\"acc-close\"><img decoding=\"async\" src=\"https:\/\/kastela.hr\/en\/wp-content\/themes\/kastela\/img\/folder-open.svg\" alt=\"open\" class=\"acc-open\"><\/div>Pravilnik<\/div><ul class=\"glasnik-items acc-content\" style=\"display:none;\"><li><a href=\"https:\/\/kastela.hr\/en\/wp-content\/uploads\/datoteke\/dokumenti\/teme-za-gradane\/odrzivo-gospodarenje-otpadom\/pravilnik\/pravilnik-o-novcanoj-nagradi-gradanima-koji-prijave-nepropisno-odbacen-otpad.pdf\" target=\"_blank\"><img decoding=\"async\" src=\"https:\/\/kastela.hr\/en\/wp-content\/themes\/kastela\/img\/file-icons\/document-pdf.png\" alt=\"pdf icon\" style=\"width:16px; height:16px; margin-right: 5px;\">Pravilnik o novc\u030canoj nagradi gra\u0111anima koji prijave nepropisno odbac\u030cen otpad.pdf<\/a><\/li><\/ul><\/ul><ul class=\"glasnici-contain no-ul\"><li class=\"glasnik-container\"><div class=\"glasnik-title accordion inactive\"><div class=\"acc-icon\"><img decoding=\"async\" src=\"https:\/\/kastela.hr\/en\/wp-content\/themes\/kastela\/img\/folder.svg\" alt=\"close\" class=\"acc-close\"><img decoding=\"async\" src=\"https:\/\/kastela.hr\/en\/wp-content\/themes\/kastela\/img\/folder-open.svg\" alt=\"open\" class=\"acc-open\"><\/div>Cjenik<\/div><ul class=\"glasnik-items acc-content\" style=\"display:none;\"><li><a href=\"https:\/\/kastela.hr\/en\/wp-content\/uploads\/datoteke\/dokumenti\/teme-za-gradane\/odrzivo-gospodarenje-otpadom\/cjenik\/cjenik.pdf\" target=\"_blank\"><img decoding=\"async\" src=\"https:\/\/kastela.hr\/en\/wp-content\/themes\/kastela\/img\/file-icons\/document-pdf.png\" alt=\"pdf icon\" style=\"width:16px; height:16px; margin-right: 5px;\">Cjenik.pdf<\/a><\/li><li><a href=\"https:\/\/kastela.hr\/en\/wp-content\/uploads\/datoteke\/dokumenti\/teme-za-gradane\/odrzivo-gospodarenje-otpadom\/cjenik\/cjenik-javne-usluge-prikupljanja-mijesanog-komunalnog-otpada-na-podrucju-grada-kastela.pdf\" target=\"_blank\"><img decoding=\"async\" src=\"https:\/\/kastela.hr\/en\/wp-content\/themes\/kastela\/img\/file-icons\/document-pdf.png\" alt=\"pdf icon\" style=\"width:16px; height:16px; margin-right: 5px;\">Cjenik javne usluge prikupljanja mijes\u030canog komunalnog otpada na podruc\u030cju Grada Kas\u030ctela.pdf<\/a><\/li><li><a href=\"https:\/\/kastela.hr\/en\/wp-content\/uploads\/datoteke\/dokumenti\/teme-za-gradane\/odrzivo-gospodarenje-otpadom\/cjenik\/zakljucak-o-davanju-suglasnosti-trgovackom-drustvu-zeleno-i-modro-na-cjenik.pdf\" target=\"_blank\"><img decoding=\"async\" src=\"https:\/\/kastela.hr\/en\/wp-content\/themes\/kastela\/img\/file-icons\/document-pdf.png\" alt=\"pdf icon\" style=\"width:16px; height:16px; margin-right: 5px;\">Zakljuc\u030cak o davanju suglasnosti trgovac\u030ckom drus\u030ctvu Zeleno i modro na cjenik.pdf<\/a><\/li><\/ul><\/ul><ul class=\"glasnici-contain no-ul\"><li class=\"glasnik-container\"><div class=\"glasnik-title accordion inactive\"><div class=\"acc-icon\"><img decoding=\"async\" src=\"https:\/\/kastela.hr\/en\/wp-content\/themes\/kastela\/img\/folder.svg\" alt=\"close\" class=\"acc-close\"><img decoding=\"async\" src=\"https:\/\/kastela.hr\/en\/wp-content\/themes\/kastela\/img\/folder-open.svg\" alt=\"open\" class=\"acc-open\"><\/div>Obrasci<\/div><ul class=\"glasnik-items acc-content\" style=\"display:none;\"><li><a href=\"https:\/\/kastela.hr\/en\/wp-content\/uploads\/datoteke\/dokumenti\/teme-za-gradane\/odrzivo-gospodarenje-otpadom\/obrasci\/obrazac-zahtjev-za-izdavanje-suglasnosti-za-akciju-prikupljanja-otpada.docx\" target=\"_blank\"><img decoding=\"async\" src=\"https:\/\/kastela.hr\/en\/wp-content\/themes\/kastela\/img\/file-icons\/document-word.png\" alt=\"docx icon\" style=\"width:16px; height:16px; margin-right: 5px;\">Obrazac-zahtjev za izdavanje suglasnosti za akciju prikupljanja otpada.docx<\/a><\/li><li><a href=\"https:\/\/kastela.hr\/en\/wp-content\/uploads\/datoteke\/dokumenti\/teme-za-gradane\/odrzivo-gospodarenje-otpadom\/obrasci\/obrazac---prijava-nepropisno-odbacenog-otpada.odt\" target=\"_blank\"><img decoding=\"async\" src=\"https:\/\/kastela.hr\/en\/wp-content\/themes\/kastela\/img\/file-icons\/document-odt.png\" alt=\"odt icon\" style=\"width:16px; height:16px; margin-right: 5px;\">OBRAZAC \u2013 PRIJAVA NEPROPISNO ODBAC\u030cENOG OTPADA.odt<\/a><\/li><li><a href=\"https:\/\/kastela.hr\/en\/wp-content\/uploads\/datoteke\/dokumenti\/teme-za-gradane\/odrzivo-gospodarenje-otpadom\/obrasci\/obrazac_sudjelovanja_u_savjetovanju_o_nacrtu_prijedloga_opce.doc\" target=\"_blank\"><img decoding=\"async\" src=\"https:\/\/kastela.hr\/en\/wp-content\/themes\/kastela\/img\/file-icons\/document-word.png\" alt=\"doc icon\" style=\"width:16px; height:16px; margin-right: 5px;\">Obrazac_sudjelovanja_u_savjetovanju_o_nacrtu_prijedloga_opce.doc<\/a><\/li><\/ul><\/ul><ul class=\"glasnici-contain no-ul\"><li class=\"glasnik-container\"><div class=\"glasnik-title accordion inactive\"><div class=\"acc-icon\"><img decoding=\"async\" src=\"https:\/\/kastela.hr\/en\/wp-content\/themes\/kastela\/img\/folder.svg\" alt=\"close\" class=\"acc-close\"><img decoding=\"async\" src=\"https:\/\/kastela.hr\/en\/wp-content\/themes\/kastela\/img\/folder-open.svg\" alt=\"open\" class=\"acc-open\"><\/div>Akcije prikupljanja otpada<\/div><ul class=\"glasnik-items acc-content\" style=\"display:none;\"><li><a href=\"https:\/\/kastela.hr\/en\/wp-content\/uploads\/datoteke\/dokumenti\/teme-za-gradane\/odrzivo-gospodarenje-otpadom\/akcije-prikupljanja-otpada\/gospodarenje-otpadom-gojaca.docx\" target=\"_blank\"><img decoding=\"async\" src=\"https:\/\/kastela.hr\/en\/wp-content\/themes\/kastela\/img\/file-icons\/document-word.png\" alt=\"docx icon\" style=\"width:16px; height:16px; margin-right: 5px;\">Gospodarenje otpadom-Gojac\u030ca.docx<\/a><\/li><li><a href=\"https:\/\/kastela.hr\/en\/wp-content\/uploads\/datoteke\/dokumenti\/teme-za-gradane\/odrzivo-gospodarenje-otpadom\/akcije-prikupljanja-otpada\/ekoloska-akcija-lipa-su-lipa-moja-kastela.docx\" target=\"_blank\"><img decoding=\"async\" src=\"https:\/\/kastela.hr\/en\/wp-content\/themes\/kastela\/img\/file-icons\/document-word.png\" alt=\"docx icon\" style=\"width:16px; height:16px; margin-right: 5px;\">Ekolos\u030cka akcija Lipa su lipa moja Kas\u030ctela.docx<\/a><\/li><li><a href=\"https:\/\/kastela.hr\/en\/wp-content\/uploads\/datoteke\/dokumenti\/teme-za-gradane\/odrzivo-gospodarenje-otpadom\/akcije-prikupljanja-otpada\/lipa-su-lipa-moja-kastela.pdf\" target=\"_blank\"><img decoding=\"async\" src=\"https:\/\/kastela.hr\/en\/wp-content\/themes\/kastela\/img\/file-icons\/document-pdf.png\" alt=\"pdf icon\" style=\"width:16px; height:16px; margin-right: 5px;\">Lipa su lipa moja Kas\u030ctela.pdf<\/a><\/li><\/ul><\/ul><ul class=\"glasnici-contain no-ul\"><li class=\"glasnik-container\"><div class=\"glasnik-title accordion inactive\"><div class=\"acc-icon\"><img decoding=\"async\" src=\"https:\/\/kastela.hr\/en\/wp-content\/themes\/kastela\/img\/folder.svg\" alt=\"close\" class=\"acc-close\"><img decoding=\"async\" src=\"https:\/\/kastela.hr\/en\/wp-content\/themes\/kastela\/img\/folder-open.svg\" alt=\"open\" class=\"acc-open\"><\/div>Plan gospodarenja otpadom<\/div><ul class=\"glasnik-items acc-content\" style=\"display:none;\"><li><a href=\"https:\/\/kastela.hr\/en\/wp-content\/uploads\/datoteke\/dokumenti\/teme-za-gradane\/odrzivo-gospodarenje-otpadom\/plan-gospodarenja-otpadom\/plan-gospodarenja-otpadom-grada-kastela-za-razdoblje-od-2018.-do-2023.-godine.pdf\" target=\"_blank\"><img decoding=\"async\" src=\"https:\/\/kastela.hr\/en\/wp-content\/themes\/kastela\/img\/file-icons\/document-pdf.png\" alt=\"pdf icon\" style=\"width:16px; height:16px; margin-right: 5px;\">Plan gospodarenja otpadom Grada Kas\u030ctela za razdoblje od 2018. do 2023. godine.pdf<\/a><\/li><li><a href=\"https:\/\/kastela.hr\/en\/wp-content\/uploads\/datoteke\/dokumenti\/teme-za-gradane\/odrzivo-gospodarenje-otpadom\/plan-gospodarenja-otpadom\/plan-gospodarenja-otpadom-grada-kastela-za-razdoblje-od-2008.-do-2016.-g.pdf\" target=\"_blank\"><img decoding=\"async\" src=\"https:\/\/kastela.hr\/en\/wp-content\/themes\/kastela\/img\/file-icons\/document-pdf.png\" alt=\"pdf icon\" style=\"width:16px; height:16px; margin-right: 5px;\">Plan gospodarenja otpadom Grada Kas\u030ctela za razdoblje od 2008. do 2016. g..pdf<\/a><\/li><\/ul><\/ul><ul class=\"glasnici-contain no-ul\"><li class=\"glasnik-container\"><div class=\"glasnik-title accordion inactive\"><div class=\"acc-icon\"><img decoding=\"async\" src=\"https:\/\/kastela.hr\/en\/wp-content\/themes\/kastela\/img\/folder.svg\" alt=\"close\" class=\"acc-close\"><img decoding=\"async\" src=\"https:\/\/kastela.hr\/en\/wp-content\/themes\/kastela\/img\/folder-open.svg\" alt=\"open\" class=\"acc-open\"><\/div>Izvje\u0161\u0107a<\/div><ul class=\"glasnik-items acc-content\" style=\"display:none;\"><li><a href=\"https:\/\/kastela.hr\/en\/wp-content\/uploads\/datoteke\/dokumenti\/teme-za-gradane\/odrzivo-gospodarenje-otpadom\/izvjesca\/izvjesce-o-provedbi-plana-gospodarenja-otpadom-2022.pdf\" target=\"_blank\"><img decoding=\"async\" src=\"https:\/\/kastela.hr\/en\/wp-content\/themes\/kastela\/img\/file-icons\/document-pdf.png\" alt=\"pdf icon\" style=\"width:16px; height:16px; margin-right: 5px;\">Izvjes\u030cc\u0301e o provedbi plana gospodarenja otpadom 2022.pdf<\/a><\/li><li><a href=\"https:\/\/kastela.hr\/en\/wp-content\/uploads\/datoteke\/dokumenti\/teme-za-gradane\/odrzivo-gospodarenje-otpadom\/izvjesca\/izvjesce-o-provedbi-plana-gospodarenja-otpadom-2021.pdf\" target=\"_blank\"><img decoding=\"async\" src=\"https:\/\/kastela.hr\/en\/wp-content\/themes\/kastela\/img\/file-icons\/document-pdf.png\" alt=\"pdf icon\" style=\"width:16px; height:16px; margin-right: 5px;\">Izvjes\u030cc\u0301e o provedbi plana gospodarenja otpadom 2021.pdf<\/a><\/li><\/ul><\/ul><ul class=\"glasnici-contain no-ul\"><li class=\"glasnik-container\"><div class=\"glasnik-title accordion inactive\"><div class=\"acc-icon\"><img decoding=\"async\" src=\"https:\/\/kastela.hr\/en\/wp-content\/themes\/kastela\/img\/folder.svg\" alt=\"close\" class=\"acc-close\"><img decoding=\"async\" src=\"https:\/\/kastela.hr\/en\/wp-content\/themes\/kastela\/img\/folder-open.svg\" alt=\"open\" class=\"acc-open\"><\/div>Javni pozivi<\/div><ul class=\"glasnik-items acc-content\" style=\"display:none;\"><li><a href=\"https:\/\/kastela.hr\/en\/wp-content\/uploads\/datoteke\/dokumenti\/teme-za-gradane\/odrzivo-gospodarenje-otpadom\/javni-pozivi\/javni_poziv_za_savjetovanje_sa_zainteresiranom_javnoscu.pdf\" target=\"_blank\"><img decoding=\"async\" src=\"https:\/\/kastela.hr\/en\/wp-content\/themes\/kastela\/img\/file-icons\/document-pdf.png\" alt=\"pdf icon\" style=\"width:16px; height:16px; margin-right: 5px;\">Javni poziv za savjetovanje sa zainteresiranom javnoscu.pdf<\/a><\/li><\/ul><\/ul><ul class=\"glasnici-contain no-ul\"><li class=\"glasnik-container\"><div class=\"glasnik-title accordion inactive\"><div class=\"acc-icon\"><img decoding=\"async\" src=\"https:\/\/kastela.hr\/en\/wp-content\/themes\/kastela\/img\/folder.svg\" alt=\"close\" class=\"acc-close\"><img decoding=\"async\" src=\"https:\/\/kastela.hr\/en\/wp-content\/themes\/kastela\/img\/folder-open.svg\" alt=\"open\" class=\"acc-open\"><\/div>Ovla\u0161teni koncesionari za pojedine vrste otpada<\/div><ul class=\"glasnik-items acc-content\" style=\"display:none;\"><li><a href=\"https:\/\/kastela.hr\/en\/wp-content\/uploads\/datoteke\/dokumenti\/teme-za-gradane\/odrzivo-gospodarenje-otpadom\/ovlasteni-koncesionari-za-pojedine-vrste-otpada\/ovlasteni-koncesionari-za-pojedine-vrste-otpada.odt\" target=\"_blank\"><img decoding=\"async\" src=\"https:\/\/kastela.hr\/en\/wp-content\/themes\/kastela\/img\/file-icons\/document-odt.png\" alt=\"odt icon\" style=\"width:16px; height:16px; margin-right: 5px;\">Ovlas\u030cteni koncesionari za pojedine vrste otpada.odt<\/a><\/li><\/ul><\/ul><\/div>","protected":false},"excerpt":{"rendered":"<p>Ovla\u0161teni koncesionari za pojedine vrste otpada 1. Za sve vrste otpadnih elektri\u010dnih i elektroni\u010dkih ure\u0111aja (EE otpad) ukupne mase ve\u0107e [&hellip;]<\/p>\n","protected":false},"author":1,"featured_media":0,"parent":8985,"menu_order":0,"comment_status":"closed","ping_status":"closed","template":"","meta":{"_acf_changed":false,"footnotes":""},"class_list":["post-9007","page","type-page","status-publish","hentry"],"acf":[],"_links":{"self":[{"href":"https:\/\/kastela.hr\/en\/wp-json\/wp\/v2\/pages\/9007","targetHints":{"allow":["GET"]}}],"collection":[{"href":"https:\/\/kastela.hr\/en\/wp-json\/wp\/v2\/pages"}],"about":[{"href":"https:\/\/kastela.hr\/en\/wp-json\/wp\/v2\/types\/page"}],"author":[{"embeddable":true,"href":"https:\/\/kastela.hr\/en\/wp-json\/wp\/v2\/users\/1"}],"replies":[{"embeddable":true,"href":"https:\/\/kastela.hr\/en\/wp-json\/wp\/v2\/comments?post=9007"}],"version-history":[{"count":11,"href":"https:\/\/kastela.hr\/en\/wp-json\/wp\/v2\/pages\/9007\/revisions"}],"predecessor-version":[{"id":12456,"href":"https:\/\/kastela.hr\/en\/wp-json\/wp\/v2\/pages\/9007\/revisions\/12456"}],"up":[{"embeddable":true,"href":"https:\/\/kastela.hr\/en\/wp-json\/wp\/v2\/pages\/8985"}],"wp:attachment":[{"href":"https:\/\/kastela.hr\/en\/wp-json\/wp\/v2\/media?parent=9007"}],"curies":[{"name":"wp","href":"https:\/\/api.w.org\/{rel}","templated":true}]}}