{"id":8999,"date":"2024-09-16T10:45:40","date_gmt":"2024-09-16T08:45:40","guid":{"rendered":"https:\/\/kastela.hr\/en\/?page_id=8999"},"modified":"2024-11-22T11:03:30","modified_gmt":"2024-11-22T10:03:30","slug":"pomorsko-dobro","status":"publish","type":"page","link":"https:\/\/kastela.hr\/en\/teme-za-gradane\/pomorsko-dobro\/","title":{"rendered":"Pomorsko dobro"},"content":{"rendered":"    <ul class=\"adresar-list\">\n                    \n            <li id=\"post-294\" class=\"post-8999 page type-page status-publish hentry\">\n                <h3 class=\"adresar-naziv\">Dina Bali\u0107<\/h3>\n\n                \n                <h4 class=\"adresar-titula\">Savjetnica za koncesijska odobrenja, zakup javnih povr\u0161ina i poslovnih prostora<\/h4>\n                <div class=\"adresar-stavka\">E-mail: <a href=\"mailto:dina.balic@kastela.hr\">dina.balic@kastela.hr<\/a><\/div><div class=\"adresar-stavka\">Tel:     <a href=\"tel:+38521205263\" target=\"_blank\">\n        <a href='tel:+38521205263' target='_blank'>+38521205263<\/a>    <\/a>\n\n\n    <\/div>            <\/li>\n                    \n            <li id=\"post-282\" class=\"post-8999 page type-page status-publish hentry\">\n                <h3 class=\"adresar-naziv\">Du\u0161ko Botu\u0161i\u0107<\/h3>\n\n                \n                <h4 class=\"adresar-titula\">Voditelj odsjeka za komunalno redarstvo<\/h4>\n                <div class=\"adresar-stavka\">E-mail: <a href=\"mailto:dusko.botusic@kastela.hr\">dusko.botusic@kastela.hr<\/a><\/div><div class=\"adresar-stavka\">Tel:     <a href=\"tel:+38521205238\" target=\"_blank\">\n        <a href='tel:+38521205238' target='_blank'>+38521205238<\/a>    <\/a>\n\n\n    <\/div>            <\/li>\n            <\/ul>\n    \n\n<div class=\"osobe-blok-container\"><ul class=\"adresar-list\"><li><h3 class=\"adresar-naziv\">Lu\u010dka ispostava Ka\u0161tela<\/h3><h4 class=\"adresar-titula\">Teo Srdeli\u0107<\/h4><div class=\"adresar-stavka\">Put Kupali\u0161ta 8, Ka\u0161tel Gomilica<\/div><div class=\"adresar-stavka\">E-mail: <a href=\"mailto:li-kastela@pomorstvo.hr\">li-kastela@pomorstvo.hr<\/a><\/div><div class=\"adresar-stavka\">Tel:     <a href=\"tel:+38521223441\" target=\"_blank\">\n        <a href='tel:+38521223441' target='_blank'>+38521223441<\/a>    <\/a>\n\n\n    <\/div><\/li><\/ul><\/div>\n\n\n<h2 class=\"wp-block-heading\">Poveznice<\/h2>\n\n\n<div class=\"prilozeni_linkovi\"><ul class='no-ul'><li><a href=\"https:\/\/www.pomorskodobro.dalmacija.hr\/\" target=\"_blank\"><img decoding=\"async\" src=\"https:\/\/kastela.hr\/en\/wp-content\/themes\/kastela\/img\/file-icons\/link.png\" alt=\"\" style=\"width:16px; height:16px; margin-right: 5px;\">Slu\u017ebena stranica Splitsko-dalmatinske \u017eupanije za pomorsko dobro<\/a><\/li>\n\n<li><a href=\"https:\/\/narodne-novine.nn.hr\/clanci\/sluzbeni\/2024_02_16_274.html\" target=\"_blank\"><img decoding=\"async\" src=\"https:\/\/kastela.hr\/en\/wp-content\/themes\/kastela\/img\/file-icons\/link.png\" alt=\"\" style=\"width:16px; height:16px; margin-right: 5px;\">Uredba Vlade o postupku davanja dozvole na pomorsko dobro<\/a><\/li>\n\n<li><a href=\"https:\/\/narodne-novine.nn.hr\/clanci\/sluzbeni\/2023_12_150_2172.html\" target=\"_blank\"><img decoding=\"async\" src=\"https:\/\/kastela.hr\/en\/wp-content\/themes\/kastela\/img\/file-icons\/link.png\" alt=\"\" style=\"width:16px; height:16px; margin-right: 5px;\">Pravilnik o sadr\u017eaju plana upravljanja pomorskim dobro<\/a><\/li>\n\n<li><a href=\"https:\/\/narodne-novine.nn.hr\/clanci\/sluzbeni\/2023_07_83_1293.html\" target=\"_blank\"><img decoding=\"async\" src=\"https:\/\/kastela.hr\/en\/wp-content\/themes\/kastela\/img\/file-icons\/link.png\" alt=\"\" style=\"width:16px; height:16px; margin-right: 5px;\">Zakon o pomorskom dobru i morskim lukama<\/a><\/li>\n\n<\/ul><\/div>\n\n\n<h2 class=\"wp-block-heading\">Dokumenti<\/h2>\n\n\n<div class=\"prilozene_datoteke\"><ul class='no-ul'><li><a href=\"https:\/\/kastela.hr\/en\/wp-content\/uploads\/datoteke\/dokumenti\/teme-za-gradane\/pomorsko-dobro\/odluka-o-redu-na-pomorskom-dobru.pdf\" target=\"_blank\"><img decoding=\"async\" src=\"https:\/\/kastela.hr\/en\/wp-content\/themes\/kastela\/img\/file-icons\/document-pdf.png\" alt=\"pdf icon\" style=\"width:16px; height:16px; margin-right: 5px;\">Odluka o redu na pomorskom dobru.pdf<\/a><\/li><\/ul><\/div>","protected":false},"excerpt":{"rendered":"<p>Poveznice Dokumenti<\/p>\n","protected":false},"author":1,"featured_media":0,"parent":8985,"menu_order":0,"comment_status":"closed","ping_status":"closed","template":"","meta":{"_acf_changed":false,"footnotes":""},"class_list":["post-8999","page","type-page","status-publish","hentry"],"acf":[],"_links":{"self":[{"href":"https:\/\/kastela.hr\/en\/wp-json\/wp\/v2\/pages\/8999","targetHints":{"allow":["GET"]}}],"collection":[{"href":"https:\/\/kastela.hr\/en\/wp-json\/wp\/v2\/pages"}],"about":[{"href":"https:\/\/kastela.hr\/en\/wp-json\/wp\/v2\/types\/page"}],"author":[{"embeddable":true,"href":"https:\/\/kastela.hr\/en\/wp-json\/wp\/v2\/users\/1"}],"replies":[{"embeddable":true,"href":"https:\/\/kastela.hr\/en\/wp-json\/wp\/v2\/comments?post=8999"}],"version-history":[{"count":6,"href":"https:\/\/kastela.hr\/en\/wp-json\/wp\/v2\/pages\/8999\/revisions"}],"predecessor-version":[{"id":12522,"href":"https:\/\/kastela.hr\/en\/wp-json\/wp\/v2\/pages\/8999\/revisions\/12522"}],"up":[{"embeddable":true,"href":"https:\/\/kastela.hr\/en\/wp-json\/wp\/v2\/pages\/8985"}],"wp:attachment":[{"href":"https:\/\/kastela.hr\/en\/wp-json\/wp\/v2\/media?parent=8999"}],"curies":[{"name":"wp","href":"https:\/\/api.w.org\/{rel}","templated":true}]}}