{"id":8995,"date":"2024-09-16T10:45:04","date_gmt":"2024-09-16T08:45:04","guid":{"rendered":"https:\/\/kastela.hr\/en\/?page_id=8995"},"modified":"2024-11-29T14:49:50","modified_gmt":"2024-11-29T13:49:50","slug":"kultura","status":"publish","type":"page","link":"https:\/\/kastela.hr\/en\/teme-za-gradane\/kultura\/","title":{"rendered":"Kultura"},"content":{"rendered":"\n<p>Grad Ka\u0161tela osniva\u010d je dvije ustanove u kulturi na podru\u010dju grada Ka\u0161tela.<\/p>\n\n\n\n<p>Obaveze prema ustanovama i zaposlenicima ustanova proistje\u010du iz osniva\u010dkih prava te je Grad Ka\u0161tela du\u017ean osiguravati sredstva za pla\u0107e zaposlenika te skrbiti o ustanovama kojima je osniva\u010d.<\/p>\n\n\n\n<p>USTANOVE KOJIMA JE OSNIVA\u010c GRAD KA\u0160TELA<\/p>\n\n\n\n<ul class=\"wp-block-list\">\n<li><a href=\"http:\/\/www.muzej-grada-kastela.hr\/\" data-type=\"link\" data-id=\"http:\/\/www.muzej-grada-kastela.hr\/\">MUZEJ GRADA KA\u0160TELA<\/a><\/li>\n\n\n\n<li><a href=\"https:\/\/www.gkk.hr\/\">GRADSKA KNJI\u017dNICA KA\u0160TELA<\/a><\/li>\n<\/ul>\n\n\n\n<p><strong>PROSTORI KULTURE<\/strong><strong><\/strong><\/p>\n\n\n\n<figure class=\"wp-block-table\"><table class=\"has-fixed-layout\"><tbody><tr><td>Prostori kulture su zgrade ustanova u kulturi i prostori koji se privremeno dodjeljuju za odr\u017eavanje kulturnih programa. Uvjeti i na\u010din davanja na privremeno ili povremeno kori\u0161tenje poslovnog prostora u objektima kulture u vlasni\u0161tvu Grada Ka\u0161tela odre\u0111eni su <strong><a href=\"https:\/\/kastela.hr\/en\/wp-content\/uploads\/datoteke\/dokumenti\/sluzbeni-glasnici\/2014\/sluzbeni-glasnik-broj-14.pdf\" data-type=\"page\" data-id=\"15367\">Pravilnikom o davanju na kori\u0161tenje prostora u vlasni\u0161tvu Grada Ka\u0161tela i iznosi nov\u010dane naknade za kori\u0161tenje istih<\/a><\/strong>.<\/td><\/tr><\/tbody><\/table><\/figure>\n\n\n\n<hr class=\"wp-block-separator has-alpha-channel-opacity\"\/>\n\n\n\n<p><a id=\"_msocom_1\"><\/a><\/p>\n\n\n<div class=\"poveznice-opis-blok-container\">    <a class=\"poveznice-blok-link\" href=\"https:\/\/kastela.hr\/en\/teme-za-gradane\/kultura\/programi-javnih-potreba-grada-kastela-u-kulturi\/\" target=\"_self\">\n\n\n\n<div class=\"poveznice-opis-blok-item\"><div class=\"poveznice-blok-naslov\">Programi javnih potreba Grada Ka\u0161tela u kulturi<\/div><\/div><\/a>    <a class=\"poveznice-blok-link\" href=\"https:\/\/kastela.hr\/en\/teme-za-gradane\/kultura\/kulturno-vijece\/\" target=\"_self\">\n\n\n\n<div class=\"poveznice-opis-blok-item\"><div class=\"poveznice-blok-naslov\">Kulturno vije\u0107e<\/div><\/div><\/a><\/div>\n\n\n<p><\/p>\n\n\n<div class=\"prilozeni_linkovi\"><ul class='no-ul'><li><a href=\"https:\/\/kastela.hr\/en\/wp-content\/uploads\/datoteke\/dokumenti\/sluzbeni-glasnici\/2017\/sluzbeni-glasnik-broj-11.pdf\" target=\"_blank\"><img decoding=\"async\" src=\"https:\/\/kastela.hr\/en\/wp-content\/themes\/kastela\/img\/file-icons\/link.png\" alt=\"\" style=\"width:16px; height:16px; margin-right: 5px;\">Strategija kulturnog razvoja Grada Ka\u0161tela<\/a><\/li>\n\n<\/ul><\/div>\n\n<div class=\"prilozene_datoteke\"><ul class='no-ul'><li><a href=\"https:\/\/kastela.hr\/en\/wp-content\/uploads\/datoteke\/dokumenti\/teme-za-gradane\/kultura\/registar-udruga-koje-djeluju-u-kulturnim-djelatnostima-na-podrucju-kastela-1.pdf\" target=\"_blank\"><img decoding=\"async\" src=\"https:\/\/kastela.hr\/en\/wp-content\/themes\/kastela\/img\/file-icons\/document-pdf.png\" alt=\"pdf icon\" style=\"width:16px; height:16px; margin-right: 5px;\">Registar udruga koje djeluju u kulturnim djelatnostima na podruc\u030cju Kas\u030ctela-1.pdf<\/a><\/li><li><a href=\"https:\/\/kastela.hr\/en\/wp-content\/uploads\/datoteke\/dokumenti\/teme-za-gradane\/kultura\/prirucnik_grafickih_standarda.pdf\" target=\"_blank\"><img decoding=\"async\" src=\"https:\/\/kastela.hr\/en\/wp-content\/themes\/kastela\/img\/file-icons\/document-pdf.png\" alt=\"pdf icon\" style=\"width:16px; height:16px; margin-right: 5px;\">Priru\u010dnik grafi\u010dkih standarda.pdf<\/a><\/li><\/ul><\/div>\n\n<div class=\"prilozeni_linkovi\"><ul class='no-ul'><li><a href=\"https:\/\/issuu.com\/udrugazora\/docs\/aktivisticka_pocetnica-_korisni_sav\" target=\"_blank\"><img decoding=\"async\" src=\"https:\/\/kastela.hr\/en\/wp-content\/themes\/kastela\/img\/file-icons\/link.png\" alt=\"\" style=\"width:16px; height:16px; margin-right: 5px;\">Aktivisti\u010dka po\u010detnica<\/a><\/li>\n\n<\/ul><\/div>\n\n\n<p><\/p>\n\n\n\n<h2 class=\"wp-block-heading\">Ka\u0161telansko kulturno i zabavno ljeto<\/h2>\n\n\n<div class\"datoteke-mape-blok\"><ul class=\"glasnici-contain no-ul\"><li class=\"glasnik-container\"><div class=\"glasnik-title accordion inactive\"><div class=\"acc-icon\"><img decoding=\"async\" src=\"https:\/\/kastela.hr\/en\/wp-content\/themes\/kastela\/img\/folder.svg\" alt=\"close\" class=\"acc-close\"><img decoding=\"async\" src=\"https:\/\/kastela.hr\/en\/wp-content\/themes\/kastela\/img\/folder-open.svg\" alt=\"open\" class=\"acc-open\"><\/div>2024<\/div><ul class=\"glasnik-items acc-content\" style=\"display:none;\"><li><a href=\"https:\/\/kastela.hr\/en\/wp-content\/uploads\/datoteke\/dokumenti\/teme-za-gradane\/kultura\/kastelansko-lulturno-i-zabavno-ljeto\/2024\/odluka_gradonacelnika_o_sufinanciranju_programa_pro0370.pdf\" target=\"_blank\"><img decoding=\"async\" src=\"https:\/\/kastela.hr\/en\/wp-content\/themes\/kastela\/img\/file-icons\/document-pdf.png\" alt=\"pdf icon\" style=\"width:16px; height:16px; margin-right: 5px;\">ODLUKA_GRADONACELNIKA_o_sufinanciranju_programa_pro(0370).pdf<\/a><\/li><li><a href=\"https:\/\/kastela.hr\/en\/wp-content\/uploads\/datoteke\/dokumenti\/teme-za-gradane\/kultura\/kastelansko-lulturno-i-zabavno-ljeto\/2024\/raspodjela-sredstava-za-programe_projekte_kastelansko-kulturno-ljeto-2024-1.pdf\" target=\"_blank\"><img decoding=\"async\" src=\"https:\/\/kastela.hr\/en\/wp-content\/themes\/kastela\/img\/file-icons\/document-pdf.png\" alt=\"pdf icon\" style=\"width:16px; height:16px; margin-right: 5px;\">Raspodjela sredstava za programe_projekte_Kas\u030ctelansko kulturno ljeto 2024-1.pdf<\/a><\/li><li><a href=\"https:\/\/kastela.hr\/en\/wp-content\/uploads\/datoteke\/dokumenti\/teme-za-gradane\/kultura\/kastelansko-lulturno-i-zabavno-ljeto\/2024\/raspodjela-sredstava-za-programe_projekte_kastelansko-zabavno-ljeto-2024-2.pdf\" target=\"_blank\"><img decoding=\"async\" src=\"https:\/\/kastela.hr\/en\/wp-content\/themes\/kastela\/img\/file-icons\/document-pdf.png\" alt=\"pdf icon\" style=\"width:16px; height:16px; margin-right: 5px;\">Raspodjela sredstava za programe_projekte_Kas\u030ctelansko zabavno ljeto 2024-2.pdf<\/a><\/li><\/ul><\/ul><ul class=\"glasnici-contain no-ul\"><li class=\"glasnik-container\"><div class=\"glasnik-title accordion inactive\"><div class=\"acc-icon\"><img decoding=\"async\" src=\"https:\/\/kastela.hr\/en\/wp-content\/themes\/kastela\/img\/folder.svg\" alt=\"close\" class=\"acc-close\"><img decoding=\"async\" src=\"https:\/\/kastela.hr\/en\/wp-content\/themes\/kastela\/img\/folder-open.svg\" alt=\"open\" class=\"acc-open\"><\/div>2023<\/div><ul class=\"glasnik-items acc-content\" style=\"display:none;\"><li><a href=\"https:\/\/kastela.hr\/en\/wp-content\/uploads\/datoteke\/dokumenti\/teme-za-gradane\/kultura\/kastelansko-lulturno-i-zabavno-ljeto\/2023\/kklj._raspodjela-sredstava-2023.pdf\" target=\"_blank\"><img decoding=\"async\" src=\"https:\/\/kastela.hr\/en\/wp-content\/themes\/kastela\/img\/file-icons\/document-pdf.png\" alt=\"pdf icon\" style=\"width:16px; height:16px; margin-right: 5px;\">KKLJ._Raspodjela sredstava 2023..pdf<\/a><\/li><li><a href=\"https:\/\/kastela.hr\/en\/wp-content\/uploads\/datoteke\/dokumenti\/teme-za-gradane\/kultura\/kastelansko-lulturno-i-zabavno-ljeto\/2023\/odluka-o-odabiru-programa-projekata-za-kastelansko-kulturno-ljeto-2023.-godine.pdf\" target=\"_blank\"><img decoding=\"async\" src=\"https:\/\/kastela.hr\/en\/wp-content\/themes\/kastela\/img\/file-icons\/document-pdf.png\" alt=\"pdf icon\" style=\"width:16px; height:16px; margin-right: 5px;\">Odluka o odabiru programa-projekata za Kas\u030ctelansko kulturno ljeto 2023. godine.pdf<\/a><\/li><li><a href=\"https:\/\/kastela.hr\/en\/wp-content\/uploads\/datoteke\/dokumenti\/teme-za-gradane\/kultura\/kastelansko-lulturno-i-zabavno-ljeto\/2023\/kolovoz-rujan-1.pdf\" target=\"_blank\"><img decoding=\"async\" src=\"https:\/\/kastela.hr\/en\/wp-content\/themes\/kastela\/img\/file-icons\/document-pdf.png\" alt=\"pdf icon\" style=\"width:16px; height:16px; margin-right: 5px;\">kolovoz &#8211; rujan-1.pdf<\/a><\/li><li><a href=\"https:\/\/kastela.hr\/en\/wp-content\/uploads\/datoteke\/dokumenti\/teme-za-gradane\/kultura\/kastelansko-lulturno-i-zabavno-ljeto\/2023\/lipanj-srpanj.pdf\" target=\"_blank\"><img decoding=\"async\" src=\"https:\/\/kastela.hr\/en\/wp-content\/themes\/kastela\/img\/file-icons\/document-pdf.png\" alt=\"pdf icon\" style=\"width:16px; height:16px; margin-right: 5px;\">lipanj &#8211; srpanj.pdf<\/a><\/li><\/ul><\/ul><\/div>\n\n\n<h2 class=\"wp-block-heading\">Kulturna ba\u0161tina Ka\u0161tela<a href=\"http:\/\/www.min-kulture.hr\/default.aspx?id=6212&amp;IsItSearchRegistar=yes&amp;free=&amp;kat_opcina=&amp;kat_cestica=&amp;klasifikacija=-1&amp;naziv=&amp;smjestaj=&amp;opcina=KA%C5%A0TELA&amp;zupanija=Splitsko-dalmatinska&amp;vrsta=-1&amp;unesco=&amp;vrsta_zastite=-1&amp;Page=1\" target=\"_blank\" rel=\"noreferrer noopener\"><\/a><a href=\"http:\/\/www.min-kulture.hr\/default.aspx?id=6212&amp;IsItSearchRegistar=yes&amp;free=&amp;kat_opcina=&amp;kat_cestica=&amp;klasifikacija=-1&amp;naziv=&amp;smjestaj=&amp;opcina=KA%C5%A0TELA&amp;zupanija=Splitsko-dalmatinska&amp;vrsta=-1&amp;unesco=&amp;vrsta_zastite=-1&amp;Page=2\" target=\"_blank\" rel=\"noreferrer noopener\"><\/a><\/h2>\n\n\n<div class=\"prilozeni_linkovi\"><ul class='no-ul'><li><a href=\"http:\/\/www.min-kulture.hr\/default.aspx?id=6212&#038;IsItSearchRegistar=yes&#038;free=&#038;kat_opcina=&#038;kat_cestica=&#038;klasifikacija=-1&#038;naziv=&#038;smjestaj=&#038;opcina=KA%C5%A0TELA&#038;zupanija=Splitsko-dalmatinska&#038;vrsta=-1&#038;unesco=&#038;vrsta_zastite=-1&#038;Page=1\" target=\"_blank\"><img decoding=\"async\" src=\"https:\/\/kastela.hr\/en\/wp-content\/themes\/kastela\/img\/file-icons\/link.png\" alt=\"\" style=\"width:16px; height:16px; margin-right: 5px;\">Registar kulturnih dobara grada Ka\u0161tela 1. dio<\/a><\/li>\n\n<li><a href=\"http:\/\/www.min-kulture.hr\/default.aspx?id=6212&#038;IsItSearchRegistar=yes&#038;free=&#038;kat_opcina=&#038;kat_cestica=&#038;klasifikacija=-1&#038;naziv=&#038;smjestaj=&#038;opcina=KA%C5%A0TELA&#038;zupanija=Splitsko-dalmatinska&#038;vrsta=-1&#038;unesco=&#038;vrsta_zastite=-1&#038;Page=2\" target=\"_blank\"><img decoding=\"async\" src=\"https:\/\/kastela.hr\/en\/wp-content\/themes\/kastela\/img\/file-icons\/link.png\" alt=\"\" style=\"width:16px; height:16px; margin-right: 5px;\">Registar kulturnih dobara grada Ka\u0161tela 2. dio<\/a><\/li>\n\n<\/ul><\/div>\n\n\n<h2 class=\"wp-block-heading\">Korisne poveznice<\/h2>\n\n\n<div class=\"prilozeni_linkovi\"><ul class='no-ul'><li><a href=\"http:\/\/www.hrsk.hr\/index.php?pToken=fe3338d723d15817d0ee8de70dea58808af924bd\" target=\"_blank\"><img decoding=\"async\" src=\"https:\/\/kastela.hr\/en\/wp-content\/themes\/kastela\/img\/file-icons\/link.png\" alt=\"\" style=\"width:16px; height:16px; margin-right: 5px;\">Hrvatski sabor kulture<\/a><\/li>\n\n<li><a href=\"http:\/\/www.culturenet.hr\/default.aspx\" target=\"_blank\"><img decoding=\"async\" src=\"https:\/\/kastela.hr\/en\/wp-content\/themes\/kastela\/img\/file-icons\/link.png\" alt=\"\" style=\"width:16px; height:16px; margin-right: 5px;\">Culturenet.hr<\/a><\/li>\n\n<\/ul><\/div>","protected":false},"excerpt":{"rendered":"<p>Grad Ka\u0161tela osniva\u010d je dvije ustanove u kulturi na podru\u010dju grada Ka\u0161tela. Obaveze prema ustanovama i zaposlenicima ustanova proistje\u010du iz [&hellip;]<\/p>\n","protected":false},"author":1,"featured_media":0,"parent":8985,"menu_order":0,"comment_status":"closed","ping_status":"closed","template":"","meta":{"_acf_changed":false,"footnotes":""},"class_list":["post-8995","page","type-page","status-publish","hentry"],"acf":[],"_links":{"self":[{"href":"https:\/\/kastela.hr\/en\/wp-json\/wp\/v2\/pages\/8995","targetHints":{"allow":["GET"]}}],"collection":[{"href":"https:\/\/kastela.hr\/en\/wp-json\/wp\/v2\/pages"}],"about":[{"href":"https:\/\/kastela.hr\/en\/wp-json\/wp\/v2\/types\/page"}],"author":[{"embeddable":true,"href":"https:\/\/kastela.hr\/en\/wp-json\/wp\/v2\/users\/1"}],"replies":[{"embeddable":true,"href":"https:\/\/kastela.hr\/en\/wp-json\/wp\/v2\/comments?post=8995"}],"version-history":[{"count":17,"href":"https:\/\/kastela.hr\/en\/wp-json\/wp\/v2\/pages\/8995\/revisions"}],"predecessor-version":[{"id":15370,"href":"https:\/\/kastela.hr\/en\/wp-json\/wp\/v2\/pages\/8995\/revisions\/15370"}],"up":[{"embeddable":true,"href":"https:\/\/kastela.hr\/en\/wp-json\/wp\/v2\/pages\/8985"}],"wp:attachment":[{"href":"https:\/\/kastela.hr\/en\/wp-json\/wp\/v2\/media?parent=8995"}],"curies":[{"name":"wp","href":"https:\/\/api.w.org\/{rel}","templated":true}]}}