{"id":8987,"date":"2024-09-16T10:43:37","date_gmt":"2024-09-16T08:43:37","guid":{"rendered":"https:\/\/kastela.hr\/en\/?page_id=8987"},"modified":"2024-11-22T17:37:19","modified_gmt":"2024-11-22T16:37:19","slug":"aktivno-gradanstvo","status":"publish","type":"page","link":"https:\/\/kastela.hr\/en\/teme-za-gradane\/aktivno-gradanstvo\/","title":{"rendered":"Aktivno gra\u0111anstvo"},"content":{"rendered":"\n<p>Grad Ka\u0161tela radi na razvoju transparentnosti Gradske uprave te u skladu s navedenim razvija razli\u010dite modele uklju\u010divanja gra\u0111ana u procese dono\u0161enja odluka, kreiranja prora\u010duna i pra\u0107enja rada tijela javne vlasti.<\/p>\n\n\n<div class=\"poveznice-opis-blok-container\">    <a class=\"poveznice-blok-link\" href=\"https:\/\/kastela.hr\/en\/grad-kastela\/proracun\/parcipativno-budzetiranje\/\" target=\"_self\">\n\n\n\n<div class=\"poveznice-opis-blok-item\"><div class=\"poveznice-blok-naslov\">Parcipativno bud\u017eetiranje<\/div><\/div><\/a>    <a class=\"poveznice-blok-link\" href=\"https:\/\/kastela.hr\/en\/pristup-informacijama\/\" target=\"_self\">\n\n\n\n<div class=\"poveznice-opis-blok-item\"><div class=\"poveznice-blok-naslov\">Pristup informacijama<\/div><\/div><\/a>    <a class=\"poveznice-blok-link\" href=\"https:\/\/kastela.hr\/en\/grad-kastela\/zastita-osobnih-podataka\/\" target=\"_self\">\n\n\n\n<div class=\"poveznice-opis-blok-item\"><div class=\"poveznice-blok-naslov\">Za\u0161tita osobnih podataka<\/div><\/div><\/a>    <a class=\"poveznice-blok-link\" href=\"https:\/\/kastela.hr\/en\/e-savjetovanja\/\" target=\"_self\">\n\n\n\n<div class=\"poveznice-opis-blok-item\"><div class=\"poveznice-blok-naslov\">E-savjetovanja<\/div><\/div><\/a>    <a class=\"poveznice-blok-link\" href=\"https:\/\/kastela.hr\/en\/mjesni-odbori\/mjesna-samouprava\/izbori-za-clanove-vijeca-mjesnih-odbora\/\" target=\"_self\">\n\n\n\n<div class=\"poveznice-opis-blok-item\"><div class=\"poveznice-blok-naslov\">Izbori za \u010dlanove vije\u0107a mjesnih odbora<\/div><\/div><\/a><\/div>","protected":false},"excerpt":{"rendered":"<p>Grad Ka\u0161tela radi na razvoju transparentnosti Gradske uprave te u skladu s navedenim razvija razli\u010dite modele uklju\u010divanja gra\u0111ana u procese [&hellip;]<\/p>\n","protected":false},"author":1,"featured_media":0,"parent":8985,"menu_order":0,"comment_status":"closed","ping_status":"closed","template":"","meta":{"_acf_changed":false,"footnotes":""},"class_list":["post-8987","page","type-page","status-publish","hentry"],"acf":[],"_links":{"self":[{"href":"https:\/\/kastela.hr\/en\/wp-json\/wp\/v2\/pages\/8987","targetHints":{"allow":["GET"]}}],"collection":[{"href":"https:\/\/kastela.hr\/en\/wp-json\/wp\/v2\/pages"}],"about":[{"href":"https:\/\/kastela.hr\/en\/wp-json\/wp\/v2\/types\/page"}],"author":[{"embeddable":true,"href":"https:\/\/kastela.hr\/en\/wp-json\/wp\/v2\/users\/1"}],"replies":[{"embeddable":true,"href":"https:\/\/kastela.hr\/en\/wp-json\/wp\/v2\/comments?post=8987"}],"version-history":[{"count":4,"href":"https:\/\/kastela.hr\/en\/wp-json\/wp\/v2\/pages\/8987\/revisions"}],"predecessor-version":[{"id":12766,"href":"https:\/\/kastela.hr\/en\/wp-json\/wp\/v2\/pages\/8987\/revisions\/12766"}],"up":[{"embeddable":true,"href":"https:\/\/kastela.hr\/en\/wp-json\/wp\/v2\/pages\/8985"}],"wp:attachment":[{"href":"https:\/\/kastela.hr\/en\/wp-json\/wp\/v2\/media?parent=8987"}],"curies":[{"name":"wp","href":"https:\/\/api.w.org\/{rel}","templated":true}]}}