{"id":8965,"date":"2024-09-16T10:39:46","date_gmt":"2024-09-16T08:39:46","guid":{"rendered":"https:\/\/kastela.hr\/en\/?page_id=8965"},"modified":"2024-11-25T08:19:52","modified_gmt":"2024-11-25T07:19:52","slug":"kastel-novi","status":"publish","type":"page","link":"https:\/\/kastela.hr\/en\/mjesni-odbori\/kastel-novi\/","title":{"rendered":"Ka\u0161tel Novi"},"content":{"rendered":"\n<p>MJESNI ODBOR KA\u0160TEL NOVI, 21 216 Ka\u0161tel Novi, Ante Beretina 4<\/p>\n\n\n\n<p>Predsjednica Vije\u0107a: ANITA PAJ\u010cI\u0106<\/p>\n\n\n\n<p>e &#8211; mail adresa:&nbsp;&nbsp;<a href=\"mailto:mo-kastel-novi@grad.kastela.hr\" target=\"_blank\" rel=\"noreferrer noopener\">mo-kastel-novi@grad.kastela.hr<\/a><\/p>\n\n\n\n<p><strong>VIJE\u0106E MJESNOG ODBORA KA\u0160TEL NOVI:<\/strong><\/p>\n\n\n\n<ol class=\"wp-block-list\">\n<li>ANITA PAJ\u010cI\u0106 &#8211; predsjednica<\/li>\n\n\n\n<li>ANDRIJA VRBAT<\/li>\n\n\n\n<li>MIRJANA BARI\u010cEVI\u0106<\/li>\n\n\n\n<li>ZVONIMIR MATKOVI\u0106<\/li>\n\n\n\n<li>ANTE \u010cIRKO<\/li>\n\n\n\n<li>TATJANA KLEPO<\/li>\n\n\n\n<li>LUKA JANKOVI\u0106<\/li>\n<\/ol>\n\n\n\n<h2 class=\"wp-block-heading\">Dokumenti<\/h2>\n\n\n<div class=\"prilozene_datoteke\"><ul class='no-ul'><li><a href=\"https:\/\/kastela.hr\/en\/wp-content\/uploads\/datoteke\/dokumenti\/mjesna-samouprava\/kastel-novi\/poslovnik-o-radu-vijeca-mjesnog-odbora-kastel-novi.pdf\" target=\"_blank\"><img decoding=\"async\" src=\"https:\/\/kastela.hr\/en\/wp-content\/themes\/kastela\/img\/file-icons\/document-pdf.png\" alt=\"pdf icon\" style=\"width:16px; height:16px; margin-right: 5px;\">Poslovnik o radu Vijec\u0301a Mjesnog odbora Kas\u030ctel Novi.pdf<\/a><\/li><li><a href=\"https:\/\/kastela.hr\/en\/wp-content\/uploads\/datoteke\/dokumenti\/mjesna-samouprava\/kastel-novi\/pravila-mjesnog-odbora-kastel-novi.pdf\" target=\"_blank\"><img decoding=\"async\" src=\"https:\/\/kastela.hr\/en\/wp-content\/themes\/kastela\/img\/file-icons\/document-pdf.png\" alt=\"pdf icon\" style=\"width:16px; height:16px; margin-right: 5px;\">Pravila Mjesnog odbora Kas\u030ctel Novi.pdf<\/a><\/li><\/ul><\/div>","protected":false},"excerpt":{"rendered":"<p>MJESNI ODBOR KA\u0160TEL NOVI, 21 216 Ka\u0161tel Novi, Ante Beretina 4 Predsjednica Vije\u0107a: ANITA PAJ\u010cI\u0106 e &#8211; mail adresa:&nbsp;&nbsp;mo-kastel-novi@grad.kastela.hr VIJE\u0106E [&hellip;]<\/p>\n","protected":false},"author":1,"featured_media":0,"parent":8949,"menu_order":0,"comment_status":"closed","ping_status":"closed","template":"","meta":{"_acf_changed":false,"footnotes":""},"class_list":["post-8965","page","type-page","status-publish","hentry"],"acf":[],"_links":{"self":[{"href":"https:\/\/kastela.hr\/en\/wp-json\/wp\/v2\/pages\/8965","targetHints":{"allow":["GET"]}}],"collection":[{"href":"https:\/\/kastela.hr\/en\/wp-json\/wp\/v2\/pages"}],"about":[{"href":"https:\/\/kastela.hr\/en\/wp-json\/wp\/v2\/types\/page"}],"author":[{"embeddable":true,"href":"https:\/\/kastela.hr\/en\/wp-json\/wp\/v2\/users\/1"}],"replies":[{"embeddable":true,"href":"https:\/\/kastela.hr\/en\/wp-json\/wp\/v2\/comments?post=8965"}],"version-history":[{"count":4,"href":"https:\/\/kastela.hr\/en\/wp-json\/wp\/v2\/pages\/8965\/revisions"}],"predecessor-version":[{"id":12849,"href":"https:\/\/kastela.hr\/en\/wp-json\/wp\/v2\/pages\/8965\/revisions\/12849"}],"up":[{"embeddable":true,"href":"https:\/\/kastela.hr\/en\/wp-json\/wp\/v2\/pages\/8949"}],"wp:attachment":[{"href":"https:\/\/kastela.hr\/en\/wp-json\/wp\/v2\/media?parent=8965"}],"curies":[{"name":"wp","href":"https:\/\/api.w.org\/{rel}","templated":true}]}}