{"id":8961,"date":"2024-09-16T10:39:08","date_gmt":"2024-09-16T08:39:08","guid":{"rendered":"https:\/\/kastela.hr\/en\/?page_id=8961"},"modified":"2024-11-25T08:16:56","modified_gmt":"2024-11-25T07:16:56","slug":"kastel-luksic","status":"publish","type":"page","link":"https:\/\/kastela.hr\/en\/mjesni-odbori\/kastel-luksic\/","title":{"rendered":"Ka\u0161tel Luk\u0161i\u0107"},"content":{"rendered":"\n<p>MJESNI ODBOR KA\u0160TEL LUK\u0160I\u0106, 21 215 Ka\u0161tel Luk\u0161i\u0107, Brce 4<\/p>\n\n\n\n<p>Predsjednik Vije\u0107a: DRAGAN KLARI\u0106<\/p>\n\n\n\n<p>&nbsp;e &#8211; mail adresa:&nbsp;&nbsp;<a href=\"mailto:mo-kastel-luksic@grad.kastela.hr\" target=\"_blank\" rel=\"noreferrer noopener\">mo-kastel-luksic@grad.kastela.hr<\/a><\/p>\n\n\n\n<p>mob: 091 514 7525<\/p>\n\n\n\n<p><strong>VIJE\u0106E MJESNOG ODBORA KA\u0160TEL LUK\u0160I\u0106:<\/strong><\/p>\n\n\n\n<ol class=\"wp-block-list\">\n<li>DRAGAN KLARI\u0106 &#8211; predsjednik<\/li>\n\n\n\n<li>BRANIMIR MATIJACA<\/li>\n\n\n\n<li>IVANKA LIJI\u0106<\/li>\n\n\n\n<li>DAMIR ROGULJ<\/li>\n\n\n\n<li>IVAN BEKAVAC<\/li>\n\n\n\n<li>MARKICA TEKLI\u0106<\/li>\n\n\n\n<li>ZRINKA MATKOVI\u0106 VICULIN<\/li>\n\n\n\n<li>ANTE VICULIN<\/li>\n\n\n\n<li>ANITA ANDROMAK<\/li>\n<\/ol>\n\n\n\n<h2 class=\"wp-block-heading\">Dokumenti<\/h2>\n\n\n<div class=\"prilozene_datoteke\"><ul class='no-ul'><li><a href=\"https:\/\/kastela.hr\/en\/wp-content\/uploads\/datoteke\/dokumenti\/mjesna-samouprava\/kastel-luksic\/pravila-mjesnog-odbora-kastel-luksic.pdf\" target=\"_blank\"><img decoding=\"async\" src=\"https:\/\/kastela.hr\/en\/wp-content\/themes\/kastela\/img\/file-icons\/document-pdf.png\" alt=\"pdf icon\" style=\"width:16px; height:16px; margin-right: 5px;\">Pravila Mjesnog odbora Kas\u030ctel Luks\u030cic\u0301.pdf<\/a><\/li><li><a href=\"https:\/\/kastela.hr\/en\/wp-content\/uploads\/datoteke\/dokumenti\/mjesna-samouprava\/kastel-luksic\/poslovnik-o-radu-vijeca-mjesnog-odbora-kastel-luksic.pdf\" target=\"_blank\"><img decoding=\"async\" src=\"https:\/\/kastela.hr\/en\/wp-content\/themes\/kastela\/img\/file-icons\/document-pdf.png\" alt=\"pdf icon\" style=\"width:16px; height:16px; margin-right: 5px;\">Poslovnik o radu Vijec\u0301a Mjesnog odbora Kas\u030ctel Luks\u030cic\u0301.pdf<\/a><\/li><\/ul><\/div>","protected":false},"excerpt":{"rendered":"<p>MJESNI ODBOR KA\u0160TEL LUK\u0160I\u0106, 21 215 Ka\u0161tel Luk\u0161i\u0107, Brce 4 Predsjednik Vije\u0107a: DRAGAN KLARI\u0106 &nbsp;e &#8211; mail adresa:&nbsp;&nbsp;mo-kastel-luksic@grad.kastela.hr mob: 091 [&hellip;]<\/p>\n","protected":false},"author":1,"featured_media":0,"parent":8949,"menu_order":0,"comment_status":"closed","ping_status":"closed","template":"","meta":{"_acf_changed":false,"footnotes":""},"class_list":["post-8961","page","type-page","status-publish","hentry"],"acf":[],"_links":{"self":[{"href":"https:\/\/kastela.hr\/en\/wp-json\/wp\/v2\/pages\/8961","targetHints":{"allow":["GET"]}}],"collection":[{"href":"https:\/\/kastela.hr\/en\/wp-json\/wp\/v2\/pages"}],"about":[{"href":"https:\/\/kastela.hr\/en\/wp-json\/wp\/v2\/types\/page"}],"author":[{"embeddable":true,"href":"https:\/\/kastela.hr\/en\/wp-json\/wp\/v2\/users\/1"}],"replies":[{"embeddable":true,"href":"https:\/\/kastela.hr\/en\/wp-json\/wp\/v2\/comments?post=8961"}],"version-history":[{"count":3,"href":"https:\/\/kastela.hr\/en\/wp-json\/wp\/v2\/pages\/8961\/revisions"}],"predecessor-version":[{"id":12842,"href":"https:\/\/kastela.hr\/en\/wp-json\/wp\/v2\/pages\/8961\/revisions\/12842"}],"up":[{"embeddable":true,"href":"https:\/\/kastela.hr\/en\/wp-json\/wp\/v2\/pages\/8949"}],"wp:attachment":[{"href":"https:\/\/kastela.hr\/en\/wp-json\/wp\/v2\/media?parent=8961"}],"curies":[{"name":"wp","href":"https:\/\/api.w.org\/{rel}","templated":true}]}}