{"id":8889,"date":"2024-09-16T10:16:08","date_gmt":"2024-09-16T08:16:08","guid":{"rendered":"https:\/\/kastela.hr\/en\/?page_id=8889"},"modified":"2024-10-08T13:44:05","modified_gmt":"2024-10-08T11:44:05","slug":"uredovno-radno-vrijeme","status":"publish","type":"page","link":"https:\/\/kastela.hr\/en\/grad-kastela\/uredovno-radno-vrijeme\/","title":{"rendered":"Uredovno radno vrijeme"},"content":{"rendered":"\n<p><strong>Radno vrijeme Gradske uprave Ka\u0161tela:<\/strong> od 7 do 15 sati<br><br><strong>Uredovno vrijeme za rad sa strankama:<br><\/strong><br><strong>Upravni odjel za prostorno ure\u0111enje, gradnju i za\u0161titu okoli\u0161a<br><\/strong>Odsjek provedbu dokumenata prostornog ure\u0111enja i gradnju: utorkom i \u010detvrtkom od 9 do 13 sati<br>Odsjek za prostorno planiranje i za\u0161titu okoli\u0161a: utorkom od 9 do 13 sati<br><br><strong>Upravni odjel za komunalno gospodarstvo i imovinu<br><\/strong>Odsjek za izgradnju i odr\u017eavanje: utorak, srijeda, \u010detvrtak od 8 do 14 sati<br>Odsjek za upravljanje gradskom imovinom: utorak, srijeda, \u010detvrtak od 8 do 14 sati<br><br><strong>Upravni odjel za dru\u0161tvene djelatnosti i zajedni\u010dke poslove<br><\/strong>Odsjek za socijalnu skrb i zdravstvo: utorak, srijeda, \u010detvrtak od 8 do 14 sati<br>Odsjek za odgoj, obrazovanje, sport, kulturu i tehni\u010dku kulturu: utorak, srijeda, \u010detvrtak od 8 do 14 sati<br>Pododsjek za uredsko poslovanje \/ pisarnica: svakim radnim danom od 8 do 14 sati<br><br><strong>Upravni odjel za gospodarski razvoj i fondove Europske unije<br><\/strong>Odsjek za fondove Europske unije: utorak, srijeda, \u010detvrtak od 8 do 14 sati<br>Odsjek za gospodarstvo i komunalne djelatnosti: utorak, srijeda, \u010detvrtak od 8 do 14 sati<br>Odsjek za komunalno redarstvo: utorak, srijeda, \u010detvrtak od 8 do 14 sati<br><br><strong>Upravni odjel za financije, javnu nabavu i naplatu prihoda<br><\/strong>Odsjek za prora\u010dun i financije: utorak, srijeda, \u010detvrtak od 8 do 14 sati<br>Odsjek za komunalnu naknadu: utorak, srijeda, \u010detvrtak od 8 do 14 sati<br>Odsjek za javnu nabavu: utorak, srijeda, \u010detvrtak od 8 do 14 sati<br><br><strong>Upravni odjel za poslove gradona\u010delnika i stru\u010dne poslove<br><\/strong>Svaki radni dan od 08 do 14 sati<br>Gradona\u010delnik prima gra\u0111ane svaki utorak. Potrebna prethodna rezervacija kod tajnice: <a href=\"tel:+38521205205\">021\/205-205<\/a><\/p>\n\n\n\n<p><strong>Slu\u017eba za unutarnju reviziju<\/strong> &#8211; svaki radni dan od 8 do 14 sati<\/p>\n\n\n\n<p><\/p>\n","protected":false},"excerpt":{"rendered":"<p>Radno vrijeme Gradske uprave Ka\u0161tela: od 7 do 15 sati Uredovno vrijeme za rad sa strankama:Upravni odjel za prostorno ure\u0111enje, [&hellip;]<\/p>\n","protected":false},"author":1,"featured_media":0,"parent":8875,"menu_order":0,"comment_status":"closed","ping_status":"closed","template":"","meta":{"_acf_changed":false,"footnotes":""},"class_list":["post-8889","page","type-page","status-publish","hentry"],"acf":[],"_links":{"self":[{"href":"https:\/\/kastela.hr\/en\/wp-json\/wp\/v2\/pages\/8889","targetHints":{"allow":["GET"]}}],"collection":[{"href":"https:\/\/kastela.hr\/en\/wp-json\/wp\/v2\/pages"}],"about":[{"href":"https:\/\/kastela.hr\/en\/wp-json\/wp\/v2\/types\/page"}],"author":[{"embeddable":true,"href":"https:\/\/kastela.hr\/en\/wp-json\/wp\/v2\/users\/1"}],"replies":[{"embeddable":true,"href":"https:\/\/kastela.hr\/en\/wp-json\/wp\/v2\/comments?post=8889"}],"version-history":[{"count":2,"href":"https:\/\/kastela.hr\/en\/wp-json\/wp\/v2\/pages\/8889\/revisions"}],"predecessor-version":[{"id":11596,"href":"https:\/\/kastela.hr\/en\/wp-json\/wp\/v2\/pages\/8889\/revisions\/11596"}],"up":[{"embeddable":true,"href":"https:\/\/kastela.hr\/en\/wp-json\/wp\/v2\/pages\/8875"}],"wp:attachment":[{"href":"https:\/\/kastela.hr\/en\/wp-json\/wp\/v2\/media?parent=8889"}],"curies":[{"name":"wp","href":"https:\/\/api.w.org\/{rel}","templated":true}]}}