{"id":8885,"date":"2024-09-16T10:13:57","date_gmt":"2024-09-16T08:13:57","guid":{"rendered":"https:\/\/kastela.hr\/en\/?page_id=8885"},"modified":"2024-10-08T22:27:33","modified_gmt":"2024-10-08T20:27:33","slug":"javna-nabava","status":"publish","type":"page","link":"https:\/\/kastela.hr\/en\/grad-kastela\/javna-nabava\/","title":{"rendered":"Javna nabava"},"content":{"rendered":"\n<p>Sukladno \u010dlanku 56. Zakona o javnoj nabavi (NN 90\/11) te \u010dlanku 5. Uredbe o objavama javne nabave (NN 10\/12), sve objave se objavljuju u Elektroni\u010dkom oglasniku javne nabave Republike Hrvatske. Objave na ovoj stranici slu\u017ee u informativne svrhe, te za pripremu ponude preporu\u010dujemo preuzimanje dokumentacije sa stranica Elektroni\u010dkog oglasnika javne nabave Republike Hrvatske iz razloga \u0161to se gospodarski subjekti prilikom preuzimanja dokumentacije sa stranica Elektroni\u010dkog oglasnika javne nabave evidentiraju da su preuzeli dokumentaciju te se gospodarskim subjektima u slu\u010daju da naru\u010ditelj uvrsti novi dokument ili izmjeni postoje\u0107i za predmetnu nabavu automatski dostavlja obavijest elektroni\u010dkom po\u0161tom kojom ih se obavje\u0161tava o promijeni dokumentacije za predmetnu nabavu.<\/p>\n\n\n\n<p>U postupcima sklapanja ugovora o javnim uslugama iz Dodatka II. B Zakona koje Grad Ka\u0161tela provodi u skladu s \u010dlankom 44. Zakona o javnoj nabavi zahtjev za prikupljanje ponuda s pripadaju\u0107om dokumentacijom se objavljuje samo na slu\u017ebenim stranicama Grada Ka\u0161tela.<\/p>\n\n\n\n<p><strong>Objave u Narodnim novinama o natje\u010dajima Grada Ka\u0161tela<\/strong>&nbsp;mo\u017eete pogledati na web stranici&nbsp;<a href=\"https:\/\/eojn.nn.hr\/Oglasnik\/\" target=\"_blank\" rel=\"noreferrer noopener\">Elektroni\u010dkog oglasnika javne nabave Republike Hrvatske<\/a>.<\/p>\n\n\n\n<p>Na Elektroni\u010dkom oglasniku javne nabave Republike Hrvatske u lijevom izborniku kliknite na \u201c<strong>Tra\u017eilica objava \u2013 Jednostavna<\/strong>\u201d i u rubrici Objavljeni dokumenti, u polje&nbsp;<strong>Tra\u017eilica<\/strong>&nbsp;upi\u0161ite pod&nbsp;<strong>Naru\u010ditelj<\/strong>: Grad Ka\u0161tela, kako biste dobili&nbsp;<strong>popis svih objavljenih natje\u010daja<\/strong>.&nbsp;<\/p>\n\n\n<div class=\"poveznice-opis-blok-container\">    <a class=\"poveznice-blok-link\" href=\"https:\/\/kastela.hr\/en\/postupci-nabave\/postupci-u-tijeku\/\" target=\"_self\">\n\n\n\n<div class=\"poveznice-opis-blok-item\"><div class=\"poveznice-blok-naslov\">Postupci u tijeku<\/div><\/div><\/a>    <a class=\"poveznice-blok-link\" href=\"https:\/\/kastela.hr\/en\/postupci-nabave\/prethodno-savjetovanje-sa-zainteresiranim-gospodarskim-subjektima\/\" target=\"_self\">\n\n\n\n<div class=\"poveznice-opis-blok-item\"><div class=\"poveznice-blok-naslov\">Prethodno savjetovanje sa zainteresiranim gospodarskim subjektima<\/div><\/div><\/a>    <a class=\"poveznice-blok-link\" href=\"https:\/\/kastela.hr\/en\/postupci-nabave\/jednostavna-nabava\/\" target=\"_self\">\n\n\n\n<div class=\"poveznice-opis-blok-item\"><div class=\"poveznice-blok-naslov\">Jednostavna nabava<\/div><\/div><\/a>    <a class=\"poveznice-blok-link\" href=\"https:\/\/kastela.hr\/en\/gradska-uprava\/javna-nabava\/registar-ugovora\/\" target=\"_self\">\n\n\n\n<div class=\"poveznice-opis-blok-item\"><div class=\"poveznice-blok-naslov\">Registar ugovora<\/div><\/div><\/a>    <a class=\"poveznice-blok-link\" href=\"https:\/\/kastela.hr\/en\/gradska-uprava\/javna-nabava\/registar-jednostavne-nabave\/\" target=\"_self\">\n\n\n\n<div class=\"poveznice-opis-blok-item\"><div class=\"poveznice-blok-naslov\">Registar jednostavne nabave<\/div><\/div><\/a>    <a class=\"poveznice-blok-link\" href=\"https:\/\/kastela.hr\/en\/gradska-uprava\/javna-nabava\/plan-nabave\/\" target=\"_self\">\n\n\n\n<div class=\"poveznice-opis-blok-item\"><div class=\"poveznice-blok-naslov\">Plan nabave<\/div><\/div><\/a>    <a class=\"poveznice-blok-link\" href=\"https:\/\/kastela.hr\/en\/postupci-nabave\/zahtjevi-za-prikupljanje-ponuda\/\" target=\"_self\">\n\n\n\n<div class=\"poveznice-opis-blok-item\"><div class=\"poveznice-blok-naslov\">Zahtjevi za prikupljanje ponuda<\/div><\/div><\/a>    <a class=\"poveznice-blok-link\" href=\"https:\/\/kastela.hr\/en\/postupci-nabave\/koncesije\/\" target=\"_self\">\n\n\n\n<div class=\"poveznice-opis-blok-item\"><div class=\"poveznice-blok-naslov\">Koncesije<\/div><\/div><\/a>    <a class=\"poveznice-blok-link\" href=\"https:\/\/kastela.hr\/en\/gradska-uprava\/javna-nabava\/sprjecavanje-sukoba-interesa\/\" target=\"_self\">\n\n\n\n<div class=\"poveznice-opis-blok-item\"><div class=\"poveznice-blok-naslov\">Sprje\u010davanje sukoba interesa<\/div><\/div><\/a>    <a class=\"poveznice-blok-link\" href=\"https:\/\/kastela.hr\/en\/gradska-uprava\/javna-nabava\/pravilnici\/\" target=\"_self\">\n\n\n\n<div class=\"poveznice-opis-blok-item\"><div class=\"poveznice-blok-naslov\">Pravilnici<\/div><\/div><\/a><\/div>","protected":false},"excerpt":{"rendered":"<p>Sukladno \u010dlanku 56. Zakona o javnoj nabavi (NN 90\/11) te \u010dlanku 5. Uredbe o objavama javne nabave (NN 10\/12), sve [&hellip;]<\/p>\n","protected":false},"author":1,"featured_media":0,"parent":8875,"menu_order":0,"comment_status":"closed","ping_status":"closed","template":"","meta":{"_acf_changed":false,"footnotes":""},"class_list":["post-8885","page","type-page","status-publish","hentry"],"acf":[],"_links":{"self":[{"href":"https:\/\/kastela.hr\/en\/wp-json\/wp\/v2\/pages\/8885","targetHints":{"allow":["GET"]}}],"collection":[{"href":"https:\/\/kastela.hr\/en\/wp-json\/wp\/v2\/pages"}],"about":[{"href":"https:\/\/kastela.hr\/en\/wp-json\/wp\/v2\/types\/page"}],"author":[{"embeddable":true,"href":"https:\/\/kastela.hr\/en\/wp-json\/wp\/v2\/users\/1"}],"replies":[{"embeddable":true,"href":"https:\/\/kastela.hr\/en\/wp-json\/wp\/v2\/comments?post=8885"}],"version-history":[{"count":17,"href":"https:\/\/kastela.hr\/en\/wp-json\/wp\/v2\/pages\/8885\/revisions"}],"predecessor-version":[{"id":11599,"href":"https:\/\/kastela.hr\/en\/wp-json\/wp\/v2\/pages\/8885\/revisions\/11599"}],"up":[{"embeddable":true,"href":"https:\/\/kastela.hr\/en\/wp-json\/wp\/v2\/pages\/8875"}],"wp:attachment":[{"href":"https:\/\/kastela.hr\/en\/wp-json\/wp\/v2\/media?parent=8885"}],"curies":[{"name":"wp","href":"https:\/\/api.w.org\/{rel}","templated":true}]}}