{"id":8873,"date":"2024-09-16T10:10:21","date_gmt":"2024-09-16T08:10:21","guid":{"rendered":"https:\/\/kastela.hr\/en\/?page_id=8873"},"modified":"2024-11-26T08:21:50","modified_gmt":"2024-11-26T07:21:50","slug":"o-kastelima","status":"publish","type":"page","link":"https:\/\/kastela.hr\/en\/grad-kastela\/o-kastelima\/","title":{"rendered":"O Ka\u0161telima"},"content":{"rendered":"\n<p class=\"has-medium-font-size\">Ka\u0161tela su grad na padinama Kozjaka i obali Ka\u0161telanskog zaljeva, smje\u0161tena izme\u0111u Splita i Trogira, a sastoje se od sedam povijesnih naselja, sa sedam srednjovjekovnih utvrda. Ta naselja su: Ka\u0161tel Su\u0107urac, Ka\u0161tel Gomilica, Ka\u0161tel Kambelovac, Ka\u0161tel Luk\u0161i\u0107, Ka\u0161tel Stari, Ka\u0161tel Novi i Ka\u0161tel \u0160tafili\u0107. Grad se prostire na povr\u0161ini od 57,6&nbsp;km<sup>2 <\/sup>i broji 37\u202f794 stanovnika.<\/p>\n\n\n\n<p class=\"has-medium-font-size\">Za Ka\u0161tela se ka\u017ee da su kolijevka hrvatske dr\u017eavnosti o \u010demu svjedo\u010di Trpimirova darovnica koja datira iz daleke 852. godine kada je knez Trpimir darovav\u0161i crkvicu Svetog Jurja u Putalju splitskoj nadbiskupiji, u pisanoj darovnici izdanoj u Bija\u0107ima po prvi put napisao: \u201eknez Hrvata milo\u0161\u0107u Bo\u017ejom\u201c, odnosno u originalu: \u201edux Croatorum iuvatus munere divino\u201d. U spomen na taj doga\u0111aj Ka\u0161tela svoj Dan grada slave 4. o\u017eujka.<\/p>\n\n\n\n<p class=\"has-medium-font-size\">Na prostoru grada mogu se prona\u0107i tragovi pro\u0161lih stolje\u0107a koji svjedo\u010de o bogatoj povijesti i zna\u010daju grada kroz vrijeme. Me\u0111u najzna\u010dajnijim atrakcijama su arheolo\u0161ka nalazi\u0161ta, stare kule i dvorci, savr\u0161eni za \u0161etnje i istra\u017eivanje. Poseban ponos je maslina stara 1500 godina, koja je kao i drugi botani\u010dki rariteti pravi mamac za ljubitelje prirode.<\/p>\n\n\n\n<p class=\"has-medium-font-size\">Zahvaljuju\u0107i 14 km dugoj obali, 5 km pla\u017ea i mirnom Ka\u0161telanskom zaljevu grad je pogodan za turiste i sve one koji se \u017eele opustiti od vreve i u\u017eivati u odmoru i rekreaciji, a popularan je i u nauti\u010dkom turizmu. Odli\u010dna zra\u010dna i cestovna povezanost dodatno olak\u0161ava dolazak i u\u017eivanje u svim \u010darima koje Ka\u0161tela nude.<\/p>\n\n\n\n<p class=\"has-medium-font-size\">Osim turizma, gospodarstvo Ka\u0161tela uklju\u010duje poljoprivredu, posebno vinogradarstvo i maslinarstvo. Grad je poznat po proizvodnji autohtonog crnog vina Crljenak ka\u0161telanski. Utvr\u0111eno je kako iz ove sorte svoje podrijetlo vu\u010de ameri\u010dki Zinfandel.<\/p>\n\n\n\n<p class=\"has-medium-font-size\">Ka\u0161tela su tako\u0111er poznata po ljubavnoj pri\u010di o Miljenku i Dobrili, dvoje tragi\u010dnih ljubavnika \u010dija je romansa ovjekovje\u010dena u na\u0161em gradu. Njihova ljubavna pri\u010da, koja se \u010desto uspore\u0111uje s pri\u010dom o Romeu i Juliji, na\u0161im ulicama donosi posebnu notu romantike i mistike.<\/p>\n\n\n\n<p class=\"has-medium-font-size\">S vremenom brojne mlade obitelji s podru\u010dja \u017dupanije kao svoj dom odabiru upravo Ka\u0161tela, zahvaljuju\u0107i ostvarenim preduvjetima za bezbri\u017eno odrastanje i \u017eivot u spoju tradicionalnog i suvremenog.<\/p>\n\n\n\n<h2 class=\"wp-block-heading\">Gradovi prijatelji<\/h2>\n\n\n\n<ul class=\"wp-block-list\">\n<li><a href=\"http:\/\/www.bardejov.sk\/\" target=\"_blank\" rel=\"noreferrer noopener\">Bardejov, Slova\u010dka<\/a><\/li>\n\n\n\n<li><a href=\"https:\/\/www.hradeckralove.eu\/\" target=\"_blank\" rel=\"noreferrer noopener\">Hradec Kralove, \u010ce\u0161ka<\/a><\/li>\n\n\n\n<li><a href=\"http:\/\/www.opcina-kiseljak.org\/portal1\/\" target=\"_blank\" rel=\"noreferrer noopener\">Kiseljak, Bosna i Hercegovina<\/a><\/li>\n\n\n\n<li><a href=\"https:\/\/opcinakupres.ba\/\" target=\"_blank\" rel=\"noreferrer noopener\">Kupres, Bosna i Hercegovina<\/a><\/li>\n\n\n\n<li><a href=\"http:\/\/www.lindlar.de\/\" target=\"_blank\" rel=\"noreferrer noopener\">Lindlar, Njema\u010dka<\/a><\/li>\n\n\n\n<li><a href=\"http:\/\/www.pszczyna.pl\/\" target=\"_blank\" rel=\"noreferrer noopener\">Pszczyna, Poljska<\/a><\/li>\n\n\n\n<li><a href=\"http:\/\/www.mestosusice.cz\/\" target=\"_blank\" rel=\"noreferrer noopener\">Su\u0161ice, \u010ce\u0161ka<\/a><\/li>\n\n\n\n<li><a href=\"http:\/\/www.zapresic.hr\/\" target=\"_blank\" rel=\"noreferrer noopener\">Zapre\u0161i\u0107, Hrvatska<\/a><\/li>\n\n\n\n<li><a href=\"http:\/\/www.townofyountville.com\/\" target=\"_blank\" rel=\"noreferrer noopener\">Yountville, SAD<\/a><\/li>\n<\/ul>\n","protected":false},"excerpt":{"rendered":"<p>Ka\u0161tela su grad na padinama Kozjaka i obali Ka\u0161telanskog zaljeva, smje\u0161tena izme\u0111u Splita i Trogira, a sastoje se od sedam [&hellip;]<\/p>\n","protected":false},"author":1,"featured_media":0,"parent":8875,"menu_order":0,"comment_status":"closed","ping_status":"closed","template":"","meta":{"_acf_changed":false,"footnotes":""},"class_list":["post-8873","page","type-page","status-publish","hentry"],"acf":[],"_links":{"self":[{"href":"https:\/\/kastela.hr\/en\/wp-json\/wp\/v2\/pages\/8873","targetHints":{"allow":["GET"]}}],"collection":[{"href":"https:\/\/kastela.hr\/en\/wp-json\/wp\/v2\/pages"}],"about":[{"href":"https:\/\/kastela.hr\/en\/wp-json\/wp\/v2\/types\/page"}],"author":[{"embeddable":true,"href":"https:\/\/kastela.hr\/en\/wp-json\/wp\/v2\/users\/1"}],"replies":[{"embeddable":true,"href":"https:\/\/kastela.hr\/en\/wp-json\/wp\/v2\/comments?post=8873"}],"version-history":[{"count":7,"href":"https:\/\/kastela.hr\/en\/wp-json\/wp\/v2\/pages\/8873\/revisions"}],"predecessor-version":[{"id":13151,"href":"https:\/\/kastela.hr\/en\/wp-json\/wp\/v2\/pages\/8873\/revisions\/13151"}],"up":[{"embeddable":true,"href":"https:\/\/kastela.hr\/en\/wp-json\/wp\/v2\/pages\/8875"}],"wp:attachment":[{"href":"https:\/\/kastela.hr\/en\/wp-json\/wp\/v2\/media?parent=8873"}],"curies":[{"name":"wp","href":"https:\/\/api.w.org\/{rel}","templated":true}]}}