{"id":12753,"date":"2024-11-22T15:53:42","date_gmt":"2024-11-22T14:53:42","guid":{"rendered":"https:\/\/kastela.hr\/en\/?page_id=12753"},"modified":"2024-11-22T15:59:54","modified_gmt":"2024-11-22T14:59:54","slug":"parcipativno-budzetiranje","status":"publish","type":"page","link":"https:\/\/kastela.hr\/en\/grad-kastela\/proracun\/parcipativno-budzetiranje\/","title":{"rendered":"Parcipativno bud\u017eetiranje"},"content":{"rendered":"\n<p>Obrazac prijedloga male komunalne akcije<\/p>\n\n\n\n<p>Napominjemo kako se nepotpuni i anonimni obrasci ne\u0107e uzeti u razmatranje. Zaprimljeni prijedlozi predstavit \u0107e se, i o njima raspravljati i glasovati, na javnim tribinama na koje su dobrodo\u0161li svi zainteresirani gra\u0111ani pojedinog mjesnog odbora, neovisno jesu li predlo\u017eili malu komunalnu akciju.\u00a0<\/p>\n\n\n\n<div class=\"wpcf7 no-js\" id=\"wpcf7-f12756-o1\" lang=\"hr\" dir=\"ltr\" data-wpcf7-id=\"12756\">\n<div class=\"screen-reader-response\"><p role=\"status\" aria-live=\"polite\" aria-atomic=\"true\"><\/p> <ul><\/ul><\/div>\n<form action=\"\/en\/wp-json\/wp\/v2\/pages\/12753#wpcf7-f12756-o1\" method=\"post\" class=\"wpcf7-form init\" aria-label=\"Kontakt obrazac\" novalidate=\"novalidate\" data-status=\"init\">\n<fieldset class=\"hidden-fields-container\"><input type=\"hidden\" name=\"_wpcf7\" value=\"12756\" \/><input type=\"hidden\" name=\"_wpcf7_version\" value=\"6.1.5\" \/><input type=\"hidden\" name=\"_wpcf7_locale\" value=\"hr\" \/><input type=\"hidden\" name=\"_wpcf7_unit_tag\" value=\"wpcf7-f12756-o1\" \/><input type=\"hidden\" name=\"_wpcf7_container_post\" value=\"0\" \/><input type=\"hidden\" name=\"_wpcf7_posted_data_hash\" value=\"\" \/><input type=\"hidden\" name=\"_wpcf7_recaptcha_response\" value=\"\" \/>\n<\/fieldset>\n<div class=\"row\">\n\t<div class=\"col-12\">\n\t\t<p><b>1. PODACI O PREDLAGATELJU<\/b>\n\t\t<\/p>\n\t<\/div>\n\t<div class=\"col-12 col-md-6\">\n\t\t<p><label> Ime*<br \/>\n<span class=\"wpcf7-form-control-wrap\" data-name=\"ime\"><input size=\"40\" maxlength=\"400\" class=\"wpcf7-form-control wpcf7-text wpcf7-validates-as-required\" autocomplete=\"name\" aria-required=\"true\" aria-invalid=\"false\" value=\"\" type=\"text\" name=\"ime\" \/><\/span> <\/label>\n\t\t<\/p>\n\t<\/div>\n\t<div class=\"col-12 col-md-6\">\n\t\t<p><label> Prezime*<br \/>\n<span class=\"wpcf7-form-control-wrap\" data-name=\"prezime\"><input size=\"40\" maxlength=\"400\" class=\"wpcf7-form-control wpcf7-text wpcf7-validates-as-required\" autocomplete=\"family-name\" aria-required=\"true\" aria-invalid=\"false\" value=\"\" type=\"text\" name=\"prezime\" \/><\/span> <\/label>\n\t\t<\/p>\n\t<\/div>\n\t<div class=\"col-12 col-md-6\">\n\t\t<p><label> E-mail*<br \/>\n<span class=\"wpcf7-form-control-wrap\" data-name=\"email\"><input size=\"40\" maxlength=\"400\" class=\"wpcf7-form-control wpcf7-email wpcf7-validates-as-required wpcf7-text wpcf7-validates-as-email\" autocomplete=\"email\" aria-required=\"true\" aria-invalid=\"false\" value=\"\" type=\"email\" name=\"email\" \/><\/span> <\/label>\n\t\t<\/p>\n\t<\/div>\n\t<div class=\"col-12 col-md-6\">\n\t\t<p><label> Adresa<br \/>\n<span class=\"wpcf7-form-control-wrap\" data-name=\"adresa\"><input size=\"40\" maxlength=\"400\" class=\"wpcf7-form-control wpcf7-text\" aria-invalid=\"false\" value=\"\" type=\"text\" name=\"adresa\" \/><\/span> <\/label>\n\t\t<\/p>\n\t<\/div>\n\t<div class=\"col-12 col-md-6\">\n\t\t<p><label> Telefon<br \/>\n<span class=\"wpcf7-form-control-wrap\" data-name=\"telefon\"><input size=\"40\" maxlength=\"400\" class=\"wpcf7-form-control wpcf7-text\" aria-invalid=\"false\" value=\"\" type=\"text\" name=\"telefon\" \/><\/span> <\/label>\n\t\t<\/p>\n\t<\/div>\n\t<div class=\"col-12 col-md-6\">\n\t\t<p><label> Mjesni odbor*<br \/>\n<span class=\"wpcf7-form-control-wrap\" data-name=\"mjesni-odbor\"><select class=\"wpcf7-form-control wpcf7-select wpcf7-validates-as-required\" aria-required=\"true\" aria-invalid=\"false\" name=\"mjesni-odbor\"><option value=\"\">Odaberi mjesni odbor<\/option><option value=\"Ka\u0161tel Su\u0107urac\">Ka\u0161tel Su\u0107urac<\/option><option value=\"Ka\u0161tel Gomilica\">Ka\u0161tel Gomilica<\/option><option value=\"Ka\u0161tel Kambelovac\">Ka\u0161tel Kambelovac<\/option><option value=\"Ka\u0161tel Luk\u0161i\u0107\">Ka\u0161tel Luk\u0161i\u0107<\/option><option value=\"Ka\u0161tel Stari\">Ka\u0161tel Stari<\/option><option value=\"Ka\u0161tel Novi\">Ka\u0161tel Novi<\/option><option value=\"Ka\u0161tel \u0160tafili\u0107\">Ka\u0161tel \u0160tafili\u0107<\/option><option value=\"Radun\">Radun<\/option><option value=\"Rudine\">Rudine<\/option><\/select><\/span> <\/label>\n\t\t<\/p>\n\t<\/div>\n\t<div class=\"col-12\">\n\t\t<p><b>2. PODACI O MALOJ KOMUNALNOJ AKCIJI<\/b>\n\t\t<\/p>\n\t<\/div>\n\t<div class=\"col-12\">\n\t\t<p><label> Predla\u017eem sljede\u0107u malu komunalnu akciju:<br \/>\n<span class=\"wpcf7-form-control-wrap\" data-name=\"prijedlog\"><textarea cols=\"40\" rows=\"10\" maxlength=\"2000\" class=\"wpcf7-form-control wpcf7-textarea\" aria-invalid=\"false\" name=\"prijedlog\"><\/textarea><\/span> <\/label>\n\t\t<\/p>\n\t<\/div>\n\t<div class=\"col-12\">\n\t\t<p><label> To\u010dna lokacija \u2013 ulica i ku\u0107ni broj, predio<br \/>\n<span class=\"wpcf7-form-control-wrap\" data-name=\"lokacija\"><input size=\"40\" maxlength=\"400\" class=\"wpcf7-form-control wpcf7-text\" aria-invalid=\"false\" value=\"\" type=\"text\" name=\"lokacija\" \/><\/span> <\/label>\n\t\t<\/p>\n\t<\/div>\n\t<div class=\"col-12\">\n\t\t<p><label> Prilo\u017eite fotografije i dokumente<br \/>\n<span class=\"wpcf7-form-control-wrap\" data-name=\"prilog\"><input size=\"40\" class=\"wpcf7-form-control wpcf7-drag-n-drop-file d-none\" aria-invalid=\"false\" type=\"file\" multiple=\"multiple\" data-name=\"prilog\" data-limit=\"10000000\" data-id=\"12756\" data-version=\"free version 1.3.9.6\" accept=\".\" data-black-list=\"exe|bat|cmd\" \/><\/span> <\/label>\n\t\t<\/p>\n\t<\/div>\n\t<div class=\"col-12\">\n\t\t<p><label> Obrazlo\u017eenje:<br \/>\n<span class=\"wpcf7-form-control-wrap\" data-name=\"obrazlozenje\"><textarea cols=\"40\" rows=\"10\" maxlength=\"2000\" class=\"wpcf7-form-control wpcf7-textarea\" aria-invalid=\"false\" name=\"obrazlozenje\"><\/textarea><\/span> <\/label>\n\t\t<\/p>\n\t<\/div>\n\t<div class=\"col-12\">\n\t\t<p><input class=\"wpcf7-form-control wpcf7-submit has-spinner\" type=\"submit\" value=\"Po\u0161alji\" \/>\n\t\t<\/p>\n\t<\/div>\n<\/div><div class=\"wpcf7-response-output\" aria-hidden=\"true\"><\/div>\n<\/form>\n<\/div>\n\n","protected":false},"excerpt":{"rendered":"<p>Obrazac prijedloga male komunalne akcije Napominjemo kako se nepotpuni i anonimni obrasci ne\u0107e uzeti u razmatranje. Zaprimljeni prijedlozi predstavit \u0107e [&hellip;]<\/p>\n","protected":false},"author":1,"featured_media":0,"parent":8883,"menu_order":0,"comment_status":"closed","ping_status":"closed","template":"","meta":{"_acf_changed":false,"footnotes":""},"class_list":["post-12753","page","type-page","status-publish","hentry"],"acf":[],"_links":{"self":[{"href":"https:\/\/kastela.hr\/en\/wp-json\/wp\/v2\/pages\/12753","targetHints":{"allow":["GET"]}}],"collection":[{"href":"https:\/\/kastela.hr\/en\/wp-json\/wp\/v2\/pages"}],"about":[{"href":"https:\/\/kastela.hr\/en\/wp-json\/wp\/v2\/types\/page"}],"author":[{"embeddable":true,"href":"https:\/\/kastela.hr\/en\/wp-json\/wp\/v2\/users\/1"}],"replies":[{"embeddable":true,"href":"https:\/\/kastela.hr\/en\/wp-json\/wp\/v2\/comments?post=12753"}],"version-history":[{"count":3,"href":"https:\/\/kastela.hr\/en\/wp-json\/wp\/v2\/pages\/12753\/revisions"}],"predecessor-version":[{"id":12757,"href":"https:\/\/kastela.hr\/en\/wp-json\/wp\/v2\/pages\/12753\/revisions\/12757"}],"up":[{"embeddable":true,"href":"https:\/\/kastela.hr\/en\/wp-json\/wp\/v2\/pages\/8883"}],"wp:attachment":[{"href":"https:\/\/kastela.hr\/en\/wp-json\/wp\/v2\/media?parent=12753"}],"curies":[{"name":"wp","href":"https:\/\/api.w.org\/{rel}","templated":true}]}}