{"id":12667,"date":"2024-11-22T14:03:26","date_gmt":"2024-11-22T13:03:26","guid":{"rendered":"https:\/\/kastela.hr\/en\/?page_id=12667"},"modified":"2024-11-22T14:16:52","modified_gmt":"2024-11-22T13:16:52","slug":"financijska-izvjesca-clanova","status":"publish","type":"page","link":"https:\/\/kastela.hr\/en\/grad-kastela\/gradsko-vijece\/financijska-izvjesca-clanova\/","title":{"rendered":"Financijska izvje\u0161\u0107a \u010dlanova"},"content":{"rendered":"\n<h2 class=\"wp-block-heading\">Financijska izvje\u0161\u0107a \u010dlanova izabranih s liste grupe bira\u010da<\/h2>\n\n\n<div class=\"prilozene_datoteke\"><ul class='no-ul'><li><a href=\"https:\/\/kastela.hr\/en\/wp-content\/uploads\/datoteke\/dokumenti\/gradsko-vijece\/financijska-izvjesca-clanova\/ivan-gotovac\/ivan-gotovac-objava-godisnjih-financijskih-izvjestaja-za-2018.-godinu.pdf\" target=\"_blank\"><img decoding=\"async\" src=\"https:\/\/kastela.hr\/en\/wp-content\/themes\/kastela\/img\/file-icons\/document-pdf.png\" alt=\"pdf icon\" style=\"width:16px; height:16px; margin-right: 5px;\">Ivan Gotovac &#8211; Objava godis\u030cnjih financijskih izvjes\u030ctaja za 2018. godinu.pdf<\/a><\/li><li><a href=\"https:\/\/kastela.hr\/en\/wp-content\/uploads\/datoteke\/dokumenti\/gradsko-vijece\/financijska-izvjesca-clanova\/ivan-gotovac\/ivan-gotovac-obavijest-o-donacijama-polugodisnje-izvjesce-2018.pdf\" target=\"_blank\"><img decoding=\"async\" src=\"https:\/\/kastela.hr\/en\/wp-content\/themes\/kastela\/img\/file-icons\/document-pdf.png\" alt=\"pdf icon\" style=\"width:16px; height:16px; margin-right: 5px;\">Ivan-Gotovac-obavijest-o-donacijama-polugodis\u030cnje-izvjes\u030cc\u0301e-2018..pdf<\/a><\/li><li><a href=\"https:\/\/kastela.hr\/en\/wp-content\/uploads\/datoteke\/dokumenti\/gradsko-vijece\/financijska-izvjesca-clanova\/ivan-gotovac\/ivan-gotovac_objava-godisnjih-financijskih-izvjestaja_2017.-godina.pdf\" target=\"_blank\"><img decoding=\"async\" src=\"https:\/\/kastela.hr\/en\/wp-content\/themes\/kastela\/img\/file-icons\/document-pdf.png\" alt=\"pdf icon\" style=\"width:16px; height:16px; margin-right: 5px;\">Ivan-Gotovac_Objava-godis\u030cnjih-financijskih-izvjes\u030ctaja_2017.-godina.pdf<\/a><\/li><li><a href=\"https:\/\/kastela.hr\/en\/wp-content\/uploads\/datoteke\/dokumenti\/gradsko-vijece\/financijska-izvjesca-clanova\/ivan-gotovac\/ivan-gotovac_obavijest-o-donacijama_polugodisnjeizvjesce_2017.pdf\" target=\"_blank\"><img decoding=\"async\" src=\"https:\/\/kastela.hr\/en\/wp-content\/themes\/kastela\/img\/file-icons\/document-pdf.png\" alt=\"pdf icon\" style=\"width:16px; height:16px; margin-right: 5px;\">Ivan-Gotovac_obavijest-o-donacijama_polugodisnjeizvjesce_2017.pdf<\/a><\/li><\/ul><\/div>","protected":false},"excerpt":{"rendered":"<p>Financijska izvje\u0161\u0107a \u010dlanova izabranih s liste grupe bira\u010da<\/p>\n","protected":false},"author":1,"featured_media":0,"parent":8893,"menu_order":0,"comment_status":"closed","ping_status":"closed","template":"","meta":{"_acf_changed":false,"footnotes":""},"class_list":["post-12667","page","type-page","status-publish","hentry"],"acf":[],"_links":{"self":[{"href":"https:\/\/kastela.hr\/en\/wp-json\/wp\/v2\/pages\/12667","targetHints":{"allow":["GET"]}}],"collection":[{"href":"https:\/\/kastela.hr\/en\/wp-json\/wp\/v2\/pages"}],"about":[{"href":"https:\/\/kastela.hr\/en\/wp-json\/wp\/v2\/types\/page"}],"author":[{"embeddable":true,"href":"https:\/\/kastela.hr\/en\/wp-json\/wp\/v2\/users\/1"}],"replies":[{"embeddable":true,"href":"https:\/\/kastela.hr\/en\/wp-json\/wp\/v2\/comments?post=12667"}],"version-history":[{"count":2,"href":"https:\/\/kastela.hr\/en\/wp-json\/wp\/v2\/pages\/12667\/revisions"}],"predecessor-version":[{"id":12688,"href":"https:\/\/kastela.hr\/en\/wp-json\/wp\/v2\/pages\/12667\/revisions\/12688"}],"up":[{"embeddable":true,"href":"https:\/\/kastela.hr\/en\/wp-json\/wp\/v2\/pages\/8893"}],"wp:attachment":[{"href":"https:\/\/kastela.hr\/en\/wp-json\/wp\/v2\/media?parent=12667"}],"curies":[{"name":"wp","href":"https:\/\/api.w.org\/{rel}","templated":true}]}}