{"id":12095,"date":"2024-11-13T09:44:14","date_gmt":"2024-11-13T08:44:14","guid":{"rendered":"https:\/\/kastela.hr\/en\/?page_id=12095"},"modified":"2024-11-13T09:48:57","modified_gmt":"2024-11-13T08:48:57","slug":"odsjek-za-upravljanje-i-odrzavanje-groblja","status":"publish","type":"page","link":"https:\/\/kastela.hr\/en\/grad-kastela\/upravni-odjeli\/vlastiti-pogon-za-obavljanje-komunalnih-djelatnosti\/odsjek-za-upravljanje-i-odrzavanje-groblja\/","title":{"rendered":"Odsjek za upravljanje i odr\u017eavanje groblja"},"content":{"rendered":"\n<p>U Odsjeku za upravljanje i odr\u017eavanje groblja obavljaju se poslovi dodjele grobnih mjesta, poslovi odr\u017eavanja prostora i zgrada za obavljanje ispra\u0107aja i usluge ukopa pokojnika te ure\u0111ivanje putova, zelenih i drugih povr\u0161ina unutar groblja.\u00a0<\/p>\n\n\n    <ul class=\"adresar-list\">\n                    \n            <li id=\"post-304\" class=\"post-12095 page type-page status-publish hentry\">\n                <h3 class=\"adresar-naziv\">Josip Keli\u0107<\/h3>\n\n                \n                <h4 class=\"adresar-titula\">Stru\u010dni suradnik za tehni\u010dke poslove<\/h4>\n                <div class=\"adresar-stavka\">E-mail: <a href=\"mailto:josip.kelic@kastela.hr\">josip.kelic@kastela.hr<\/a><\/div><div class=\"adresar-stavka\">Tel:     <a href=\"tel:+38521205206\" target=\"_blank\">\n        <a href='tel:+38521205206' target='_blank'>+38521205206<\/a>    <\/a>\n\n\n    <\/div>            <\/li>\n            <\/ul>\n    ","protected":false},"excerpt":{"rendered":"<p>U Odsjeku za upravljanje i odr\u017eavanje groblja obavljaju se poslovi dodjele grobnih mjesta, poslovi odr\u017eavanja prostora i zgrada za obavljanje [&hellip;]<\/p>\n","protected":false},"author":1,"featured_media":0,"parent":11625,"menu_order":0,"comment_status":"closed","ping_status":"closed","template":"","meta":{"_acf_changed":false,"footnotes":""},"class_list":["post-12095","page","type-page","status-publish","hentry"],"acf":[],"_links":{"self":[{"href":"https:\/\/kastela.hr\/en\/wp-json\/wp\/v2\/pages\/12095","targetHints":{"allow":["GET"]}}],"collection":[{"href":"https:\/\/kastela.hr\/en\/wp-json\/wp\/v2\/pages"}],"about":[{"href":"https:\/\/kastela.hr\/en\/wp-json\/wp\/v2\/types\/page"}],"author":[{"embeddable":true,"href":"https:\/\/kastela.hr\/en\/wp-json\/wp\/v2\/users\/1"}],"replies":[{"embeddable":true,"href":"https:\/\/kastela.hr\/en\/wp-json\/wp\/v2\/comments?post=12095"}],"version-history":[{"count":2,"href":"https:\/\/kastela.hr\/en\/wp-json\/wp\/v2\/pages\/12095\/revisions"}],"predecessor-version":[{"id":12105,"href":"https:\/\/kastela.hr\/en\/wp-json\/wp\/v2\/pages\/12095\/revisions\/12105"}],"up":[{"embeddable":true,"href":"https:\/\/kastela.hr\/en\/wp-json\/wp\/v2\/pages\/11625"}],"wp:attachment":[{"href":"https:\/\/kastela.hr\/en\/wp-json\/wp\/v2\/media?parent=12095"}],"curies":[{"name":"wp","href":"https:\/\/api.w.org\/{rel}","templated":true}]}}