{"id":12093,"date":"2024-11-13T09:43:28","date_gmt":"2024-11-13T08:43:28","guid":{"rendered":"https:\/\/kastela.hr\/en\/?page_id=12093"},"modified":"2024-11-13T09:48:18","modified_gmt":"2024-11-13T08:48:18","slug":"odsjek-za-odrzavanje-javnih-povrsina","status":"publish","type":"page","link":"https:\/\/kastela.hr\/en\/grad-kastela\/upravni-odjeli\/vlastiti-pogon-za-obavljanje-komunalnih-djelatnosti\/odsjek-za-odrzavanje-javnih-povrsina\/","title":{"rendered":"Odsjek za odr\u017eavanje javnih povr\u0161ina"},"content":{"rendered":"\n<p>U Odsjeku za odr\u017eavanje javnih povr\u0161ina obavljaju se poslovi odr\u017eavanja nerazvrstanih cesta, u dijelu koji se odnosi na odr\u017eavanje poljskih, \u0161umskih i drugih putova te odr\u017eavanje prometnih znakova, odr\u017eavanje javnih povr\u0161ina na kojima nije dopu\u0161ten promet motornim vozilima, odr\u017eavanje gra\u0111evina javne odvodnje oborinskih voda, odr\u017eavanje javnih zelenih povr\u0161ina, odr\u017eavanje \u010disto\u0107e javnih povr\u0161ina i usluge javnih tr\u017enica na malo.<\/p>\n\n\n    <ul class=\"adresar-list\">\n                    \n            <li id=\"post-303\" class=\"post-12093 page type-page status-publish hentry\">\n                <h3 class=\"adresar-naziv\">\u017deljko Raj\u010di\u0107<\/h3>\n\n                \n                <h4 class=\"adresar-titula\">Voditelj odsjeka za upravljanje i odr\u017eavanje groblja<\/h4>\n                <div class=\"adresar-stavka\">E-mail: <a href=\"mailto:zeljko.rajcic@kastela.hr\">zeljko.rajcic@kastela.hr<\/a><\/div><div class=\"adresar-stavka\">Tel:     <a href=\"tel:+38521205207\" target=\"_blank\">\n        <a href='tel:+38521205207' target='_blank'>+38521205207<\/a>    <\/a>\n\n\n    <\/div>            <\/li>\n            <\/ul>\n    ","protected":false},"excerpt":{"rendered":"<p>U Odsjeku za odr\u017eavanje javnih povr\u0161ina obavljaju se poslovi odr\u017eavanja nerazvrstanih cesta, u dijelu koji se odnosi na odr\u017eavanje poljskih, [&hellip;]<\/p>\n","protected":false},"author":1,"featured_media":0,"parent":11625,"menu_order":0,"comment_status":"closed","ping_status":"closed","template":"","meta":{"_acf_changed":false,"footnotes":""},"class_list":["post-12093","page","type-page","status-publish","hentry"],"acf":[],"_links":{"self":[{"href":"https:\/\/kastela.hr\/en\/wp-json\/wp\/v2\/pages\/12093","targetHints":{"allow":["GET"]}}],"collection":[{"href":"https:\/\/kastela.hr\/en\/wp-json\/wp\/v2\/pages"}],"about":[{"href":"https:\/\/kastela.hr\/en\/wp-json\/wp\/v2\/types\/page"}],"author":[{"embeddable":true,"href":"https:\/\/kastela.hr\/en\/wp-json\/wp\/v2\/users\/1"}],"replies":[{"embeddable":true,"href":"https:\/\/kastela.hr\/en\/wp-json\/wp\/v2\/comments?post=12093"}],"version-history":[{"count":2,"href":"https:\/\/kastela.hr\/en\/wp-json\/wp\/v2\/pages\/12093\/revisions"}],"predecessor-version":[{"id":12104,"href":"https:\/\/kastela.hr\/en\/wp-json\/wp\/v2\/pages\/12093\/revisions\/12104"}],"up":[{"embeddable":true,"href":"https:\/\/kastela.hr\/en\/wp-json\/wp\/v2\/pages\/11625"}],"wp:attachment":[{"href":"https:\/\/kastela.hr\/en\/wp-json\/wp\/v2\/media?parent=12093"}],"curies":[{"name":"wp","href":"https:\/\/api.w.org\/{rel}","templated":true}]}}