{"id":12090,"date":"2024-11-13T09:42:16","date_gmt":"2024-11-13T08:42:16","guid":{"rendered":"https:\/\/kastela.hr\/en\/?page_id=12090"},"modified":"2024-11-13T09:47:35","modified_gmt":"2024-11-13T08:47:35","slug":"odsjek-za-strucne-poslove","status":"publish","type":"page","link":"https:\/\/kastela.hr\/en\/grad-kastela\/upravni-odjeli\/vlastiti-pogon-za-obavljanje-komunalnih-djelatnosti\/odsjek-za-strucne-poslove\/","title":{"rendered":"Odsjek za stru\u010dne poslove"},"content":{"rendered":"\n<p>U Odsjeku za stru\u010dne poslove obavljaju se op\u0107i, stru\u010dni i administrativni poslovi, pravni poslovi, poslovi vezani uz javnu nabavu te izradu financijskih planova i izvje\u0161\u0107a.\u00a0<\/p>\n\n\n    <ul class=\"adresar-list\">\n                    \n            <li id=\"post-301\" class=\"post-12090 page type-page status-publish hentry\">\n                <h3 class=\"adresar-naziv\">Katja Nin\u010devi\u0107<\/h3>\n\n                \n                <h4 class=\"adresar-titula\">Voditeljica odsjeka za stru\u010dne poslove<\/h4>\n                <div class=\"adresar-stavka\">E-mail: <a href=\"mailto:katja.nincevic@kastela.hr\">katja.nincevic@kastela.hr<\/a><\/div><div class=\"adresar-stavka\">Tel:     <a href=\"tel:+38521205283\" target=\"_blank\">\n        <a href='tel:+38521205283' target='_blank'>+38521205283<\/a>    <\/a>\n\n\n    <\/div>            <\/li>\n                    \n            <li id=\"post-302\" class=\"post-12090 page type-page status-publish hentry\">\n                <h3 class=\"adresar-naziv\">Jasna Vidi\u0107<\/h3>\n\n                \n                <h4 class=\"adresar-titula\">Referentica za op\u0107e poslove<\/h4>\n                <div class=\"adresar-stavka\">E-mail: <a href=\"mailto:jasna.vidic@kastela.hr\">jasna.vidic@kastela.hr<\/a><\/div><div class=\"adresar-stavka\">Tel:     <a href=\"tel:+38521205206\" target=\"_blank\">\n        <a href='tel:+38521205206' target='_blank'>+38521205206<\/a>    <\/a>\n\n\n    <\/div>            <\/li>\n            <\/ul>\n    ","protected":false},"excerpt":{"rendered":"<p>U Odsjeku za stru\u010dne poslove obavljaju se op\u0107i, stru\u010dni i administrativni poslovi, pravni poslovi, poslovi vezani uz javnu nabavu te [&hellip;]<\/p>\n","protected":false},"author":1,"featured_media":0,"parent":11625,"menu_order":0,"comment_status":"closed","ping_status":"closed","template":"","meta":{"_acf_changed":false,"footnotes":""},"class_list":["post-12090","page","type-page","status-publish","hentry"],"acf":[],"_links":{"self":[{"href":"https:\/\/kastela.hr\/en\/wp-json\/wp\/v2\/pages\/12090","targetHints":{"allow":["GET"]}}],"collection":[{"href":"https:\/\/kastela.hr\/en\/wp-json\/wp\/v2\/pages"}],"about":[{"href":"https:\/\/kastela.hr\/en\/wp-json\/wp\/v2\/types\/page"}],"author":[{"embeddable":true,"href":"https:\/\/kastela.hr\/en\/wp-json\/wp\/v2\/users\/1"}],"replies":[{"embeddable":true,"href":"https:\/\/kastela.hr\/en\/wp-json\/wp\/v2\/comments?post=12090"}],"version-history":[{"count":3,"href":"https:\/\/kastela.hr\/en\/wp-json\/wp\/v2\/pages\/12090\/revisions"}],"predecessor-version":[{"id":12103,"href":"https:\/\/kastela.hr\/en\/wp-json\/wp\/v2\/pages\/12090\/revisions\/12103"}],"up":[{"embeddable":true,"href":"https:\/\/kastela.hr\/en\/wp-json\/wp\/v2\/pages\/11625"}],"wp:attachment":[{"href":"https:\/\/kastela.hr\/en\/wp-json\/wp\/v2\/media?parent=12090"}],"curies":[{"name":"wp","href":"https:\/\/api.w.org\/{rel}","templated":true}]}}