{"id":12086,"date":"2024-11-13T09:40:13","date_gmt":"2024-11-13T08:40:13","guid":{"rendered":"https:\/\/kastela.hr\/en\/?page_id=12086"},"modified":"2024-11-13T09:52:24","modified_gmt":"2024-11-13T08:52:24","slug":"djelokrug-rada-vlastitog-pogona-za-obavljanje-komunalnih-djelatnosti-u-gradu-kastela","status":"publish","type":"page","link":"https:\/\/kastela.hr\/en\/grad-kastela\/upravni-odjeli\/vlastiti-pogon-za-obavljanje-komunalnih-djelatnosti\/djelokrug-rada-vlastitog-pogona-za-obavljanje-komunalnih-djelatnosti-u-gradu-kastela\/","title":{"rendered":"Djelokrug rada Vlastitog pogona za obavljanje komunalnih djelatnosti u Gradu Ka\u0161tela"},"content":{"rendered":"\n<h2 class=\"wp-block-heading\">Vlastiti pogon obavlja sljede\u0107e komunalne djelatnosti kojima se osigurava odr\u017eavanje komunalne infrastrukture u stanju funkcionalne ispravnosti:<\/h2>\n\n\n\n<ol class=\"wp-block-list\">\n<li>odr\u017eavanje nerazvrstanih cesta, u dijelu koji se odnosi na odr\u017eavanje poljskih, \u0161umskih i drugih<br>putova te odr\u017eavanje prometnih znakova<\/li>\n\n\n\n<li>odr\u017eavanje javnih povr\u0161ina na kojima nije dopu\u0161ten promet motornim vozilima<\/li>\n\n\n\n<li>odr\u017eavanje gra\u0111evina javne odvodnje oborinskih voda<\/li>\n\n\n\n<li>odr\u017eavanje javnih zelenih povr\u0161ina<\/li>\n\n\n\n<li>odr\u017eavanje gra\u0111evina, ure\u0111aja i predmeta javne namjene<\/li>\n\n\n\n<li>odr\u017eavanje groblja<\/li>\n\n\n\n<li>odr\u017eavanje \u010disto\u0107e javnih povr\u0161ina<\/li>\n\n\n\n<li>odr\u017eavanje javne rasvjete.<\/li>\n<\/ol>\n\n\n\n<h2 class=\"wp-block-heading\">Vlastiti pogon obavlja sljede\u0107e uslu\u017ene komunalne djelatnosti:<\/h2>\n\n\n\n<ol class=\"wp-block-list\">\n<li>usluge javnih tr\u017enica na malo<\/li>\n\n\n\n<li>usluge ukopa.<\/li>\n<\/ol>\n\n\n\n<h2 class=\"wp-block-heading\">U Vlastitom pogonu ustrojavaju se sljede\u0107e ustrojstvene jedinice:&nbsp; <\/h2>\n\n\n\n<p><strong><a href=\"https:\/\/kastela.hr\/en\/grad-kastela\/upravni-odjeli\/vlastiti-pogon-za-obavljanje-komunalnih-djelatnosti\/odsjek-za-strucne-poslove\/\" data-type=\"page\" data-id=\"12090\">1. Odsjek za stru\u010dne poslove<\/a>,<\/strong> u kojima se obavljaju op\u0107i, stru\u010dni i administrativni poslovi, pravni poslovi, poslovi vezani uz javnu nabavu te izradu financijskih planova i izvje\u0161\u0107a.<\/p>\n\n\n\n<p><strong><a href=\"https:\/\/kastela.hr\/en\/grad-kastela\/upravni-odjeli\/vlastiti-pogon-za-obavljanje-komunalnih-djelatnosti\/odsjek-za-odrzavanje-javnih-povrsina\/\" data-type=\"page\" data-id=\"12093\">2. Odsjek za odr\u017eavanje javnih povr\u0161ina<\/a>,<\/strong> u kojima se obavljaju poslovi odr\u017eavanja nerazvrstanih cesta, u dijelu koji se odnosi na odr\u017eavanje poljskih, \u0161umskih i drugih putova te odr\u017eavanje prometnih znakova, odr\u017eavanje javnih povr\u0161ina na kojima nije dopu\u0161ten promet motornim vozilima, odr\u017eavanje gra\u0111evina javne odvodnje oborinskih voda, odr\u017eavanje javnih zelenih povr\u0161ina, odr\u017eavanje \u010disto\u0107e javnih povr\u0161ina i usluge javnih tr\u017enica na malo.\u00a0<\/p>\n\n\n\n<p><strong><a href=\"https:\/\/kastela.hr\/en\/grad-kastela\/upravni-odjeli\/vlastiti-pogon-za-obavljanje-komunalnih-djelatnosti\/odsjek-za-upravljanje-i-odrzavanje-groblja\/\" data-type=\"page\" data-id=\"12095\">3. Odsjek za upravljanje i odr\u017eavanje groblja<\/a>, <\/strong>u kojima se obavljaju poslovi dodjele grobnih mjesta, poslovi odr\u017eavanja prostora i zgrada za obavljanje ispra\u0107aja i usluge ukopa pokojnika te ure\u0111ivanje putova, zelenih i drugih povr\u0161ina unutar groblja.\u00a0<\/p>\n\n\n\n<p><strong><a href=\"https:\/\/kastela.hr\/en\/grad-kastela\/upravni-odjeli\/vlastiti-pogon-za-obavljanje-komunalnih-djelatnosti\/odsjek-za-tehnicko-odrzavanje\/\" data-type=\"page\" data-id=\"12097\">4. Odsjek za tehni\u010dko odr\u017eavanje<\/a>,<\/strong> u kojima se obavljaju poslovi odr\u017eavanja javne rasvjete koji podrazumijevaju upravljanje i odr\u017eavanje instalacija javne rasvjete, uklju\u010duju\u0107i i podmirivanje tro\u0161kova elektri\u010dne energije, za rasvjetljavanje povr\u0161ina javne namjene i poslovi odr\u017eavanja gra\u0111evina i ure\u0111aja javne namjene koji podrazumijevaju odr\u017eavanje, popravke i \u010di\u0161\u0107enje tih gra\u0111evina, ure\u0111aja i predmeta.\u00a0<\/p>\n\n\n\n<p><\/p>\n","protected":false},"excerpt":{"rendered":"<p>Vlastiti pogon obavlja sljede\u0107e komunalne djelatnosti kojima se osigurava odr\u017eavanje komunalne infrastrukture u stanju funkcionalne ispravnosti: Vlastiti pogon obavlja sljede\u0107e [&hellip;]<\/p>\n","protected":false},"author":1,"featured_media":0,"parent":11625,"menu_order":0,"comment_status":"closed","ping_status":"closed","template":"","meta":{"_acf_changed":false,"footnotes":""},"class_list":["post-12086","page","type-page","status-publish","hentry"],"acf":[],"_links":{"self":[{"href":"https:\/\/kastela.hr\/en\/wp-json\/wp\/v2\/pages\/12086","targetHints":{"allow":["GET"]}}],"collection":[{"href":"https:\/\/kastela.hr\/en\/wp-json\/wp\/v2\/pages"}],"about":[{"href":"https:\/\/kastela.hr\/en\/wp-json\/wp\/v2\/types\/page"}],"author":[{"embeddable":true,"href":"https:\/\/kastela.hr\/en\/wp-json\/wp\/v2\/users\/1"}],"replies":[{"embeddable":true,"href":"https:\/\/kastela.hr\/en\/wp-json\/wp\/v2\/comments?post=12086"}],"version-history":[{"count":4,"href":"https:\/\/kastela.hr\/en\/wp-json\/wp\/v2\/pages\/12086\/revisions"}],"predecessor-version":[{"id":12107,"href":"https:\/\/kastela.hr\/en\/wp-json\/wp\/v2\/pages\/12086\/revisions\/12107"}],"up":[{"embeddable":true,"href":"https:\/\/kastela.hr\/en\/wp-json\/wp\/v2\/pages\/11625"}],"wp:attachment":[{"href":"https:\/\/kastela.hr\/en\/wp-json\/wp\/v2\/media?parent=12086"}],"curies":[{"name":"wp","href":"https:\/\/api.w.org\/{rel}","templated":true}]}}