{"id":12079,"date":"2024-11-13T09:28:20","date_gmt":"2024-11-13T08:28:20","guid":{"rendered":"https:\/\/kastela.hr\/en\/?page_id=12079"},"modified":"2024-11-13T09:29:50","modified_gmt":"2024-11-13T08:29:50","slug":"djelokrug-rada-sluzbe-za-unutarnju-reviziju","status":"publish","type":"page","link":"https:\/\/kastela.hr\/en\/grad-kastela\/upravni-odjeli\/sluzba-za-unutarnju-reviziju\/djelokrug-rada-sluzbe-za-unutarnju-reviziju\/","title":{"rendered":"Djelokrug rada slu\u017ebe za unutarnju reviziju"},"content":{"rendered":"\n<h2 class=\"wp-block-heading\">U Slu\u017ebi za unutarnju reviziju obavljaju se sljede\u0107i poslovi:<\/h2>\n\n\n\n<p>&#8220;izradu strate\u0161kog i godi\u0161njeg plana unutarnje revizije temeljenih na objektivnoj procjeni rizika, te radnog plana pojedina\u010dne unutarnje revizije; provedbu unutarnje revizije u upravnim tijelima Grada, procjenom prikladnosti i djelotvornosti sustava unutarnjih kontrola u odnosu na utvr\u0111ivanje, procjenu i upravljanje rizicima, usugla\u0161enost sa zakonima i drugim propisima, pouzdanost i sveobuhvatnost financijskih i drugih informacija, u\u010dinkovitost, djelotvornost i ekonomi\u010dnost poslovanja, za\u0161titu imovine i informacija, te obavljanje zada\u0107a i ostvarivanja ciljeva; provedbu unutarnjih revizija u prora\u010dunskim korisnicima Grada i u gradskoj tvrtki Zeleno i modro d.o.o. za obavljanje komunalnih djelatnosti; upozoravanje na nepravilnosti i neuskla\u0111enosti sa zakonima i drugim propisima, te predlaganje mjera za njihovo otklanjanje i za unapre\u0111ivanje poslovanja; izradu izvje\u0161\u0107a o obavljenim unutarnjim revizijama, pra\u0107enje provedbe danih preporuka navedenih u izvje\u0161\u0107u o obavljenoj unutarnjoj reviziji, te ostalih izvje\u0161\u0107a sukladno regulatornom okviru; izrada Mi\u0161ljenja o sustavu unutarnjih kontrola u okviru Godi\u0161nje izjave gradona\u010delnika o fiskalnoj odgovornosti; suradnju sa Sektorom za harmonizaciju razvoja sustava unutarnjih kontrola u Ministarstvu financija kao Sredi\u0161njom harmonizacijskom jedinicom i Dr\u017eavnim uredom za reviziju; obavljanje ostalih poslova sukladno zakonu, drugim propisima i po nalogu gradona\u010delnika.&#8221;<\/p>\n\n\n\n<h2 class=\"wp-block-heading\">Zakoni i propisi koji se odnose na rad Slu\u017ebe su:<\/h2>\n\n\n\n<ul class=\"wp-block-list\">\n<li>Zakon o sustavu unutarnjih kontrola u javnom sektoru (Narodne novine br. 78\/15 i 102\/19)<\/li>\n\n\n\n<li>Pravilnik o sustavu unutarnjih kontrola u javnom sektoru (Narodne novine br. 58\/16)<\/li>\n\n\n\n<li>Pravilnik o unutarnjoj reviziji u javnom sektoru (Narodne novine br. 42\/16 i 77\/19)<\/li>\n\n\n\n<li>Kodeks strukovne etike unutarnjih revizora u javnom sektoru (Narodne novine br. 42\/16)<\/li>\n\n\n\n<li>Pravilnik o obavljanju provjere kvalitete aktivnosti unutarnje revizije (Narodne novine br. 35\/16)<\/li>\n\n\n\n<li>Pravilnik o izobrazbi, uvjetima i na\u010dinu polaganja ispita za stjecanje zvanja ovla\u0161tenog unutarnjeg revizora za javni sektor (Narodne novine br. 138\/20)<\/li>\n\n\n\n<li>Naputak o stalnom stru\u010dnom usavr\u0161avanju ovla\u0161tenih unutarnjih revizora za javni sektor (Narodne novine br. 24\/16)<\/li>\n\n\n\n<li>Pravilnik o sadr\u017eaju i na\u010dinu vo\u0111enja Registra jedinica za unutarnju reviziju i Registra ovla\u0161tenih unutarnjih revizora za javni sektor (Narodne novine br. 42\/16)<\/li>\n<\/ul>\n\n\n\n<h2 class=\"wp-block-heading\">Interni akti i planovi rada:<\/h2>\n\n\n\n<ul class=\"wp-block-list\">\n<li>Interni pravilnik o unutarnjoj reviziji u Gradu Ka\u0161tela (Slu\u017ebeni glasnik Grada Ka\u0161tela br. 7\/17)<\/li>\n\n\n\n<li>Strate\u0161ki plan unutarnje revizije Grada Ka\u0161tela za razdoblje 2024.-2026. godine<\/li>\n\n\n\n<li>Godi\u0161nji plan unutarnje revizije Grada Ka\u0161tela za 2024. godinu<\/li>\n<\/ul>\n","protected":false},"excerpt":{"rendered":"<p>U Slu\u017ebi za unutarnju reviziju obavljaju se sljede\u0107i poslovi: &#8220;izradu strate\u0161kog i godi\u0161njeg plana unutarnje revizije temeljenih na objektivnoj procjeni [&hellip;]<\/p>\n","protected":false},"author":1,"featured_media":0,"parent":11623,"menu_order":0,"comment_status":"closed","ping_status":"closed","template":"","meta":{"_acf_changed":false,"footnotes":""},"class_list":["post-12079","page","type-page","status-publish","hentry"],"acf":[],"_links":{"self":[{"href":"https:\/\/kastela.hr\/en\/wp-json\/wp\/v2\/pages\/12079","targetHints":{"allow":["GET"]}}],"collection":[{"href":"https:\/\/kastela.hr\/en\/wp-json\/wp\/v2\/pages"}],"about":[{"href":"https:\/\/kastela.hr\/en\/wp-json\/wp\/v2\/types\/page"}],"author":[{"embeddable":true,"href":"https:\/\/kastela.hr\/en\/wp-json\/wp\/v2\/users\/1"}],"replies":[{"embeddable":true,"href":"https:\/\/kastela.hr\/en\/wp-json\/wp\/v2\/comments?post=12079"}],"version-history":[{"count":3,"href":"https:\/\/kastela.hr\/en\/wp-json\/wp\/v2\/pages\/12079\/revisions"}],"predecessor-version":[{"id":12083,"href":"https:\/\/kastela.hr\/en\/wp-json\/wp\/v2\/pages\/12079\/revisions\/12083"}],"up":[{"embeddable":true,"href":"https:\/\/kastela.hr\/en\/wp-json\/wp\/v2\/pages\/11623"}],"wp:attachment":[{"href":"https:\/\/kastela.hr\/en\/wp-json\/wp\/v2\/media?parent=12079"}],"curies":[{"name":"wp","href":"https:\/\/api.w.org\/{rel}","templated":true}]}}