{"id":12061,"date":"2024-11-13T09:16:59","date_gmt":"2024-11-13T08:16:59","guid":{"rendered":"https:\/\/kastela.hr\/en\/?page_id=12061"},"modified":"2024-11-13T09:26:32","modified_gmt":"2024-11-13T08:26:32","slug":"odsjek-za-gospodarstvo-i-komunalne-djelatnosti","status":"publish","type":"page","link":"https:\/\/kastela.hr\/en\/grad-kastela\/upravni-odjeli\/upravni-odjel-za-gospodarski-razvoj-i-fondove-europske-unije\/odsjek-za-gospodarstvo-i-komunalne-djelatnosti\/","title":{"rendered":"Odsjek za gospodarstvo i komunalne djelatnosti"},"content":{"rendered":"\n<p>U Odsjeku za gospodarstvo i komunalne djelatnosti obavljaju se poslovi vezani za poticanje gospodarstva, razvoj poduzetni\u010dke infrastrukture, poslovi suradnje s obrtnicima, trgova\u010dkim dru\u0161tvima i drugim pravnim i fizi\u010dkim osobama od zna\u010daja za gospodarski razvoj grada te poslovi provedbe komunalnih djelatnosti i nadzora isporuke komunalnih usluga koje su u nadle\u017enosti grada.\u00a0<\/p>\n\n\n    <ul class=\"adresar-list\">\n                    \n            <li id=\"post-291\" class=\"post-12061 page type-page status-publish hentry\">\n                <h3 class=\"adresar-naziv\">Maja Brki\u0107<\/h3>\n\n                \n                <h4 class=\"adresar-titula\">Savjetnica za gospodarstvo<\/h4>\n                <div class=\"adresar-stavka\">E-mail: <a href=\"mailto:maja.brkic@kastela.hr\">maja.brkic@kastela.hr<\/a><\/div><div class=\"adresar-stavka\">Tel:     <a href=\"tel:+38521205203\" target=\"_blank\">\n        <a href='tel:+38521205203' target='_blank'>+38521205203<\/a>    <\/a>\n\n\n    <\/div>            <\/li>\n                    \n            <li id=\"post-292\" class=\"post-12061 page type-page status-publish hentry\">\n                <h3 class=\"adresar-naziv\">Ivan Miljak<\/h3>\n\n                \n                <h4 class=\"adresar-titula\">Savjetnik za pravne poslove<\/h4>\n                <div class=\"adresar-stavka\">E-mail: <a href=\"mailto:ivan.miljak@kastela.hr\">ivan.miljak@kastela.hr<\/a><\/div><div class=\"adresar-stavka\">Tel:     <a href=\"tel:+38521205263\" target=\"_blank\">\n        <a href='tel:+38521205263' target='_blank'>+38521205263<\/a>    <\/a>\n\n\n    <\/div>            <\/li>\n                    \n            <li id=\"post-293\" class=\"post-12061 page type-page status-publish hentry\">\n                <h3 class=\"adresar-naziv\">Marija Pelivan<\/h3>\n\n                \n                <h4 class=\"adresar-titula\">Vi\u0161a savjetnica &#8211; specijalist za komunalne djelatnosti<\/h4>\n                <div class=\"adresar-stavka\">E-mail: <a href=\"mailto:marija.pelivan@kastela.hr\">marija.pelivan@kastela.hr<\/a><\/div><div class=\"adresar-stavka\">Tel:     <a href=\"tel:+38521205235\" target=\"_blank\">\n        <a href='tel:+38521205235' target='_blank'>+38521205235<\/a>    <\/a>\n\n\n    <\/div>            <\/li>\n                    \n            <li id=\"post-294\" class=\"post-12061 page type-page status-publish hentry\">\n                <h3 class=\"adresar-naziv\">Dina Bali\u0107<\/h3>\n\n                \n                <h4 class=\"adresar-titula\">Savjetnica za koncesijska odobrenja, zakup javnih povr\u0161ina i poslovnih prostora<\/h4>\n                <div class=\"adresar-stavka\">E-mail: <a href=\"mailto:dina.balic@kastela.hr\">dina.balic@kastela.hr<\/a><\/div><div class=\"adresar-stavka\">Tel:     <a href=\"tel:+38521205263\" target=\"_blank\">\n        <a href='tel:+38521205263' target='_blank'>+38521205263<\/a>    <\/a>\n\n\n    <\/div>            <\/li>\n            <\/ul>\n    ","protected":false},"excerpt":{"rendered":"<p>U Odsjeku za gospodarstvo i komunalne djelatnosti obavljaju se poslovi vezani za poticanje gospodarstva, razvoj poduzetni\u010dke infrastrukture, poslovi suradnje s [&hellip;]<\/p>\n","protected":false},"author":1,"featured_media":0,"parent":11619,"menu_order":0,"comment_status":"closed","ping_status":"closed","template":"","meta":{"_acf_changed":false,"footnotes":""},"class_list":["post-12061","page","type-page","status-publish","hentry"],"acf":[],"_links":{"self":[{"href":"https:\/\/kastela.hr\/en\/wp-json\/wp\/v2\/pages\/12061","targetHints":{"allow":["GET"]}}],"collection":[{"href":"https:\/\/kastela.hr\/en\/wp-json\/wp\/v2\/pages"}],"about":[{"href":"https:\/\/kastela.hr\/en\/wp-json\/wp\/v2\/types\/page"}],"author":[{"embeddable":true,"href":"https:\/\/kastela.hr\/en\/wp-json\/wp\/v2\/users\/1"}],"replies":[{"embeddable":true,"href":"https:\/\/kastela.hr\/en\/wp-json\/wp\/v2\/comments?post=12061"}],"version-history":[{"count":5,"href":"https:\/\/kastela.hr\/en\/wp-json\/wp\/v2\/pages\/12061\/revisions"}],"predecessor-version":[{"id":12076,"href":"https:\/\/kastela.hr\/en\/wp-json\/wp\/v2\/pages\/12061\/revisions\/12076"}],"up":[{"embeddable":true,"href":"https:\/\/kastela.hr\/en\/wp-json\/wp\/v2\/pages\/11619"}],"wp:attachment":[{"href":"https:\/\/kastela.hr\/en\/wp-json\/wp\/v2\/media?parent=12061"}],"curies":[{"name":"wp","href":"https:\/\/api.w.org\/{rel}","templated":true}]}}