{"id":12059,"date":"2024-11-13T09:16:12","date_gmt":"2024-11-13T08:16:12","guid":{"rendered":"https:\/\/kastela.hr\/en\/?page_id=12059"},"modified":"2024-11-13T09:25:23","modified_gmt":"2024-11-13T08:25:23","slug":"odsjek-za-komunalno-redarstvo","status":"publish","type":"page","link":"https:\/\/kastela.hr\/en\/grad-kastela\/upravni-odjeli\/upravni-odjel-za-gospodarski-razvoj-i-fondove-europske-unije\/odsjek-za-komunalno-redarstvo\/","title":{"rendered":"Odsjek za komunalno redarstvo"},"content":{"rendered":"\n<p>U Odsjeku za komunalno redarstvo obavljaju se poslovi iz oblasti komunalnog i prometnog redarstva te drugih oblika redarstva utvr\u0111enih zakonom i posebnim propisima kao dio nadle\u017enosti jedinice lokalne samouprave te poslovi izrade op\u0107ih i pojedinih akata koji reguliraju komunalni red.\u00a0<\/p>\n\n\n    <ul class=\"adresar-list\">\n                    \n            <li id=\"post-282\" class=\"post-12059 page type-page status-publish hentry\">\n                <h3 class=\"adresar-naziv\">Du\u0161ko Botu\u0161i\u0107<\/h3>\n\n                \n                <h4 class=\"adresar-titula\">Voditelj odsjeka za komunalno redarstvo<\/h4>\n                <div class=\"adresar-stavka\">E-mail: <a href=\"mailto:dusko.botusic@kastela.hr\">dusko.botusic@kastela.hr<\/a><\/div><div class=\"adresar-stavka\">Tel:     <a href=\"tel:+38521205238\" target=\"_blank\">\n        <a href='tel:+38521205238' target='_blank'>+38521205238<\/a>    <\/a>\n\n\n    <\/div>            <\/li>\n                    \n            <li id=\"post-284\" class=\"post-12059 page type-page status-publish hentry\">\n                <h3 class=\"adresar-naziv\">Julija Alajbeg Bili\u0107<\/h3>\n\n                \n                <h4 class=\"adresar-titula\">Referentica &#8211; komunalna i prometna redarica, Ka\u0161tel Su\u0107urac<\/h4>\n                <div class=\"adresar-stavka\">E-mail: <a href=\"mailto:julija.alajbeg.bilic@kastela.hr\">julija.alajbeg.bilic@kastela.hr<\/a><\/div><div class=\"adresar-stavka\">Tel:     <a href=\"tel:+38521205234\" target=\"_blank\">\n        <a href='tel:+38521205234' target='_blank'>+38521205234<\/a>    <\/a>\n\n\n    <\/div><div class=\"adresar-stavka\">Tel:     <a href=\"tel:+385997334866\" target=\"_blank\">\n        <a href='tel:+385997334866' target='_blank'>+385997334866<\/a>    <\/a>\n\n\n    <\/div>            <\/li>\n                    \n            <li id=\"post-285\" class=\"post-12059 page type-page status-publish hentry\">\n                <h3 class=\"adresar-naziv\">Mate Grubi\u0161i\u0107<\/h3>\n\n                \n                <h4 class=\"adresar-titula\">Stru\u010dni suradnik za poslove komunalnog redarstva<\/h4>\n                <div class=\"adresar-stavka\">E-mail: <a href=\"mailto:mate.grubisic@kastela.hr\">mate.grubisic@kastela.hr<\/a><\/div><div class=\"adresar-stavka\">Tel:     <a href=\"tel:+38521205238\" target=\"_blank\">\n        <a href='tel:+38521205238' target='_blank'>+38521205238<\/a>    <\/a>\n\n\n    <\/div><div class=\"adresar-stavka\">Tel:     <a href=\"tel:+385916019779\" target=\"_blank\">\n        <a href='tel:+385916019779' target='_blank'>+385916019779<\/a>    <\/a>\n\n\n    <\/div>            <\/li>\n                    \n            <li id=\"post-286\" class=\"post-12059 page type-page status-publish hentry\">\n                <h3 class=\"adresar-naziv\">Nediljko Juri\u0107<\/h3>\n\n                \n                <h4 class=\"adresar-titula\">Referent &#8211; komunalni i poljoprivredni redar, Ka\u0161tel Gomilica, Ka\u0161tel \u0160tafili\u0107<\/h4>\n                <div class=\"adresar-stavka\">E-mail: <a href=\"mailto:nediljko.juric@kastela.hr\">nediljko.juric@kastela.hr<\/a><\/div><div class=\"adresar-stavka\">Tel:     <a href=\"tel:+38521205238\" target=\"_blank\">\n        <a href='tel:+38521205238' target='_blank'>+38521205238<\/a>    <\/a>\n\n\n    <\/div>            <\/li>\n                    \n            <li id=\"post-287\" class=\"post-12059 page type-page status-publish hentry\">\n                <h3 class=\"adresar-naziv\">Mate Lu\u010di\u0107<\/h3>\n\n                \n                <h4 class=\"adresar-titula\">Referent &#8211; komunalni i prometni redar, Radun<\/h4>\n                <div class=\"adresar-stavka\">E-mail: <a href=\"mailto:mate.lucic@kastela.hr\">mate.lucic@kastela.hr<\/a><\/div><div class=\"adresar-stavka\">Tel:     <a href=\"tel:+38521205234\" target=\"_blank\">\n        <a href='tel:+38521205234' target='_blank'>+38521205234<\/a>    <\/a>\n\n\n    <\/div><div class=\"adresar-stavka\">Tel:     <a href=\"tel:+385997334867\" target=\"_blank\">\n        <a href='tel:+385997334867' target='_blank'>+385997334867<\/a>    <\/a>\n\n\n    <\/div>            <\/li>\n                    \n            <li id=\"post-288\" class=\"post-12059 page type-page status-publish hentry\">\n                <h3 class=\"adresar-naziv\">Damir Raj\u010di\u0107<\/h3>\n\n                \n                <h4 class=\"adresar-titula\">Referent &#8211; komunalni i prometni redar, Ka\u0161tel Novi &#8211; Rudine<\/h4>\n                <div class=\"adresar-stavka\">E-mail: <a href=\"mailto:damir.rajcic@kastela.hr\">damir.rajcic@kastela.hr<\/a><\/div><div class=\"adresar-stavka\">Tel:     <a href=\"tel:+38521205238\" target=\"_blank\">\n        <a href='tel:+38521205238' target='_blank'>+38521205238<\/a>    <\/a>\n\n\n    <\/div><div class=\"adresar-stavka\">Tel:     <a href=\"tel:+385916019774\" target=\"_blank\">\n        <a href='tel:+385916019774' target='_blank'>+385916019774<\/a>    <\/a>\n\n\n    <\/div>            <\/li>\n                    \n            <li id=\"post-289\" class=\"post-12059 page type-page status-publish hentry\">\n                <h3 class=\"adresar-naziv\">Damir \u0160i\u0161kov<\/h3>\n\n                \n                <h4 class=\"adresar-titula\">Referent &#8211; komunalni i poljoprivredni redar, Ka\u0161tel Kambelovac, Ka\u0161tel Luk\u0161i\u0107<\/h4>\n                <div class=\"adresar-stavka\">E-mail: <a href=\"mailto:damir.siskov@kastela.hr\">damir.siskov@kastela.hr<\/a><\/div><div class=\"adresar-stavka\">Tel:     <a href=\"tel:+38521205234\" target=\"_blank\">\n        <a href='tel:+38521205234' target='_blank'>+38521205234<\/a>    <\/a>\n\n\n    <\/div><div class=\"adresar-stavka\">Tel:     <a href=\"tel:+385997334868\" target=\"_blank\">\n        <a href='tel:+385997334868' target='_blank'>+385997334868<\/a>    <\/a>\n\n\n    <\/div>            <\/li>\n                    \n            <li id=\"post-290\" class=\"post-12059 page type-page status-publish hentry\">\n                <h3 class=\"adresar-naziv\">Lando \u0160i\u0161kov<\/h3>\n\n                \n                <h4 class=\"adresar-titula\">Referent &#8211; komunalni i prometni redar, Ka\u0161tel Stari<\/h4>\n                <div class=\"adresar-stavka\">E-mail: <a href=\"mailto:lando.siskov@kastela.hr\">lando.siskov@kastela.hr<\/a><\/div><div class=\"adresar-stavka\">Tel:     <a href=\"tel:+38521205234\" target=\"_blank\">\n        <a href='tel:+38521205234' target='_blank'>+38521205234<\/a>    <\/a>\n\n\n    <\/div><div class=\"adresar-stavka\">Tel:     <a href=\"tel:+385916019775\" target=\"_blank\">\n        <a href='tel:+385916019775' target='_blank'>+385916019775<\/a>    <\/a>\n\n\n    <\/div>            <\/li>\n            <\/ul>\n    ","protected":false},"excerpt":{"rendered":"<p>U Odsjeku za komunalno redarstvo obavljaju se poslovi iz oblasti komunalnog i prometnog redarstva te drugih oblika redarstva utvr\u0111enih zakonom [&hellip;]<\/p>\n","protected":false},"author":1,"featured_media":0,"parent":11619,"menu_order":0,"comment_status":"closed","ping_status":"closed","template":"","meta":{"_acf_changed":false,"footnotes":""},"class_list":["post-12059","page","type-page","status-publish","hentry"],"acf":[],"_links":{"self":[{"href":"https:\/\/kastela.hr\/en\/wp-json\/wp\/v2\/pages\/12059","targetHints":{"allow":["GET"]}}],"collection":[{"href":"https:\/\/kastela.hr\/en\/wp-json\/wp\/v2\/pages"}],"about":[{"href":"https:\/\/kastela.hr\/en\/wp-json\/wp\/v2\/types\/page"}],"author":[{"embeddable":true,"href":"https:\/\/kastela.hr\/en\/wp-json\/wp\/v2\/users\/1"}],"replies":[{"embeddable":true,"href":"https:\/\/kastela.hr\/en\/wp-json\/wp\/v2\/comments?post=12059"}],"version-history":[{"count":3,"href":"https:\/\/kastela.hr\/en\/wp-json\/wp\/v2\/pages\/12059\/revisions"}],"predecessor-version":[{"id":12075,"href":"https:\/\/kastela.hr\/en\/wp-json\/wp\/v2\/pages\/12059\/revisions\/12075"}],"up":[{"embeddable":true,"href":"https:\/\/kastela.hr\/en\/wp-json\/wp\/v2\/pages\/11619"}],"wp:attachment":[{"href":"https:\/\/kastela.hr\/en\/wp-json\/wp\/v2\/media?parent=12059"}],"curies":[{"name":"wp","href":"https:\/\/api.w.org\/{rel}","templated":true}]}}