{"id":12054,"date":"2024-11-13T09:09:40","date_gmt":"2024-11-13T08:09:40","guid":{"rendered":"https:\/\/kastela.hr\/en\/?page_id=12054"},"modified":"2024-11-13T09:24:38","modified_gmt":"2024-11-13T08:24:38","slug":"djelokrug-rada-uo-za-gospodarski-razvoj-i-fondove-europske-unije","status":"publish","type":"page","link":"https:\/\/kastela.hr\/en\/grad-kastela\/upravni-odjeli\/upravni-odjel-za-gospodarski-razvoj-i-fondove-europske-unije\/djelokrug-rada-uo-za-gospodarski-razvoj-i-fondove-europske-unije\/","title":{"rendered":"Djelokrug rada UO za gospodarski razvoj i fondove Europske unije"},"content":{"rendered":"\n<h2 class=\"wp-block-heading\">U Upravnom odjelu za gospodarski razvoj i fondove Europske unije obavljaju se sljede\u0107i poslovi:<\/h2>\n\n\n\n<p>Poticanje i razvoj gospodarstva, turizma, obrta, malog i srednjeg poduzetni\u0161tva, pru\u017eanje podr\u0161ke u realizaciji po\u010detni\u010dkih poduzetni\u010dkih inicijativa i projekata, izrada strate\u0161kih dokumenata iz podru\u010dja razvoja gospodarstva i poduzetni\u0161tva, izrada prijedloga odr\u017eivog gospodarskog razvoja grada, predlaganje odre\u0111ivanja radnog vremena ugostiteljskih objekata te u svezi s tim provo\u0111enje upravnog postupka, poslovi za\u0161tite potro\u0161a\u010da, stru\u010dni poslovi dono\u0161enja akata u vezi gospodarenja otpadom i javnim parkirali\u0161tima, koordinacija sa trgova\u010dkim dru\u0161tvom za obavljanje komunalnih djelatnosti \u010diji je Grad osniva\u010d i Razvojnom agencijom Grada te dru\u0161tvima kojima je Grad povjerio obavljanje komunalnih djelatnosti odnosno u kojima Grad ima osniva\u010dka prava, nadzor nad obavljanjem komunalnih usluga od strane isporu\u010ditelja istih te evidencija cijena komunalnih usluga, poslovi upravljanja poslovnim i drugim prostorima te javnim povr\u0161inama u vlasni\u0161tvu Grada, poslovi u vezi kori\u0161tenja i privremenog kori\u0161tenja javnih povr\u0161ina i drugih nekretnina, provo\u0111enje postupka davanja u zakup odnosno na kori\u0161tenje, poslovi u vezi postavljanja reklamnih i oglasnih predmeta, nadzor kori\u0161tenja, poduzimanje mjera za naplatu, poslovi u vezi zbrinjavanja i uklanjanja \u017eivotinja lutalica i uginulih \u017eivotinja, poslovi deratizacije i dezinsekcije, poslovi dru\u0161tveno poticane stanogradnje, javno-privatnog partnerstva, obrta, trgovine, ugostiteljstva, auto taksi prijevoza, poljoprivrednog zemlji\u0161ta, poticanje razvoja poljoprivrede, ribarstva i drugih malih i srednjih poduzetni\u010dkih djelatnosti, poslovi energetske u\u010dinkovitosti, procjena \u0161teta od elementarnih nepogoda, koncesijska odobrenja i koncesije koje posebnim propisom nisu povjerene drugim upravnim tijelima, priprema, kandidiranje i provedba projekata za financiranje od strane europskih i drugih fondova, poslovi iz oblasti komunalnog i prometnog redarstva te drugih oblika redarstva utvr\u0111enih zakonom i posebnim propisima kao dio nadle\u017enosti jedinice lokalne samouprave, poslovi izrade op\u0107ih i pojedina\u010dnih akata koji reguliraju komunalni red, poslovi jednostavne javne nabave roba, usluga i radova sukladno djelokrugu poslova upravnog odjela, izvr\u0161avanje i nadzor provo\u0111enja op\u0107ih i pojedina\u010dnih akata Gradskog vije\u0107a i gradona\u010delnika, izrada nacrta i prijedloga zaklju\u010daka, izvje\u0161\u0107a, programa, planova, odluka, ugovora i drugih akata iz nadle\u017enosti upravnog odjela koje donosi Gradsko vije\u0107e i gradona\u010delnik, stru\u010dni, upravni i drugi poslovi u svezi sjednica radnih tijela Gradskog vije\u0107a i gradona\u010delnika osnovanih temeljem odluke Gradskog vije\u0107a i posebnih propisa za poslove iz nadle\u017enosti upravnog odjela te drugi poslovi koji temeljem zakona, akata Grada, drugih propisa ili po svojoj prirodi spadaju u djelokrug upravnog odjela.<\/p>\n\n\n\n<h2 class=\"wp-block-heading\">U Upravnom tijelu kao unutarnje ustrojstvene jedinice ustrojavaju se:<\/h2>\n\n\n\n<p><strong>1. Odsjek za fondove Europske unije,<\/strong> u kojem se obavljaju poslovi pripreme i provedbe projekata sufinanciranih iz EU i drugih izvora financiranja, poslovi pra\u0107enja pripreme i izmjena svih relevantnih dokumenata koji se ti\u010du pripreme i provedbe projekata sufinanciranih iz EU i drugih izvora financiranja te poslovi izrade programa i razvojnih planova grada i njihovo uskla\u0111ivanje sa smjernicama razvojnih politika na \u017eupanijskoj, dr\u017eavnoj i EU razini.\u00a0<\/p>\n\n\n\n<p><strong>2. Odsjek za gospodarstvo i komunalne djelatnosti,<\/strong> u kojem se obavljaju poslovi vezani za poticanje gospodarstva, razvoj poduzetni\u010dke infrastrukture, poslovi suradnje s obrtnicima, trgova\u010dkim dru\u0161tvima i drugim pravnim i fizi\u010dkim osobama od zna\u010daja za gospodarski razvoj grada te poslovi provedbe komunalnih djelatnosti i nadzora isporuke komunalnih usluga koje su u nadle\u017enosti grada.\u00a0<\/p>\n\n\n\n<p><strong>3. Odsjek za komunalno redarstvo<\/strong>, u kojem se obavljaju poslovi Uiz oblasti komunalnog i prometnog redarstva te drugih oblika redarstva utvr\u0111enih zakonom i posebnim propisima kao dio nadle\u017enosti jedinice lokalne samouprave te poslovi izrade op\u0107ih i pojedinih akata koji reguliraju komunalni red.\u00a0<\/p>\n\n\n\n<p><\/p>\n","protected":false},"excerpt":{"rendered":"<p>U Upravnom odjelu za gospodarski razvoj i fondove Europske unije obavljaju se sljede\u0107i poslovi: Poticanje i razvoj gospodarstva, turizma, obrta, [&hellip;]<\/p>\n","protected":false},"author":1,"featured_media":0,"parent":11619,"menu_order":0,"comment_status":"closed","ping_status":"closed","template":"","meta":{"_acf_changed":false,"footnotes":""},"class_list":["post-12054","page","type-page","status-publish","hentry"],"acf":[],"_links":{"self":[{"href":"https:\/\/kastela.hr\/en\/wp-json\/wp\/v2\/pages\/12054","targetHints":{"allow":["GET"]}}],"collection":[{"href":"https:\/\/kastela.hr\/en\/wp-json\/wp\/v2\/pages"}],"about":[{"href":"https:\/\/kastela.hr\/en\/wp-json\/wp\/v2\/types\/page"}],"author":[{"embeddable":true,"href":"https:\/\/kastela.hr\/en\/wp-json\/wp\/v2\/users\/1"}],"replies":[{"embeddable":true,"href":"https:\/\/kastela.hr\/en\/wp-json\/wp\/v2\/comments?post=12054"}],"version-history":[{"count":4,"href":"https:\/\/kastela.hr\/en\/wp-json\/wp\/v2\/pages\/12054\/revisions"}],"predecessor-version":[{"id":12074,"href":"https:\/\/kastela.hr\/en\/wp-json\/wp\/v2\/pages\/12054\/revisions\/12074"}],"up":[{"embeddable":true,"href":"https:\/\/kastela.hr\/en\/wp-json\/wp\/v2\/pages\/11619"}],"wp:attachment":[{"href":"https:\/\/kastela.hr\/en\/wp-json\/wp\/v2\/media?parent=12054"}],"curies":[{"name":"wp","href":"https:\/\/api.w.org\/{rel}","templated":true}]}}