{"id":11862,"date":"2024-10-29T00:05:06","date_gmt":"2024-10-28T23:05:06","guid":{"rendered":"https:\/\/kastela.hr\/en\/?page_id=11862"},"modified":"2024-10-29T00:14:18","modified_gmt":"2024-10-28T23:14:18","slug":"odsjek-za-provedbu-dokumenata-prostornog-uredenja-i-gradnju","status":"publish","type":"page","link":"https:\/\/kastela.hr\/en\/grad-kastela\/upravni-odjeli\/upravni-odjel-za-prostorno-uredenje-i-zastitu-okolisa\/odsjek-za-provedbu-dokumenata-prostornog-uredenja-i-gradnju\/","title":{"rendered":"Odsjek za provedbu dokumenata prostornog ure\u0111enja i gradnju"},"content":{"rendered":"\n<h2 class=\"wp-block-heading\">Kontakt informacije odjela<\/h2>\n\n\n    <ul class=\"adresar-list\">\n                    \n            <li id=\"post-266\" class=\"post-11862 page type-page status-publish hentry\">\n                <h3 class=\"adresar-naziv\">Ana Bedalov<\/h3>\n\n                \n                <h4 class=\"adresar-titula\">Vi\u0161a stru\u010dna suradnica za prostorno ure\u0111enje i gradnju<\/h4>\n                <div class=\"adresar-stavka\">E-mail: <a href=\"mailto:ana.bedalov@kastela.hr\">ana.bedalov@kastela.hr<\/a><\/div><div class=\"adresar-stavka\">Tel:     <a href=\"tel:+38521205215\" target=\"_blank\">\n        <a href='tel:+38521205215' target='_blank'>+38521205215<\/a>    <\/a>\n\n\n    <\/div>            <\/li>\n                    \n            <li id=\"post-267\" class=\"post-11862 page type-page status-publish hentry\">\n                <h3 class=\"adresar-naziv\">Antonia Bilu\u0161-Gagi\u0107<\/h3>\n\n                \n                <h4 class=\"adresar-titula\">Vi\u0161a savjetnica za prostorno ure\u0111enje i gradnju<\/h4>\n                <div class=\"adresar-stavka\">E-mail: <a href=\"mailto:antonia.bilus-gagic@kastela.hr\">antonia.bilus-gagic@kastela.hr<\/a><\/div><div class=\"adresar-stavka\">Tel:     <a href=\"tel:+38521205285\" target=\"_blank\">\n        <a href='tel:+38521205285' target='_blank'>+38521205285<\/a>    <\/a>\n\n\n    <\/div>            <\/li>\n                    \n            <li id=\"post-268\" class=\"post-11862 page type-page status-publish hentry\">\n                <h3 class=\"adresar-naziv\">Valentina Boljat<\/h3>\n\n                \n                <h4 class=\"adresar-titula\">Stru\u010dna suradnica za prostorno ure\u0111enje i gradnju<\/h4>\n                <div class=\"adresar-stavka\">E-mail: <a href=\"mailto:valentina.boljat@kastela.hr\">valentina.boljat@kastela.hr<\/a><\/div><div class=\"adresar-stavka\">Tel:     <a href=\"tel:+38521205247\" target=\"_blank\">\n        <a href='tel:+38521205247' target='_blank'>+38521205247<\/a>    <\/a>\n\n\n    <\/div>            <\/li>\n                    \n            <li id=\"post-269\" class=\"post-11862 page type-page status-publish hentry\">\n                <h3 class=\"adresar-naziv\">Petra Grgi\u0107<\/h3>\n\n                \n                <h4 class=\"adresar-titula\">Savjetnica za prostorno ure\u0111enje i gradnju<\/h4>\n                <div class=\"adresar-stavka\">E-mail: <a href=\"mailto:petra.grgic@kastela.hr\">petra.grgic@kastela.hr<\/a><\/div><div class=\"adresar-stavka\">Tel:     <a href=\"tel:+38521205268\" target=\"_blank\">\n        <a href='tel:+38521205268' target='_blank'>+38521205268<\/a>    <\/a>\n\n\n    <\/div>            <\/li>\n                    \n            <li id=\"post-270\" class=\"post-11862 page type-page status-publish hentry\">\n                <h3 class=\"adresar-naziv\">Anita Luka\u010d<\/h3>\n\n                \n                <h4 class=\"adresar-titula\">Vi\u0161a stru\u010dna suradnica za prostorno ure\u0111enje i gradnju<\/h4>\n                <div class=\"adresar-stavka\">E-mail: <a href=\"mailto:anita.lukac@kastela.hr\">anita.lukac@kastela.hr<\/a><\/div><div class=\"adresar-stavka\">Tel:     <a href=\"tel:+38521205279\" target=\"_blank\">\n        <a href='tel:+38521205279' target='_blank'>+38521205279<\/a>    <\/a>\n\n\n    <\/div>            <\/li>\n                    \n            <li id=\"post-271\" class=\"post-11862 page type-page status-publish hentry\">\n                <h3 class=\"adresar-naziv\">Petra Pili\u0107<\/h3>\n\n                \n                <h4 class=\"adresar-titula\">Savjetnica za prostorno ure\u0111enje i gradnju<\/h4>\n                <div class=\"adresar-stavka\">E-mail: <a href=\"mailto:petra.pilic@kastela.hr\">petra.pilic@kastela.hr<\/a><\/div><div class=\"adresar-stavka\">Tel:     <a href=\"tel:+38521205215\" target=\"_blank\">\n        <a href='tel:+38521205215' target='_blank'>+38521205215<\/a>    <\/a>\n\n\n    <\/div>            <\/li>\n                    \n            <li id=\"post-272\" class=\"post-11862 page type-page status-publish hentry\">\n                <h3 class=\"adresar-naziv\">Eugen Prnjak<\/h3>\n\n                \n                <h4 class=\"adresar-titula\">Vi\u0161i savjetnik za prostorno ure\u0111enje i gradnju<\/h4>\n                <div class=\"adresar-stavka\">E-mail: <a href=\"mailto:eugen.prnjak@kastela.hr\">eugen.prnjak@kastela.hr<\/a><\/div><div class=\"adresar-stavka\">Tel:     <a href=\"tel:+38521205268\" target=\"_blank\">\n        <a href='tel:+38521205268' target='_blank'>+38521205268<\/a>    <\/a>\n\n\n    <\/div>            <\/li>\n                    \n            <li id=\"post-273\" class=\"post-11862 page type-page status-publish hentry\">\n                <h3 class=\"adresar-naziv\">\u017deljko Strize<\/h3>\n\n                \n                <h4 class=\"adresar-titula\">Stru\u010dni suradnik za prostorno ure\u0111enje i gradnju<\/h4>\n                <div class=\"adresar-stavka\">E-mail: <a href=\"mailto:zeljko.strize@kastela.hr\">zeljko.strize@kastela.hr<\/a><\/div><div class=\"adresar-stavka\">Tel:     <a href=\"tel:+38521205247\" target=\"_blank\">\n        <a href='tel:+38521205247' target='_blank'>+38521205247<\/a>    <\/a>\n\n\n    <\/div>            <\/li>\n                    \n            <li id=\"post-274\" class=\"post-11862 page type-page status-publish hentry\">\n                <h3 class=\"adresar-naziv\">Kristina Toma\u0161<\/h3>\n\n                \n                <h4 class=\"adresar-titula\">Vi\u0161a stru\u010dna suradnica za prostorno ure\u0111enje i gradnju<\/h4>\n                <div class=\"adresar-stavka\">E-mail: <a href=\"mailto:kristina.tomas@kastela.hr\">kristina.tomas@kastela.hr<\/a><\/div><div class=\"adresar-stavka\">Tel:     <a href=\"tel:+38521205268\" target=\"_blank\">\n        <a href='tel:+38521205268' target='_blank'>+38521205268<\/a>    <\/a>\n\n\n    <\/div>            <\/li>\n                    \n            <li id=\"post-275\" class=\"post-11862 page type-page status-publish hentry\">\n                <h3 class=\"adresar-naziv\">Sanja Ursi\u0107<\/h3>\n\n                \n                <h4 class=\"adresar-titula\">Stru\u010dna suradnica za prostorno ure\u0111enje i gradnju<\/h4>\n                <div class=\"adresar-stavka\">E-mail: <a href=\"mailto:sanja.ursic@kastela.hr\">sanja.ursic@kastela.hr<\/a><\/div><div class=\"adresar-stavka\">Tel:     <a href=\"tel:+38521205279\" target=\"_blank\">\n        <a href='tel:+38521205279' target='_blank'>+38521205279<\/a>    <\/a>\n\n\n    <\/div>            <\/li>\n                    \n            <li id=\"post-277\" class=\"post-11862 page type-page status-publish hentry\">\n                <h3 class=\"adresar-naziv\">Jelena Vlai\u0107<\/h3>\n\n                \n                <h4 class=\"adresar-titula\">Vi\u0161a stru\u010dna suradnica za prostorno ure\u0111enje i gradnju<\/h4>\n                <div class=\"adresar-stavka\">E-mail: <a href=\"mailto:jelena.vlaic@kastela.hr\">jelena.vlaic@kastela.hr<\/a><\/div><div class=\"adresar-stavka\">Tel:     <a href=\"tel:+38521205279\" target=\"_blank\">\n        <a href='tel:+38521205279' target='_blank'>+38521205279<\/a>    <\/a>\n\n\n    <\/div>            <\/li>\n            <\/ul>\n    \n\n\n<h2 class=\"wp-block-heading\">U Odsjeku za provedbu dokumenata prostornog ure\u0111enja i gradnju obavljaju se sljede\u0107i poslovi:<\/h2>\n\n\n\n<p>U Odsjeku za provedbu dokumenata prostornog ure\u0111enja i gradnju, obavljaju se poslovi na vo\u0111enju upravnih i neupravnih postupaka u vidu provo\u0111enja dokumenata prostornog ure\u0111enja (PPU,GUP,UPU i DPU), te izdavanja raznih upravnih i neupravnih akata, iz podru\u010dja prostornog ure\u0111enja i gradnje, poslovi na provo\u0111enju zakonske regulative iz domene prostornog ure\u0111enja i gradnje u korelaciji sa Zakonom o op\u0107em upravnom postupku (NN br. 47\/09), ( izdavanje gra\u0111evinskih dozvola, lokacijskih dozvola, dono\u0161enje rje\u0161enja o utvr\u0111ivanju gra\u0111evinske \u010destice, potvr\u0111ivanje parcelacijskih elaborata izdavanje uporabnih dozvola, izdavanje uporabnih dozvola za odre\u0111ene gra\u0111evine, izdavanje lokacijskih informacija, obavijesti o posebnim uvjetima, prijave po\u010detka gra\u0111enja i uklanjanja gra\u0111evina, izdavanje rje\u0161enja o izvedenom stanju, potvr\u0111ivanje samostalnih uporabnih cjelina u zgradama i drugih akata), vo\u0111enje evidencije naselja, ulica i trgova.<\/p>\n","protected":false},"excerpt":{"rendered":"<p>Kontakt informacije odjela U Odsjeku za provedbu dokumenata prostornog ure\u0111enja i gradnju obavljaju se sljede\u0107i poslovi: U Odsjeku za provedbu [&hellip;]<\/p>\n","protected":false},"author":1,"featured_media":0,"parent":11615,"menu_order":0,"comment_status":"closed","ping_status":"closed","template":"","meta":{"_acf_changed":false,"footnotes":""},"class_list":["post-11862","page","type-page","status-publish","hentry"],"acf":[],"_links":{"self":[{"href":"https:\/\/kastela.hr\/en\/wp-json\/wp\/v2\/pages\/11862","targetHints":{"allow":["GET"]}}],"collection":[{"href":"https:\/\/kastela.hr\/en\/wp-json\/wp\/v2\/pages"}],"about":[{"href":"https:\/\/kastela.hr\/en\/wp-json\/wp\/v2\/types\/page"}],"author":[{"embeddable":true,"href":"https:\/\/kastela.hr\/en\/wp-json\/wp\/v2\/users\/1"}],"replies":[{"embeddable":true,"href":"https:\/\/kastela.hr\/en\/wp-json\/wp\/v2\/comments?post=11862"}],"version-history":[{"count":6,"href":"https:\/\/kastela.hr\/en\/wp-json\/wp\/v2\/pages\/11862\/revisions"}],"predecessor-version":[{"id":11877,"href":"https:\/\/kastela.hr\/en\/wp-json\/wp\/v2\/pages\/11862\/revisions\/11877"}],"up":[{"embeddable":true,"href":"https:\/\/kastela.hr\/en\/wp-json\/wp\/v2\/pages\/11615"}],"wp:attachment":[{"href":"https:\/\/kastela.hr\/en\/wp-json\/wp\/v2\/media?parent=11862"}],"curies":[{"name":"wp","href":"https:\/\/api.w.org\/{rel}","templated":true}]}}