{"id":11857,"date":"2024-10-29T00:02:33","date_gmt":"2024-10-28T23:02:33","guid":{"rendered":"https:\/\/kastela.hr\/en\/?page_id=11857"},"modified":"2024-10-29T00:19:10","modified_gmt":"2024-10-28T23:19:10","slug":"djelokrug-rada-uo-za-prostorno-uredenje-i-zastitu-okolisa","status":"publish","type":"page","link":"https:\/\/kastela.hr\/en\/grad-kastela\/upravni-odjeli\/upravni-odjel-za-prostorno-uredenje-i-zastitu-okolisa\/djelokrug-rada-uo-za-prostorno-uredenje-i-zastitu-okolisa\/","title":{"rendered":"Djelokrug rada UO za prostorno ure\u0111enje i za\u0161titu okoli\u0161a"},"content":{"rendered":"\n<h2 class=\"wp-block-heading\">U Upravnom odjelu za prostorno ure\u0111enje i za\u0161titu okoli\u0161a obavljaju se sljede\u0107i poslovi:<\/h2>\n\n\n\n<p>Promicanje razvojnih strategija i projekata ure\u0111enja prostora u svrhu u\u010dinkovitijeg kori\u0161tenja prostorom, stru\u010dni poslovi vezani uz izradu dokumenata prostornog ure\u0111enja definiranih zakonskom regulativom, analiza stanja u podru\u010dju prometa, infrastrukture, za\u0161tite okoli\u0161a i graditeljstva te predlaganje mjera za njihovo pobolj\u0161anje, pra\u0107enje i analiziranje stanja u podru\u010dju za\u0161tite okoli\u0161a i prirode, izrada izvje\u0161\u0107a, programa, planova i stru\u010dnih podloga iz podru\u010dja za\u0161tite okoli\u0161a i prirode, izrada prijedloga op\u0107ih akata vezanih za za\u0161titu okoli\u0161a i prirodu, suradnja sa stru\u010dnim i znanstvenim institucijama, nadle\u017enim tijelima, gra\u0111anima i organizacijama na zajedni\u010dkoj provedbi programa i projekata za\u0161tite okoli\u0161a i odr\u017eivog razvoja te procjena utjecaja na okoli\u0161 i prirodu za zahvate \u010diji je nositelj Grad vo\u0111enje informacijskog sustava prostornog ure\u0111enja, vo\u0111enje upravnih i neupravnih postupaka iz podru\u010dja prostornog ure\u0111enja i gradnje, odnosno izdavanje rje\u0161enja o op\u0107im stvarima i izdavanje uvjerenja i potvrda na temelju evidencije koju vodi Odjel, izdavanje gra\u0111evinskih dozvola, lokacijskih dozvola, dono\u0161enje rje\u0161enja o utvr\u0111ivanju gra\u0111evinske \u010destice, potvr\u0111ivanje parcelacijskih elaborata, izdavanje uporabnih dozvola, izdavanje uporabnih dozvola za odre\u0111ene gra\u0111evine, izdavanje lokacijskih informacija, obavijesti o posebnim uvjetima, prijava po\u010detka gra\u0111enja, prijava po\u010detka uklanjanja gra\u0111evine, izdavanje rje\u0161enja o izvedenom stanju, potvr\u0111ivanje samostalnih uporabnih cjelina u zgradama (eta\u017eiranje) te dono\u0161enje drugih akata za provedbu dokumenata prostornog ure\u0111enja i za gradnju odre\u0111enih zakonima i drugim propisima kojim se ure\u0111uje prostorno ure\u0111enje i gradnja, vo\u0111enje podataka o zgradama za potrebe statisti\u010dkih izvje\u0161\u0107a prema posebnom propisu, vo\u0111enje evidencije naselja, ulica i trgova, poslovi jednostavne javne nabave roba, usluga i radova sukladno djelokrugu poslova upravnog odjela, izvr\u0161avanje i nadzor provo\u0111enja op\u0107ih i pojedina\u010dnih akata Gradskog vije\u0107a i gradona\u010delnika, izrada nacrta i prijedloga zaklju\u010daka, izvje\u0161\u0107a, programa, planova, odluka, ugovora i drugih akata iz nadle\u017enosti upravnog odjela koje donosi Gradsko vije\u0107e i gradona\u010delnik, stru\u010dni, upravni i drugi poslovi u svezi sjednica radnih tijela Gradskog vije\u0107a i gradona\u010delnika osnovanih temeljem odluke Gradskog vije\u0107a i posebnih propisa za poslove iz nadle\u017enosti upravnog odjela te drugi poslovi koji temeljem zakona, akata Grada, drugih propisa ili po svojoj prirodi spadaju u djelokrug upravnog odjela.<\/p>\n\n\n\n<h2 class=\"wp-block-heading\">U Upravnom tijelu kao unutarnje ustrojstvene jedinice ustrojavaju se:<\/h2>\n\n\n\n<p><strong><a href=\"https:\/\/kastela.hr\/en\/grad-kastela\/upravni-odjeli\/upravni-odjel-za-prostorno-uredenje-i-zastitu-okolisa\/odsjek-za-provedbu-dokumenata-prostornog-uredenja-i-gradnju\/\" data-type=\"page\" data-id=\"11862\">1. Odsjek za provedbu dokumenata prostornog ure\u0111enja i gradnju,<\/a><\/strong> u kojem se obavljaju poslovi na vo\u0111enju upravnih i neupravnih postupaka u vidu provo\u0111enja dokumenata prostornog ure\u0111enja ( PPU,GUP,UPU i DPU), te izdavanja raznih upravnih i neupravnih akata, iz podru\u010dja prostornog ure\u0111enja i gradnje, poslovi na provo\u0111enju zakonske regulative iz domene prostornog ure\u0111enja i gradnje u korelaciji sa Zakonom o op\u0107em upravnom postupku (NN br. 47\/09), ( izdavanje gra\u0111evinskih dozvola, lokacijskih dozvola, dono\u0161enje rje\u0161enja o utvr\u0111ivanju gra\u0111evinske \u010destice, potvr\u0111ivanje parcelacijskih elaborata izdavanje uporabnih dozvola, izdavanje uporabnih dozvola za odre\u0111ene gra\u0111evine, izdavanje lokacijskih informacija, obavijesti o posebnim uvjetima, prijave po\u010detka gra\u0111enja i uklanjanja gra\u0111evina, izdavanje rje\u0161enja o izvedenom stanju, potvr\u0111ivanje samostalnih uporabnih cjelina u zgradama i drugih akata), vo\u0111enje evidencije naselja, ulica i trgova.<\/p>\n\n\n\n<p><strong><a href=\"https:\/\/kastela.hr\/en\/grad-kastela\/upravni-odjeli\/upravni-odjel-za-prostorno-uredenje-i-zastitu-okolisa\/odsjek-za-prostorno-planiranje-i-zastitu-okolisa\/\" data-type=\"page\" data-id=\"11864\">2. Odsjek za prostorno planiranje i za\u0161titu okoli\u0161a,<\/a><\/strong> u kojem se obavljaju upravni i stru\u010dni poslovi u vidu promicanja razvojnih strategija i projekata ure\u0111enja prostora u svrhu u\u010dinkovitijeg kori\u0161tenja prostorom, vezani uz izradu dokumenata prostornog ure\u0111enja, definirani zakonskom regulativom, analiza stanja u podru\u010dju prometa, infrastrukture, za\u0161tite okoli\u0161a i graditeljstva te predlaganje mjera za njihovo pobolj\u0161avanje, pra\u0107enje i analiziranje stanja u podru\u010dju za\u0161tite okoli\u0161a i prirode, izrada izvje\u0161\u0107a, programa, planova i stru\u010dnih podloga iz podru\u010dja za\u0161tite okoli\u0161a i prirode, izrada prijedloga op\u0107ih akata vezanih za za\u0161titu okoli\u0161a i prirodu, suradnja sa stru\u010dnim i znanstvenim institucijama, nadle\u017enim tijelima, gra\u0111anima i organizacijama na zajedni\u010dkoj provedbi programa i projekata za\u0161tite okoli\u0161a i odr\u017eivog razvoja te procjena utjecaja na okoli\u0161 i prirodu za zahvate \u010diji je nositelj Grad, vo\u0111enje informacijskog sustava prostornog ure\u0111enja.<\/p>\n","protected":false},"excerpt":{"rendered":"<p>U Upravnom odjelu za prostorno ure\u0111enje i za\u0161titu okoli\u0161a obavljaju se sljede\u0107i poslovi: Promicanje razvojnih strategija i projekata ure\u0111enja prostora [&hellip;]<\/p>\n","protected":false},"author":1,"featured_media":0,"parent":11615,"menu_order":0,"comment_status":"closed","ping_status":"closed","template":"","meta":{"_acf_changed":false,"footnotes":""},"class_list":["post-11857","page","type-page","status-publish","hentry"],"acf":[],"_links":{"self":[{"href":"https:\/\/kastela.hr\/en\/wp-json\/wp\/v2\/pages\/11857","targetHints":{"allow":["GET"]}}],"collection":[{"href":"https:\/\/kastela.hr\/en\/wp-json\/wp\/v2\/pages"}],"about":[{"href":"https:\/\/kastela.hr\/en\/wp-json\/wp\/v2\/types\/page"}],"author":[{"embeddable":true,"href":"https:\/\/kastela.hr\/en\/wp-json\/wp\/v2\/users\/1"}],"replies":[{"embeddable":true,"href":"https:\/\/kastela.hr\/en\/wp-json\/wp\/v2\/comments?post=11857"}],"version-history":[{"count":5,"href":"https:\/\/kastela.hr\/en\/wp-json\/wp\/v2\/pages\/11857\/revisions"}],"predecessor-version":[{"id":11881,"href":"https:\/\/kastela.hr\/en\/wp-json\/wp\/v2\/pages\/11857\/revisions\/11881"}],"up":[{"embeddable":true,"href":"https:\/\/kastela.hr\/en\/wp-json\/wp\/v2\/pages\/11615"}],"wp:attachment":[{"href":"https:\/\/kastela.hr\/en\/wp-json\/wp\/v2\/media?parent=11857"}],"curies":[{"name":"wp","href":"https:\/\/api.w.org\/{rel}","templated":true}]}}