{"id":11802,"date":"2024-10-28T23:21:18","date_gmt":"2024-10-28T22:21:18","guid":{"rendered":"https:\/\/kastela.hr\/en\/?page_id=11802"},"modified":"2024-10-28T23:26:26","modified_gmt":"2024-10-28T22:26:26","slug":"pododsjek-za-naplatu-prihoda","status":"publish","type":"page","link":"https:\/\/kastela.hr\/en\/grad-kastela\/upravni-odjeli\/upravni-odjel-za-financije-javnu-nabavu-i-naplatu-prihoda\/odsjek-za-proracun-i-financije\/pododsjek-za-naplatu-prihoda\/","title":{"rendered":"Pododsjek za naplatu prihoda"},"content":{"rendered":"\n<h2 class=\"wp-block-heading\">Kontakt informacije pododsjeka<\/h2>\n\n\n    <ul class=\"adresar-list\">\n                    \n            <li id=\"post-240\" class=\"post-11802 page type-page status-publish hentry\">\n                <h3 class=\"adresar-naziv\">Sandra \u017degarac- Boti\u0107<\/h3>\n\n                \n                <h4 class=\"adresar-titula\">Voditeljica pododsjeka za naplatu prihoda<\/h4>\n                <div class=\"adresar-stavka\">E-mail: <a href=\"mailto:sandra.zegarac.botic@kastela.hr\">sandra.zegarac.botic@kastela.hr<\/a><\/div><div class=\"adresar-stavka\">Tel:     <a href=\"tel:+38521205245\" target=\"_blank\">\n        <a href='tel:+38521205245' target='_blank'>+38521205245<\/a>    <\/a>\n\n\n    <\/div>            <\/li>\n                    \n            <li id=\"post-241\" class=\"post-11802 page type-page status-publish hentry\">\n                <h3 class=\"adresar-naziv\">Marija Mitar<\/h3>\n\n                \n                <h4 class=\"adresar-titula\">Referentica za obra\u010dun komunalne naknade i naknade za ure\u0111enje voda stanovni\u0161tva &#8211; blagajnica<\/h4>\n                <div class=\"adresar-stavka\">E-mail: <a href=\"mailto:marija.mitar@kastela.hr\">marija.mitar@kastela.hr<\/a><\/div><div class=\"adresar-stavka\">Tel:     <a href=\"tel:+38521205240\" target=\"_blank\">\n        <a href='tel:+38521205240' target='_blank'>+38521205240<\/a>    <\/a>\n\n\n    <\/div>            <\/li>\n                    \n            <li id=\"post-242\" class=\"post-11802 page type-page status-publish hentry\">\n                <h3 class=\"adresar-naziv\">Ilida \u0160i\u0161kov<\/h3>\n\n                \n                <h4 class=\"adresar-titula\">Referentica za obra\u010dun komunalne naknade i naknade za ure\u0111enje voda stanovni\u0161tva<\/h4>\n                <div class=\"adresar-stavka\">E-mail: <a href=\"mailto:ilida.siskov@kastela.hr\">ilida.siskov@kastela.hr<\/a><\/div><div class=\"adresar-stavka\">Tel:     <a href=\"tel:+38521205221\" target=\"_blank\">\n        <a href='tel:+38521205221' target='_blank'>+38521205221<\/a>    <\/a>\n\n\n    <\/div>            <\/li>\n                    \n            <li id=\"post-243\" class=\"post-11802 page type-page status-publish hentry\">\n                <h3 class=\"adresar-naziv\">Anica \u017degarac<\/h3>\n\n                \n                <h4 class=\"adresar-titula\">Referentica za obra\u010dun komunalnog doprinosa, zakupa javno-prometnih povr\u0161ina i knjiga K-03<\/h4>\n                <div class=\"adresar-stavka\">E-mail: <a href=\"mailto:anica.zegarac@kastela.hr\">anica.zegarac@kastela.hr<\/a><\/div><div class=\"adresar-stavka\">Tel:     <a href=\"tel:+38521205245\" target=\"_blank\">\n        <a href='tel:+38521205245' target='_blank'>+38521205245<\/a>    <\/a>\n\n\n    <\/div>            <\/li>\n            <\/ul>\n    \n\n\n<h2 class=\"wp-block-heading\">U Poodsjeku za naplatu prihoda obavljaju se slijede\u0107i poslovi:<\/h2>\n\n\n\n<p>Upisati poslove<\/p>\n","protected":false},"excerpt":{"rendered":"<p>Kontakt informacije pododsjeka U Poodsjeku za naplatu prihoda obavljaju se slijede\u0107i poslovi: Upisati poslove<\/p>\n","protected":false},"author":1,"featured_media":0,"parent":11778,"menu_order":0,"comment_status":"closed","ping_status":"closed","template":"","meta":{"_acf_changed":false,"footnotes":""},"class_list":["post-11802","page","type-page","status-publish","hentry"],"acf":[],"_links":{"self":[{"href":"https:\/\/kastela.hr\/en\/wp-json\/wp\/v2\/pages\/11802","targetHints":{"allow":["GET"]}}],"collection":[{"href":"https:\/\/kastela.hr\/en\/wp-json\/wp\/v2\/pages"}],"about":[{"href":"https:\/\/kastela.hr\/en\/wp-json\/wp\/v2\/types\/page"}],"author":[{"embeddable":true,"href":"https:\/\/kastela.hr\/en\/wp-json\/wp\/v2\/users\/1"}],"replies":[{"embeddable":true,"href":"https:\/\/kastela.hr\/en\/wp-json\/wp\/v2\/comments?post=11802"}],"version-history":[{"count":4,"href":"https:\/\/kastela.hr\/en\/wp-json\/wp\/v2\/pages\/11802\/revisions"}],"predecessor-version":[{"id":11813,"href":"https:\/\/kastela.hr\/en\/wp-json\/wp\/v2\/pages\/11802\/revisions\/11813"}],"up":[{"embeddable":true,"href":"https:\/\/kastela.hr\/en\/wp-json\/wp\/v2\/pages\/11778"}],"wp:attachment":[{"href":"https:\/\/kastela.hr\/en\/wp-json\/wp\/v2\/media?parent=11802"}],"curies":[{"name":"wp","href":"https:\/\/api.w.org\/{rel}","templated":true}]}}