{"id":11782,"date":"2024-10-28T23:03:06","date_gmt":"2024-10-28T22:03:06","guid":{"rendered":"https:\/\/kastela.hr\/en\/?page_id=11782"},"modified":"2024-10-28T23:07:50","modified_gmt":"2024-10-28T22:07:50","slug":"odsjek-za-javnu-nabavu","status":"publish","type":"page","link":"https:\/\/kastela.hr\/en\/grad-kastela\/upravni-odjeli\/upravni-odjel-za-financije-javnu-nabavu-i-naplatu-prihoda\/odsjek-za-javnu-nabavu\/","title":{"rendered":"Odsjek za javnu nabavu"},"content":{"rendered":"\n<p>U Odsjeku za javnu nabavu provode se poslovi javne nabave za sva upravna tijela na temelju dostavljenih prijedloga upravnih tijela, izrada prijedloga plana nabave Grada, provo\u0111enje postupka javne nabave, izrada ugovora o javnoj nabavi, vo\u0111enje evidencije o provedenim postupcima i sklopljenim ugovorima, izrada potrebnih izvje\u0161\u0107a, poslovi jednostavne javne nabave roba, usluga i radova sukladno djelokrugu poslova upravnog odjela, kao i drugi poslovi koji su po svojoj prirodi vezani za postupak javne nabave.<\/p>\n\n\n    <ul class=\"adresar-list\">\n                    \n            <li id=\"post-244\" class=\"post-11782 page type-page status-publish hentry\">\n                <h3 class=\"adresar-naziv\">Marijo Kuduz<\/h3>\n\n                \n                <h4 class=\"adresar-titula\">Voditelj odsjeka za javnu nabavu<\/h4>\n                <div class=\"adresar-stavka\">E-mail: <a href=\"mailto:marijo.kuduz@kastela.hr\">marijo.kuduz@kastela.hr<\/a><\/div><div class=\"adresar-stavka\">Tel:     <a href=\"tel:+38521205229\" target=\"_blank\">\n        <a href='tel:+38521205229' target='_blank'>+38521205229<\/a>    <\/a>\n\n\n    <\/div>            <\/li>\n                    \n            <li id=\"post-245\" class=\"post-11782 page type-page status-publish hentry\">\n                <h3 class=\"adresar-naziv\">Mirela Babi\u0107<\/h3>\n\n                \n                <h4 class=\"adresar-titula\">Vi\u0161a savjetnica za javnu nabavu<\/h4>\n                <div class=\"adresar-stavka\">E-mail: <a href=\"mailto:mirela.babic@kastela.hr\">mirela.babic@kastela.hr<\/a><\/div><div class=\"adresar-stavka\">Tel:     <a href=\"tel:+38521205251\" target=\"_blank\">\n        <a href='tel:+38521205251' target='_blank'>+38521205251<\/a>    <\/a>\n\n\n    <\/div>            <\/li>\n                    \n            <li id=\"post-246\" class=\"post-11782 page type-page status-publish hentry\">\n                <h3 class=\"adresar-naziv\">Nina \u017darko<\/h3>\n\n                \n                <h4 class=\"adresar-titula\">Vi\u0161a stru\u010dna suradnica za javnu nabavu<\/h4>\n                <div class=\"adresar-stavka\">E-mail: <a href=\"mailto:nina.zarko@kastela.hr\">nina.zarko@kastela.hr<\/a><\/div><div class=\"adresar-stavka\">Tel:     <a href=\"tel:+38521205251\" target=\"_blank\">\n        <a href='tel:+38521205251' target='_blank'>+38521205251<\/a>    <\/a>\n\n\n    <\/div>            <\/li>\n            <\/ul>\n    ","protected":false},"excerpt":{"rendered":"<p>U Odsjeku za javnu nabavu provode se poslovi javne nabave za sva upravna tijela na temelju dostavljenih prijedloga upravnih tijela, [&hellip;]<\/p>\n","protected":false},"author":1,"featured_media":0,"parent":11609,"menu_order":0,"comment_status":"closed","ping_status":"closed","template":"","meta":{"_acf_changed":false,"footnotes":""},"class_list":["post-11782","page","type-page","status-publish","hentry"],"acf":[],"_links":{"self":[{"href":"https:\/\/kastela.hr\/en\/wp-json\/wp\/v2\/pages\/11782","targetHints":{"allow":["GET"]}}],"collection":[{"href":"https:\/\/kastela.hr\/en\/wp-json\/wp\/v2\/pages"}],"about":[{"href":"https:\/\/kastela.hr\/en\/wp-json\/wp\/v2\/types\/page"}],"author":[{"embeddable":true,"href":"https:\/\/kastela.hr\/en\/wp-json\/wp\/v2\/users\/1"}],"replies":[{"embeddable":true,"href":"https:\/\/kastela.hr\/en\/wp-json\/wp\/v2\/comments?post=11782"}],"version-history":[{"count":3,"href":"https:\/\/kastela.hr\/en\/wp-json\/wp\/v2\/pages\/11782\/revisions"}],"predecessor-version":[{"id":11791,"href":"https:\/\/kastela.hr\/en\/wp-json\/wp\/v2\/pages\/11782\/revisions\/11791"}],"up":[{"embeddable":true,"href":"https:\/\/kastela.hr\/en\/wp-json\/wp\/v2\/pages\/11609"}],"wp:attachment":[{"href":"https:\/\/kastela.hr\/en\/wp-json\/wp\/v2\/media?parent=11782"}],"curies":[{"name":"wp","href":"https:\/\/api.w.org\/{rel}","templated":true}]}}