{"id":11778,"date":"2024-10-28T23:00:19","date_gmt":"2024-10-28T22:00:19","guid":{"rendered":"https:\/\/kastela.hr\/en\/?page_id=11778"},"modified":"2024-10-28T23:23:47","modified_gmt":"2024-10-28T22:23:47","slug":"odsjek-za-proracun-i-financije","status":"publish","type":"page","link":"https:\/\/kastela.hr\/en\/grad-kastela\/upravni-odjeli\/upravni-odjel-za-financije-javnu-nabavu-i-naplatu-prihoda\/odsjek-za-proracun-i-financije\/","title":{"rendered":"Odsjek za prora\u010dun i financije"},"content":{"rendered":"\n<h2 class=\"wp-block-heading\">Kontakt informacije odsjeka<\/h2>\n\n\n    <ul class=\"adresar-list\">\n                    \n            <li id=\"post-234\" class=\"post-11778 page type-page status-publish hentry\">\n                <h3 class=\"adresar-naziv\">Silvia Antunovi\u0107<\/h3>\n\n                \n                <h4 class=\"adresar-titula\">Voditeljica odsjeka za prora\u010dun i financije<\/h4>\n                <div class=\"adresar-stavka\">E-mail: <a href=\"mailto:silvia.antunovic@kastela.hr\">silvia.antunovic@kastela.hr<\/a><\/div><div class=\"adresar-stavka\">Tel:     <a href=\"tel:+38521205284\" target=\"_blank\">\n        <a href='tel:+38521205284' target='_blank'>+38521205284<\/a>    <\/a>\n\n\n    <\/div>            <\/li>\n                    \n            <li id=\"post-235\" class=\"post-11778 page type-page status-publish hentry\">\n                <h3 class=\"adresar-naziv\">Katarina Gjirli\u0107<\/h3>\n\n                \n                <h4 class=\"adresar-titula\">Vi\u0161a stru\u010dna suradnica za financijsko upravljanje<\/h4>\n                <div class=\"adresar-stavka\">E-mail: <a href=\"mailto:katarina.bogic@kastela.hr\">katarina.bogic@kastela.hr<\/a><\/div><div class=\"adresar-stavka\">Tel:     <a href=\"tel:+38521205241\" target=\"_blank\">\n        <a href='tel:+38521205241' target='_blank'>+38521205241<\/a>    <\/a>\n\n\n    <\/div>            <\/li>\n            <\/ul>\n    \n\n\n<p>U Odsjeku za prora\u010dun i financije obavljaju se poslovi koji se odnose na izradu prora\u010duna, izvje\u0161taja o izvr\u0161enju prora\u010duna i ostalih izvje\u0161taja, lokalna riznica, financijsko upravljanje i kontrole, nadzor izvr\u0161enja prora\u010duna, financijsko-ra\u010dunovodstveni poslovi, blagajni\u010dko poslovanje te analiti\u010dke evidencije u skladu za zakonom i podzakonskim aktima te ostali ra\u010dunovodstveni poslovi.<\/p>\n\n\n\n<h2 class=\"wp-block-heading\"><strong>U Odsjeku su ustrojena tri Pododsjeka:<\/strong><\/h2>\n\n\n\n<p><strong><a href=\"https:\/\/kastela.hr\/en\/grad-kastela\/upravni-odjeli\/upravni-odjel-za-financije-javnu-nabavu-i-naplatu-prihoda\/odsjek-za-proracun-i-financije\/pododsjek-za-racunovodstvo\/\" data-type=\"page\" data-id=\"11795\">Pododsjek za ra\u010dunovodstvo<\/a><br><a href=\"https:\/\/kastela.hr\/en\/grad-kastela\/upravni-odjeli\/upravni-odjel-za-financije-javnu-nabavu-i-naplatu-prihoda\/odsjek-za-proracun-i-financije\/pododsjek-financijske-operative\/\" data-type=\"page\" data-id=\"11798\">Pododsjek financijske operative<\/a><br><a href=\"https:\/\/kastela.hr\/en\/grad-kastela\/upravni-odjeli\/upravni-odjel-za-financije-javnu-nabavu-i-naplatu-prihoda\/odsjek-za-proracun-i-financije\/pododsjek-za-naplatu-prihoda\/\" data-type=\"page\" data-id=\"11802\">Pododsjek za naplatu prihoda<\/a><\/strong><\/p>\n\n\n\n<p><\/p>\n","protected":false},"excerpt":{"rendered":"<p>Kontakt informacije odsjeka U Odsjeku za prora\u010dun i financije obavljaju se poslovi koji se odnose na izradu prora\u010duna, izvje\u0161taja o [&hellip;]<\/p>\n","protected":false},"author":1,"featured_media":0,"parent":11609,"menu_order":0,"comment_status":"closed","ping_status":"closed","template":"","meta":{"_acf_changed":false,"footnotes":""},"class_list":["post-11778","page","type-page","status-publish","hentry"],"acf":[],"_links":{"self":[{"href":"https:\/\/kastela.hr\/en\/wp-json\/wp\/v2\/pages\/11778","targetHints":{"allow":["GET"]}}],"collection":[{"href":"https:\/\/kastela.hr\/en\/wp-json\/wp\/v2\/pages"}],"about":[{"href":"https:\/\/kastela.hr\/en\/wp-json\/wp\/v2\/types\/page"}],"author":[{"embeddable":true,"href":"https:\/\/kastela.hr\/en\/wp-json\/wp\/v2\/users\/1"}],"replies":[{"embeddable":true,"href":"https:\/\/kastela.hr\/en\/wp-json\/wp\/v2\/comments?post=11778"}],"version-history":[{"count":7,"href":"https:\/\/kastela.hr\/en\/wp-json\/wp\/v2\/pages\/11778\/revisions"}],"predecessor-version":[{"id":11809,"href":"https:\/\/kastela.hr\/en\/wp-json\/wp\/v2\/pages\/11778\/revisions\/11809"}],"up":[{"embeddable":true,"href":"https:\/\/kastela.hr\/en\/wp-json\/wp\/v2\/pages\/11609"}],"wp:attachment":[{"href":"https:\/\/kastela.hr\/en\/wp-json\/wp\/v2\/media?parent=11778"}],"curies":[{"name":"wp","href":"https:\/\/api.w.org\/{rel}","templated":true}]}}