{"id":11681,"date":"2024-10-09T14:47:11","date_gmt":"2024-10-09T12:47:11","guid":{"rendered":"https:\/\/kastela.hr\/en\/?page_id=11681"},"modified":"2024-10-10T11:43:39","modified_gmt":"2024-10-10T09:43:39","slug":"odsjek-za-savjetodavne-poslove","status":"publish","type":"page","link":"https:\/\/kastela.hr\/en\/grad-kastela\/upravni-odjeli\/upravni-odjel-za-poslove-gradonacelnika-i-strucne-poslove\/odsjek-za-savjetodavne-poslove\/","title":{"rendered":"Odsjek za savjetodavne poslove"},"content":{"rendered":"\n<p>U Odsjeku za savjetodavne poslove obavljaju se stru\u010dni i savjetodavni poslovi za gradona\u010delnika iz podru\u010dja razvoja gospodarstva, posebno razvoja poljoprivrede, ribarstva, obrta te prometne infrastrukture.\u00a0<\/p>\n\n\n    <ul class=\"adresar-list\">\n                    \n            <li id=\"post-201\" class=\"post-11681 page type-page status-publish hentry\">\n                <h3 class=\"adresar-naziv\">Grgica Benuti\u0107<\/h3>\n\n                \n                <h4 class=\"adresar-titula\">Voditelj odsjeka za savjetodavne poslove<\/h4>\n                <div class=\"adresar-stavka\">E-mail: <a href=\"mailto:grgica.benutic@kastela.hr\">grgica.benutic@kastela.hr<\/a><\/div><div class=\"adresar-stavka\">Tel:     <a href=\"tel:+38521205204\" target=\"_blank\">\n        <a href='tel:+38521205204' target='_blank'>+38521205204<\/a>    <\/a>\n\n\n    <\/div>            <\/li>\n                    \n            <li id=\"post-202\" class=\"post-11681 page type-page status-publish hentry\">\n                <h3 class=\"adresar-naziv\">Marko Par\u010dina<\/h3>\n\n                \n                <h4 class=\"adresar-titula\">Stru\u010dni suradnik za prometnu infrastrukturu<\/h4>\n                <div class=\"adresar-stavka\">E-mail: <a href=\"mailto:marko.parcina@kastela.hr\">marko.parcina@kastela.hr<\/a><\/div><div class=\"adresar-stavka\">Tel:     <a href=\"tel:+385821205248\" target=\"_blank\">\n        <a href='tel:+385821205248' target='_blank'>+385821205248<\/a>    <\/a>\n\n\n    <\/div>            <\/li>\n            <\/ul>\n    ","protected":false},"excerpt":{"rendered":"<p>U Odsjeku za savjetodavne poslove obavljaju se stru\u010dni i savjetodavni poslovi za gradona\u010delnika iz podru\u010dja razvoja gospodarstva, posebno razvoja poljoprivrede, [&hellip;]<\/p>\n","protected":false},"author":1,"featured_media":0,"parent":11588,"menu_order":0,"comment_status":"closed","ping_status":"closed","template":"","meta":{"_acf_changed":false,"footnotes":""},"class_list":["post-11681","page","type-page","status-publish","hentry"],"acf":[],"_links":{"self":[{"href":"https:\/\/kastela.hr\/en\/wp-json\/wp\/v2\/pages\/11681","targetHints":{"allow":["GET"]}}],"collection":[{"href":"https:\/\/kastela.hr\/en\/wp-json\/wp\/v2\/pages"}],"about":[{"href":"https:\/\/kastela.hr\/en\/wp-json\/wp\/v2\/types\/page"}],"author":[{"embeddable":true,"href":"https:\/\/kastela.hr\/en\/wp-json\/wp\/v2\/users\/1"}],"replies":[{"embeddable":true,"href":"https:\/\/kastela.hr\/en\/wp-json\/wp\/v2\/comments?post=11681"}],"version-history":[{"count":2,"href":"https:\/\/kastela.hr\/en\/wp-json\/wp\/v2\/pages\/11681\/revisions"}],"predecessor-version":[{"id":11701,"href":"https:\/\/kastela.hr\/en\/wp-json\/wp\/v2\/pages\/11681\/revisions\/11701"}],"up":[{"embeddable":true,"href":"https:\/\/kastela.hr\/en\/wp-json\/wp\/v2\/pages\/11588"}],"wp:attachment":[{"href":"https:\/\/kastela.hr\/en\/wp-json\/wp\/v2\/media?parent=11681"}],"curies":[{"name":"wp","href":"https:\/\/api.w.org\/{rel}","templated":true}]}}