{"id":11678,"date":"2024-10-09T14:45:57","date_gmt":"2024-10-09T12:45:57","guid":{"rendered":"https:\/\/kastela.hr\/en\/?page_id=11678"},"modified":"2024-11-28T09:29:00","modified_gmt":"2024-11-28T08:29:00","slug":"odsjek-za-informatiku","status":"publish","type":"page","link":"https:\/\/kastela.hr\/en\/grad-kastela\/upravni-odjeli\/upravni-odjel-za-poslove-gradonacelnika-i-strucne-poslove\/odsjek-za-informatiku\/","title":{"rendered":"Odsjek za informatiku"},"content":{"rendered":"\n<p>U Odsjeku za informatiku obavljaju poslovi razvoja informacijskog sustava i sustava upravljanja dokumentima te provedbenih mjera i standarda informacijske sigurnosti, poslovi informatizacije gradske uprave, te izrada, pra\u0107enje i odr\u017eavanje informati\u010dkog sustava, te sustava komunikacije i on-line usluga gra\u0111anima u okviru izgradnje e-uprave, poslovi planiranja, nabave, upravljanja i odr\u017eavanja ra\u010dunalno-komunikacijskih resursa, nadzora nad radom mre\u017ee te osiguravanja sigurnosti i za\u0161tite podataka.&nbsp;<\/p>\n\n\n    <ul class=\"adresar-list\">\n                    \n            <li id=\"post-204\" class=\"post-11678 page type-page status-publish hentry\">\n                <h3 class=\"adresar-naziv\">Zorana Budi\u0161in Vitas<\/h3>\n\n                \n                <h4 class=\"adresar-titula\">Voditeljica odsjeka za informatiku<\/h4>\n                <div class=\"adresar-stavka\">E-mail: <a href=\"mailto:zorana.budisin@kastela.hr\">zorana.budisin@kastela.hr<\/a><\/div><div class=\"adresar-stavka\">Tel:     <a href=\"tel:+38521205243\" target=\"_blank\">\n        <a href='tel:+38521205243' target='_blank'>+38521205243<\/a>    <\/a>\n\n\n    <\/div>            <\/li>\n                    \n            <li id=\"post-205\" class=\"post-11678 page type-page status-publish hentry\">\n                <h3 class=\"adresar-naziv\">Davor Dlaka<\/h3>\n\n                \n                <h4 class=\"adresar-titula\">Stru\u010dni suradnik za informatiku<\/h4>\n                <div class=\"adresar-stavka\">E-mail: <a href=\"mailto:davor.dlaka@kastela.hr\">davor.dlaka@kastela.hr<\/a><\/div><div class=\"adresar-stavka\">Tel:     <a href=\"tel:+38521205243\" target=\"_blank\">\n        <a href='tel:+38521205243' target='_blank'>+38521205243<\/a>    <\/a>\n\n\n    <\/div>            <\/li>\n                    \n            <li id=\"post-13203\" class=\"post-11678 page type-page status-publish hentry\">\n                <h3 class=\"adresar-naziv\">Ivan Sokol<\/h3>\n\n                \n                <h4 class=\"adresar-titula\">Referent za informati\u010dke poslove<\/h4>\n                <div class=\"adresar-stavka\">E-mail: <a href=\"mailto:ivan.sokol@kastela.hr\">ivan.sokol@kastela.hr<\/a><\/div><div class=\"adresar-stavka\">Tel:     <a href=\"tel:+38521205243\" target=\"_blank\">\n        <a href='tel:+38521205243' target='_blank'>+38521205243<\/a>    <\/a>\n\n\n    <\/div>            <\/li>\n            <\/ul>\n    ","protected":false},"excerpt":{"rendered":"<p>U Odsjeku za informatiku obavljaju poslovi razvoja informacijskog sustava i sustava upravljanja dokumentima te provedbenih mjera i standarda informacijske sigurnosti, [&hellip;]<\/p>\n","protected":false},"author":1,"featured_media":0,"parent":11588,"menu_order":0,"comment_status":"closed","ping_status":"closed","template":"","meta":{"_acf_changed":false,"footnotes":""},"class_list":["post-11678","page","type-page","status-publish","hentry"],"acf":[],"_links":{"self":[{"href":"https:\/\/kastela.hr\/en\/wp-json\/wp\/v2\/pages\/11678","targetHints":{"allow":["GET"]}}],"collection":[{"href":"https:\/\/kastela.hr\/en\/wp-json\/wp\/v2\/pages"}],"about":[{"href":"https:\/\/kastela.hr\/en\/wp-json\/wp\/v2\/types\/page"}],"author":[{"embeddable":true,"href":"https:\/\/kastela.hr\/en\/wp-json\/wp\/v2\/users\/1"}],"replies":[{"embeddable":true,"href":"https:\/\/kastela.hr\/en\/wp-json\/wp\/v2\/comments?post=11678"}],"version-history":[{"count":3,"href":"https:\/\/kastela.hr\/en\/wp-json\/wp\/v2\/pages\/11678\/revisions"}],"predecessor-version":[{"id":13905,"href":"https:\/\/kastela.hr\/en\/wp-json\/wp\/v2\/pages\/11678\/revisions\/13905"}],"up":[{"embeddable":true,"href":"https:\/\/kastela.hr\/en\/wp-json\/wp\/v2\/pages\/11588"}],"wp:attachment":[{"href":"https:\/\/kastela.hr\/en\/wp-json\/wp\/v2\/media?parent=11678"}],"curies":[{"name":"wp","href":"https:\/\/api.w.org\/{rel}","templated":true}]}}