{"id":11666,"date":"2024-10-09T14:39:50","date_gmt":"2024-10-09T12:39:50","guid":{"rendered":"https:\/\/kastela.hr\/en\/?page_id=11666"},"modified":"2024-10-10T11:31:42","modified_gmt":"2024-10-10T09:31:42","slug":"djelokrug-rada-uo-za-poslove-gradonacelnika-i-strucne-poslove","status":"publish","type":"page","link":"https:\/\/kastela.hr\/en\/grad-kastela\/upravni-odjeli\/upravni-odjel-za-poslove-gradonacelnika-i-strucne-poslove\/djelokrug-rada-uo-za-poslove-gradonacelnika-i-strucne-poslove\/","title":{"rendered":"Djelokrug rada UO za poslove Gradona\u010delnika i stru\u010dne poslove"},"content":{"rendered":"\n<h2 class=\"wp-block-heading\">U Upravnom odjelu za poslove Gradona\u010delnika i stru\u010dne poslove obavljaju se sljede\u0107i poslovi:<\/h2>\n\n\n\n<p>Poslovi pripreme, organiziranja i odr\u017eavanja sjednica Gradskog vije\u0107a i njegovih radnih tijela utvr\u0111enih aktom o radnim tijelima te sjednica radnih tijela Gradskog vije\u0107a i gradona\u010delnika osnovanih temeljem posebnih propisa za poslove iz nadle\u017enosti upravnog odjela, ostali stru\u010dni i upravni, pravni, savjetodavni, protokolarni i administrativni poslovi u svezi s djelokrugom rada gradona\u010delnika i zamjenika gradona\u010delnika, predsjednika, potpredsjednika i \u010dlanova Gradskog vije\u0107a, poslovi iz podru\u010dja mjesne samouprave, poslovi u svezi ostvarivanja prava na pristup informacijama, za\u0161tite osobnih podataka, ravnopravnosti spolova, poslovi u vezi Savjeta mladih, nacionalnih manjina, poslovi razvoja informacijskog sustava i sustava upravljanja dokumentima te provedbenih mjera i standarda informacijske sigurnosti, poslovi informatizacije gradske uprave, te izrada, pra\u0107enje i odr\u017eavanje informati\u010dkog sustava, slu\u017ebenih mre\u017enih stranica Grada, te sustava komunikacije i on-line usluga gra\u0111anima u okviru izgradnje e-uprave, priprema Slu\u017ebenog glasnika za tisak i objava na slu\u017ebenim stranicama, poslovi planiranja, nabave, upravljanja i odr\u017eavanja ra\u010dunalno-komunikacijskih resursa, nadzor nad radom mre\u017ee te osiguravanje sigurnosti i za\u0161tite podataka, priprema odgovaraju\u0107ih poslova u vezi javnosti rada tijela Grada i to putem informiranja gra\u0111ana izravno, putem medija, slu\u017ebenih mre\u017enih stranica Grada i dru\u0161tvenih mre\u017ea, poslovi uklju\u010divanja gra\u0111ana i ostale zainteresirane javnosti u rad Gradske uprave i u postupke dono\u0161enja odluka putem on line komunikacijskih kanala, poslovi koji se odnose na odnose s javno\u0161\u0107u, poslovi u svezi s slu\u017ebenim protokolom, protokolarnim primanjima i prigodnim doga\u0111anjima, poslovi razvijanja me\u0111ugradske i me\u0111unarodne suradnje te suradnje s gradovima prijateljima, poslovi u svezi postupanja po predstavkama i pritu\u017ebama gra\u0111ana na rad upravnih tijela Grada, poslovi jednostavne javne nabave roba, usluga i radova sukladno djelokrugu poslova upravnog odjela, izrada nacrta i prijedloga zaklju\u010daka, izvje\u0161\u0107a, programa, planova, odluka, ugovora i drugih akata iz nadle\u017enosti upravnog odjela koje donosi Gradsko vije\u0107e i gradona\u010delnik te ukoliko pripremanje takvih akata ne spada u nadle\u017enost drugih upravnih tijela, izvr\u0161avanje i nadzor provo\u0111enja op\u0107ih i pojedina\u010dnih akata Gradskog vije\u0107a i gradona\u010delnika, ure\u0111ivanje akata koje donosi Gradsko vije\u0107e, organiziranje njihove objave i dostavljanje nadle\u017enim tijelima i subjektima radi izvr\u0161enja te drugi poslovi koji temeljem zakona, akata Grada, drugih propisa ili po svojoj prirodi spadaju u djelokrug upravnog odjela.<\/p>\n\n\n\n<h2 class=\"wp-block-heading\">U Upravnom odjelu ustrojavaju se sljede\u0107e unutarnje ustrojstvene jedinice:<\/h2>\n\n\n\n<p><strong><a href=\"https:\/\/kastela.hr\/en\/grad-kastela\/upravni-odjeli\/upravni-odjel-za-poslove-gradonacelnika-i-strucne-poslove\/odsjek-za-poslove-gradskog-vijeca\/\" data-type=\"page\" data-id=\"11673\">1. Odsjek za poslove Gradskog vije\u0107a,<\/a><\/strong> u kojem se obavljaju poslovi pripreme sjednica Gradskog vije\u0107a i njegovih radnih tijela te sjednica radnih tijela Gradskog vije\u0107a i Gradona\u010delnika osnovanih temeljem posebnih propisa za poslove iz nadle\u017enosti upravnog odjela, poslovi iz podru\u010dja mjesne samouprave, ravnopravnosti spolova, Savjeta mladih, nacionalnih manjina i javnih priznanja.\u00a0<\/p>\n\n\n\n<p><strong><a href=\"https:\/\/kastela.hr\/en\/grad-kastela\/upravni-odjeli\/upravni-odjel-za-poslove-gradonacelnika-i-strucne-poslove\/odsjek-za-informatiku\/\" data-type=\"page\" data-id=\"11678\">2. Odsjek za informatiku,<\/a><\/strong> u kojem se obavljaju poslovi razvoja informacijskog sustava i sustava upravljanja dokumentima te provedbenih mjera i standarda informacijske sigurnosti, poslovi informatizacije gradske uprave, te izrada, pra\u0107enje i odr\u017eavanje informati\u010dkog sustava, te sustava komunikacije i on-line usluga gra\u0111anima u okviru izgradnje e-uprave, poslovi planiranja, nabave, upravljanja i odr\u017eavanja ra\u010dunalno-komunikacijskih resursa, nadzora nad radom mre\u017ee te osiguravanja sigurnosti i za\u0161tite podataka.\u00a0<\/p>\n\n\n\n<p><strong><a href=\"https:\/\/kastela.hr\/en\/grad-kastela\/upravni-odjeli\/upravni-odjel-za-poslove-gradonacelnika-i-strucne-poslove\/odsjek-za-savjetodavne-poslove\/\" data-type=\"page\" data-id=\"11681\">3. Odsjek za savjetodavne poslove,<\/a><\/strong> u kojem se obavljaju stru\u010dni i savjetodavni poslovi za gradona\u010delnika iz podru\u010dja razvoja gospodarstva, posebno razvoja poljoprivrede, ribarstva, obrta te prometne infrastrukture.\u00a0<\/p>\n","protected":false},"excerpt":{"rendered":"<p>U Upravnom odjelu za poslove Gradona\u010delnika i stru\u010dne poslove obavljaju se sljede\u0107i poslovi: Poslovi pripreme, organiziranja i odr\u017eavanja sjednica Gradskog [&hellip;]<\/p>\n","protected":false},"author":1,"featured_media":0,"parent":11588,"menu_order":0,"comment_status":"closed","ping_status":"closed","template":"","meta":{"_acf_changed":false,"footnotes":""},"class_list":["post-11666","page","type-page","status-publish","hentry"],"acf":[],"_links":{"self":[{"href":"https:\/\/kastela.hr\/en\/wp-json\/wp\/v2\/pages\/11666","targetHints":{"allow":["GET"]}}],"collection":[{"href":"https:\/\/kastela.hr\/en\/wp-json\/wp\/v2\/pages"}],"about":[{"href":"https:\/\/kastela.hr\/en\/wp-json\/wp\/v2\/types\/page"}],"author":[{"embeddable":true,"href":"https:\/\/kastela.hr\/en\/wp-json\/wp\/v2\/users\/1"}],"replies":[{"embeddable":true,"href":"https:\/\/kastela.hr\/en\/wp-json\/wp\/v2\/comments?post=11666"}],"version-history":[{"count":4,"href":"https:\/\/kastela.hr\/en\/wp-json\/wp\/v2\/pages\/11666\/revisions"}],"predecessor-version":[{"id":11696,"href":"https:\/\/kastela.hr\/en\/wp-json\/wp\/v2\/pages\/11666\/revisions\/11696"}],"up":[{"embeddable":true,"href":"https:\/\/kastela.hr\/en\/wp-json\/wp\/v2\/pages\/11588"}],"wp:attachment":[{"href":"https:\/\/kastela.hr\/en\/wp-json\/wp\/v2\/media?parent=11666"}],"curies":[{"name":"wp","href":"https:\/\/api.w.org\/{rel}","templated":true}]}}