{"id":11625,"date":"2024-10-09T13:25:25","date_gmt":"2024-10-09T11:25:25","guid":{"rendered":"https:\/\/kastela.hr\/en\/?page_id=11625"},"modified":"2024-11-13T09:45:41","modified_gmt":"2024-11-13T08:45:41","slug":"vlastiti-pogon-za-obavljanje-komunalnih-djelatnosti","status":"publish","type":"page","link":"https:\/\/kastela.hr\/en\/grad-kastela\/upravni-odjeli\/vlastiti-pogon-za-obavljanje-komunalnih-djelatnosti\/","title":{"rendered":"Vlastiti pogon za obavljanje komunalnih djelatnosti"},"content":{"rendered":"<div class=\"poveznice-opis-blok-container\">    <a class=\"poveznice-blok-link\" href=\"https:\/\/kastela.hr\/en\/grad-kastela\/upravni-odjeli\/vlastiti-pogon-za-obavljanje-komunalnih-djelatnosti\/djelokrug-rada-vlastitog-pogona-za-obavljanje-komunalnih-djelatnosti-u-gradu-kastela\/\" target=\"_self\">\n\n\n\n<div class=\"poveznice-opis-blok-item\"><div class=\"poveznice-blok-naslov\">Djelokrug rada Vlastitog pogona za obavljanje komunalnih djelatnosti u Gradu Ka\u0161tela<\/div><\/div><\/a>    <a class=\"poveznice-blok-link\" href=\"https:\/\/kastela.hr\/en\/grad-kastela\/upravni-odjeli\/vlastiti-pogon-za-obavljanje-komunalnih-djelatnosti\/odsjek-za-strucne-poslove\/\" target=\"_self\">\n\n\n\n<div class=\"poveznice-opis-blok-item\"><div class=\"poveznice-blok-naslov\">Odsjek za stru\u010dne poslove<\/div><\/div><\/a>    <a class=\"poveznice-blok-link\" href=\"https:\/\/kastela.hr\/en\/grad-kastela\/upravni-odjeli\/vlastiti-pogon-za-obavljanje-komunalnih-djelatnosti\/odsjek-za-odrzavanje-javnih-povrsina\/\" target=\"_self\">\n\n\n\n<div class=\"poveznice-opis-blok-item\"><div class=\"poveznice-blok-naslov\">Odsjek za odr\u017eavanje javnih povr\u0161ina<\/div><\/div><\/a>    <a class=\"poveznice-blok-link\" href=\"https:\/\/kastela.hr\/en\/grad-kastela\/upravni-odjeli\/vlastiti-pogon-za-obavljanje-komunalnih-djelatnosti\/odsjek-za-upravljanje-i-odrzavanje-groblja\/\" target=\"_self\">\n\n\n\n<div class=\"poveznice-opis-blok-item\"><div class=\"poveznice-blok-naslov\">Odsjek za upravljanje i odr\u017eavanje groblja<\/div><\/div><\/a>    <a class=\"poveznice-blok-link\" href=\"https:\/\/kastela.hr\/en\/grad-kastela\/upravni-odjeli\/vlastiti-pogon-za-obavljanje-komunalnih-djelatnosti\/odsjek-za-tehnicko-odrzavanje\/\" target=\"_self\">\n\n\n\n<div class=\"poveznice-opis-blok-item\"><div class=\"poveznice-blok-naslov\">Odsjek za tehni\u010dko odr\u017eavanje<\/div><\/div><\/a><\/div>\n\n\n<h2 class=\"wp-block-heading\">Vlastiti pogon obavlja sljede\u0107e komunalne djelatnosti kojima se osigurava odr\u017eavanje komunalne infrastrukture u stanju funkcionalne ispravnosti:<\/h2>\n\n\n\n<ol class=\"wp-block-list\">\n<li>odr\u017eavanje nerazvrstanih cesta, u dijelu koji se odnosi na odr\u017eavanje poljskih, \u0161umskih i drugih<br>putova te odr\u017eavanje prometnih znakova<\/li>\n\n\n\n<li>odr\u017eavanje javnih povr\u0161ina na kojima nije dopu\u0161ten promet motornim vozilima<\/li>\n\n\n\n<li>odr\u017eavanje gra\u0111evina javne odvodnje oborinskih voda<\/li>\n\n\n\n<li>odr\u017eavanje javnih zelenih povr\u0161ina<\/li>\n\n\n\n<li>odr\u017eavanje gra\u0111evina, ure\u0111aja i predmeta javne namjene<\/li>\n\n\n\n<li>odr\u017eavanje groblja<\/li>\n\n\n\n<li>odr\u017eavanje \u010disto\u0107e javnih povr\u0161ina<\/li>\n\n\n\n<li>odr\u017eavanje javne rasvjete.<\/li>\n<\/ol>\n\n\n\n<h2 class=\"wp-block-heading\">Vlastiti pogon obavlja sljede\u0107e uslu\u017ene komunalne djelatnosti:<\/h2>\n\n\n\n<ol class=\"wp-block-list\">\n<li>usluge javnih tr\u017enica na malo<\/li>\n\n\n\n<li>usluge ukopa.<\/li>\n<\/ol>\n\n\n    <ul class=\"adresar-list\">\n                    \n            <li id=\"post-300\" class=\"post-11625 page type-page status-publish hentry\">\n                <h3 class=\"adresar-naziv\">Ivan \u010cagalj, dipl. ing.<\/h3>\n\n                \n                <h4 class=\"adresar-titula\">Upravitelj Vlastitog pogona<\/h4>\n                <div class=\"adresar-stavka\">E-mail: <a href=\"mailto:ivan.cagalj@kastela.hr\">ivan.cagalj@kastela.hr<\/a><\/div><div class=\"adresar-stavka\">Tel:     <a href=\"tel:+38521205222\" target=\"_blank\">\n        <a href='tel:+38521205222' target='_blank'>+38521205222<\/a>    <\/a>\n\n\n    <\/div>            <\/li>\n            <\/ul>\n    \n\n\n<h2 class=\"wp-block-heading\">Svi kontakti Vlastitog pogonda za obavljanje komunalnih djelatnosti Grada Ka\u0161tela<\/h2>\n\n\n    <ul class=\"adresar-list\">\n                    \n            <li id=\"post-301\" class=\"post-11625 page type-page status-publish hentry\">\n                <h3 class=\"adresar-naziv\">Katja Nin\u010devi\u0107<\/h3>\n\n                \n                <h4 class=\"adresar-titula\">Voditeljica odsjeka za stru\u010dne poslove<\/h4>\n                <div class=\"adresar-stavka\">E-mail: <a href=\"mailto:katja.nincevic@kastela.hr\">katja.nincevic@kastela.hr<\/a><\/div><div class=\"adresar-stavka\">Tel:     <a href=\"tel:+38521205283\" target=\"_blank\">\n        <a href='tel:+38521205283' target='_blank'>+38521205283<\/a>    <\/a>\n\n\n    <\/div>            <\/li>\n                    \n            <li id=\"post-303\" class=\"post-11625 page type-page status-publish hentry\">\n                <h3 class=\"adresar-naziv\">\u017deljko Raj\u010di\u0107<\/h3>\n\n                \n                <h4 class=\"adresar-titula\">Voditelj odsjeka za upravljanje i odr\u017eavanje groblja<\/h4>\n                <div class=\"adresar-stavka\">E-mail: <a href=\"mailto:zeljko.rajcic@kastela.hr\">zeljko.rajcic@kastela.hr<\/a><\/div><div class=\"adresar-stavka\">Tel:     <a href=\"tel:+38521205207\" target=\"_blank\">\n        <a href='tel:+38521205207' target='_blank'>+38521205207<\/a>    <\/a>\n\n\n    <\/div>            <\/li>\n                    \n            <li id=\"post-304\" class=\"post-11625 page type-page status-publish hentry\">\n                <h3 class=\"adresar-naziv\">Josip Keli\u0107<\/h3>\n\n                \n                <h4 class=\"adresar-titula\">Stru\u010dni suradnik za tehni\u010dke poslove<\/h4>\n                <div class=\"adresar-stavka\">E-mail: <a href=\"mailto:josip.kelic@kastela.hr\">josip.kelic@kastela.hr<\/a><\/div><div class=\"adresar-stavka\">Tel:     <a href=\"tel:+38521205206\" target=\"_blank\">\n        <a href='tel:+38521205206' target='_blank'>+38521205206<\/a>    <\/a>\n\n\n    <\/div>            <\/li>\n                    \n            <li id=\"post-305\" class=\"post-11625 page type-page status-publish hentry\">\n                <h3 class=\"adresar-naziv\">Mijo Radi\u0107<\/h3>\n\n                \n                <h4 class=\"adresar-titula\">Stru\u010dni suradnik za tehni\u010dke poslove<\/h4>\n                <div class=\"adresar-stavka\">E-mail: <a href=\"mailto:mijo.radic@kastela.hr\">mijo.radic@kastela.hr<\/a><\/div><div class=\"adresar-stavka\">Tel:     <a href=\"tel:+38521205206\" target=\"_blank\">\n        <a href='tel:+38521205206' target='_blank'>+38521205206<\/a>    <\/a>\n\n\n    <\/div>            <\/li>\n            <\/ul>\n    \n\n\n<p><strong>Radno vrijeme:<br><\/strong>07:00 &#8211; 15:00 <\/p>\n\n\n\n<p><strong>Uredovno radno vrijeme :<br><\/strong>Svaki radni dan od 8 do 14 sati<\/p>\n","protected":false},"excerpt":{"rendered":"<p>Vlastiti pogon obavlja sljede\u0107e komunalne djelatnosti kojima se osigurava odr\u017eavanje komunalne infrastrukture u stanju funkcionalne ispravnosti: Vlastiti pogon obavlja sljede\u0107e [&hellip;]<\/p>\n","protected":false},"author":1,"featured_media":0,"parent":8879,"menu_order":0,"comment_status":"closed","ping_status":"closed","template":"","meta":{"_acf_changed":false,"footnotes":""},"class_list":["post-11625","page","type-page","status-publish","hentry"],"acf":[],"_links":{"self":[{"href":"https:\/\/kastela.hr\/en\/wp-json\/wp\/v2\/pages\/11625","targetHints":{"allow":["GET"]}}],"collection":[{"href":"https:\/\/kastela.hr\/en\/wp-json\/wp\/v2\/pages"}],"about":[{"href":"https:\/\/kastela.hr\/en\/wp-json\/wp\/v2\/types\/page"}],"author":[{"embeddable":true,"href":"https:\/\/kastela.hr\/en\/wp-json\/wp\/v2\/users\/1"}],"replies":[{"embeddable":true,"href":"https:\/\/kastela.hr\/en\/wp-json\/wp\/v2\/comments?post=11625"}],"version-history":[{"count":3,"href":"https:\/\/kastela.hr\/en\/wp-json\/wp\/v2\/pages\/11625\/revisions"}],"predecessor-version":[{"id":12101,"href":"https:\/\/kastela.hr\/en\/wp-json\/wp\/v2\/pages\/11625\/revisions\/12101"}],"up":[{"embeddable":true,"href":"https:\/\/kastela.hr\/en\/wp-json\/wp\/v2\/pages\/8879"}],"wp:attachment":[{"href":"https:\/\/kastela.hr\/en\/wp-json\/wp\/v2\/media?parent=11625"}],"curies":[{"name":"wp","href":"https:\/\/api.w.org\/{rel}","templated":true}]}}