{"id":11603,"date":"2024-10-09T13:05:43","date_gmt":"2024-10-09T11:05:43","guid":{"rendered":"https:\/\/kastela.hr\/en\/?page_id=11603"},"modified":"2024-11-07T10:29:23","modified_gmt":"2024-11-07T09:29:23","slug":"upravni-odjel-za-komunalno-gospodarstvo-i-imovinu","status":"publish","type":"page","link":"https:\/\/kastela.hr\/en\/grad-kastela\/upravni-odjeli\/upravni-odjel-za-komunalno-gospodarstvo-i-imovinu\/","title":{"rendered":"Upravni odjel za komunalno gospodarstvo i imovinu"},"content":{"rendered":"<div class=\"poveznice-opis-blok-container\">    <a class=\"poveznice-blok-link\" href=\"https:\/\/kastela.hr\/en\/grad-kastela\/upravni-odjeli\/upravni-odjel-za-komunalno-gospodarstvo-i-imovinu\/djelokrug-rada-uo-za-komunalno-gospodarstvo-i-imovinu\/\" target=\"_self\">\n\n\n\n<div class=\"poveznice-opis-blok-item\"><div class=\"poveznice-blok-naslov\">Djelokrug rada UO za komunalno gospodarstvo i imovinu<\/div><\/div><\/a>    <a class=\"poveznice-blok-link\" href=\"https:\/\/kastela.hr\/en\/grad-kastela\/upravni-odjeli\/upravni-odjel-za-komunalno-gospodarstvo-i-imovinu\/odsjek-za-izgradnju-i-odrzavanje\/\" target=\"_self\">\n\n\n\n<div class=\"poveznice-opis-blok-item\"><div class=\"poveznice-blok-naslov\">Odsjek za izgradnju i odr\u017eavanje<\/div><\/div><\/a>    <a class=\"poveznice-blok-link\" href=\"https:\/\/kastela.hr\/en\/grad-kastela\/upravni-odjeli\/upravni-odjel-za-komunalno-gospodarstvo-i-imovinu\/odsjek-za-gospodarenje-gradskom-imovinom\/\" target=\"_self\">\n\n\n\n<div class=\"poveznice-opis-blok-item\"><div class=\"poveznice-blok-naslov\">Odsjek za gospodarenje gradskom imovinom<\/div><\/div><\/a>    <a class=\"poveznice-blok-link\" href=\"https:\/\/kastela.hr\/en\/grad-kastela\/upravni-odjeli\/upravni-odjel-za-komunalno-gospodarstvo-i-imovinu\/odsjek-za-komunalnu-naknadu\/\" target=\"_self\">\n\n\n\n<div class=\"poveznice-opis-blok-item\"><div class=\"poveznice-blok-naslov\">Odsjek za komunalnu naknadu<\/div><\/div><\/a><\/div>\n\n\n<h2 class=\"wp-block-heading\">Kontakt informacije odjela<\/h2>\n\n\n    <ul class=\"adresar-list\">\n                    \n            <li id=\"post-207\" class=\"post-11603 page type-page status-publish hentry\">\n                <h3 class=\"adresar-naziv\">Ivica \u0160kopljanac, dipl. ing.<\/h3>\n\n                \n                <h4 class=\"adresar-titula\">Pro\u010delnik Upravnog odjela za komunalno gospodarstvo i imovinu<\/h4>\n                <div class=\"adresar-stavka\">E-mail: <a href=\"mailto:ivica.skopljanac@kastela.hr\">ivica.skopljanac@kastela.hr<\/a><\/div><div class=\"adresar-stavka\">Tel:     <a href=\"tel:+38521205218\" target=\"_blank\">\n        <a href='tel:+38521205218' target='_blank'>+38521205218<\/a>    <\/a>\n\n\n    <\/div>            <\/li>\n                    \n            <li id=\"post-208\" class=\"post-11603 page type-page status-publish hentry\">\n                <h3 class=\"adresar-naziv\">Antonio Bartulovi\u0107<\/h3>\n\n                \n                <h4 class=\"adresar-titula\">Pomo\u0107nik pro\u010delnika<\/h4>\n                <div class=\"adresar-stavka\">E-mail: <a href=\"mailto:antonio.bartulovic@kastela.hr\">antonio.bartulovic@kastela.hr<\/a><\/div><div class=\"adresar-stavka\">Tel:     <a href=\"tel:+38521205213\" target=\"_blank\">\n        <a href='tel:+38521205213' target='_blank'>+38521205213<\/a>    <\/a>\n\n\n    <\/div>            <\/li>\n                    \n            <li id=\"post-209\" class=\"post-11603 page type-page status-publish hentry\">\n                <h3 class=\"adresar-naziv\">Antonjeta Bajto<\/h3>\n\n                \n                <h4 class=\"adresar-titula\">Referentica &#8211; administrativna tajnica<\/h4>\n                <div class=\"adresar-stavka\">E-mail: <a href=\"mailto:antonjeta.bajto@kastela.hr\">antonjeta.bajto@kastela.hr<\/a><\/div><div class=\"adresar-stavka\">Tel:     <a href=\"tel:+38521205211\" target=\"_blank\">\n        <a href='tel:+38521205211' target='_blank'>+38521205211<\/a>    <\/a>\n\n\n    <\/div>            <\/li>\n            <\/ul>\n    \n\n\n<h2 class=\"wp-block-heading\">Svi kontakti upravnog odjela za komunalno gospodarstvo i imovinu<\/h2>\n\n\n    <ul class=\"adresar-list\">\n                    \n            <li id=\"post-215\" class=\"post-11603 page type-page status-publish hentry\">\n                <h3 class=\"adresar-naziv\">Antonio Petru\u0161i\u0107<\/h3>\n\n                \n                <h4 class=\"adresar-titula\">Voditelj odsjeka za izgradnju i odr\u017eavanje<\/h4>\n                <div class=\"adresar-stavka\">E-mail: <a href=\"mailto:antonio.petrusic@kastela.hr\">antonio.petrusic@kastela.hr<\/a><\/div><div class=\"adresar-stavka\">Tel:     <a href=\"tel:+38521205289\" target=\"_blank\">\n        <a href='tel:+38521205289' target='_blank'>+38521205289<\/a>    <\/a>\n\n\n    <\/div>            <\/li>\n                    \n            <li id=\"post-210\" class=\"post-11603 page type-page status-publish hentry\">\n                <h3 class=\"adresar-naziv\">Kasja Bedalov<\/h3>\n\n                \n                <h4 class=\"adresar-titula\">Voditeljica odsjeka za upravljanje gradskom imovinom<\/h4>\n                <div class=\"adresar-stavka\">E-mail: <a href=\"mailto:kasja.bedalov@kastela.hr\">kasja.bedalov@kastela.hr<\/a><\/div><div class=\"adresar-stavka\">Tel:     <a href=\"tel:+38521205254\" target=\"_blank\">\n        <a href='tel:+38521205254' target='_blank'>+38521205254<\/a>    <\/a>\n\n\n    <\/div>            <\/li>\n            <\/ul>\n    \n\n\n<p><strong>Radno vrijeme: <\/strong><br>07:00 &#8211; 15:00 <\/p>\n\n\n\n<p><strong>Uredovno radno vrijeme <\/strong><\/p>\n\n\n\n<p><strong>Odsjek za izgradnju i odr\u017eavanje: <\/strong><br>utorak, srijeda, \u010detvrtak od 8 do 14 sati <\/p>\n\n\n\n<p><strong>Odsjek za upravljanje gradskom imovinom: <\/strong><br>utorak, srijeda, \u010detvrtak od 8 do 14 sati <\/p>\n\n\n\n<p><strong>Odsjek za komunalnu naknadu: <\/strong><br>utorak, srijeda, \u010detvrtak od 8 do 14 sati<\/p>\n\n\n\n<h2 class=\"wp-block-heading\">U Upravnom tijelu kao unutarnje ustrojstvene jedinice ustrojavaju se:<\/h2>\n\n\n\n<p><strong><a href=\"https:\/\/kastela.hr\/en\/grad-kastela\/upravni-odjeli\/upravni-odjel-za-komunalno-gospodarstvo-i-imovinu\/odsjek-za-izgradnju-i-odrzavanje\/\" data-type=\"page\" data-id=\"11722\">1. Odsjek za izgradnju i odr\u017eavanje,<\/a><\/strong> u kojem se obavljaju poslovi pripreme, provo\u0111enja i pra\u0107enja, te izgradnje, rekonstrukcije i odr\u017eavanja objekata i ure\u0111aja komunalne infrastrukture i drugih gra\u0111evina javne namjene.&nbsp;<\/p>\n\n\n\n<p><strong><a href=\"https:\/\/kastela.hr\/en\/grad-kastela\/upravni-odjeli\/upravni-odjel-za-komunalno-gospodarstvo-i-imovinu\/odsjek-za-gospodarenje-gradskom-imovinom\/\" data-type=\"page\" data-id=\"11724\">2. Odsjek za gospodarenje gradskom imovinom,<\/a><\/strong> u kojem se obavljaju imovinsko pravni poslovi vezani uz stjecanje i otu\u0111enje nekretnina u vlasni\u0161tvu Grada, poslovi u svezi sre\u0111ivanja zemlji\u0161no-knji\u017enog stanja te evidencije gradske imovine i evidencije komunalne infrastrukture. Tako\u0111er se obavljaju poslovi u vezi s vrednovanjem nekretnina i informacijskim sustavom tr\u017ei\u0161ta nekretnina.&nbsp;<\/p>\n\n\n\n<p><strong><a href=\"https:\/\/kastela.hr\/en\/grad-kastela\/upravni-odjeli\/upravni-odjel-za-komunalno-gospodarstvo-i-imovinu\/odsjek-za-komunalnu-naknadu\/\" data-type=\"page\" data-id=\"11726\">3. Odsjek za komunalnu naknadu,<\/a><\/strong> u kojem se obavljaju poslovi iz podru\u010dja komunalnog gospodarstva a koji se odnose na komunalnu naknadu i naknadu za ure\u0111enje voda, poslovi utvr\u0111ivanja komunalne naknade, naknade za ure\u0111enje voda, i drugih naknada koje po svojoj prirodi spadaju u djelokrug upravnog tijela, dono\u0161enje rje\u0161enja za pla\u0107anje tih naknada, naplata i dono\u0161enje rje\u0161enja u postupku ovrhe, naknada i svih gradskih prihoda \u010dija naplata nije povjerena drugom upravnom tijelu, vo\u0111enje upravnog postupka u&nbsp; ostupcima dono\u0161enja rje\u0161enja za pla\u0107anje naknada, u \u017ealbenim postupcima te u postupcima prisilne naplate.&nbsp;<\/p>\n","protected":false},"excerpt":{"rendered":"<p>Kontakt informacije odjela Svi kontakti upravnog odjela za komunalno gospodarstvo i imovinu Radno vrijeme: 07:00 &#8211; 15:00 Uredovno radno vrijeme [&hellip;]<\/p>\n","protected":false},"author":1,"featured_media":0,"parent":8879,"menu_order":0,"comment_status":"closed","ping_status":"closed","template":"","meta":{"_acf_changed":false,"footnotes":""},"class_list":["post-11603","page","type-page","status-publish","hentry"],"acf":[],"_links":{"self":[{"href":"https:\/\/kastela.hr\/en\/wp-json\/wp\/v2\/pages\/11603","targetHints":{"allow":["GET"]}}],"collection":[{"href":"https:\/\/kastela.hr\/en\/wp-json\/wp\/v2\/pages"}],"about":[{"href":"https:\/\/kastela.hr\/en\/wp-json\/wp\/v2\/types\/page"}],"author":[{"embeddable":true,"href":"https:\/\/kastela.hr\/en\/wp-json\/wp\/v2\/users\/1"}],"replies":[{"embeddable":true,"href":"https:\/\/kastela.hr\/en\/wp-json\/wp\/v2\/comments?post=11603"}],"version-history":[{"count":12,"href":"https:\/\/kastela.hr\/en\/wp-json\/wp\/v2\/pages\/11603\/revisions"}],"predecessor-version":[{"id":11994,"href":"https:\/\/kastela.hr\/en\/wp-json\/wp\/v2\/pages\/11603\/revisions\/11994"}],"up":[{"embeddable":true,"href":"https:\/\/kastela.hr\/en\/wp-json\/wp\/v2\/pages\/8879"}],"wp:attachment":[{"href":"https:\/\/kastela.hr\/en\/wp-json\/wp\/v2\/media?parent=11603"}],"curies":[{"name":"wp","href":"https:\/\/api.w.org\/{rel}","templated":true}]}}