{"id":11255,"date":"2024-09-30T15:16:32","date_gmt":"2024-09-30T13:16:32","guid":{"rendered":"https:\/\/kastela.hr\/en\/?page_id=11255"},"modified":"2024-09-30T15:18:30","modified_gmt":"2024-09-30T13:18:30","slug":"strateska-studija-utjecaja-na-okolis","status":"publish","type":"page","link":"https:\/\/kastela.hr\/en\/prostorni-planovi-grada\/planovi-na-javnom-uvidu\/strateska-studija-utjecaja-na-okolis\/","title":{"rendered":"Strate\u0161ka studija utjecaja na okoli\u0161"},"content":{"rendered":"\n<p>Strate\u0161ka studija utjecaja na okoli\u0161 III. Izmjena i dopuna PPUG-a Ka\u0161tela, III. Izmjena i dopuna GUP-a Ka\u0161tela i UPU-a turisti\u010dke zone Ka\u0161tel Su\u0107urac-Sustipan (UPU 18) \u2013 prijedlog<\/p>\n\n\n<div class=\"prilozene_datoteke\"><ul class='no-ul'><li><a href=\"https:\/\/kastela.hr\/en\/wp-content\/uploads\/datoteke\/dokumenti\/prostorni-planovi-grada\/planovi-na-javnom-uvidu\/strateska-studija-utjecaja-na-okolis\/spuo_ppug-kastela-netehnicki-sazetak.pdf\" target=\"_blank\"><img decoding=\"async\" src=\"https:\/\/kastela.hr\/en\/wp-content\/themes\/kastela\/img\/file-icons\/document-pdf.png\" alt=\"pdf icon\" style=\"width:16px; height:16px; margin-right: 5px;\">SPUO_PPUG Kas\u030ctela netehnic\u030cki saz\u030cetak.pdf<\/a><\/li><li><a href=\"https:\/\/kastela.hr\/en\/wp-content\/uploads\/datoteke\/dokumenti\/prostorni-planovi-grada\/planovi-na-javnom-uvidu\/strateska-studija-utjecaja-na-okolis\/odluka-o-upucivanju-na-javnu-raspravu.pdf\" target=\"_blank\"><img decoding=\"async\" src=\"https:\/\/kastela.hr\/en\/wp-content\/themes\/kastela\/img\/file-icons\/document-pdf.png\" alt=\"pdf icon\" style=\"width:16px; height:16px; margin-right: 5px;\">Odluka o upuc\u0301ivanju na javnu raspravu.pdf<\/a><\/li><li><a href=\"https:\/\/kastela.hr\/en\/wp-content\/uploads\/datoteke\/dokumenti\/prostorni-planovi-grada\/planovi-na-javnom-uvidu\/strateska-studija-utjecaja-na-okolis\/spuo_ppug_kastela.pdf\" target=\"_blank\"><img decoding=\"async\" src=\"https:\/\/kastela.hr\/en\/wp-content\/themes\/kastela\/img\/file-icons\/document-pdf.png\" alt=\"pdf icon\" style=\"width:16px; height:16px; margin-right: 5px;\">SPUO_PPUG_Kastela.pdf<\/a><\/li><\/ul><\/div>","protected":false},"excerpt":{"rendered":"<p>Strate\u0161ka studija utjecaja na okoli\u0161 III. Izmjena i dopuna PPUG-a Ka\u0161tela, III. Izmjena i dopuna GUP-a Ka\u0161tela i UPU-a turisti\u010dke [&hellip;]<\/p>\n","protected":false},"author":1,"featured_media":0,"parent":10974,"menu_order":0,"comment_status":"closed","ping_status":"closed","template":"","meta":{"_acf_changed":false,"footnotes":""},"class_list":["post-11255","page","type-page","status-publish","hentry"],"acf":[],"_links":{"self":[{"href":"https:\/\/kastela.hr\/en\/wp-json\/wp\/v2\/pages\/11255","targetHints":{"allow":["GET"]}}],"collection":[{"href":"https:\/\/kastela.hr\/en\/wp-json\/wp\/v2\/pages"}],"about":[{"href":"https:\/\/kastela.hr\/en\/wp-json\/wp\/v2\/types\/page"}],"author":[{"embeddable":true,"href":"https:\/\/kastela.hr\/en\/wp-json\/wp\/v2\/users\/1"}],"replies":[{"embeddable":true,"href":"https:\/\/kastela.hr\/en\/wp-json\/wp\/v2\/comments?post=11255"}],"version-history":[{"count":3,"href":"https:\/\/kastela.hr\/en\/wp-json\/wp\/v2\/pages\/11255\/revisions"}],"predecessor-version":[{"id":11265,"href":"https:\/\/kastela.hr\/en\/wp-json\/wp\/v2\/pages\/11255\/revisions\/11265"}],"up":[{"embeddable":true,"href":"https:\/\/kastela.hr\/en\/wp-json\/wp\/v2\/pages\/10974"}],"wp:attachment":[{"href":"https:\/\/kastela.hr\/en\/wp-json\/wp\/v2\/media?parent=11255"}],"curies":[{"name":"wp","href":"https:\/\/api.w.org\/{rel}","templated":true}]}}