{"id":11235,"date":"2024-09-30T14:42:44","date_gmt":"2024-09-30T12:42:44","guid":{"rendered":"https:\/\/kastela.hr\/en\/?page_id=11235"},"modified":"2024-09-30T15:14:09","modified_gmt":"2024-09-30T13:14:09","slug":"urbanisticki-plan-uredenja-turisticke-zone-kastel-sucurac-sustipan","status":"publish","type":"page","link":"https:\/\/kastela.hr\/en\/prostorni-planovi-grada\/planovi-na-javnom-uvidu\/urbanisticki-plan-uredenja-turisticke-zone-kastel-sucurac-sustipan\/","title":{"rendered":"Urbanisti\u010dki plan ure\u0111enja Turisti\u010dke zone Ka\u0161tel Su\u0107urac \u2013 Sustipan"},"content":{"rendered":"\n<p>Urbanisti\u010dki plan ure\u0111enja Turisti\u010dke zone Ka\u0161tel Su\u0107urac \u2013 Sustipan (UPU 18) \u2013 prijedlog<br><br><strong>Tekstualni dio<\/strong><\/p>\n\n\n<div class=\"prilozene_datoteke\"><ul class='no-ul'><li><a href=\"https:\/\/kastela.hr\/en\/wp-content\/uploads\/datoteke\/dokumenti\/prostorni-planovi-grada\/planovi-na-javnom-uvidu\/urbanisticki-plan-uredenja-turisticke-zone-kastel-sucurac---sustipan\/tekstualni-dio\/odredbe.pdf\" target=\"_blank\"><img decoding=\"async\" src=\"https:\/\/kastela.hr\/en\/wp-content\/themes\/kastela\/img\/file-icons\/document-pdf.png\" alt=\"pdf icon\" style=\"width:16px; height:16px; margin-right: 5px;\">Odredbe.pdf<\/a><\/li><li><a href=\"https:\/\/kastela.hr\/en\/wp-content\/uploads\/datoteke\/dokumenti\/prostorni-planovi-grada\/planovi-na-javnom-uvidu\/urbanisticki-plan-uredenja-turisticke-zone-kastel-sucurac---sustipan\/tekstualni-dio\/sazetak-za-javnost.pdf\" target=\"_blank\"><img decoding=\"async\" src=\"https:\/\/kastela.hr\/en\/wp-content\/themes\/kastela\/img\/file-icons\/document-pdf.png\" alt=\"pdf icon\" style=\"width:16px; height:16px; margin-right: 5px;\">Sazetak za javnost.pdf<\/a><\/li><li><a href=\"https:\/\/kastela.hr\/en\/wp-content\/uploads\/datoteke\/dokumenti\/prostorni-planovi-grada\/planovi-na-javnom-uvidu\/urbanisticki-plan-uredenja-turisticke-zone-kastel-sucurac---sustipan\/tekstualni-dio\/obrazlozenje.pdf\" target=\"_blank\"><img decoding=\"async\" src=\"https:\/\/kastela.hr\/en\/wp-content\/themes\/kastela\/img\/file-icons\/document-pdf.png\" alt=\"pdf icon\" style=\"width:16px; height:16px; margin-right: 5px;\">Obrazlozenje.pdf<\/a><\/li><\/ul><\/div>\n\n\n<p><strong>Grafi\u010dki dio<\/strong><\/p>\n\n\n<div class=\"prilozene_datoteke\"><ul class='no-ul'><li><a href=\"https:\/\/kastela.hr\/en\/wp-content\/uploads\/datoteke\/dokumenti\/prostorni-planovi-grada\/planovi-na-javnom-uvidu\/urbanisticki-plan-uredenja-turisticke-zone-kastel-sucurac---sustipan\/graficki-dio\/upu_tz_k.sucurac-sustipan-2.3_energetski-i-telekomunikacijski.pdf\" target=\"_blank\"><img decoding=\"async\" src=\"https:\/\/kastela.hr\/en\/wp-content\/themes\/kastela\/img\/file-icons\/document-pdf.png\" alt=\"pdf icon\" style=\"width:16px; height:16px; margin-right: 5px;\">UPU_TZ_K.Sucurac-Sustipan-2.3_Energetski i telekomunikacijski.pdf<\/a><\/li><li><a href=\"https:\/\/kastela.hr\/en\/wp-content\/uploads\/datoteke\/dokumenti\/prostorni-planovi-grada\/planovi-na-javnom-uvidu\/urbanisticki-plan-uredenja-turisticke-zone-kastel-sucurac---sustipan\/graficki-dio\/upu_tz_k.sucurac-sustipan-3_uvjetikoristenja.pdf\" target=\"_blank\"><img decoding=\"async\" src=\"https:\/\/kastela.hr\/en\/wp-content\/themes\/kastela\/img\/file-icons\/document-pdf.png\" alt=\"pdf icon\" style=\"width:16px; height:16px; margin-right: 5px;\">UPU_TZ_K.Sucurac-Sustipan-3_UvjetiKoris\u030ctenja.pdf<\/a><\/li><li><a href=\"https:\/\/kastela.hr\/en\/wp-content\/uploads\/datoteke\/dokumenti\/prostorni-planovi-grada\/planovi-na-javnom-uvidu\/urbanisticki-plan-uredenja-turisticke-zone-kastel-sucurac---sustipan\/graficki-dio\/upu_tz_k.sucurac-sustipan-4_uvjetigradnje.pdf\" target=\"_blank\"><img decoding=\"async\" src=\"https:\/\/kastela.hr\/en\/wp-content\/themes\/kastela\/img\/file-icons\/document-pdf.png\" alt=\"pdf icon\" style=\"width:16px; height:16px; margin-right: 5px;\">UPU_TZ_K.Sucurac-Sustipan-4_UvjetiGradnje.pdf<\/a><\/li><li><a href=\"https:\/\/kastela.hr\/en\/wp-content\/uploads\/datoteke\/dokumenti\/prostorni-planovi-grada\/planovi-na-javnom-uvidu\/urbanisticki-plan-uredenja-turisticke-zone-kastel-sucurac---sustipan\/graficki-dio\/kompletni-elaborat.pdf\" target=\"_blank\"><img decoding=\"async\" src=\"https:\/\/kastela.hr\/en\/wp-content\/themes\/kastela\/img\/file-icons\/document-pdf.png\" alt=\"pdf icon\" style=\"width:16px; height:16px; margin-right: 5px;\">Kompletni elaborat.pdf<\/a><\/li><li><a href=\"https:\/\/kastela.hr\/en\/wp-content\/uploads\/datoteke\/dokumenti\/prostorni-planovi-grada\/planovi-na-javnom-uvidu\/urbanisticki-plan-uredenja-turisticke-zone-kastel-sucurac---sustipan\/graficki-dio\/upu_tz_k.sucurac-sustipan-1_namjena.pdf\" target=\"_blank\"><img decoding=\"async\" src=\"https:\/\/kastela.hr\/en\/wp-content\/themes\/kastela\/img\/file-icons\/document-pdf.png\" alt=\"pdf icon\" style=\"width:16px; height:16px; margin-right: 5px;\">UPU_TZ_K.Sucurac-Sustipan-1_Namjena.pdf<\/a><\/li><li><a href=\"https:\/\/kastela.hr\/en\/wp-content\/uploads\/datoteke\/dokumenti\/prostorni-planovi-grada\/planovi-na-javnom-uvidu\/urbanisticki-plan-uredenja-turisticke-zone-kastel-sucurac---sustipan\/graficki-dio\/upu_tz_k.sucurac-sustipan-2.1_promet.pdf\" target=\"_blank\"><img decoding=\"async\" src=\"https:\/\/kastela.hr\/en\/wp-content\/themes\/kastela\/img\/file-icons\/document-pdf.png\" alt=\"pdf icon\" style=\"width:16px; height:16px; margin-right: 5px;\">UPU_TZ_K.Sucurac-Sustipan-2.1_Promet.pdf<\/a><\/li><li><a href=\"https:\/\/kastela.hr\/en\/wp-content\/uploads\/datoteke\/dokumenti\/prostorni-planovi-grada\/planovi-na-javnom-uvidu\/urbanisticki-plan-uredenja-turisticke-zone-kastel-sucurac---sustipan\/graficki-dio\/upu_tz_k.sucurac-sustipan-2.2_vodnogospodarski-sustav.pdf\" target=\"_blank\"><img decoding=\"async\" src=\"https:\/\/kastela.hr\/en\/wp-content\/themes\/kastela\/img\/file-icons\/document-pdf.png\" alt=\"pdf icon\" style=\"width:16px; height:16px; margin-right: 5px;\">UPU_TZ_K.Sucurac-Sustipan-2.2_Vodnogospodarski sustav.pdf<\/a><\/li><\/ul><\/div>","protected":false},"excerpt":{"rendered":"<p>Urbanisti\u010dki plan ure\u0111enja Turisti\u010dke zone Ka\u0161tel Su\u0107urac \u2013 Sustipan (UPU 18) \u2013 prijedlog Tekstualni dio Grafi\u010dki dio<\/p>\n","protected":false},"author":1,"featured_media":0,"parent":10974,"menu_order":0,"comment_status":"closed","ping_status":"closed","template":"","meta":{"_acf_changed":false,"footnotes":""},"class_list":["post-11235","page","type-page","status-publish","hentry"],"acf":[],"_links":{"self":[{"href":"https:\/\/kastela.hr\/en\/wp-json\/wp\/v2\/pages\/11235","targetHints":{"allow":["GET"]}}],"collection":[{"href":"https:\/\/kastela.hr\/en\/wp-json\/wp\/v2\/pages"}],"about":[{"href":"https:\/\/kastela.hr\/en\/wp-json\/wp\/v2\/types\/page"}],"author":[{"embeddable":true,"href":"https:\/\/kastela.hr\/en\/wp-json\/wp\/v2\/users\/1"}],"replies":[{"embeddable":true,"href":"https:\/\/kastela.hr\/en\/wp-json\/wp\/v2\/comments?post=11235"}],"version-history":[{"count":4,"href":"https:\/\/kastela.hr\/en\/wp-json\/wp\/v2\/pages\/11235\/revisions"}],"predecessor-version":[{"id":11251,"href":"https:\/\/kastela.hr\/en\/wp-json\/wp\/v2\/pages\/11235\/revisions\/11251"}],"up":[{"embeddable":true,"href":"https:\/\/kastela.hr\/en\/wp-json\/wp\/v2\/pages\/10974"}],"wp:attachment":[{"href":"https:\/\/kastela.hr\/en\/wp-json\/wp\/v2\/media?parent=11235"}],"curies":[{"name":"wp","href":"https:\/\/api.w.org\/{rel}","templated":true}]}}