{"id":11151,"date":"2024-09-30T13:48:54","date_gmt":"2024-09-30T11:48:54","guid":{"rendered":"https:\/\/kastela.hr\/en\/?page_id=11151"},"modified":"2024-09-30T14:05:39","modified_gmt":"2024-09-30T12:05:39","slug":"stavljanje-izvan-snage-detaljnog-plana-uredenja-rive-kastel-sucurca","status":"publish","type":"page","link":"https:\/\/kastela.hr\/en\/prostorni-planovi-grada\/planovi-na-javnom-uvidu\/stavljanje-izvan-snage-detaljnog-plana-uredenja-rive-kastel-sucurca\/","title":{"rendered":"Stavljanje izvan snage Detaljnog plana ure\u0111enja Rive Ka\u0161tel Su\u0107urca"},"content":{"rendered":"<div class=\"prilozene_datoteke\"><ul class='no-ul'><li><a href=\"https:\/\/kastela.hr\/en\/wp-content\/uploads\/datoteke\/dokumenti\/prostorni-planovi-grada\/planovi-na-javnom-uvidu\/stavljanje-izvan-snage-detaljnog-plana-uredenja-rive-kastel-sucurca\/obavijest-o-javnoj-raspravi-o-prijedlogu-odluke-o-stavljanju-izvan-snage-detaljnog-plana-uredenja-rive-kastel-sucurca.pdf\" target=\"_blank\"><img decoding=\"async\" src=\"https:\/\/kastela.hr\/en\/wp-content\/themes\/kastela\/img\/file-icons\/document-pdf.png\" alt=\"pdf icon\" style=\"width:16px; height:16px; margin-right: 5px;\">Obavijest o javnoj raspravi o Prijedlogu Odluke o stavljanju izvan snage Detaljnog plana ure\u0111enja Rive Kas\u030ctel Suc\u0301urca.pdf<\/a><\/li><li><a href=\"https:\/\/kastela.hr\/en\/wp-content\/uploads\/datoteke\/dokumenti\/prostorni-planovi-grada\/planovi-na-javnom-uvidu\/stavljanje-izvan-snage-detaljnog-plana-uredenja-rive-kastel-sucurca\/stavljanje-izvan-snage-dpu-rive-kastel-sucurca-prijedlog.pdf\" target=\"_blank\"><img decoding=\"async\" src=\"https:\/\/kastela.hr\/en\/wp-content\/themes\/kastela\/img\/file-icons\/document-pdf.png\" alt=\"pdf icon\" style=\"width:16px; height:16px; margin-right: 5px;\">Stavljanje izvan snage DPU Rive Kas\u030ctel Suc\u0301urca &#8211; prijedlog.pdf<\/a><\/li><li><a href=\"https:\/\/kastela.hr\/en\/wp-content\/uploads\/datoteke\/dokumenti\/prostorni-planovi-grada\/planovi-na-javnom-uvidu\/stavljanje-izvan-snage-detaljnog-plana-uredenja-rive-kastel-sucurca\/stavljanje-izvan-snage-dpu-rive-kastel-sucurca-sazetak.pdf\" target=\"_blank\"><img decoding=\"async\" src=\"https:\/\/kastela.hr\/en\/wp-content\/themes\/kastela\/img\/file-icons\/document-pdf.png\" alt=\"pdf icon\" style=\"width:16px; height:16px; margin-right: 5px;\">Stavljanje izvan snage DPU Rive Kas\u030ctel Suc\u0301urca &#8211; saz\u030cetak.pdf<\/a><\/li><li><a href=\"https:\/\/kastela.hr\/en\/wp-content\/uploads\/datoteke\/dokumenti\/prostorni-planovi-grada\/planovi-na-javnom-uvidu\/stavljanje-izvan-snage-detaljnog-plana-uredenja-rive-kastel-sucurca\/odluka-o-provodenju-postupka-stavljanja-izvan-snage-detaljnog-plana-uredenja-rive-kastel-sucurca.pdf\" target=\"_blank\"><img decoding=\"async\" src=\"https:\/\/kastela.hr\/en\/wp-content\/themes\/kastela\/img\/file-icons\/document-pdf.png\" alt=\"pdf icon\" style=\"width:16px; height:16px; margin-right: 5px;\">Odluka o provo\u0111enju postupka stavljanja izvan snage Detaljnog plana ure\u0111enja Rive Kas\u030ctel Suc\u0301urca.pdf<\/a><\/li><\/ul><\/div>\n\n<div class=\"prilozeni_linkovi\"><ul class='no-ul'><li><a href=\"https:\/\/kastela.hr\/en\/prostorni-planovi-grada\/detaljni-planovi-uredenja-dpu\/dpu-rive-kastel-sucurca\/\" target=\"_self\"><img decoding=\"async\" src=\"https:\/\/kastela.hr\/en\/wp-content\/themes\/kastela\/img\/file-icons\/link.png\" alt=\"\" style=\"width:16px; height:16px; margin-right: 5px;\">Detaljni plan ure\u0111enja Rive Ka\u0161tel Su\u0107urca<\/a><\/li>\n\n<\/ul><\/div>","protected":false},"excerpt":{"rendered":"","protected":false},"author":1,"featured_media":0,"parent":10974,"menu_order":0,"comment_status":"closed","ping_status":"closed","template":"","meta":{"_acf_changed":false,"footnotes":""},"class_list":["post-11151","page","type-page","status-publish","hentry"],"acf":[],"_links":{"self":[{"href":"https:\/\/kastela.hr\/en\/wp-json\/wp\/v2\/pages\/11151","targetHints":{"allow":["GET"]}}],"collection":[{"href":"https:\/\/kastela.hr\/en\/wp-json\/wp\/v2\/pages"}],"about":[{"href":"https:\/\/kastela.hr\/en\/wp-json\/wp\/v2\/types\/page"}],"author":[{"embeddable":true,"href":"https:\/\/kastela.hr\/en\/wp-json\/wp\/v2\/users\/1"}],"replies":[{"embeddable":true,"href":"https:\/\/kastela.hr\/en\/wp-json\/wp\/v2\/comments?post=11151"}],"version-history":[{"count":3,"href":"https:\/\/kastela.hr\/en\/wp-json\/wp\/v2\/pages\/11151\/revisions"}],"predecessor-version":[{"id":11178,"href":"https:\/\/kastela.hr\/en\/wp-json\/wp\/v2\/pages\/11151\/revisions\/11178"}],"up":[{"embeddable":true,"href":"https:\/\/kastela.hr\/en\/wp-json\/wp\/v2\/pages\/10974"}],"wp:attachment":[{"href":"https:\/\/kastela.hr\/en\/wp-json\/wp\/v2\/media?parent=11151"}],"curies":[{"name":"wp","href":"https:\/\/api.w.org\/{rel}","templated":true}]}}