{"id":11086,"date":"2024-09-30T13:08:13","date_gmt":"2024-09-30T11:08:13","guid":{"rendered":"https:\/\/kastela.hr\/en\/?page_id=11086"},"modified":"2024-09-30T13:09:57","modified_gmt":"2024-09-30T11:09:57","slug":"stavljanje-izvan-snage-urbanistickog-plana-uredenja-kastel-kambelovac-centar","status":"publish","type":"page","link":"https:\/\/kastela.hr\/en\/prostorni-planovi-grada\/planovi-na-javnom-uvidu\/stavljanje-izvan-snage-urbanistickog-plana-uredenja-kastel-kambelovac-centar\/","title":{"rendered":"Stavljanje izvan snage Urbanisti\u010dkog plana ure\u0111enja Ka\u0161tel Kambelovac Centar"},"content":{"rendered":"<div class=\"prilozene_datoteke\"><ul class='no-ul'><li><a href=\"https:\/\/kastela.hr\/en\/wp-content\/uploads\/datoteke\/dokumenti\/prostorni-planovi-grada\/planovi-na-javnom-uvidu\/stavljanje-izvan-snage-urbanistickog-plana-uredenja-kastel-kambelovac-centar\/obavijest-o-javnoj-raspravi-o-prijedlozima-odluka-o-stavljanju-izvan-snage-urbanistickih-planova.pdf\" target=\"_blank\"><img decoding=\"async\" src=\"https:\/\/kastela.hr\/en\/wp-content\/themes\/kastela\/img\/file-icons\/document-pdf.png\" alt=\"pdf icon\" style=\"width:16px; height:16px; margin-right: 5px;\">Obavijest o javnoj raspravi o prijedlozima Odluka o stavljanju izvan snage Urbanistic\u030ckih planova.pdf<\/a><\/li><li><a href=\"https:\/\/kastela.hr\/en\/wp-content\/uploads\/datoteke\/dokumenti\/prostorni-planovi-grada\/planovi-na-javnom-uvidu\/stavljanje-izvan-snage-urbanistickog-plana-uredenja-kastel-kambelovac-centar\/stavljanje-izvan-snage-upu-a-granice-obuhvata-planova.pdf\" target=\"_blank\"><img decoding=\"async\" src=\"https:\/\/kastela.hr\/en\/wp-content\/themes\/kastela\/img\/file-icons\/document-pdf.png\" alt=\"pdf icon\" style=\"width:16px; height:16px; margin-right: 5px;\">Stavljanje izvan snage UPU-a &#8211; granice obuhvata planova.pdf<\/a><\/li><li><a href=\"https:\/\/kastela.hr\/en\/wp-content\/uploads\/datoteke\/dokumenti\/prostorni-planovi-grada\/planovi-na-javnom-uvidu\/stavljanje-izvan-snage-urbanistickog-plana-uredenja-kastel-kambelovac-centar\/stavljanje-izvan-snage-upu-br.-12-prijedlog.pdf\" target=\"_blank\"><img decoding=\"async\" src=\"https:\/\/kastela.hr\/en\/wp-content\/themes\/kastela\/img\/file-icons\/document-pdf.png\" alt=\"pdf icon\" style=\"width:16px; height:16px; margin-right: 5px;\">Stavljanje izvan snage UPU br. 12 &#8211; prijedlog.pdf<\/a><\/li><li><a href=\"https:\/\/kastela.hr\/en\/wp-content\/uploads\/datoteke\/dokumenti\/prostorni-planovi-grada\/planovi-na-javnom-uvidu\/stavljanje-izvan-snage-urbanistickog-plana-uredenja-kastel-kambelovac-centar\/stavljanje-izvan-snage-upu-br.-12-sazetak.pdf\" target=\"_blank\"><img decoding=\"async\" src=\"https:\/\/kastela.hr\/en\/wp-content\/themes\/kastela\/img\/file-icons\/document-pdf.png\" alt=\"pdf icon\" style=\"width:16px; height:16px; margin-right: 5px;\">Stavljanje izvan snage UPU br. 12 &#8211; saz\u030cetak.pdf<\/a><\/li><li><a href=\"https:\/\/kastela.hr\/en\/wp-content\/uploads\/datoteke\/dokumenti\/prostorni-planovi-grada\/planovi-na-javnom-uvidu\/stavljanje-izvan-snage-urbanistickog-plana-uredenja-kastel-kambelovac-centar\/odluka-o-provodenju-postupka-stavljanja-izvan-snage-urbanistickih-planova-uredenja-upu-a.pdf\" target=\"_blank\"><img decoding=\"async\" src=\"https:\/\/kastela.hr\/en\/wp-content\/themes\/kastela\/img\/file-icons\/document-pdf.png\" alt=\"pdf icon\" style=\"width:16px; height:16px; margin-right: 5px;\">Odluka o provo\u0111enju postupka stavljanja izvan snage Urbanistic\u030ckih planova ure\u0111enja (UPU-a).pdf<\/a><\/li><\/ul><\/div>\n\n<div class=\"prilozeni_linkovi\"><ul class='no-ul'><li><a href=\"https:\/\/kastela.hr\/en\/prostorni-planovi-grada\/urbanisticki-planovi-uredenja\/upu-kastel-kambelovac-centar\/\" target=\"_self\"><img decoding=\"async\" src=\"https:\/\/kastela.hr\/en\/wp-content\/themes\/kastela\/img\/file-icons\/link.png\" alt=\"\" style=\"width:16px; height:16px; margin-right: 5px;\">Urbanisti\u010dki plan ure\u0111enja Ka\u0161tel Kambelovac centar (UPU br. 12)<\/a><\/li>\n\n<\/ul><\/div>","protected":false},"excerpt":{"rendered":"","protected":false},"author":1,"featured_media":0,"parent":10974,"menu_order":0,"comment_status":"closed","ping_status":"closed","template":"","meta":{"_acf_changed":false,"footnotes":""},"class_list":["post-11086","page","type-page","status-publish","hentry"],"acf":[],"_links":{"self":[{"href":"https:\/\/kastela.hr\/en\/wp-json\/wp\/v2\/pages\/11086","targetHints":{"allow":["GET"]}}],"collection":[{"href":"https:\/\/kastela.hr\/en\/wp-json\/wp\/v2\/pages"}],"about":[{"href":"https:\/\/kastela.hr\/en\/wp-json\/wp\/v2\/types\/page"}],"author":[{"embeddable":true,"href":"https:\/\/kastela.hr\/en\/wp-json\/wp\/v2\/users\/1"}],"replies":[{"embeddable":true,"href":"https:\/\/kastela.hr\/en\/wp-json\/wp\/v2\/comments?post=11086"}],"version-history":[{"count":3,"href":"https:\/\/kastela.hr\/en\/wp-json\/wp\/v2\/pages\/11086\/revisions"}],"predecessor-version":[{"id":11095,"href":"https:\/\/kastela.hr\/en\/wp-json\/wp\/v2\/pages\/11086\/revisions\/11095"}],"up":[{"embeddable":true,"href":"https:\/\/kastela.hr\/en\/wp-json\/wp\/v2\/pages\/10974"}],"wp:attachment":[{"href":"https:\/\/kastela.hr\/en\/wp-json\/wp\/v2\/media?parent=11086"}],"curies":[{"name":"wp","href":"https:\/\/api.w.org\/{rel}","templated":true}]}}