{"id":10998,"date":"2024-09-30T10:17:33","date_gmt":"2024-09-30T08:17:33","guid":{"rendered":"https:\/\/kastela.hr\/en\/?page_id=10998"},"modified":"2024-09-30T10:28:43","modified_gmt":"2024-09-30T08:28:43","slug":"stavljanje-izvan-snage-urbanistickog-plana-uredenja-giricic-upu-br-17","status":"publish","type":"page","link":"https:\/\/kastela.hr\/en\/prostorni-planovi-grada\/planovi-na-javnom-uvidu\/stavljanje-izvan-snage-urbanistickog-plana-uredenja-giricic-upu-br-17\/","title":{"rendered":"Stavljanje izvan snage Urbanisti\u010dkog plana ure\u0111enja Giri\u010di\u0107 (UPU br. 17)"},"content":{"rendered":"<div class=\"prilozene_datoteke\"><ul class='no-ul'><li><a href=\"https:\/\/kastela.hr\/en\/wp-content\/uploads\/datoteke\/dokumenti\/prostorni-planovi-grada\/planovi-na-javnom-uvidu\/stavljanje-izvan-snage-urbanistickog-plana-uredenja-giricic-upu-br.-17\/odluka-o-provodenju-postupka-stavljanja-izvan-snage-urbanistickog-plana-uredenja-giricic.pdf\" target=\"_blank\"><img decoding=\"async\" src=\"https:\/\/kastela.hr\/en\/wp-content\/themes\/kastela\/img\/file-icons\/document-pdf.png\" alt=\"pdf icon\" style=\"width:16px; height:16px; margin-right: 5px;\">Odluka o provo\u0111enju postupka stavljanja izvan snage Urbanistic\u030ckog plana ure\u0111enja Giric\u030cic\u0301.pdf<\/a><\/li><li><a href=\"https:\/\/kastela.hr\/en\/wp-content\/uploads\/datoteke\/dokumenti\/prostorni-planovi-grada\/planovi-na-javnom-uvidu\/stavljanje-izvan-snage-urbanistickog-plana-uredenja-giricic-upu-br.-17\/stavljanje-izvan-snage-upu-giricic---sazetak.pdf\" target=\"_blank\"><img decoding=\"async\" src=\"https:\/\/kastela.hr\/en\/wp-content\/themes\/kastela\/img\/file-icons\/document-pdf.png\" alt=\"pdf icon\" style=\"width:16px; height:16px; margin-right: 5px;\">Stavljanje izvan snage UPU Giric\u030cic\u0301 \u2013 saz\u030cetak.pdf<\/a><\/li><li><a href=\"https:\/\/kastela.hr\/en\/wp-content\/uploads\/datoteke\/dokumenti\/prostorni-planovi-grada\/planovi-na-javnom-uvidu\/stavljanje-izvan-snage-urbanistickog-plana-uredenja-giricic-upu-br.-17\/stavljanje-izvan-snage-upu-giricic-prijedlog.pdf\" target=\"_blank\"><img decoding=\"async\" src=\"https:\/\/kastela.hr\/en\/wp-content\/themes\/kastela\/img\/file-icons\/document-pdf.png\" alt=\"pdf icon\" style=\"width:16px; height:16px; margin-right: 5px;\">Stavljanje izvan snage UPU Giric\u030cic\u0301 &#8211; prijedlog.pdf<\/a><\/li><li><a href=\"https:\/\/kastela.hr\/en\/wp-content\/uploads\/datoteke\/dokumenti\/prostorni-planovi-grada\/planovi-na-javnom-uvidu\/stavljanje-izvan-snage-urbanistickog-plana-uredenja-giricic-upu-br.-17\/stavljanje-izvan-snage-upu-giricic-granica-obuhvata-plana.jpg\" target=\"_blank\"><img decoding=\"async\" src=\"https:\/\/kastela.hr\/en\/wp-content\/themes\/kastela\/img\/file-icons\/document-image.png\" alt=\"jpg icon\" style=\"width:16px; height:16px; margin-right: 5px;\">Stavljanje Izvan Snage Upu Giric\u030cic\u0301 Granica Obuhvata Plana.jpg<\/a><\/li><li><a href=\"https:\/\/kastela.hr\/en\/wp-content\/uploads\/datoteke\/dokumenti\/prostorni-planovi-grada\/planovi-na-javnom-uvidu\/stavljanje-izvan-snage-urbanistickog-plana-uredenja-giricic-upu-br.-17\/obavijest-o-javnoj-raspravi-o-prijedlogu-odluke-o-stavljanju-izvan-snage-urbanistickog-plana-uredenja-giricic-upu-br.-17.pdf\" target=\"_blank\"><img decoding=\"async\" src=\"https:\/\/kastela.hr\/en\/wp-content\/themes\/kastela\/img\/file-icons\/document-pdf.png\" alt=\"pdf icon\" style=\"width:16px; height:16px; margin-right: 5px;\">Obavijest o javnoj raspravi o Prijedlogu Odluke o stavljanju izvan snage Urbanistic\u030ckog plana ure\u0111enja Giric\u030cic\u0301 (UPU br. 17).pdf<\/a><\/li><\/ul><\/div>\n\n<div class=\"prilozeni_linkovi\"><ul class='no-ul'><li><a href=\"https:\/\/kastela.hr\/en\/prostorni-planovi-grada\/urbanisticki-planovi-uredenja\/upu-giricic\/\" target=\"_self\"><img decoding=\"async\" src=\"https:\/\/kastela.hr\/en\/wp-content\/themes\/kastela\/img\/file-icons\/link.png\" alt=\"\" style=\"width:16px; height:16px; margin-right: 5px;\">Urbanisti\u010dki plan ure\u0111enja Giri\u010di\u0107 (UPU br. 17)<\/a><\/li>\n\n<\/ul><\/div>","protected":false},"excerpt":{"rendered":"","protected":false},"author":1,"featured_media":0,"parent":10974,"menu_order":0,"comment_status":"closed","ping_status":"closed","template":"","meta":{"_acf_changed":false,"footnotes":""},"class_list":["post-10998","page","type-page","status-publish","hentry"],"acf":[],"_links":{"self":[{"href":"https:\/\/kastela.hr\/en\/wp-json\/wp\/v2\/pages\/10998","targetHints":{"allow":["GET"]}}],"collection":[{"href":"https:\/\/kastela.hr\/en\/wp-json\/wp\/v2\/pages"}],"about":[{"href":"https:\/\/kastela.hr\/en\/wp-json\/wp\/v2\/types\/page"}],"author":[{"embeddable":true,"href":"https:\/\/kastela.hr\/en\/wp-json\/wp\/v2\/users\/1"}],"replies":[{"embeddable":true,"href":"https:\/\/kastela.hr\/en\/wp-json\/wp\/v2\/comments?post=10998"}],"version-history":[{"count":3,"href":"https:\/\/kastela.hr\/en\/wp-json\/wp\/v2\/pages\/10998\/revisions"}],"predecessor-version":[{"id":11010,"href":"https:\/\/kastela.hr\/en\/wp-json\/wp\/v2\/pages\/10998\/revisions\/11010"}],"up":[{"embeddable":true,"href":"https:\/\/kastela.hr\/en\/wp-json\/wp\/v2\/pages\/10974"}],"wp:attachment":[{"href":"https:\/\/kastela.hr\/en\/wp-json\/wp\/v2\/media?parent=10998"}],"curies":[{"name":"wp","href":"https:\/\/api.w.org\/{rel}","templated":true}]}}