{"id":10976,"date":"2024-09-30T10:03:16","date_gmt":"2024-09-30T08:03:16","guid":{"rendered":"https:\/\/kastela.hr\/en\/?page_id=10976"},"modified":"2024-09-30T10:07:18","modified_gmt":"2024-09-30T08:07:18","slug":"stavljanje-izvan-snage-detaljnog-plana-uredenja-turisticke-zone-stalija","status":"publish","type":"page","link":"https:\/\/kastela.hr\/en\/prostorni-planovi-grada\/planovi-na-javnom-uvidu\/stavljanje-izvan-snage-detaljnog-plana-uredenja-turisticke-zone-stalija\/","title":{"rendered":"Stavljanje izvan snage Detaljnog plana ure\u0111enja Turisti\u010dke zone \u0160talija"},"content":{"rendered":"<div class=\"prilozene_datoteke\"><ul class='no-ul'><li><a href=\"https:\/\/kastela.hr\/en\/wp-content\/uploads\/datoteke\/dokumenti\/prostorni-planovi-grada\/planovi-na-javnom-uvidu\/stavljanje-izvan-snage-detaljnog-plana-uredenja-turisticke-zone-stalija\/obavijest-o-javnoj-raspravi-o-prijedlogu-odluke-o-stavljanju-izvan-snage-detaljnog-plana-uredenja-turisticke-zone-stalija.pdf\" target=\"_blank\"><img decoding=\"async\" src=\"https:\/\/kastela.hr\/en\/wp-content\/themes\/kastela\/img\/file-icons\/document-pdf.png\" alt=\"pdf icon\" style=\"width:16px; height:16px; margin-right: 5px;\">Obavijest o javnoj raspravi o Prijedlogu Odluke o stavljanju izvan snage Detaljnog plana ure\u0111enja Turistic\u030cke zone S\u030ctalija.pdf<\/a><\/li><li><a href=\"https:\/\/kastela.hr\/en\/wp-content\/uploads\/datoteke\/dokumenti\/prostorni-planovi-grada\/planovi-na-javnom-uvidu\/stavljanje-izvan-snage-detaljnog-plana-uredenja-turisticke-zone-stalija\/stavljanje-izvan-snage-detaljnog-plana-uredenja-turisticke-zone-stalija-prijedlog-za-javnu-raspravu.pdf\" target=\"_blank\"><img decoding=\"async\" src=\"https:\/\/kastela.hr\/en\/wp-content\/themes\/kastela\/img\/file-icons\/document-pdf.png\" alt=\"pdf icon\" style=\"width:16px; height:16px; margin-right: 5px;\">Stavljanje izvan snage Detaljnog plana ure\u0111enja Turistic\u030cke zone S\u030ctalija &#8211; prijedlog za javnu raspravu.pdf<\/a><\/li><li><a href=\"https:\/\/kastela.hr\/en\/wp-content\/uploads\/datoteke\/dokumenti\/prostorni-planovi-grada\/planovi-na-javnom-uvidu\/stavljanje-izvan-snage-detaljnog-plana-uredenja-turisticke-zone-stalija\/stavljanje-izvan-snage-dpu-tz-stalija-granica-obuhvata.jpg\" target=\"_blank\"><img decoding=\"async\" src=\"https:\/\/kastela.hr\/en\/wp-content\/themes\/kastela\/img\/file-icons\/document-image.png\" alt=\"jpg icon\" style=\"width:16px; height:16px; margin-right: 5px;\">Stavljanje izvan snage Detaljnog plana ure\u0111enja Turisti\u010dke zone \u0160talija &#8211; prijedlog za javnu raspravu.jpg<\/a><\/li><li><a href=\"https:\/\/kastela.hr\/en\/wp-content\/uploads\/datoteke\/dokumenti\/prostorni-planovi-grada\/planovi-na-javnom-uvidu\/stavljanje-izvan-snage-detaljnog-plana-uredenja-turisticke-zone-stalija\/odluka-o-provodenju-postupka-stavljanja-izvan-snage-detaljnog-plana-uredenja-turisticke-zone-stalija.pdf\" target=\"_blank\"><img decoding=\"async\" src=\"https:\/\/kastela.hr\/en\/wp-content\/themes\/kastela\/img\/file-icons\/document-pdf.png\" alt=\"pdf icon\" style=\"width:16px; height:16px; margin-right: 5px;\">Odluka o provo\u0111enju postupka stavljanja izvan snage Detaljnog plana ure\u0111enja Turistic\u030cke zone S\u030ctalija.pdf<\/a><\/li><\/ul><\/div>\n\n<div class=\"prilozeni_linkovi\"><ul class='no-ul'><li><a href=\"https:\/\/kastela.hr\/en\/prostorni-planovi-grada\/detaljni-planovi-uredenja-dpu\/dpu-turisticke-zone-stalija\/\" target=\"_self\"><img decoding=\"async\" src=\"https:\/\/kastela.hr\/en\/wp-content\/themes\/kastela\/img\/file-icons\/link.png\" alt=\"\" style=\"width:16px; height:16px; margin-right: 5px;\">Detaljni plan ure\u0111enja Turisti\u010dke zone \u0160talija<\/a><\/li>\n\n<\/ul><\/div>","protected":false},"excerpt":{"rendered":"","protected":false},"author":1,"featured_media":0,"parent":10974,"menu_order":0,"comment_status":"closed","ping_status":"closed","template":"","meta":{"_acf_changed":false,"footnotes":""},"class_list":["post-10976","page","type-page","status-publish","hentry"],"acf":[],"_links":{"self":[{"href":"https:\/\/kastela.hr\/en\/wp-json\/wp\/v2\/pages\/10976","targetHints":{"allow":["GET"]}}],"collection":[{"href":"https:\/\/kastela.hr\/en\/wp-json\/wp\/v2\/pages"}],"about":[{"href":"https:\/\/kastela.hr\/en\/wp-json\/wp\/v2\/types\/page"}],"author":[{"embeddable":true,"href":"https:\/\/kastela.hr\/en\/wp-json\/wp\/v2\/users\/1"}],"replies":[{"embeddable":true,"href":"https:\/\/kastela.hr\/en\/wp-json\/wp\/v2\/comments?post=10976"}],"version-history":[{"count":3,"href":"https:\/\/kastela.hr\/en\/wp-json\/wp\/v2\/pages\/10976\/revisions"}],"predecessor-version":[{"id":10984,"href":"https:\/\/kastela.hr\/en\/wp-json\/wp\/v2\/pages\/10976\/revisions\/10984"}],"up":[{"embeddable":true,"href":"https:\/\/kastela.hr\/en\/wp-json\/wp\/v2\/pages\/10974"}],"wp:attachment":[{"href":"https:\/\/kastela.hr\/en\/wp-json\/wp\/v2\/media?parent=10976"}],"curies":[{"name":"wp","href":"https:\/\/api.w.org\/{rel}","templated":true}]}}