{"id":10974,"date":"2024-09-30T10:02:43","date_gmt":"2024-09-30T08:02:43","guid":{"rendered":"https:\/\/kastela.hr\/en\/?page_id=10974"},"modified":"2024-09-30T15:19:16","modified_gmt":"2024-09-30T13:19:16","slug":"planovi-na-javnom-uvidu","status":"publish","type":"page","link":"https:\/\/kastela.hr\/en\/prostorni-planovi-grada\/planovi-na-javnom-uvidu\/","title":{"rendered":"Planovi na javnom uvidu"},"content":{"rendered":"<div class=\"prilozene_datoteke\"><ul class='no-ul'><li><a href=\"https:\/\/kastela.hr\/en\/wp-content\/uploads\/datoteke\/dokumenti\/prostorni-planovi-grada\/planovi-na-javnom-uvidu\/objava-javne-rasprave_prijedlog-upua_kastel-stafilic.pdf\" target=\"_blank\"><img decoding=\"async\" src=\"https:\/\/kastela.hr\/en\/wp-content\/themes\/kastela\/img\/file-icons\/document-pdf.png\" alt=\"pdf icon\" style=\"width:16px; height:16px; margin-right: 5px;\">Informacija o javnoj raspravi &#8211; Prijedlog Urbanisti\u010dkog plana ure\u0111enja urbane sanacije izdvojenog dijela gra\u0111evinskog podru\u010dja naselja Ka\u0161tel \u0160tafili\u0107.pdf<\/a><\/li><li><a href=\"https:\/\/kastela.hr\/en\/wp-content\/uploads\/datoteke\/dokumenti\/prostorni-planovi-grada\/planovi-na-javnom-uvidu\/upu-kastel-stafilic_prijedlog-02.05.2024.pdf\" target=\"_blank\"><img decoding=\"async\" src=\"https:\/\/kastela.hr\/en\/wp-content\/themes\/kastela\/img\/file-icons\/document-pdf.png\" alt=\"pdf icon\" style=\"width:16px; height:16px; margin-right: 5px;\">Prijedlog Urbanisti\u010dkog plana ure\u0111enja urbane sanacije izdvojenog dijela gra\u0111evinskog podru\u010dja naselja Ka\u0161tel \u0160tafili\u0107.pdf<\/a><\/li><li><a href=\"https:\/\/kastela.hr\/en\/wp-content\/uploads\/datoteke\/dokumenti\/prostorni-planovi-grada\/planovi-na-javnom-uvidu\/izvjesce-o-javnoj-raspravi-o-prijedlogu-odluke-o-stavljanju-izvan-snage-detaljnog-plana-uredenja-turisticke-zone-stalija.pdf\" target=\"_blank\"><img decoding=\"async\" src=\"https:\/\/kastela.hr\/en\/wp-content\/themes\/kastela\/img\/file-icons\/document-pdf.png\" alt=\"pdf icon\" style=\"width:16px; height:16px; margin-right: 5px;\">Izvje\u0161\u0107e o javnoj raspravi o Prijedlogu Odluke o stavljanju izvan snage Detaljnog plana ure\u0111enja Turisti\u010dke zone \u0160talija.pdf<\/a><\/li><li><a href=\"https:\/\/kastela.hr\/en\/wp-content\/uploads\/datoteke\/dokumenti\/prostorni-planovi-grada\/planovi-na-javnom-uvidu\/obavijest-o-javnoj-raspravi-o-prijedlogu-odluke-o-stavljanju-izvan-snage-detaljnog-plana-uredenja-turisticke-zone-stalija.pdf\" target=\"_blank\"><img decoding=\"async\" src=\"https:\/\/kastela.hr\/en\/wp-content\/themes\/kastela\/img\/file-icons\/document-pdf.png\" alt=\"pdf icon\" style=\"width:16px; height:16px; margin-right: 5px;\">Obavijest o javnoj raspravi o Prijedlogu Odluke o stavljanju izvan snage Detaljnog plana ure\u0111enja Turisti\u010dke zone \u0160talija.pdf<\/a><\/li><\/ul><\/div>\n\n<div class=\"prilozeni_linkovi\"><ul class='no-ul'><li><a href=\"https:\/\/kastela.hr\/en\/prostorni-planovi-grada\/planovi-na-javnom-uvidu\/stavljanje-izvan-snage-detaljnog-plana-uredenja-turisticke-zone-stalija\/\" target=\"_self\"><img decoding=\"async\" src=\"https:\/\/kastela.hr\/en\/wp-content\/themes\/kastela\/img\/file-icons\/link.png\" alt=\"\" style=\"width:16px; height:16px; margin-right: 5px;\">Stavljanje izvan snage Detaljnog plana ure\u0111enja Turisti\u010dke zone \u0160talija<\/a><\/li>\n\n<\/ul><\/div>\n\n<div class=\"prilozene_datoteke\"><ul class='no-ul'><li><a href=\"https:\/\/kastela.hr\/en\/wp-content\/uploads\/datoteke\/dokumenti\/prostorni-planovi-grada\/planovi-na-javnom-uvidu\/izvjesce-o-javnoj-raspravi-o-prijedlogu-odluke-o-stavljanju-izvan-snage-urbanistickog-plana-uredenja-giricic-upu-17.pdf\" target=\"_blank\"><img decoding=\"async\" src=\"https:\/\/kastela.hr\/en\/wp-content\/themes\/kastela\/img\/file-icons\/document-pdf.png\" alt=\"pdf icon\" style=\"width:16px; height:16px; margin-right: 5px;\">Izvjes\u030cc\u0301e o javnoj raspravi o Prijedlogu Odluke o stavljanju izvan snage Urbanistic\u030ckog plana ure\u0111enja Giric\u030cic\u0301 (UPU 17).pdf<\/a><\/li><li><a href=\"https:\/\/kastela.hr\/en\/wp-content\/uploads\/datoteke\/dokumenti\/prostorni-planovi-grada\/planovi-na-javnom-uvidu\/obavijest-o-javnoj-raspravi-o-prijedlogu-odluke-o-stavljanju-izvan-snage-urbanistickog-plana-uredenja-giricic-upu-br.-17.pdf\" target=\"_blank\"><img decoding=\"async\" src=\"https:\/\/kastela.hr\/en\/wp-content\/themes\/kastela\/img\/file-icons\/document-pdf.png\" alt=\"pdf icon\" style=\"width:16px; height:16px; margin-right: 5px;\">Obavijest o javnoj raspravi o Prijedlogu Odluke o stavljanju izvan snage Urbanistic\u030ckog plana ure\u0111enja Giric\u030cic\u0301 (UPU br. 17).pdf<\/a><\/li><\/ul><\/div>\n\n<div class=\"prilozeni_linkovi\"><ul class='no-ul'><li><a href=\"https:\/\/kastela.hr\/en\/prostorni-planovi-grada\/planovi-na-javnom-uvidu\/stavljanje-izvan-snage-urbanistickog-plana-uredenja-giricic-upu-br-17\/\" target=\"_self\"><img decoding=\"async\" src=\"https:\/\/kastela.hr\/en\/wp-content\/themes\/kastela\/img\/file-icons\/link.png\" alt=\"\" style=\"width:16px; height:16px; margin-right: 5px;\">Stavljanje izvan snage Urbanisti\u010dkog plana ure\u0111enja Giri\u010di\u0107 (UPU br. 17)<\/a><\/li>\n\n<\/ul><\/div>\n\n<div class=\"prilozeni_linkovi\"><ul class='no-ul'><li><a href=\"https:\/\/kastela.hr\/en\/prostorni-planovi-grada\/planovi-na-javnom-uvidu\/stavljanje-izvan-snage-urbanistickog-plana-uredenja-kastel-novi-kastel-stari\/\" target=\"_self\"><img decoding=\"async\" src=\"https:\/\/kastela.hr\/en\/wp-content\/themes\/kastela\/img\/file-icons\/link.png\" alt=\"\" style=\"width:16px; height:16px; margin-right: 5px;\">Stavljanje izvan snage Urbanisti\u010dkog plana ure\u0111enja Ka\u0161tel Novi \u2013 Ka\u0161tel Stari (UPU br. 5)<\/a><\/li>\n\n<li><a href=\"https:\/\/kastela.hr\/en\/prostorni-planovi-grada\/planovi-na-javnom-uvidu\/stavljanje-izvan-snage-urbanistickog-plana-uredenja-rudine\/\" target=\"_self\"><img decoding=\"async\" src=\"https:\/\/kastela.hr\/en\/wp-content\/themes\/kastela\/img\/file-icons\/link.png\" alt=\"\" style=\"width:16px; height:16px; margin-right: 5px;\">Stavljanje izvan snage Urbanisti\u010dkog plana ure\u0111enja Rudine (UPU br. 4)<\/a><\/li>\n\n<li><a href=\"https:\/\/kastela.hr\/en\/prostorni-planovi-grada\/planovi-na-javnom-uvidu\/stavljanje-izvan-snage-urbanistickog-plana-uredenja-radun\/\" target=\"_self\"><img decoding=\"async\" src=\"https:\/\/kastela.hr\/en\/wp-content\/themes\/kastela\/img\/file-icons\/link.png\" alt=\"\" style=\"width:16px; height:16px; margin-right: 5px;\">Stavljanje izvan snage Urbanisti\u010dkog plana ure\u0111enja Radun (UPU br. 6)<\/a><\/li>\n\n<li><a href=\"https:\/\/kastela.hr\/en\/prostorni-planovi-grada\/planovi-na-javnom-uvidu\/stavljanje-izvan-snage-urbanistickog-plana-uredenja-kastel-luksic-kastel-kambelovac-2\/\" target=\"_self\"><img decoding=\"async\" src=\"https:\/\/kastela.hr\/en\/wp-content\/themes\/kastela\/img\/file-icons\/link.png\" alt=\"\" style=\"width:16px; height:16px; margin-right: 5px;\">Stavljanje izvan snage Urbanisti\u010dkog plana ure\u0111enja Ka\u0161tel Luk\u0161i\u0107 \u2013 Ka\u0161tel Kambelovac 2 (UPU br. 10)<\/a><\/li>\n\n<li><a href=\"https:\/\/kastela.hr\/en\/prostorni-planovi-grada\/planovi-na-javnom-uvidu\/stavljanje-izvan-snage-urbanistickog-plana-uredenja-kastel-kambelovac-sjever\/\" target=\"_self\"><img decoding=\"async\" src=\"https:\/\/kastela.hr\/en\/wp-content\/themes\/kastela\/img\/file-icons\/link.png\" alt=\"\" style=\"width:16px; height:16px; margin-right: 5px;\">Stavljanje izvan snage Urbanisti\u010dkog plana ure\u0111enja Ka\u0161tel Kambelovac \u2013 Sjever (UPU br. 11)<\/a><\/li>\n\n<li><a href=\"https:\/\/kastela.hr\/en\/prostorni-planovi-grada\/planovi-na-javnom-uvidu\/stavljanje-izvan-snage-urbanistickog-plana-uredenja-kastel-kambelovac-centar\/\" target=\"_self\"><img decoding=\"async\" src=\"https:\/\/kastela.hr\/en\/wp-content\/themes\/kastela\/img\/file-icons\/link.png\" alt=\"\" style=\"width:16px; height:16px; margin-right: 5px;\">Stavljanje izvan snage Urbanisti\u010dkog plana ure\u0111enja Ka\u0161tel Kambelovac Centar (UPU br. 12)<\/a><\/li>\n\n<li><a href=\"https:\/\/kastela.hr\/en\/prostorni-planovi-grada\/planovi-na-javnom-uvidu\/stavljanje-izvan-snage-urbanistickog-plana-uredenja-kastel-kambelovac-centar-2\/\" target=\"_self\"><img decoding=\"async\" src=\"https:\/\/kastela.hr\/en\/wp-content\/themes\/kastela\/img\/file-icons\/link.png\" alt=\"\" style=\"width:16px; height:16px; margin-right: 5px;\">Stavljanje izvan snage Urbanisti\u010dkog plana ure\u0111enja Ka\u0161tel Kambelovac Centar 2 (UPU br. 13)<\/a><\/li>\n\n<li><a href=\"https:\/\/kastela.hr\/en\/prostorni-planovi-grada\/planovi-na-javnom-uvidu\/stavljanje-izvan-snage-urbanistickog-plana-uredenja-kastel-gomilica-sjever\/\" target=\"_self\"><img decoding=\"async\" src=\"https:\/\/kastela.hr\/en\/wp-content\/themes\/kastela\/img\/file-icons\/link.png\" alt=\"\" style=\"width:16px; height:16px; margin-right: 5px;\">Stavljanje izvan snage Urbanisti\u010dkog plana ure\u0111enja Ka\u0161tel Gomilica Sjever (UPU br. 15)<\/a><\/li>\n\n<li><a href=\"https:\/\/kastela.hr\/en\/prostorni-planovi-grada\/planovi-na-javnom-uvidu\/stavljanje-izvan-snage-urbanistickog-plana-uredenja-br-16-kastel-gomilica-kastel-sucurac-jug\/\" target=\"_self\"><img decoding=\"async\" src=\"https:\/\/kastela.hr\/en\/wp-content\/themes\/kastela\/img\/file-icons\/link.png\" alt=\"\" style=\"width:16px; height:16px; margin-right: 5px;\">Stavljanje izvan snage Urbanisti\u010dkog plana ure\u0111enja br. 16 &#8211; Ka\u0161tel Gomilica \u2013 Ka\u0161tel Su\u0107urac Jug (UPU br. 16)<\/a><\/li>\n\n<li><a href=\"https:\/\/kastela.hr\/en\/prostorni-planovi-grada\/planovi-na-javnom-uvidu\/stavljanje-izvan-snage-urbanistickog-plana-uredenja-krtine\/\" target=\"_self\"><img decoding=\"async\" src=\"https:\/\/kastela.hr\/en\/wp-content\/themes\/kastela\/img\/file-icons\/link.png\" alt=\"\" style=\"width:16px; height:16px; margin-right: 5px;\">Stavljanje izvan snage Urbanisti\u010dkog plana ure\u0111enja Krtine (UPU br. 19)<\/a><\/li>\n\n<li><a href=\"https:\/\/kastela.hr\/en\/prostorni-planovi-grada\/planovi-na-javnom-uvidu\/stavljanje-izvan-snage-urbanistickog-plana-uredenja-brizine-ii\/\" target=\"_self\"><img decoding=\"async\" src=\"https:\/\/kastela.hr\/en\/wp-content\/themes\/kastela\/img\/file-icons\/link.png\" alt=\"\" style=\"width:16px; height:16px; margin-right: 5px;\">Stavljanje izvan snage Urbanisti\u010dkog plana ure\u0111enja Bri\u017eine II (UPU br. 26)<\/a><\/li>\n\n<li><a href=\"https:\/\/kastela.hr\/en\/prostorni-planovi-grada\/planovi-na-javnom-uvidu\/stavljanje-izvan-snage-detaljnog-plana-uredenja-rive-kastel-sucurca\/\" target=\"_self\"><img decoding=\"async\" src=\"https:\/\/kastela.hr\/en\/wp-content\/themes\/kastela\/img\/file-icons\/link.png\" alt=\"\" style=\"width:16px; height:16px; margin-right: 5px;\">Stavljanje izvan snage Detaljnog plana ure\u0111enja Rive Ka\u0161tel Su\u0107urca<\/a><\/li>\n\n<\/ul><\/div>\n\n<div class=\"prilozene_datoteke\"><ul class='no-ul'><li><a href=\"https:\/\/kastela.hr\/en\/wp-content\/uploads\/datoteke\/dokumenti\/prostorni-planovi-grada\/planovi-na-javnom-uvidu\/objava-javne-raspraveobavijest-o-javnoj-raspravi-o-prijedlogu-iii-izmjena-i-dopuna-ppu-grada-kastela-prijedlogu-iii-izmjena-i-dopuna-gup-a-kastela-prijedlogu-upu-a-turisticke-zone-kastel-sucurac.pdf\" target=\"_blank\"><img decoding=\"async\" src=\"https:\/\/kastela.hr\/en\/wp-content\/themes\/kastela\/img\/file-icons\/document-pdf.png\" alt=\"pdf icon\" style=\"width:16px; height:16px; margin-right: 5px;\">Objava javne rasprave (Obavijest o javnoj raspravi o prijedlogu III. Izmjena i dopuna PPU Grada Ka\u0161tela, prijedlogu III. Izmjena i dopuna GUP-a Ka\u0161tela, prijedlogu UPU-a turisti\u010dke zone Ka\u0161tel Su\u0107urac \u2013 Sustipan (UPU 18) i pripadaju\u0107e strate\u0161ke studije utjecaja na okoli\u0161).pdf<\/a><\/li><li><a href=\"https:\/\/kastela.hr\/en\/wp-content\/uploads\/datoteke\/dokumenti\/prostorni-planovi-grada\/planovi-na-javnom-uvidu\/obavijest-o-javnoj-raspravi-o-prijedlogu-odluke-o-stavljanju-izvan-snage-detaljnog-plana-uredenja-rive-kastel-sucurca.pdf\" target=\"_blank\"><img decoding=\"async\" src=\"https:\/\/kastela.hr\/en\/wp-content\/themes\/kastela\/img\/file-icons\/document-pdf.png\" alt=\"pdf icon\" style=\"width:16px; height:16px; margin-right: 5px;\">Obavijest o javnoj raspravi o Prijedlogu Odluke o stavljanju izvan snage Detaljnog plana ure\u0111enja Rive Ka\u0161tel Su\u0107urca.pdf<\/a><\/li><\/ul><\/div>\n\n<div class=\"prilozeni_linkovi\"><ul class='no-ul'><li><a href=\"https:\/\/kastela.hr\/en\/prostorni-planovi-grada\/planovi-na-javnom-uvidu\/iii-izmjene-i-dopune-prostornog-plana-uredenja-grada-kastela\/\" target=\"_self\"><img decoding=\"async\" src=\"https:\/\/kastela.hr\/en\/wp-content\/themes\/kastela\/img\/file-icons\/link.png\" alt=\"\" style=\"width:16px; height:16px; margin-right: 5px;\">III. Izmjene i dopune Prostornog plana ure\u0111enja Grada Ka\u0161tela<\/a><\/li>\n\n<li><a href=\"https:\/\/kastela.hr\/en\/prostorni-planovi-grada\/planovi-na-javnom-uvidu\/urbanisticki-plan-uredenja-turisticke-zone-kastel-sucurac-sustipan\/\" target=\"_self\"><img decoding=\"async\" src=\"https:\/\/kastela.hr\/en\/wp-content\/themes\/kastela\/img\/file-icons\/link.png\" alt=\"\" style=\"width:16px; height:16px; margin-right: 5px;\">Urbanisti\u010dki plan ure\u0111enja Turisti\u010dke zone Ka\u0161tel Su\u0107urac \u2013 Sustipan (UPU 18) Prijedlog<\/a><\/li>\n\n<li><a href=\"https:\/\/kastela.hr\/en\/prostorni-planovi-grada\/planovi-na-javnom-uvidu\/strateska-studija-utjecaja-na-okolis\/\" target=\"_self\"><img decoding=\"async\" src=\"https:\/\/kastela.hr\/en\/wp-content\/themes\/kastela\/img\/file-icons\/link.png\" alt=\"\" style=\"width:16px; height:16px; margin-right: 5px;\">Strate\u0161ka studija utjecaja na okoli\u0161 III. Izmjena i dopuna PPUG-a Ka\u0161tela, III. Izmjena i dopuna GUP-a Ka\u0161tela i UPU-a turisti\u010dke zone Ka\u0161tel Su\u0107urac-Sustipan (UPU 18) Prijedlog<\/a><\/li>\n\n<\/ul><\/div>\n\n\n<p><\/p>\n","protected":false},"excerpt":{"rendered":"","protected":false},"author":1,"featured_media":0,"parent":9815,"menu_order":0,"comment_status":"closed","ping_status":"closed","template":"","meta":{"_acf_changed":false,"footnotes":""},"class_list":["post-10974","page","type-page","status-publish","hentry"],"acf":[],"_links":{"self":[{"href":"https:\/\/kastela.hr\/en\/wp-json\/wp\/v2\/pages\/10974","targetHints":{"allow":["GET"]}}],"collection":[{"href":"https:\/\/kastela.hr\/en\/wp-json\/wp\/v2\/pages"}],"about":[{"href":"https:\/\/kastela.hr\/en\/wp-json\/wp\/v2\/types\/page"}],"author":[{"embeddable":true,"href":"https:\/\/kastela.hr\/en\/wp-json\/wp\/v2\/users\/1"}],"replies":[{"embeddable":true,"href":"https:\/\/kastela.hr\/en\/wp-json\/wp\/v2\/comments?post=10974"}],"version-history":[{"count":27,"href":"https:\/\/kastela.hr\/en\/wp-json\/wp\/v2\/pages\/10974\/revisions"}],"predecessor-version":[{"id":11267,"href":"https:\/\/kastela.hr\/en\/wp-json\/wp\/v2\/pages\/10974\/revisions\/11267"}],"up":[{"embeddable":true,"href":"https:\/\/kastela.hr\/en\/wp-json\/wp\/v2\/pages\/9815"}],"wp:attachment":[{"href":"https:\/\/kastela.hr\/en\/wp-json\/wp\/v2\/media?parent=10974"}],"curies":[{"name":"wp","href":"https:\/\/api.w.org\/{rel}","templated":true}]}}