{"id":10940,"date":"2024-09-29T01:48:48","date_gmt":"2024-09-28T23:48:48","guid":{"rendered":"https:\/\/kastela.hr\/en\/?page_id=10940"},"modified":"2024-09-29T01:50:55","modified_gmt":"2024-09-28T23:50:55","slug":"dpu-brca-u-kastel-luksicu","status":"publish","type":"page","link":"https:\/\/kastela.hr\/en\/prostorni-planovi-grada\/detaljni-planovi-uredenja-dpu\/dpu-brca-u-kastel-luksicu\/","title":{"rendered":"DPU Brca u Ka\u0161tel Luk\u0161i\u0107u"},"content":{"rendered":"\n<p>Travanj 2008.<\/p>\n\n\n\n<p><strong>Odluka o dono\u0161enju Detaljnog plana ure\u0111enja Brca u Ka\u0161tel Luk\u0161i\u0107u<\/strong><\/p>\n\n\n<div class=\"prilozeni_linkovi\"><ul class='no-ul'><li><a href=\"https:\/\/kastela.hr\/en\/wp-content\/uploads\/datoteke\/dokumenti\/sluzbeni-glasnici\/2008\/sluzbeni-glasnik-3.pdf\" target=\"_blank\"><img decoding=\"async\" src=\"https:\/\/kastela.hr\/en\/wp-content\/themes\/kastela\/img\/file-icons\/link.png\" alt=\"\" style=\"width:16px; height:16px; margin-right: 5px;\">Slu\u017ebeni glasnik Grada Ka\u0161tela br. 3\/08<\/a><\/li>\n\n<\/ul><\/div>\n\n\n<p><strong>Tekstualni dio<\/strong><\/p>\n\n\n<div class=\"prilozene_datoteke\"><ul class='no-ul'><li><a href=\"https:\/\/kastela.hr\/en\/wp-content\/uploads\/datoteke\/dokumenti\/prostorni-planovi-grada\/detaljni-planovi-uredenja-dpu\/detaljni-plan-uredenja-brca-u-kastel-luksicu\/tekstualni-dio\/sadrzaj.pdf\" target=\"_blank\"><img decoding=\"async\" src=\"https:\/\/kastela.hr\/en\/wp-content\/themes\/kastela\/img\/file-icons\/document-pdf.png\" alt=\"pdf icon\" style=\"width:16px; height:16px; margin-right: 5px;\">Sadrz\u030caj.pdf<\/a><\/li><li><a href=\"https:\/\/kastela.hr\/en\/wp-content\/uploads\/datoteke\/dokumenti\/prostorni-planovi-grada\/detaljni-planovi-uredenja-dpu\/detaljni-plan-uredenja-brca-u-kastel-luksicu\/tekstualni-dio\/obrazlozenje-odredbe-za-provode.pdf\" target=\"_blank\"><img decoding=\"async\" src=\"https:\/\/kastela.hr\/en\/wp-content\/themes\/kastela\/img\/file-icons\/document-pdf.png\" alt=\"pdf icon\" style=\"width:16px; height:16px; margin-right: 5px;\">Obrazloz\u030cenje, Odredbe za provo\u0111e.pdf<\/a><\/li><\/ul><\/div>\n\n\n<p><strong>Grafi\u010dki dio<\/strong><\/p>\n\n\n<div class=\"prilozene_datoteke\"><ul class='no-ul'><li><a href=\"https:\/\/kastela.hr\/en\/wp-content\/uploads\/datoteke\/dokumenti\/prostorni-planovi-grada\/detaljni-planovi-uredenja-dpu\/detaljni-plan-uredenja-brca-u-kastel-luksicu\/graficki-dio\/detaljna-namjena-povrsina-kart-prikaz-1.pdf\" target=\"_blank\"><img decoding=\"async\" src=\"https:\/\/kastela.hr\/en\/wp-content\/themes\/kastela\/img\/file-icons\/document-pdf.png\" alt=\"pdf icon\" style=\"width:16px; height:16px; margin-right: 5px;\">Detaljna namjena povrs\u030cina kart prikaz 1.pdf<\/a><\/li><li><a href=\"https:\/\/kastela.hr\/en\/wp-content\/uploads\/datoteke\/dokumenti\/prostorni-planovi-grada\/detaljni-planovi-uredenja-dpu\/detaljni-plan-uredenja-brca-u-kastel-luksicu\/graficki-dio\/elektroenergetska-mreza-javna-rasvjeta-i-telekomunikacije.pdf\" target=\"_blank\"><img decoding=\"async\" src=\"https:\/\/kastela.hr\/en\/wp-content\/themes\/kastela\/img\/file-icons\/document-pdf.png\" alt=\"pdf icon\" style=\"width:16px; height:16px; margin-right: 5px;\">Elektroenergetska mrez\u030ca, javna rasvjeta i telekomunikacije.pdf<\/a><\/li><li><a href=\"https:\/\/kastela.hr\/en\/wp-content\/uploads\/datoteke\/dokumenti\/prostorni-planovi-grada\/detaljni-planovi-uredenja-dpu\/detaljni-plan-uredenja-brca-u-kastel-luksicu\/graficki-dio\/karakteristicni-presjeci-prometnica.pdf\" target=\"_blank\"><img decoding=\"async\" src=\"https:\/\/kastela.hr\/en\/wp-content\/themes\/kastela\/img\/file-icons\/document-pdf.png\" alt=\"pdf icon\" style=\"width:16px; height:16px; margin-right: 5px;\">Karakteristic\u030cni presjeci prometnica.pdf<\/a><\/li><li><a href=\"https:\/\/kastela.hr\/en\/wp-content\/uploads\/datoteke\/dokumenti\/prostorni-planovi-grada\/detaljni-planovi-uredenja-dpu\/detaljni-plan-uredenja-brca-u-kastel-luksicu\/graficki-dio\/katastarsko-topografska-situacija---postojece-stanje.pdf\" target=\"_blank\"><img decoding=\"async\" src=\"https:\/\/kastela.hr\/en\/wp-content\/themes\/kastela\/img\/file-icons\/document-pdf.png\" alt=\"pdf icon\" style=\"width:16px; height:16px; margin-right: 5px;\">Katastarsko-topografska situacija \u2013 postojec\u0301e stanje.pdf<\/a><\/li><li><a href=\"https:\/\/kastela.hr\/en\/wp-content\/uploads\/datoteke\/dokumenti\/prostorni-planovi-grada\/detaljni-planovi-uredenja-dpu\/detaljni-plan-uredenja-brca-u-kastel-luksicu\/graficki-dio\/opskrba-vodom-odvodnja-otpadne-vode-oborinska-kanalizacija.pdf\" target=\"_blank\"><img decoding=\"async\" src=\"https:\/\/kastela.hr\/en\/wp-content\/themes\/kastela\/img\/file-icons\/document-pdf.png\" alt=\"pdf icon\" style=\"width:16px; height:16px; margin-right: 5px;\">Opskrba vodom, odvodnja otpadne vode, oborinska kanalizacija.pdf<\/a><\/li><li><a href=\"https:\/\/kastela.hr\/en\/wp-content\/uploads\/datoteke\/dokumenti\/prostorni-planovi-grada\/detaljni-planovi-uredenja-dpu\/detaljni-plan-uredenja-brca-u-kastel-luksicu\/graficki-dio\/plan-nove-parcelacije.pdf\" target=\"_blank\"><img decoding=\"async\" src=\"https:\/\/kastela.hr\/en\/wp-content\/themes\/kastela\/img\/file-icons\/document-pdf.png\" alt=\"pdf icon\" style=\"width:16px; height:16px; margin-right: 5px;\">Plan nove parcelacije.pdf<\/a><\/li><li><a href=\"https:\/\/kastela.hr\/en\/wp-content\/uploads\/datoteke\/dokumenti\/prostorni-planovi-grada\/detaljni-planovi-uredenja-dpu\/detaljni-plan-uredenja-brca-u-kastel-luksicu\/graficki-dio\/prometna-mreza.pdf\" target=\"_blank\"><img decoding=\"async\" src=\"https:\/\/kastela.hr\/en\/wp-content\/themes\/kastela\/img\/file-icons\/document-pdf.png\" alt=\"pdf icon\" style=\"width:16px; height:16px; margin-right: 5px;\">Prometna mrez\u030ca.pdf<\/a><\/li><li><a href=\"https:\/\/kastela.hr\/en\/wp-content\/uploads\/datoteke\/dokumenti\/prostorni-planovi-grada\/detaljni-planovi-uredenja-dpu\/detaljni-plan-uredenja-brca-u-kastel-luksicu\/graficki-dio\/uvjeti-gradnje.pdf\" target=\"_blank\"><img decoding=\"async\" src=\"https:\/\/kastela.hr\/en\/wp-content\/themes\/kastela\/img\/file-icons\/document-pdf.png\" alt=\"pdf icon\" style=\"width:16px; height:16px; margin-right: 5px;\">Uvjeti gradnje.pdf<\/a><\/li><li><a href=\"https:\/\/kastela.hr\/en\/wp-content\/uploads\/datoteke\/dokumenti\/prostorni-planovi-grada\/detaljni-planovi-uredenja-dpu\/detaljni-plan-uredenja-brca-u-kastel-luksicu\/graficki-dio\/uvjeti-koristenja-uredenja-i-zastite-prostora.pdf\" target=\"_blank\"><img decoding=\"async\" src=\"https:\/\/kastela.hr\/en\/wp-content\/themes\/kastela\/img\/file-icons\/document-pdf.png\" alt=\"pdf icon\" style=\"width:16px; height:16px; margin-right: 5px;\">Uvjeti koris\u030ctenja, ure\u0111enja i zas\u030ctite prostora.pdf<\/a><\/li><\/ul><\/div>","protected":false},"excerpt":{"rendered":"<p>Travanj 2008. Odluka o dono\u0161enju Detaljnog plana ure\u0111enja Brca u Ka\u0161tel Luk\u0161i\u0107u Tekstualni dio Grafi\u010dki dio<\/p>\n","protected":false},"author":1,"featured_media":0,"parent":10896,"menu_order":0,"comment_status":"closed","ping_status":"closed","template":"","meta":{"_acf_changed":false,"footnotes":""},"class_list":["post-10940","page","type-page","status-publish","hentry"],"acf":[],"_links":{"self":[{"href":"https:\/\/kastela.hr\/en\/wp-json\/wp\/v2\/pages\/10940","targetHints":{"allow":["GET"]}}],"collection":[{"href":"https:\/\/kastela.hr\/en\/wp-json\/wp\/v2\/pages"}],"about":[{"href":"https:\/\/kastela.hr\/en\/wp-json\/wp\/v2\/types\/page"}],"author":[{"embeddable":true,"href":"https:\/\/kastela.hr\/en\/wp-json\/wp\/v2\/users\/1"}],"replies":[{"embeddable":true,"href":"https:\/\/kastela.hr\/en\/wp-json\/wp\/v2\/comments?post=10940"}],"version-history":[{"count":3,"href":"https:\/\/kastela.hr\/en\/wp-json\/wp\/v2\/pages\/10940\/revisions"}],"predecessor-version":[{"id":10958,"href":"https:\/\/kastela.hr\/en\/wp-json\/wp\/v2\/pages\/10940\/revisions\/10958"}],"up":[{"embeddable":true,"href":"https:\/\/kastela.hr\/en\/wp-json\/wp\/v2\/pages\/10896"}],"wp:attachment":[{"href":"https:\/\/kastela.hr\/en\/wp-json\/wp\/v2\/media?parent=10940"}],"curies":[{"name":"wp","href":"https:\/\/api.w.org\/{rel}","templated":true}]}}