{"id":10909,"date":"2024-09-29T01:38:44","date_gmt":"2024-09-28T23:38:44","guid":{"rendered":"https:\/\/kastela.hr\/en\/?page_id=10909"},"modified":"2024-09-29T01:42:14","modified_gmt":"2024-09-28T23:42:14","slug":"dpu-dardina-u-kastel-starom","status":"publish","type":"page","link":"https:\/\/kastela.hr\/en\/prostorni-planovi-grada\/detaljni-planovi-uredenja-dpu\/dpu-dardina-u-kastel-starom\/","title":{"rendered":"DPU \u0110ardina u Ka\u0161tel Starom"},"content":{"rendered":"\n<p><strong>Odluka o dono\u0161enju Detaljnog plana ure\u0111enja \u0110ardina u Ka\u0161tel Starom<\/strong><\/p>\n\n\n<div class=\"prilozeni_linkovi\"><ul class='no-ul'><li><a href=\"https:\/\/kastela.hr\/en\/wp-content\/uploads\/datoteke\/dokumenti\/sluzbeni-glasnici\/2004\/sluzbeni-glasnik-br.-1.pdf\" target=\"_blank\"><img decoding=\"async\" src=\"https:\/\/kastela.hr\/en\/wp-content\/themes\/kastela\/img\/file-icons\/link.png\" alt=\"\" style=\"width:16px; height:16px; margin-right: 5px;\">Slu\u017ebeni glasnik Grada Ka\u0161tela br. 1\/04<\/a><\/li>\n\n<\/ul><\/div>\n\n<div class=\"prilozene_datoteke\"><ul class='no-ul'><li><a href=\"https:\/\/kastela.hr\/en\/wp-content\/uploads\/datoteke\/dokumenti\/prostorni-planovi-grada\/detaljni-planovi-uredenja-dpu\/detaljni-plan-uredenja-dardina-u-kastel-starom\/presjek_pr2.pdf\" target=\"_blank\"><img decoding=\"async\" src=\"https:\/\/kastela.hr\/en\/wp-content\/themes\/kastela\/img\/file-icons\/document-pdf.png\" alt=\"pdf icon\" style=\"width:16px; height:16px; margin-right: 5px;\">PRESJEK_PR2.pdf<\/a><\/li><li><a href=\"https:\/\/kastela.hr\/en\/wp-content\/uploads\/datoteke\/dokumenti\/prostorni-planovi-grada\/detaljni-planovi-uredenja-dpu\/detaljni-plan-uredenja-dardina-u-kastel-starom\/presjek_pr3.pdf\" target=\"_blank\"><img decoding=\"async\" src=\"https:\/\/kastela.hr\/en\/wp-content\/themes\/kastela\/img\/file-icons\/document-pdf.png\" alt=\"pdf icon\" style=\"width:16px; height:16px; margin-right: 5px;\">PRESJEK_PR3.pdf<\/a><\/li><li><a href=\"https:\/\/kastela.hr\/en\/wp-content\/uploads\/datoteke\/dokumenti\/prostorni-planovi-grada\/detaljni-planovi-uredenja-dpu\/detaljni-plan-uredenja-dardina-u-kastel-starom\/presjek_pr4.pdf\" target=\"_blank\"><img decoding=\"async\" src=\"https:\/\/kastela.hr\/en\/wp-content\/themes\/kastela\/img\/file-icons\/document-pdf.png\" alt=\"pdf icon\" style=\"width:16px; height:16px; margin-right: 5px;\">PRESJEK_PR4.pdf<\/a><\/li><li><a href=\"https:\/\/kastela.hr\/en\/wp-content\/uploads\/datoteke\/dokumenti\/prostorni-planovi-grada\/detaljni-planovi-uredenja-dpu\/detaljni-plan-uredenja-dardina-u-kastel-starom\/dpu-dardin-k_stari_namjena_povrsina.pdf\" target=\"_blank\"><img decoding=\"async\" src=\"https:\/\/kastela.hr\/en\/wp-content\/themes\/kastela\/img\/file-icons\/document-pdf.png\" alt=\"pdf icon\" style=\"width:16px; height:16px; margin-right: 5px;\">DPU \u0110ARDIN K_STARI_NAMJENA_POVRS\u030cINA.pdf<\/a><\/li><li><a href=\"https:\/\/kastela.hr\/en\/wp-content\/uploads\/datoteke\/dokumenti\/prostorni-planovi-grada\/detaljni-planovi-uredenja-dpu\/detaljni-plan-uredenja-dardina-u-kastel-starom\/dpu-dardin-k_stari_prometna_tele_infra_mreza.pdf\" target=\"_blank\"><img decoding=\"async\" src=\"https:\/\/kastela.hr\/en\/wp-content\/themes\/kastela\/img\/file-icons\/document-pdf.png\" alt=\"pdf icon\" style=\"width:16px; height:16px; margin-right: 5px;\">DPU \u0110ARDIN K_STARI_PROMETNA_TELE_INFRA_MREZ\u030cA.pdf<\/a><\/li><li><a href=\"https:\/\/kastela.hr\/en\/wp-content\/uploads\/datoteke\/dokumenti\/prostorni-planovi-grada\/detaljni-planovi-uredenja-dpu\/detaljni-plan-uredenja-dardina-u-kastel-starom\/dpu-dardin-k_stari_uvjeti_uredenja_koristenja_zastite.pdf\" target=\"_blank\"><img decoding=\"async\" src=\"https:\/\/kastela.hr\/en\/wp-content\/themes\/kastela\/img\/file-icons\/document-pdf.png\" alt=\"pdf icon\" style=\"width:16px; height:16px; margin-right: 5px;\">DPU \u0110ARDIN K_STARI_UVJETI_URE\u0110ENJA_KORIS\u030cTENJA_ZAS\u030cTITE.pdf<\/a><\/li><li><a href=\"https:\/\/kastela.hr\/en\/wp-content\/uploads\/datoteke\/dokumenti\/prostorni-planovi-grada\/detaljni-planovi-uredenja-dpu\/detaljni-plan-uredenja-dardina-u-kastel-starom\/dpu-dardin-plan-parcelacije.pdf\" target=\"_blank\"><img decoding=\"async\" src=\"https:\/\/kastela.hr\/en\/wp-content\/themes\/kastela\/img\/file-icons\/document-pdf.png\" alt=\"pdf icon\" style=\"width:16px; height:16px; margin-right: 5px;\">DPU \u0110ARDIN PLAN PARCELACIJE.pdf<\/a><\/li><li><a href=\"https:\/\/kastela.hr\/en\/wp-content\/uploads\/datoteke\/dokumenti\/prostorni-planovi-grada\/detaljni-planovi-uredenja-dpu\/detaljni-plan-uredenja-dardina-u-kastel-starom\/dpu-dardin-tekst.pdf\" target=\"_blank\"><img decoding=\"async\" src=\"https:\/\/kastela.hr\/en\/wp-content\/themes\/kastela\/img\/file-icons\/document-pdf.png\" alt=\"pdf icon\" style=\"width:16px; height:16px; margin-right: 5px;\">DPU \u0110ardin tekst.pdf<\/a><\/li><\/ul><\/div>","protected":false},"excerpt":{"rendered":"<p>Odluka o dono\u0161enju Detaljnog plana ure\u0111enja \u0110ardina u Ka\u0161tel Starom<\/p>\n","protected":false},"author":1,"featured_media":0,"parent":10896,"menu_order":0,"comment_status":"closed","ping_status":"closed","template":"","meta":{"_acf_changed":false,"footnotes":""},"class_list":["post-10909","page","type-page","status-publish","hentry"],"acf":[],"_links":{"self":[{"href":"https:\/\/kastela.hr\/en\/wp-json\/wp\/v2\/pages\/10909","targetHints":{"allow":["GET"]}}],"collection":[{"href":"https:\/\/kastela.hr\/en\/wp-json\/wp\/v2\/pages"}],"about":[{"href":"https:\/\/kastela.hr\/en\/wp-json\/wp\/v2\/types\/page"}],"author":[{"embeddable":true,"href":"https:\/\/kastela.hr\/en\/wp-json\/wp\/v2\/users\/1"}],"replies":[{"embeddable":true,"href":"https:\/\/kastela.hr\/en\/wp-json\/wp\/v2\/comments?post=10909"}],"version-history":[{"count":2,"href":"https:\/\/kastela.hr\/en\/wp-json\/wp\/v2\/pages\/10909\/revisions"}],"predecessor-version":[{"id":10920,"href":"https:\/\/kastela.hr\/en\/wp-json\/wp\/v2\/pages\/10909\/revisions\/10920"}],"up":[{"embeddable":true,"href":"https:\/\/kastela.hr\/en\/wp-json\/wp\/v2\/pages\/10896"}],"wp:attachment":[{"href":"https:\/\/kastela.hr\/en\/wp-json\/wp\/v2\/media?parent=10909"}],"curies":[{"name":"wp","href":"https:\/\/api.w.org\/{rel}","templated":true}]}}