{"id":10896,"date":"2024-09-29T01:13:34","date_gmt":"2024-09-28T23:13:34","guid":{"rendered":"https:\/\/kastela.hr\/en\/?page_id=10896"},"modified":"2024-09-30T14:03:29","modified_gmt":"2024-09-30T12:03:29","slug":"detaljni-planovi-uredenja-dpu","status":"publish","type":"page","link":"https:\/\/kastela.hr\/en\/prostorni-planovi-grada\/detaljni-planovi-uredenja-dpu\/","title":{"rendered":"Detaljni planovi ure\u0111enja (DPU)"},"content":{"rendered":"<div class=\"prilozeni_linkovi\"><ul class='no-ul'><li><a href=\"https:\/\/kastela.hr\/en\/prostorni-planovi-grada\/detaljni-planovi-uredenja-dpu\/dpu-sokolane-u-kastel-sucurcu\/\" target=\"_self\"><img decoding=\"async\" src=\"https:\/\/kastela.hr\/en\/wp-content\/themes\/kastela\/img\/file-icons\/link.png\" alt=\"\" style=\"width:16px; height:16px; margin-right: 5px;\">Detaljni plan ure\u0111enja Sokolane u Ka\u0161tel Su\u0107urcu<\/a><\/li>\n\n<li><a href=\"https:\/\/kastela.hr\/en\/prostorni-planovi-grada\/detaljni-planovi-uredenja-dpu\/dpu-dardina-u-kastel-starom\/\" target=\"_self\"><img decoding=\"async\" src=\"https:\/\/kastela.hr\/en\/wp-content\/themes\/kastela\/img\/file-icons\/link.png\" alt=\"\" style=\"width:16px; height:16px; margin-right: 5px;\">Detaljni plan ure\u0111enja \u0110ardina u Ka\u0161tel Starom<\/a><\/li>\n\n<li><a href=\"https:\/\/kastela.hr\/en\/prostorni-planovi-grada\/detaljni-planovi-uredenja-dpu\/dpu-turisticke-zone-stalija\/\" target=\"_self\"><img decoding=\"async\" src=\"https:\/\/kastela.hr\/en\/wp-content\/themes\/kastela\/img\/file-icons\/link.png\" alt=\"\" style=\"width:16px; height:16px; margin-right: 5px;\">Detaljni plan ure\u0111enja turisti\u010dke zone \u0160talija<\/a><\/li>\n\n<\/ul><\/div>\n\n<div class=\"prilozene_datoteke\"><ul class='no-ul'><li><a href=\"https:\/\/kastela.hr\/en\/wp-content\/uploads\/datoteke\/dokumenti\/prostorni-planovi-grada\/detaljni-planovi-uredenja-dpu\/detaljni-plan-uredenja-turisticke-zone-stalija\/odluka-o-stavljanju-izvan-snage-dpu-turisticke-zone-stalija.pdf\" target=\"_blank\"><img decoding=\"async\" src=\"https:\/\/kastela.hr\/en\/wp-content\/themes\/kastela\/img\/file-icons\/document-pdf.png\" alt=\"pdf icon\" style=\"width:16px; height:16px; margin-right: 5px;\">Odluka o stavljanju izvan snage DPU Turistic\u030cke zone S\u030ctalija.pdf<\/a><\/li><\/ul><\/div>\n\n<div class=\"prilozeni_linkovi\"><ul class='no-ul'><li><a href=\"https:\/\/kastela.hr\/en\/prostorni-planovi-grada\/detaljni-planovi-uredenja-dpu\/dpu-brca-u-kastel-luksicu\/\" target=\"_self\"><img decoding=\"async\" src=\"https:\/\/kastela.hr\/en\/wp-content\/themes\/kastela\/img\/file-icons\/link.png\" alt=\"\" style=\"width:16px; height:16px; margin-right: 5px;\">Detaljni plan ure\u0111enja Brca u Ka\u0161tel Luk\u0161i\u0107u<\/a><\/li>\n\n<\/ul><\/div>\n\n<div class=\"prilozeni_linkovi\"><ul class='no-ul'><li><a href=\"https:\/\/kastela.hr\/en\/prostorni-planovi-grada\/detaljni-planovi-uredenja-dpu\/dpu-rive-kastel-sucurca\/\" target=\"_self\"><img decoding=\"async\" src=\"https:\/\/kastela.hr\/en\/wp-content\/themes\/kastela\/img\/file-icons\/link.png\" alt=\"\" style=\"width:16px; height:16px; margin-right: 5px;\">Detaljni plan ure\u0111enja Rive Ka\u0161tel Su\u0107urca<\/a><\/li>\n\n<\/ul><\/div>\n\n<div class=\"prilozene_datoteke\"><ul class='no-ul'><li><a href=\"https:\/\/kastela.hr\/en\/wp-content\/uploads\/datoteke\/dokumenti\/prostorni-planovi-grada\/detaljni-planovi-uredenja-dpu\/odluka-o-stavljanju-izvan-snage-detaljnog-plana-uredenja-rive-kastel-sucurca.pdf\" target=\"_blank\"><img decoding=\"async\" src=\"https:\/\/kastela.hr\/en\/wp-content\/themes\/kastela\/img\/file-icons\/document-pdf.png\" alt=\"pdf icon\" style=\"width:16px; height:16px; margin-right: 5px;\">Odluka o stavljanju izvan snage Detaljnog plana ure\u0111enja Rive Kas\u030ctel Suc\u0301urca.pdf<\/a><\/li><\/ul><\/div>","protected":false},"excerpt":{"rendered":"","protected":false},"author":1,"featured_media":0,"parent":9815,"menu_order":0,"comment_status":"closed","ping_status":"closed","template":"","meta":{"_acf_changed":false,"footnotes":""},"class_list":["post-10896","page","type-page","status-publish","hentry"],"acf":[],"_links":{"self":[{"href":"https:\/\/kastela.hr\/en\/wp-json\/wp\/v2\/pages\/10896","targetHints":{"allow":["GET"]}}],"collection":[{"href":"https:\/\/kastela.hr\/en\/wp-json\/wp\/v2\/pages"}],"about":[{"href":"https:\/\/kastela.hr\/en\/wp-json\/wp\/v2\/types\/page"}],"author":[{"embeddable":true,"href":"https:\/\/kastela.hr\/en\/wp-json\/wp\/v2\/users\/1"}],"replies":[{"embeddable":true,"href":"https:\/\/kastela.hr\/en\/wp-json\/wp\/v2\/comments?post=10896"}],"version-history":[{"count":12,"href":"https:\/\/kastela.hr\/en\/wp-json\/wp\/v2\/pages\/10896\/revisions"}],"predecessor-version":[{"id":11176,"href":"https:\/\/kastela.hr\/en\/wp-json\/wp\/v2\/pages\/10896\/revisions\/11176"}],"up":[{"embeddable":true,"href":"https:\/\/kastela.hr\/en\/wp-json\/wp\/v2\/pages\/9815"}],"wp:attachment":[{"href":"https:\/\/kastela.hr\/en\/wp-json\/wp\/v2\/media?parent=10896"}],"curies":[{"name":"wp","href":"https:\/\/api.w.org\/{rel}","templated":true}]}}