{"id":10853,"date":"2024-09-29T01:00:34","date_gmt":"2024-09-28T23:00:34","guid":{"rendered":"https:\/\/kastela.hr\/en\/?page_id=10853"},"modified":"2024-09-29T01:03:17","modified_gmt":"2024-09-28T23:03:17","slug":"upu-brizine-2","status":"publish","type":"page","link":"https:\/\/kastela.hr\/en\/prostorni-planovi-grada\/urbanisticki-planovi-uredenja\/upu-brizine-2\/","title":{"rendered":"UPU Bri\u017eine 2"},"content":{"rendered":"\n<p>Svibanj 2011.<\/p>\n\n\n\n<p><strong>Odluka o dono\u0161enju urbanisti\u010dkog plana ure\u0111enja Bri\u017eine II (UPU br.26)<\/strong><\/p>\n\n\n\n<p><strong>Tekstualni dio<\/strong><\/p>\n\n\n<div class=\"prilozene_datoteke\"><ul class='no-ul'><li><a href=\"https:\/\/kastela.hr\/en\/wp-content\/uploads\/datoteke\/dokumenti\/prostorni-planovi-grada\/urbanisticki-planovi-uredenja-upu\/urbanisticki-plan-uredenja-brizine-ii-upu-br.26\/tekstualni-dio\/odredbe-za-provodenje.pdf\" target=\"_blank\"><img decoding=\"async\" src=\"https:\/\/kastela.hr\/en\/wp-content\/themes\/kastela\/img\/file-icons\/document-pdf.png\" alt=\"pdf icon\" style=\"width:16px; height:16px; margin-right: 5px;\">Odredbe za provo\u0111enje.pdf<\/a><\/li><\/ul><\/div>\n\n\n<p><strong>Grafi\u010dki dio<\/strong><\/p>\n\n\n<div class=\"prilozene_datoteke\"><ul class='no-ul'><li><a href=\"https:\/\/kastela.hr\/en\/wp-content\/uploads\/datoteke\/dokumenti\/prostorni-planovi-grada\/urbanisticki-planovi-uredenja-upu\/urbanisticki-plan-uredenja-brizine-ii-upu-br.26\/graficki-dio\/koristenje-i-namjena-povrsina.pdf\" target=\"_blank\"><img decoding=\"async\" src=\"https:\/\/kastela.hr\/en\/wp-content\/themes\/kastela\/img\/file-icons\/document-pdf.png\" alt=\"pdf icon\" style=\"width:16px; height:16px; margin-right: 5px;\">Koris\u030ctenje i namjena povrs\u030cina.pdf<\/a><\/li><li><a href=\"https:\/\/kastela.hr\/en\/wp-content\/uploads\/datoteke\/dokumenti\/prostorni-planovi-grada\/urbanisticki-planovi-uredenja-upu\/urbanisticki-plan-uredenja-brizine-ii-upu-br.26\/graficki-dio\/promet.pdf\" target=\"_blank\"><img decoding=\"async\" src=\"https:\/\/kastela.hr\/en\/wp-content\/themes\/kastela\/img\/file-icons\/document-pdf.png\" alt=\"pdf icon\" style=\"width:16px; height:16px; margin-right: 5px;\">Promet.pdf<\/a><\/li><li><a href=\"https:\/\/kastela.hr\/en\/wp-content\/uploads\/datoteke\/dokumenti\/prostorni-planovi-grada\/urbanisticki-planovi-uredenja-upu\/urbanisticki-plan-uredenja-brizine-ii-upu-br.26\/graficki-dio\/vodoopskrba.pdf\" target=\"_blank\"><img decoding=\"async\" src=\"https:\/\/kastela.hr\/en\/wp-content\/themes\/kastela\/img\/file-icons\/document-pdf.png\" alt=\"pdf icon\" style=\"width:16px; height:16px; margin-right: 5px;\">Vodoopskrba.pdf<\/a><\/li><li><a href=\"https:\/\/kastela.hr\/en\/wp-content\/uploads\/datoteke\/dokumenti\/prostorni-planovi-grada\/urbanisticki-planovi-uredenja-upu\/urbanisticki-plan-uredenja-brizine-ii-upu-br.26\/graficki-dio\/odvodnja-otpadnih-voda.pdf\" target=\"_blank\"><img decoding=\"async\" src=\"https:\/\/kastela.hr\/en\/wp-content\/themes\/kastela\/img\/file-icons\/document-pdf.png\" alt=\"pdf icon\" style=\"width:16px; height:16px; margin-right: 5px;\">Odvodnja otpadnih voda.pdf<\/a><\/li><li><a href=\"https:\/\/kastela.hr\/en\/wp-content\/uploads\/datoteke\/dokumenti\/prostorni-planovi-grada\/urbanisticki-planovi-uredenja-upu\/urbanisticki-plan-uredenja-brizine-ii-upu-br.26\/graficki-dio\/elektroopskrba-i-telekomunikacije.pdf\" target=\"_blank\"><img decoding=\"async\" src=\"https:\/\/kastela.hr\/en\/wp-content\/themes\/kastela\/img\/file-icons\/document-pdf.png\" alt=\"pdf icon\" style=\"width:16px; height:16px; margin-right: 5px;\">Elektroopskrba i telekomunikacije.pdf<\/a><\/li><li><a href=\"https:\/\/kastela.hr\/en\/wp-content\/uploads\/datoteke\/dokumenti\/prostorni-planovi-grada\/urbanisticki-planovi-uredenja-upu\/urbanisticki-plan-uredenja-brizine-ii-upu-br.26\/graficki-dio\/uvjeti-koristenja-uredenja-i-zastite-povrsina.pdf\" target=\"_blank\"><img decoding=\"async\" src=\"https:\/\/kastela.hr\/en\/wp-content\/themes\/kastela\/img\/file-icons\/document-pdf.png\" alt=\"pdf icon\" style=\"width:16px; height:16px; margin-right: 5px;\">Uvjeti koris\u030ctenja, ure\u0111enja i zas\u030ctite povrs\u030cina.pdf<\/a><\/li><li><a href=\"https:\/\/kastela.hr\/en\/wp-content\/uploads\/datoteke\/dokumenti\/prostorni-planovi-grada\/urbanisticki-planovi-uredenja-upu\/urbanisticki-plan-uredenja-brizine-ii-upu-br.26\/graficki-dio\/nacin-i-uvjeti-gradnje.pdf\" target=\"_blank\"><img decoding=\"async\" src=\"https:\/\/kastela.hr\/en\/wp-content\/themes\/kastela\/img\/file-icons\/document-pdf.png\" alt=\"pdf icon\" style=\"width:16px; height:16px; margin-right: 5px;\">Nac\u030cin i uvjeti gradnje.pdf<\/a><\/li><\/ul><\/div>","protected":false},"excerpt":{"rendered":"<p>Svibanj 2011. Odluka o dono\u0161enju urbanisti\u010dkog plana ure\u0111enja Bri\u017eine II (UPU br.26) Tekstualni dio Grafi\u010dki dio<\/p>\n","protected":false},"author":1,"featured_media":0,"parent":10628,"menu_order":0,"comment_status":"closed","ping_status":"closed","template":"","meta":{"_acf_changed":false,"footnotes":""},"class_list":["post-10853","page","type-page","status-publish","hentry"],"acf":[],"_links":{"self":[{"href":"https:\/\/kastela.hr\/en\/wp-json\/wp\/v2\/pages\/10853","targetHints":{"allow":["GET"]}}],"collection":[{"href":"https:\/\/kastela.hr\/en\/wp-json\/wp\/v2\/pages"}],"about":[{"href":"https:\/\/kastela.hr\/en\/wp-json\/wp\/v2\/types\/page"}],"author":[{"embeddable":true,"href":"https:\/\/kastela.hr\/en\/wp-json\/wp\/v2\/users\/1"}],"replies":[{"embeddable":true,"href":"https:\/\/kastela.hr\/en\/wp-json\/wp\/v2\/comments?post=10853"}],"version-history":[{"count":2,"href":"https:\/\/kastela.hr\/en\/wp-json\/wp\/v2\/pages\/10853\/revisions"}],"predecessor-version":[{"id":10864,"href":"https:\/\/kastela.hr\/en\/wp-json\/wp\/v2\/pages\/10853\/revisions\/10864"}],"up":[{"embeddable":true,"href":"https:\/\/kastela.hr\/en\/wp-json\/wp\/v2\/pages\/10628"}],"wp:attachment":[{"href":"https:\/\/kastela.hr\/en\/wp-json\/wp\/v2\/media?parent=10853"}],"curies":[{"name":"wp","href":"https:\/\/api.w.org\/{rel}","templated":true}]}}