{"id":10829,"date":"2024-09-29T00:50:47","date_gmt":"2024-09-28T22:50:47","guid":{"rendered":"https:\/\/kastela.hr\/en\/?page_id=10829"},"modified":"2024-09-29T00:57:42","modified_gmt":"2024-09-28T22:57:42","slug":"upu-krtine","status":"publish","type":"page","link":"https:\/\/kastela.hr\/en\/prostorni-planovi-grada\/urbanisticki-planovi-uredenja\/upu-krtine\/","title":{"rendered":"UPU Krtine"},"content":{"rendered":"\n<p>O\u017eujak 2012.<\/p>\n\n\n\n<p><strong>Odluka o dono\u0161enju Urbanisti\u010dkog plana ure\u0111enja Krtine (UPU br. 19)<\/strong><\/p>\n\n\n<div class=\"prilozeni_linkovi\"><ul class='no-ul'><li><a href=\"https:\/\/kastela.hr\/en\/wp-content\/uploads\/datoteke\/dokumenti\/sluzbeni-glasnici\/2012\/sluzbeni-glasnik-grada-kastela-2012-05.pdf\" target=\"_blank\"><img decoding=\"async\" src=\"https:\/\/kastela.hr\/en\/wp-content\/themes\/kastela\/img\/file-icons\/link.png\" alt=\"\" style=\"width:16px; height:16px; margin-right: 5px;\">Slu\u017ebeni glasnik Grada Ka\u0161tela br. 5.12<\/a><\/li>\n\n<li><a href=\"https:\/\/kastela.hr\/en\/wp-content\/uploads\/datoteke\/dokumenti\/sluzbeni-glasnici\/2012\/sluzbeni-glasnik-grada-kastela-2012-07.pdf\" target=\"_blank\"><img decoding=\"async\" src=\"https:\/\/kastela.hr\/en\/wp-content\/themes\/kastela\/img\/file-icons\/link.png\" alt=\"\" style=\"width:16px; height:16px; margin-right: 5px;\">Slu\u017ebeni glasnik Grada Ka\u0161tela br. 7\/12<\/a><\/li>\n\n<\/ul><\/div>\n\n\n<p><strong>Tekstualni dio<\/strong><\/p>\n\n\n<div class=\"prilozene_datoteke\"><ul class='no-ul'><li><a href=\"https:\/\/kastela.hr\/en\/wp-content\/uploads\/datoteke\/dokumenti\/prostorni-planovi-grada\/urbanisticki-planovi-uredenja-upu\/urbanisticki-plan-uredenja-krtine-upu-br.19\/tekstualni-dio.pdf\" target=\"_blank\"><img decoding=\"async\" src=\"https:\/\/kastela.hr\/en\/wp-content\/themes\/kastela\/img\/file-icons\/document-pdf.png\" alt=\"pdf icon\" style=\"width:16px; height:16px; margin-right: 5px;\">Tekstualni dio.pdf<\/a><\/li><\/ul><\/div>\n\n\n<p><strong>Grafi\u010dki dio<\/strong><\/p>\n\n\n<div class=\"prilozene_datoteke\"><ul class='no-ul'><li><a href=\"https:\/\/kastela.hr\/en\/wp-content\/uploads\/datoteke\/dokumenti\/prostorni-planovi-grada\/urbanisticki-planovi-uredenja-upu\/urbanisticki-plan-uredenja-krtine-upu-br.19\/graficki-dio\/koristenje-i-namjena-povrsina.pdf\" target=\"_blank\"><img decoding=\"async\" src=\"https:\/\/kastela.hr\/en\/wp-content\/themes\/kastela\/img\/file-icons\/document-pdf.png\" alt=\"pdf icon\" style=\"width:16px; height:16px; margin-right: 5px;\">Koristenje i namjena povrsina.pdf<\/a><\/li><li><a href=\"https:\/\/kastela.hr\/en\/wp-content\/uploads\/datoteke\/dokumenti\/prostorni-planovi-grada\/urbanisticki-planovi-uredenja-upu\/urbanisticki-plan-uredenja-krtine-upu-br.19\/graficki-dio\/prometna-ulicna-i-komunalna-infrastrukturna-mreza-promet.pdf\" target=\"_blank\"><img decoding=\"async\" src=\"https:\/\/kastela.hr\/en\/wp-content\/themes\/kastela\/img\/file-icons\/document-pdf.png\" alt=\"pdf icon\" style=\"width:16px; height:16px; margin-right: 5px;\">Prometna, ulic\u030cna i komunalna infrastrukturna mrez\u030ca-promet.pdf<\/a><\/li><li><a href=\"https:\/\/kastela.hr\/en\/wp-content\/uploads\/datoteke\/dokumenti\/prostorni-planovi-grada\/urbanisticki-planovi-uredenja-upu\/urbanisticki-plan-uredenja-krtine-upu-br.19\/graficki-dio\/prometna-ulicna-i-komunalna-infrastrukturna-mreza---elektroenergetika-i-elektronicke-komunikacije.pdf\" target=\"_blank\"><img decoding=\"async\" src=\"https:\/\/kastela.hr\/en\/wp-content\/themes\/kastela\/img\/file-icons\/document-pdf.png\" alt=\"pdf icon\" style=\"width:16px; height:16px; margin-right: 5px;\">Prometna, ulic\u030cna i komunalna infrastrukturna mrez\u030ca \u2013 elektroenergetika i elektronic\u030cke komunikacije.pdf<\/a><\/li><li><a href=\"https:\/\/kastela.hr\/en\/wp-content\/uploads\/datoteke\/dokumenti\/prostorni-planovi-grada\/urbanisticki-planovi-uredenja-upu\/urbanisticki-plan-uredenja-krtine-upu-br.19\/graficki-dio\/prometna-ulicca-i-komunalna-infrastrukturna-mreza---vodovod.pdf\" target=\"_blank\"><img decoding=\"async\" src=\"https:\/\/kastela.hr\/en\/wp-content\/themes\/kastela\/img\/file-icons\/document-pdf.png\" alt=\"pdf icon\" style=\"width:16px; height:16px; margin-right: 5px;\">Prometna, ulicc\u030ca i komunalna infrastrukturna mrez\u030ca \u2013 vodovod.pdf<\/a><\/li><li><a href=\"https:\/\/kastela.hr\/en\/wp-content\/uploads\/datoteke\/dokumenti\/prostorni-planovi-grada\/urbanisticki-planovi-uredenja-upu\/urbanisticki-plan-uredenja-krtine-upu-br.19\/graficki-dio\/prometna-ulicna-i-komunalna-infrastrukturna-mreza---odvodnja.pdf\" target=\"_blank\"><img decoding=\"async\" src=\"https:\/\/kastela.hr\/en\/wp-content\/themes\/kastela\/img\/file-icons\/document-pdf.png\" alt=\"pdf icon\" style=\"width:16px; height:16px; margin-right: 5px;\">Prometna, ulic\u030cna i komunalna infrastrukturna mrez\u030ca \u2013 odvodnja.pdf<\/a><\/li><li><a href=\"https:\/\/kastela.hr\/en\/wp-content\/uploads\/datoteke\/dokumenti\/prostorni-planovi-grada\/urbanisticki-planovi-uredenja-upu\/urbanisticki-plan-uredenja-krtine-upu-br.19\/graficki-dio\/uvjeti-koristenja-uredenja-i-zastita-prostora.pdf\" target=\"_blank\"><img decoding=\"async\" src=\"https:\/\/kastela.hr\/en\/wp-content\/themes\/kastela\/img\/file-icons\/document-pdf.png\" alt=\"pdf icon\" style=\"width:16px; height:16px; margin-right: 5px;\">Uvjeti koris\u030ctenja, ure\u0111enja i zas\u030ctita prostora.pdf<\/a><\/li><li><a href=\"https:\/\/kastela.hr\/en\/wp-content\/uploads\/datoteke\/dokumenti\/prostorni-planovi-grada\/urbanisticki-planovi-uredenja-upu\/urbanisticki-plan-uredenja-krtine-upu-br.19\/graficki-dio\/oblici-koristenja-i-nacin-gradnje---oblici-koristenja.pdf\" target=\"_blank\"><img decoding=\"async\" src=\"https:\/\/kastela.hr\/en\/wp-content\/themes\/kastela\/img\/file-icons\/document-pdf.png\" alt=\"pdf icon\" style=\"width:16px; height:16px; margin-right: 5px;\">Oblici koris\u030ctenja i nac\u030cin gradnje \u2013 oblici koris\u030ctenja.pdf<\/a><\/li><li><a href=\"https:\/\/kastela.hr\/en\/wp-content\/uploads\/datoteke\/dokumenti\/prostorni-planovi-grada\/urbanisticki-planovi-uredenja-upu\/urbanisticki-plan-uredenja-krtine-upu-br.19\/graficki-dio\/oblici-koristenja-i-nacin-gradnje---nacin-gradnje.pdf\" target=\"_blank\"><img decoding=\"async\" src=\"https:\/\/kastela.hr\/en\/wp-content\/themes\/kastela\/img\/file-icons\/document-pdf.png\" alt=\"pdf icon\" style=\"width:16px; height:16px; margin-right: 5px;\">Oblici koris\u030ctenja i nac\u030cin gradnje \u2013 nac\u030cin gradnje.pdf<\/a><\/li><\/ul><\/div>","protected":false},"excerpt":{"rendered":"<p>O\u017eujak 2012. Odluka o dono\u0161enju Urbanisti\u010dkog plana ure\u0111enja Krtine (UPU br. 19) Tekstualni dio Grafi\u010dki dio<\/p>\n","protected":false},"author":1,"featured_media":0,"parent":10628,"menu_order":0,"comment_status":"closed","ping_status":"closed","template":"","meta":{"_acf_changed":false,"footnotes":""},"class_list":["post-10829","page","type-page","status-publish","hentry"],"acf":[],"_links":{"self":[{"href":"https:\/\/kastela.hr\/en\/wp-json\/wp\/v2\/pages\/10829","targetHints":{"allow":["GET"]}}],"collection":[{"href":"https:\/\/kastela.hr\/en\/wp-json\/wp\/v2\/pages"}],"about":[{"href":"https:\/\/kastela.hr\/en\/wp-json\/wp\/v2\/types\/page"}],"author":[{"embeddable":true,"href":"https:\/\/kastela.hr\/en\/wp-json\/wp\/v2\/users\/1"}],"replies":[{"embeddable":true,"href":"https:\/\/kastela.hr\/en\/wp-json\/wp\/v2\/comments?post=10829"}],"version-history":[{"count":5,"href":"https:\/\/kastela.hr\/en\/wp-json\/wp\/v2\/pages\/10829\/revisions"}],"predecessor-version":[{"id":10846,"href":"https:\/\/kastela.hr\/en\/wp-json\/wp\/v2\/pages\/10829\/revisions\/10846"}],"up":[{"embeddable":true,"href":"https:\/\/kastela.hr\/en\/wp-json\/wp\/v2\/pages\/10628"}],"wp:attachment":[{"href":"https:\/\/kastela.hr\/en\/wp-json\/wp\/v2\/media?parent=10829"}],"curies":[{"name":"wp","href":"https:\/\/api.w.org\/{rel}","templated":true}]}}