{"id":10701,"date":"2024-09-29T00:02:22","date_gmt":"2024-09-28T22:02:22","guid":{"rendered":"https:\/\/kastela.hr\/en\/?page_id=10701"},"modified":"2024-09-29T00:06:57","modified_gmt":"2024-09-28T22:06:57","slug":"upu-kastel-luksic-kastel-kambelovac-2","status":"publish","type":"page","link":"https:\/\/kastela.hr\/en\/prostorni-planovi-grada\/urbanisticki-planovi-uredenja\/upu-kastel-luksic-kastel-kambelovac-2\/","title":{"rendered":"UPU Ka\u0161tel Luk\u0161i\u0107 &#8211; Ka\u0161tel Kambelovac 2"},"content":{"rendered":"\n<p><strong>Prosinac 2015.<\/strong><\/p>\n\n\n\n<p>Odluka o dono\u0161enju Urbanisti\u010dkog plana ure\u0111enja Ka\u0161tel Luk\u0161i\u0107- Ka\u0161tel Kamelovac 2 (UPU br.10)<\/p>\n\n\n<div class=\"prilozeni_linkovi\"><ul class='no-ul'><li><a href=\"https:\/\/kastela.hr\/en\/wp-content\/uploads\/datoteke\/dokumenti\/sluzbeni-glasnici\/2018\/sluzbeni-glasnik-broj-15.pdf\" target=\"_blank\"><img decoding=\"async\" src=\"https:\/\/kastela.hr\/en\/wp-content\/themes\/kastela\/img\/file-icons\/link.png\" alt=\"\" style=\"width:16px; height:16px; margin-right: 5px;\">Slu\u017ebeni glasnik Grada Ka\u0161tela br. 18\/15<\/a><\/li>\n\n<\/ul><\/div>\n\n\n<p><strong>Grafi\u010dki dio<\/strong><\/p>\n\n\n<div class=\"prilozene_datoteke\"><ul class='no-ul'><li><a href=\"https:\/\/kastela.hr\/en\/wp-content\/uploads\/datoteke\/dokumenti\/prostorni-planovi-grada\/urbanisticki-planovi-uredenja-upu\/urbanisticki-plan-uredenja-kastel-luksic-kastel-kambelovac-2-upu-br.10\/graficki-dio\/obuhvat-plana-na-topografsko-katastarskoj-podlozi.pdf\" target=\"_blank\"><img decoding=\"async\" src=\"https:\/\/kastela.hr\/en\/wp-content\/themes\/kastela\/img\/file-icons\/document-pdf.png\" alt=\"pdf icon\" style=\"width:16px; height:16px; margin-right: 5px;\">Obuhvat plana na topografsko katastarskoj podlozi.pdf<\/a><\/li><li><a href=\"https:\/\/kastela.hr\/en\/wp-content\/uploads\/datoteke\/dokumenti\/prostorni-planovi-grada\/urbanisticki-planovi-uredenja-upu\/urbanisticki-plan-uredenja-kastel-luksic-kastel-kambelovac-2-upu-br.10\/graficki-dio\/koristenje-i-namjena-povrsina.pdf\" target=\"_blank\"><img decoding=\"async\" src=\"https:\/\/kastela.hr\/en\/wp-content\/themes\/kastela\/img\/file-icons\/document-pdf.png\" alt=\"pdf icon\" style=\"width:16px; height:16px; margin-right: 5px;\">Koris\u030ctenje i namjena povrs\u030cina.pdf<\/a><\/li><\/ul><\/div>\n\n\n<p><strong>PROMETNA, ULI\u010cNA I KOMUNALNA INFRASTRUKTURNA MRE\u017dA<\/strong><\/p>\n\n\n<div class=\"prilozene_datoteke\"><ul class='no-ul'><li><a href=\"https:\/\/kastela.hr\/en\/wp-content\/uploads\/datoteke\/dokumenti\/prostorni-planovi-grada\/urbanisticki-planovi-uredenja-upu\/urbanisticki-plan-uredenja-kastel-luksic-kastel-kambelovac-2-upu-br.10\/prometna-ulicna-i-komunalna-infrastruktura-mreza\/promet.pdf\" target=\"_blank\"><img decoding=\"async\" src=\"https:\/\/kastela.hr\/en\/wp-content\/themes\/kastela\/img\/file-icons\/document-pdf.png\" alt=\"pdf icon\" style=\"width:16px; height:16px; margin-right: 5px;\">Promet.pdf<\/a><\/li><li><a href=\"https:\/\/kastela.hr\/en\/wp-content\/uploads\/datoteke\/dokumenti\/prostorni-planovi-grada\/urbanisticki-planovi-uredenja-upu\/urbanisticki-plan-uredenja-kastel-luksic-kastel-kambelovac-2-upu-br.10\/prometna-ulicna-i-komunalna-infrastruktura-mreza\/posta-i-elektronicke-komunikacije.pdf\" target=\"_blank\"><img decoding=\"async\" src=\"https:\/\/kastela.hr\/en\/wp-content\/themes\/kastela\/img\/file-icons\/document-pdf.png\" alt=\"pdf icon\" style=\"width:16px; height:16px; margin-right: 5px;\">Pos\u030cta i elektronic\u030cke komunikacije.pdf<\/a><\/li><li><a href=\"https:\/\/kastela.hr\/en\/wp-content\/uploads\/datoteke\/dokumenti\/prostorni-planovi-grada\/urbanisticki-planovi-uredenja-upu\/urbanisticki-plan-uredenja-kastel-luksic-kastel-kambelovac-2-upu-br.10\/prometna-ulicna-i-komunalna-infrastruktura-mreza\/elektroopskrba.pdf\" target=\"_blank\"><img decoding=\"async\" src=\"https:\/\/kastela.hr\/en\/wp-content\/themes\/kastela\/img\/file-icons\/document-pdf.png\" alt=\"pdf icon\" style=\"width:16px; height:16px; margin-right: 5px;\">Elektroopskrba.pdf<\/a><\/li><li><a href=\"https:\/\/kastela.hr\/en\/wp-content\/uploads\/datoteke\/dokumenti\/prostorni-planovi-grada\/urbanisticki-planovi-uredenja-upu\/urbanisticki-plan-uredenja-kastel-luksic-kastel-kambelovac-2-upu-br.10\/prometna-ulicna-i-komunalna-infrastruktura-mreza\/vodoopskrba.pdf\" target=\"_blank\"><img decoding=\"async\" src=\"https:\/\/kastela.hr\/en\/wp-content\/themes\/kastela\/img\/file-icons\/document-pdf.png\" alt=\"pdf icon\" style=\"width:16px; height:16px; margin-right: 5px;\">Vodoopskrba.pdf<\/a><\/li><li><a href=\"https:\/\/kastela.hr\/en\/wp-content\/uploads\/datoteke\/dokumenti\/prostorni-planovi-grada\/urbanisticki-planovi-uredenja-upu\/urbanisticki-plan-uredenja-kastel-luksic-kastel-kambelovac-2-upu-br.10\/prometna-ulicna-i-komunalna-infrastruktura-mreza\/odvodnja-otpadnih-voda.pdf\" target=\"_blank\"><img decoding=\"async\" src=\"https:\/\/kastela.hr\/en\/wp-content\/themes\/kastela\/img\/file-icons\/document-pdf.png\" alt=\"pdf icon\" style=\"width:16px; height:16px; margin-right: 5px;\">Odvodnja otpadnih voda.pdf<\/a><\/li><li><a href=\"https:\/\/kastela.hr\/en\/wp-content\/uploads\/datoteke\/dokumenti\/prostorni-planovi-grada\/urbanisticki-planovi-uredenja-upu\/urbanisticki-plan-uredenja-kastel-luksic-kastel-kambelovac-2-upu-br.10\/prometna-ulicna-i-komunalna-infrastruktura-mreza\/uvjeti-koristenja-uredenja-i-zastite-povrsina.pdf\" target=\"_blank\"><img decoding=\"async\" src=\"https:\/\/kastela.hr\/en\/wp-content\/themes\/kastela\/img\/file-icons\/document-pdf.png\" alt=\"pdf icon\" style=\"width:16px; height:16px; margin-right: 5px;\">Uvjeti koris\u030ctenja, ure\u0111enja i zas\u030ctite povrs\u030cina.pdf<\/a><\/li><li><a href=\"https:\/\/kastela.hr\/en\/wp-content\/uploads\/datoteke\/dokumenti\/prostorni-planovi-grada\/urbanisticki-planovi-uredenja-upu\/urbanisticki-plan-uredenja-kastel-luksic-kastel-kambelovac-2-upu-br.10\/prometna-ulicna-i-komunalna-infrastruktura-mreza\/oblici-koristenja-i-nacin-gradnje.pdf\" target=\"_blank\"><img decoding=\"async\" src=\"https:\/\/kastela.hr\/en\/wp-content\/themes\/kastela\/img\/file-icons\/document-pdf.png\" alt=\"pdf icon\" style=\"width:16px; height:16px; margin-right: 5px;\">Oblici koris\u030ctenja i nac\u030cin gradnje.pdf<\/a><\/li><\/ul><\/div>","protected":false},"excerpt":{"rendered":"<p>Prosinac 2015. Odluka o dono\u0161enju Urbanisti\u010dkog plana ure\u0111enja Ka\u0161tel Luk\u0161i\u0107- Ka\u0161tel Kamelovac 2 (UPU br.10) Grafi\u010dki dio PROMETNA, ULI\u010cNA I [&hellip;]<\/p>\n","protected":false},"author":1,"featured_media":0,"parent":10628,"menu_order":0,"comment_status":"closed","ping_status":"closed","template":"","meta":{"_acf_changed":false,"footnotes":""},"class_list":["post-10701","page","type-page","status-publish","hentry"],"acf":[],"_links":{"self":[{"href":"https:\/\/kastela.hr\/en\/wp-json\/wp\/v2\/pages\/10701","targetHints":{"allow":["GET"]}}],"collection":[{"href":"https:\/\/kastela.hr\/en\/wp-json\/wp\/v2\/pages"}],"about":[{"href":"https:\/\/kastela.hr\/en\/wp-json\/wp\/v2\/types\/page"}],"author":[{"embeddable":true,"href":"https:\/\/kastela.hr\/en\/wp-json\/wp\/v2\/users\/1"}],"replies":[{"embeddable":true,"href":"https:\/\/kastela.hr\/en\/wp-json\/wp\/v2\/comments?post=10701"}],"version-history":[{"count":4,"href":"https:\/\/kastela.hr\/en\/wp-json\/wp\/v2\/pages\/10701\/revisions"}],"predecessor-version":[{"id":10717,"href":"https:\/\/kastela.hr\/en\/wp-json\/wp\/v2\/pages\/10701\/revisions\/10717"}],"up":[{"embeddable":true,"href":"https:\/\/kastela.hr\/en\/wp-json\/wp\/v2\/pages\/10628"}],"wp:attachment":[{"href":"https:\/\/kastela.hr\/en\/wp-json\/wp\/v2\/media?parent=10701"}],"curies":[{"name":"wp","href":"https:\/\/api.w.org\/{rel}","templated":true}]}}