{"id":10628,"date":"2024-09-28T23:19:50","date_gmt":"2024-09-28T21:19:50","guid":{"rendered":"https:\/\/kastela.hr\/en\/?page_id=10628"},"modified":"2024-09-30T10:26:23","modified_gmt":"2024-09-30T08:26:23","slug":"urbanisticki-planovi-uredenja","status":"publish","type":"page","link":"https:\/\/kastela.hr\/en\/prostorni-planovi-grada\/urbanisticki-planovi-uredenja\/","title":{"rendered":"Urbanisti\u010dki planovi ure\u0111enja"},"content":{"rendered":"<div class=\"prilozeni_linkovi\"><ul class='no-ul'><li><a href=\"https:\/\/kastela.hr\/en\/prostorni-planovi-grada\/urbanisticki-planovi-uredenja\/upu-rudine\/\" target=\"_self\"><img decoding=\"async\" src=\"https:\/\/kastela.hr\/en\/wp-content\/themes\/kastela\/img\/file-icons\/link.png\" alt=\"\" style=\"width:16px; height:16px; margin-right: 5px;\">Urbanisti\u010dki plan ure\u0111enja Rudine (UPU br.4)<\/a><\/li>\n\n<\/ul><\/div>\n\n<div class=\"prilozene_datoteke\"><ul class='no-ul'><li><a href=\"https:\/\/kastela.hr\/en\/wp-content\/uploads\/datoteke\/dokumenti\/prostorni-planovi-grada\/urbanisticki-planovi-uredenja-upu\/urbanisticki-plan-uredenja-rudine-upu-br.-4\/odluka-o-stavljanju-izvan-snage-upu-rudine.pdf\" target=\"_blank\"><img decoding=\"async\" src=\"https:\/\/kastela.hr\/en\/wp-content\/themes\/kastela\/img\/file-icons\/document-pdf.png\" alt=\"pdf icon\" style=\"width:16px; height:16px; margin-right: 5px;\">Odluka o stavljanju izvan snage UPU Rudine.pdf<\/a><\/li><\/ul><\/div>\n\n<div class=\"prilozeni_linkovi\"><ul class='no-ul'><li><a href=\"https:\/\/kastela.hr\/en\/prostorni-planovi-grada\/urbanisticki-planovi-uredenja\/upu-kastel-novi-kastel-stari\/\" target=\"_self\"><img decoding=\"async\" src=\"https:\/\/kastela.hr\/en\/wp-content\/themes\/kastela\/img\/file-icons\/link.png\" alt=\"\" style=\"width:16px; height:16px; margin-right: 5px;\">Urbanisti\u010dki plan ure\u0111enja Ka\u0161tel Novi \u2013 Ka\u0161tel Stari (UPU br.5)<\/a><\/li>\n\n<\/ul><\/div>\n\n<div class=\"prilozene_datoteke\"><ul class='no-ul'><li><a href=\"https:\/\/kastela.hr\/en\/wp-content\/uploads\/datoteke\/dokumenti\/prostorni-planovi-grada\/urbanisticki-planovi-uredenja-upu\/urbanisticki-plan-uredenja-kastel-novi---kastel-stari-upu-br.5\/odluka-o-stavljanju-izvan-snage-upu-kastel-novi-kastel-stari.pdf\" target=\"_blank\"><img decoding=\"async\" src=\"https:\/\/kastela.hr\/en\/wp-content\/themes\/kastela\/img\/file-icons\/document-pdf.png\" alt=\"pdf icon\" style=\"width:16px; height:16px; margin-right: 5px;\">Odluka o stavljanju izvan snage UPU Kas\u030ctel Novi &#8211; Kas\u030ctel Stari.pdf<\/a><\/li><\/ul><\/div>\n\n<div class=\"prilozeni_linkovi\"><ul class='no-ul'><li><a href=\"https:\/\/kastela.hr\/en\/prostorni-planovi-grada\/urbanisticki-planovi-uredenja\/upu-radun\/\" target=\"_self\"><img decoding=\"async\" src=\"https:\/\/kastela.hr\/en\/wp-content\/themes\/kastela\/img\/file-icons\/link.png\" alt=\"\" style=\"width:16px; height:16px; margin-right: 5px;\">Urbanisti\u010dki plan ure\u0111enja Radun (UPU br. 6)<\/a><\/li>\n\n<\/ul><\/div>\n\n<div class=\"prilozene_datoteke\"><ul class='no-ul'><li><a href=\"https:\/\/kastela.hr\/en\/wp-content\/uploads\/datoteke\/dokumenti\/prostorni-planovi-grada\/urbanisticki-planovi-uredenja-upu\/urbanisticki-plan-uredenja-radun-upu-br.-6\/odluka-o-stavljanju-izvan-snage-upu-radun.pdf\" target=\"_blank\"><img decoding=\"async\" src=\"https:\/\/kastela.hr\/en\/wp-content\/themes\/kastela\/img\/file-icons\/document-pdf.png\" alt=\"pdf icon\" style=\"width:16px; height:16px; margin-right: 5px;\">Odluka o stavljanju izvan snage UPU Radun.pdf<\/a><\/li><\/ul><\/div>\n\n<div class=\"prilozeni_linkovi\"><ul class='no-ul'><li><a href=\"https:\/\/kastela.hr\/en\/prostorni-planovi-grada\/urbanisticki-planovi-uredenja\/upu-kastel-luksic-kastel-kambelovac-2\/\" target=\"_self\"><img decoding=\"async\" src=\"https:\/\/kastela.hr\/en\/wp-content\/themes\/kastela\/img\/file-icons\/link.png\" alt=\"\" style=\"width:16px; height:16px; margin-right: 5px;\">Urbanisti\u010dki plan ure\u0111enja Ka\u0161tel Luk\u0161i\u0107 &#8211; Ka\u0161tel Kambelovac 2 (UPU br.10)<\/a><\/li>\n\n<\/ul><\/div>\n\n<div class=\"prilozene_datoteke\"><ul class='no-ul'><li><a href=\"https:\/\/kastela.hr\/en\/wp-content\/uploads\/datoteke\/dokumenti\/prostorni-planovi-grada\/urbanisticki-planovi-uredenja-upu\/urbanisticki-plan-uredenja-kastel-luksic-kastel-kambelovac-2-upu-br.10\/odluka-o-stavljanju-izvan-snage-upu-kastel-luksic---kastel-kambelovac-2.pdf\" target=\"_blank\"><img decoding=\"async\" src=\"https:\/\/kastela.hr\/en\/wp-content\/themes\/kastela\/img\/file-icons\/document-pdf.png\" alt=\"pdf icon\" style=\"width:16px; height:16px; margin-right: 5px;\">Odluka o stavljanju izvan snage UPU Kas\u030ctel Luks\u030cic\u0301 \u2013 Kas\u030ctel Kambelovac 2.pdf<\/a><\/li><\/ul><\/div>\n\n<div class=\"prilozeni_linkovi\"><ul class='no-ul'><li><a href=\"https:\/\/kastela.hr\/en\/prostorni-planovi-grada\/urbanisticki-planovi-uredenja\/upu-kastel-kambelovac-sjever\/\" target=\"_self\"><img decoding=\"async\" src=\"https:\/\/kastela.hr\/en\/wp-content\/themes\/kastela\/img\/file-icons\/link.png\" alt=\"\" style=\"width:16px; height:16px; margin-right: 5px;\">Urbanisti\u010dki plan ure\u0111enja Ka\u0161tel Kambelovac &#8211; sjever (UPU br.11)<\/a><\/li>\n\n<\/ul><\/div>\n\n<div class=\"prilozene_datoteke\"><ul class='no-ul'><li><a href=\"https:\/\/kastela.hr\/en\/wp-content\/uploads\/datoteke\/dokumenti\/prostorni-planovi-grada\/urbanisticki-planovi-uredenja-upu\/urbanisticki-plan-uredenja-kastel-kambelovac-sjever-upu-br.11\/odluka-o-stavljanju-izvan-snage-upu-kastel-kambelovac-sjever.pdf\" target=\"_blank\"><img decoding=\"async\" src=\"https:\/\/kastela.hr\/en\/wp-content\/themes\/kastela\/img\/file-icons\/document-pdf.png\" alt=\"pdf icon\" style=\"width:16px; height:16px; margin-right: 5px;\">Odluka o stavljanju izvan snage UPU Kas\u030ctel Kambelovac Sjever.pdf<\/a><\/li><\/ul><\/div>\n\n<div class=\"prilozeni_linkovi\"><ul class='no-ul'><li><a href=\"https:\/\/kastela.hr\/en\/prostorni-planovi-grada\/urbanisticki-planovi-uredenja\/upu-kastel-kambelovac-centar\/\" target=\"_self\"><img decoding=\"async\" src=\"https:\/\/kastela.hr\/en\/wp-content\/themes\/kastela\/img\/file-icons\/link.png\" alt=\"\" style=\"width:16px; height:16px; margin-right: 5px;\">Urbanisti\u010dki plan ure\u0111enja Ka\u0161tel Kambelovac centar (UPU br. 12)<\/a><\/li>\n\n<\/ul><\/div>\n\n<div class=\"prilozene_datoteke\"><ul class='no-ul'><li><a href=\"https:\/\/kastela.hr\/en\/wp-content\/uploads\/datoteke\/dokumenti\/prostorni-planovi-grada\/urbanisticki-planovi-uredenja-upu\/urbanisticki-plan-uredenja-kastel-kambelovac-centar-upu-br.-12\/odluke-o-stavljanju-izvan-snage-upu-kastel-kambelovac-centar.pdf\" target=\"_blank\"><img decoding=\"async\" src=\"https:\/\/kastela.hr\/en\/wp-content\/themes\/kastela\/img\/file-icons\/document-pdf.png\" alt=\"pdf icon\" style=\"width:16px; height:16px; margin-right: 5px;\">Odluke o stavljanju izvan snage UPU Kas\u030ctel Kambelovac Centar.pdf<\/a><\/li><\/ul><\/div>\n\n<div class=\"prilozeni_linkovi\"><ul class='no-ul'><li><a href=\"https:\/\/kastela.hr\/en\/prostorni-planovi-grada\/urbanisticki-planovi-uredenja\/upu-kastel-kambelovac-centar-2\/\" target=\"_self\"><img decoding=\"async\" src=\"https:\/\/kastela.hr\/en\/wp-content\/themes\/kastela\/img\/file-icons\/link.png\" alt=\"\" style=\"width:16px; height:16px; margin-right: 5px;\">Urbanisti\u010dki plan ure\u0111enja Ka\u0161tel Kambelovac centar 2 (UPU br.13)<\/a><\/li>\n\n<\/ul><\/div>\n\n<div class=\"prilozene_datoteke\"><ul class='no-ul'><li><a href=\"https:\/\/kastela.hr\/en\/wp-content\/uploads\/datoteke\/dokumenti\/prostorni-planovi-grada\/urbanisticki-planovi-uredenja-upu\/urbanisticki-plan-uredenja-kastel-kambelovac-centar-2-upu-br.13\/odluka-o-stavljanju-izvan-snage-upu-kastel-kambelovac-centar-2.pdf\" target=\"_blank\"><img decoding=\"async\" src=\"https:\/\/kastela.hr\/en\/wp-content\/themes\/kastela\/img\/file-icons\/document-pdf.png\" alt=\"pdf icon\" style=\"width:16px; height:16px; margin-right: 5px;\">Odluka o stavljanju izvan snage UPU Kas\u030ctel Kambelovac centar 2.pdf<\/a><\/li><\/ul><\/div>\n\n<div class=\"prilozeni_linkovi\"><ul class='no-ul'><li><a href=\"https:\/\/kastela.hr\/en\/prostorni-planovi-grada\/urbanisticki-planovi-uredenja\/upu-kastel-gomilica-sjever\/\" target=\"_self\"><img decoding=\"async\" src=\"https:\/\/kastela.hr\/en\/wp-content\/themes\/kastela\/img\/file-icons\/link.png\" alt=\"\" style=\"width:16px; height:16px; margin-right: 5px;\">Urbanisti\u010dki plan ure\u0111enja Ka\u0161tel Gomilica sjever (UPU br.15)<\/a><\/li>\n\n<\/ul><\/div>\n\n<div class=\"prilozene_datoteke\"><ul class='no-ul'><li><a href=\"https:\/\/kastela.hr\/en\/wp-content\/uploads\/datoteke\/dokumenti\/prostorni-planovi-grada\/urbanisticki-planovi-uredenja-upu\/urbanisticki-plan-uredenja-kastel-gomilica-sjever-upu-br.15\/odluka-o-stavljanju-izvan-snage-upu-kastel-gomilica-sjever.pdf\" target=\"_blank\"><img decoding=\"async\" src=\"https:\/\/kastela.hr\/en\/wp-content\/themes\/kastela\/img\/file-icons\/document-pdf.png\" alt=\"pdf icon\" style=\"width:16px; height:16px; margin-right: 5px;\">Odluka o stavljanju izvan snage UPU Kas\u030ctel Gomilica sjever.pdf<\/a><\/li><\/ul><\/div>\n\n<div class=\"prilozeni_linkovi\"><ul class='no-ul'><li><a href=\"https:\/\/kastela.hr\/en\/prostorni-planovi-grada\/urbanisticki-planovi-uredenja\/upu-kastel-gomilica-kastel-sucurac-jug\/\" target=\"_self\"><img decoding=\"async\" src=\"https:\/\/kastela.hr\/en\/wp-content\/themes\/kastela\/img\/file-icons\/link.png\" alt=\"\" style=\"width:16px; height:16px; margin-right: 5px;\">Urbanisti\u010dki plan ure\u0111enja Ka\u0161tel Gomilica-Ka\u0161tel Su\u0107urac jug (UPU br.16)<\/a><\/li>\n\n<\/ul><\/div>\n\n<div class=\"prilozene_datoteke\"><ul class='no-ul'><li><a href=\"https:\/\/kastela.hr\/en\/wp-content\/uploads\/datoteke\/dokumenti\/prostorni-planovi-grada\/urbanisticki-planovi-uredenja-upu\/urbanisticki-plan-uredenja-br.-16---kastel-gomilica-kastel-sucurac-jug\/odluka-o-stavljanju-izvan-snage-upu-kastel-gomilica-kastel-sucurac-jug.pdf\" target=\"_blank\"><img decoding=\"async\" src=\"https:\/\/kastela.hr\/en\/wp-content\/themes\/kastela\/img\/file-icons\/document-pdf.png\" alt=\"pdf icon\" style=\"width:16px; height:16px; margin-right: 5px;\">Odluka o stavljanju izvan snage UPU kas\u030ctel Gomilica-Kas\u030ctel Suc\u0301urac jug.pdf<\/a><\/li><\/ul><\/div>\n\n\n\n<div class=\"prilozene_datoteke\"><ul class='no-ul'><li><a href=\"https:\/\/kastela.hr\/en\/wp-content\/uploads\/datoteke\/dokumenti\/prostorni-planovi-grada\/urbanisticki-planovi-uredenja-upu\/urbanisticki-plan-uredenja-giricic---upu-br.-17\/odluka-o-stavljanju-izvan-snage-urbanistickog-plana-uredenja-giricic-upu-17.pdf\" target=\"_blank\"><img decoding=\"async\" src=\"https:\/\/kastela.hr\/en\/wp-content\/themes\/kastela\/img\/file-icons\/document-pdf.png\" alt=\"pdf icon\" style=\"width:16px; height:16px; margin-right: 5px;\">Odluka o stavljanju izvan snage Urbanistic\u030ckog plana ure\u0111enja Giric\u0301ic\u0301 (UPU 17).pdf<\/a><\/li><\/ul><\/div>\n\n<div class=\"prilozeni_linkovi\"><ul class='no-ul'><li><a href=\"https:\/\/kastela.hr\/en\/prostorni-planovi-grada\/urbanisticki-planovi-uredenja\/upu-krtine\/\" target=\"_self\"><img decoding=\"async\" src=\"https:\/\/kastela.hr\/en\/wp-content\/themes\/kastela\/img\/file-icons\/link.png\" alt=\"\" style=\"width:16px; height:16px; margin-right: 5px;\">Urbanisti\u010dki plan ure\u0111enja Krtine (UPU br.19)<\/a><\/li>\n\n<\/ul><\/div>\n\n<div class=\"prilozene_datoteke\"><ul class='no-ul'><li><a href=\"https:\/\/kastela.hr\/en\/wp-content\/uploads\/datoteke\/dokumenti\/prostorni-planovi-grada\/urbanisticki-planovi-uredenja-upu\/urbanisticki-plan-uredenja-krtine-upu-br.19\/odluka-o-stavljanju-izvan-snage-upu-krtine.pdf\" target=\"_blank\"><img decoding=\"async\" src=\"https:\/\/kastela.hr\/en\/wp-content\/themes\/kastela\/img\/file-icons\/document-pdf.png\" alt=\"pdf icon\" style=\"width:16px; height:16px; margin-right: 5px;\">Odluka o stavljanju izvan snage UPU Krtine.pdf<\/a><\/li><\/ul><\/div>\n\n<div class=\"prilozeni_linkovi\"><ul class='no-ul'><li><a href=\"https:\/\/kastela.hr\/en\/prostorni-planovi-grada\/urbanisticki-planovi-uredenja\/upu-brizine-2\/\" target=\"_self\"><img decoding=\"async\" src=\"https:\/\/kastela.hr\/en\/wp-content\/themes\/kastela\/img\/file-icons\/link.png\" alt=\"\" style=\"width:16px; height:16px; margin-right: 5px;\">Urbanisti\u010dki plan ure\u0111enja Bri\u017eine II (UPU br.26)<\/a><\/li>\n\n<\/ul><\/div>\n\n<div class=\"prilozene_datoteke\"><ul class='no-ul'><li><a href=\"https:\/\/kastela.hr\/en\/wp-content\/uploads\/datoteke\/dokumenti\/prostorni-planovi-grada\/urbanisticki-planovi-uredenja-upu\/urbanisticki-plan-uredenja-brizine-ii-upu-br.26\/odluka-o-stavljanju-izvan-snage-upu-brizine-ii.pdf\" target=\"_blank\"><img decoding=\"async\" src=\"https:\/\/kastela.hr\/en\/wp-content\/themes\/kastela\/img\/file-icons\/document-pdf.png\" alt=\"pdf icon\" style=\"width:16px; height:16px; margin-right: 5px;\">Odluka o stavljanju izvan snage UPU Briz\u030cine II.pdf<\/a><\/li><\/ul><\/div>\n\n<div class=\"prilozeni_linkovi\"><ul class='no-ul'><li><a href=\"https:\/\/kastela.hr\/en\/prostorni-planovi-grada\/urbanisticki-planovi-uredenja\/upu-radne-zone-kastel-luksic\/\" target=\"_self\"><img decoding=\"async\" src=\"https:\/\/kastela.hr\/en\/wp-content\/themes\/kastela\/img\/file-icons\/link.png\" alt=\"\" style=\"width:16px; height:16px; margin-right: 5px;\">Urbanisti\u010dki plan ure\u0111enja radne zone Ka\u0161tel Luk\u0161i\u0107 (UPU br. 27)<\/a><\/li>\n\n<\/ul><\/div>\n\n<div class=\"prilozene_datoteke\"><ul class='no-ul'><li><a href=\"https:\/\/kastela.hr\/en\/wp-content\/uploads\/datoteke\/dokumenti\/prostorni-planovi-grada\/urbanisticki-planovi-uredenja-upu\/urbanisticki-plan-uredenja-radne-zone-kastel-luksic-upu-br.-27\/urbanisticki-plan-uredenja-turisticke-zone-kastel-sucurac-sustipan-upu-18-kompletni-elaborat.pdf\" target=\"_blank\"><img decoding=\"async\" src=\"https:\/\/kastela.hr\/en\/wp-content\/themes\/kastela\/img\/file-icons\/document-pdf.png\" alt=\"pdf icon\" style=\"width:16px; height:16px; margin-right: 5px;\">Urbanistic\u030cki plan ure\u0111enja turistic\u030cke zone Kas\u030ctel Suc\u0301urac &#8211; Sustipan (UPU 18)-kompletni elaborat.pdf<\/a><\/li><\/ul><\/div>","protected":false},"excerpt":{"rendered":"","protected":false},"author":1,"featured_media":0,"parent":9815,"menu_order":0,"comment_status":"closed","ping_status":"closed","template":"","meta":{"_acf_changed":false,"footnotes":""},"class_list":["post-10628","page","type-page","status-publish","hentry"],"acf":[],"_links":{"self":[{"href":"https:\/\/kastela.hr\/en\/wp-json\/wp\/v2\/pages\/10628","targetHints":{"allow":["GET"]}}],"collection":[{"href":"https:\/\/kastela.hr\/en\/wp-json\/wp\/v2\/pages"}],"about":[{"href":"https:\/\/kastela.hr\/en\/wp-json\/wp\/v2\/types\/page"}],"author":[{"embeddable":true,"href":"https:\/\/kastela.hr\/en\/wp-json\/wp\/v2\/users\/1"}],"replies":[{"embeddable":true,"href":"https:\/\/kastela.hr\/en\/wp-json\/wp\/v2\/comments?post=10628"}],"version-history":[{"count":25,"href":"https:\/\/kastela.hr\/en\/wp-json\/wp\/v2\/pages\/10628\/revisions"}],"predecessor-version":[{"id":11008,"href":"https:\/\/kastela.hr\/en\/wp-json\/wp\/v2\/pages\/10628\/revisions\/11008"}],"up":[{"embeddable":true,"href":"https:\/\/kastela.hr\/en\/wp-json\/wp\/v2\/pages\/9815"}],"wp:attachment":[{"href":"https:\/\/kastela.hr\/en\/wp-json\/wp\/v2\/media?parent=10628"}],"curies":[{"name":"wp","href":"https:\/\/api.w.org\/{rel}","templated":true}]}}